{"id":13684,"date":"2025-07-01T12:57:06","date_gmt":"2025-07-01T09:57:06","guid":{"rendered":"https:\/\/mirekskursii.com\/?post_type=product&#038;p=13684"},"modified":"2025-12-12T10:20:20","modified_gmt":"2025-12-12T07:20:20","slug":"ozel-yat-kiralama-belek-duden","status":"publish","type":"product","link":"https:\/\/mirekskursii.com\/ekskursii\/arenda-yaht-vodopad-iz-belek\/","title":{"rendered":"Belek \u00d6zel Yat Kiralama \u2013 D\u00fcden \u015eelalesi Turu"},"content":{"rendered":"<h3 dir=\"ltr\" data-pm-slice=\"1 1 []\">\ud83c\udfdd\ufe0f Genel Bak\u0131\u015f<\/h3>\n<p dir=\"ltr\">T\u00fcrk Rivieras\u0131 boyunca 14,5 metrelik \u00f6zel bir yatla l\u00fcks bir yolculu\u011fa \u00e7\u0131k\u0131n. \u00d6zel g\u00fcnler veya dinlenmek i\u00e7in ideal olan bu tur, 12 ki\u015fiye kadar olan gruplar i\u00e7in muhte\u015fem manzaralar, serinletici bir y\u00fczme ve gurme yemekler sunmaktad\u0131r. Belek'teki Ac\u0131su Marina'dan hareketle D\u00fcden \u015eelalesi ve Lara Plaj\u0131'nda unutulmaz bir Akdeniz maceras\u0131 ya\u015fayacaks\u0131n\u0131z.<\/p>\n<h3 dir=\"auto\">Dahil:<\/h3>\n<div><span style=\"color: #00ff00;\"><strong>\u2713<\/strong> \u00a0<\/span>Otelden ve otele transfer<\/div>\n<div><span style=\"color: #00ff00;\"><strong>\u2713\u00a0<\/strong> <\/span>Rehberlik hizmetleri<\/div>\n<div><span style=\"color: #00ff00;\"><strong>\u2713<\/strong><\/span>\u00a0 Sigorta<\/div>\n<div><span style=\"color: #00ff00;\"><strong>\u2713<\/strong><\/span> Yatta \u00f6\u011fle yeme\u011fi<\/div>\n<div><span style=\"color: #00ff00;\"><strong>\u2713 <\/strong><\/span>Taze meyve<\/div>\n<div><span style=\"color: #00ff00;\"><strong>\u2713 <\/strong><\/span>Alkols\u00fcz i\u00e7ecekler<\/div>\n<h3 dir=\"auto\">Dahil de\u011fil:<\/h3>\n<div><span style=\"color: #ff0000;\"><strong>\u2717<\/strong><\/span> Alkoll\u00fc i\u00e7ecekler<\/div>\n<div><span style=\"color: #ff0000;\"><strong>\u2717<\/strong><\/span> Ki\u015fisel harcamalar, foto\u011fraflar ve videolar<\/div>\n<h3 dir=\"ltr\" data-pm-slice=\"1 1 []\">\ud83c\udf1f Turun \u00f6ne \u00e7\u0131kan \u00f6zellikleri<\/h3>\n<p dir=\"ltr\">\ud83d\udd39 14,5 metrelik \u00f6zel bir yatta \u00f6zel seyir<br \/>\n\ud83d\udd39 El de\u011fmemi\u015f Lara Plaj\u0131'nda y\u00fczme<br \/>\n\ud83d\udd39 Gizli bir ma\u011faray\u0131 ve bir k\u0131y\u0131 \u015felalesini ke\u015ffetmek<br \/>\n\ud83d\udd39 Yukar\u0131 D\u00fcden \u015felalesinin denizden e\u015fsiz manzaras\u0131<br \/>\n\ud83d\udd39 \u015eelalede gemide gurme \u00f6\u011fle yeme\u011fi<br \/>\n\ud83d\udd39 Aileler, \u00e7iftler veya k\u00fc\u00e7\u00fck gruplar i\u00e7in ki\u015fiselle\u015ftirilmi\u015f hizmet<\/p>\n<h3 dir=\"ltr\">\ud83d\udcd6 Tam a\u00e7\u0131klama<\/h3>\n<p dir=\"ltr\">VIP maceran\u0131z sabah 9:00'da Belek'teki Ajisu Marina'da s\u0131cak bir kar\u015f\u0131lama ile ba\u015flar. Profesyonel m\u00fcrettebat Akdeniz'in turkuaz sular\u0131nda yata rehberlik ederken serinletici bir i\u00e7ecekle g\u00fcne\u015flenme g\u00fcvertesine yerle\u015fin.<\/p>\n<p dir=\"ltr\">\u0130lk durak, Antalya'n\u0131n pitoresk sahil \u015feridinin fonunda kristal berrakl\u0131\u011f\u0131ndaki sularda y\u00fczebilece\u011finiz Lara Plaj\u0131. Ard\u0131ndan gizli bir k\u0131y\u0131 ma\u011faras\u0131n\u0131 ve foto\u011fraflar i\u00e7in m\u00fckemmel olan b\u00fcy\u00fcleyici bir mini \u015felaleyi ke\u015ffedin. Denize d\u00f6k\u00fclen g\u00f6rkemli Yukar\u0131 D\u00fcden \u015eelalesi'nin yan\u0131ndan ge\u00e7erek yelken a\u00e7\u0131n ve teknede yerel spesiyalitelerle gurme bir \u00f6\u011fle yeme\u011finin tad\u0131n\u0131 \u00e7\u0131kar\u0131n. \u015eelalede y\u00fczmek i\u00e7in ikinci bir durak unutulmaz bir deneyim sa\u011flayacakt\u0131r.<\/p>\n<p dir=\"ltr\">D\u00f6n\u00fc\u015f yolculu\u011fu, manzaran\u0131n ve i\u00e7eceklerin tad\u0131n\u0131 \u00e7\u0131kar\u0131rken rahatlaman\u0131z\u0131 sa\u011flayacakt\u0131r. Saat 16:00'da ilham ve enerji dolu bir \u015fekilde Ac\u0131su Marina'ya d\u00f6neceksiniz.<\/p>\n<h3 dir=\"ltr\">\ud83d\uddfa\ufe0f Tur Program\u0131<\/h3>\n<p dir=\"ltr\">\ud83d\udd39 9:00: Belek, Ac\u0131su Marina'da yata bini\u015f<br \/>\n\ud83d\udd39 Lara Plaj\u0131'na seyir ve y\u00fczmek i\u00e7in ilk durak (11:00)<br \/>\n\ud83d\udd39 Ma\u011faray\u0131 ve mini \u015felaleyi ke\u015ffetmek (12:00)<br \/>\n\ud83d\udd39 Yukar\u0131 D\u00fcden \u015felalesinin panoramik manzaras\u0131 (12:30)<br \/>\n\ud83d\udd39 Gurme \u00f6\u011fle yeme\u011fi ve \u015felalede ikinci y\u00fczme (13:00)<br \/>\n\ud83d\udd39 Pitoresk d\u00f6n\u00fc\u015f yolculu\u011fu (14:00)<br \/>\n\ud83d\udd39 Ac\u0131su Marina'ya d\u00f6n\u00fc\u015f (16:00)<\/p>\n<h3 dir=\"ltr\">\u2139\ufe0f Faydal\u0131 bilgiler<\/h3>\n<p dir=\"ltr\">\ud83d\udd39 S\u00fcre: yakla\u015f\u0131k 7 saat (9:00-16:00)<br \/>\n\ud83d\udd39 Tur her g\u00fcn randevu ile yap\u0131l\u0131r<br \/>\n\ud83d\udd39 Program hava veya deniz ko\u015fullar\u0131na ba\u011fl\u0131 olarak de\u011fi\u015febilir<br \/>\n\ud83d\udd39 Orta d\u00fczeyde fiziksel aktivite (y\u00fczme, tekne gezileri)<br \/>\n\ud83d\udd39 Yat, \u00f6zel bir deneyim i\u00e7in 12 ki\u015fiye kadar misafir a\u011f\u0131rlayabilir<\/p>\n<h3 dir=\"ltr\">\ud83c\udf92 Yan\u0131n\u0131za ne almal\u0131s\u0131n\u0131z<\/h3>\n<p dir=\"ltr\">\ud83d\udd39 Mayo ve havlu.<br \/>\n\ud83d\udd39 G\u00fcne\u015f kremi ve g\u00fcne\u015f g\u00f6zl\u00fc\u011f\u00fc<br \/>\n\ud83d\udd39 Suya uygun rahat ayakkab\u0131lar<br \/>\n\ud83d\udd39 Ki\u015fisel harcamalar i\u00e7in nakit<br \/>\n\ud83d\udd39 Su ge\u00e7irmez kamera veya telefon<\/p>\n<h3 dir=\"ltr\">\ud83d\udeab \u015eunlar i\u00e7in uygun de\u011fildir<\/h3>\n<p dir=\"ltr\">\ud83d\udd39 Hareket kabiliyeti k\u0131s\u0131tl\u0131 ki\u015filer<br \/>\n\ud83d\udd39 Deniz tutmas\u0131na yatk\u0131n gezginler<\/p>\n<h3 dir=\"ltr\"><strong>\ud83d\udcb8 Fiyat ve rezervasyon<\/strong><\/h3>\n<div class=\"elementor-element elementor-element-884d539 e-con-full e-flex e-con e-child\" data-id=\"884d539\" data-element_type=\"container\">\n<div id=\"description\" class=\"elementor-element elementor-element-337037cc elementor-widget elementor-widget-thim-ekits-tours-content\" data-id=\"337037cc\" data-element_type=\"widget\" data-widget_type=\"thim-ekits-tours-content.default\">\n<div class=\"elementor-widget-container\">\n<div class=\"thim-ekit-single-tour__content\">\n<div data-start=\"2662\" data-end=\"2894\"><strong>\ud83d\udd39 \u015eimdi rezervasyon yap\u0131n - tur g\u00fcn\u00fc \u00f6deme yap\u0131n<\/strong><\/div>\n<div data-start=\"2662\" data-end=\"2894\">\ud83d\udd39 WhatsApp, Telegram, Viber \u00fczerinden bize ula\u015f\u0131n veya a\u015fa\u011f\u0131daki sipari\u015f formunu doldurun. \ud83d\udc47\ud83c\udffc<\/div>\n<\/div>\n<\/div>\n<\/div>\n<\/div>\n<div class=\"elementor-element elementor-element-57a2f74 elementor-widget-divider--view-line elementor-widget elementor-widget-divider\" data-id=\"57a2f74\" data-element_type=\"widget\" data-widget_type=\"divider.default\">\n<div class=\"elementor-widget-container\">\n<div class=\"elementor-divider\"><\/div>\n<\/div>\n<\/div>","protected":false},"excerpt":{"rendered":"<p>Belek'ten D\u00fcden \u015eelalesi ve Lara Plaj\u0131'na \u00f6\u011fle yeme\u011fi, y\u00fczme ve muhte\u015fem deniz manzaras\u0131 e\u015fli\u011finde \u00f6zel bir yat kiralaman\u0131n keyfini \u00e7\u0131kar\u0131n. 12 ki\u015fiye kadar. VIP tatiller.<\/p>","protected":false},"featured_media":13685,"comment_status":"open","ping_status":"closed","template":"","meta":[],"product_brand":[],"product_cat":[127],"product_tag":[128],"class_list":{"0":"post-13684","1":"product","2":"type-product","3":"status-publish","4":"has-post-thumbnail","6":"tour_phys-arenda-yaht","7":"product_cat-arenda-yacht","8":"product_tag-arenda-yacht","9":"pa_kategori-arenda-yacht","11":"first","12":"instock","13":"sale","14":"shipping-taxable","15":"purchasable","16":"product-type-tour_phys"},"aioseo_notices":[],"_links":{"self":[{"href":"https:\/\/mirekskursii.com\/tr\/wp-json\/wp\/v2\/product\/13684","targetHints":{"allow":["GET"]}}],"collection":[{"href":"https:\/\/mirekskursii.com\/tr\/wp-json\/wp\/v2\/product"}],"about":[{"href":"https:\/\/mirekskursii.com\/tr\/wp-json\/wp\/v2\/types\/product"}],"replies":[{"embeddable":true,"href":"https:\/\/mirekskursii.com\/tr\/wp-json\/wp\/v2\/comments?post=13684"}],"wp:featuredmedia":[{"embeddable":true,"href":"https:\/\/mirekskursii.com\/tr\/wp-json\/wp\/v2\/media\/13685"}],"wp:attachment":[{"href":"https:\/\/mirekskursii.com\/tr\/wp-json\/wp\/v2\/media?parent=13684"}],"wp:term":[{"taxonomy":"product_brand","embeddable":true,"href":"https:\/\/mirekskursii.com\/tr\/wp-json\/wp\/v2\/product_brand?post=13684"},{"taxonomy":"product_cat","embeddable":true,"href":"https:\/\/mirekskursii.com\/tr\/wp-json\/wp\/v2\/product_cat?post=13684"},{"taxonomy":"product_tag","embeddable":true,"href":"https:\/\/mirekskursii.com\/tr\/wp-json\/wp\/v2\/product_tag?post=13684"}],"curies":[{"name":"wp","href":"https:\/\/api.w.org\/{rel}","templated":true}]}}