{"id":13479,"date":"2025-05-29T15:07:28","date_gmt":"2025-05-29T12:07:28","guid":{"rendered":"https:\/\/mirekskursii.com\/?post_type=product&#038;p=13479"},"modified":"2026-03-02T22:23:50","modified_gmt":"2026-03-02T19:23:50","slug":"tazi-kanyonu-rafting-kemer","status":"publish","type":"product","link":"https:\/\/mirekskursii.com\/ekskursii\/tazy-kanion-rafting-iz-kemer\/","title":{"rendered":"Kemer'den Taz\u0131 Kanyonu Rafting, Jeep Safari ve Zipline Turu"},"content":{"rendered":"<h3 data-start=\"229\" data-end=\"246\"><strong data-start=\"233\" data-end=\"246\">\ud83c\udfde\ufe0f \u0130nceleme<\/strong><\/h3>\n<p data-start=\"248\" data-end=\"460\">Dinamik bir macera i\u00e7in Kemer, Tekirova, \u00c7amyuva, Kiri\u015f, G\u00f6yneuk ve Beldibi'nden hareket: Toros Da\u011flar\u0131'nda jeep safari, Taza Kanyonu ve K\u00f6pr\u00fcl\u00fc'de rafting (iste\u011fe ba\u011fl\u0131). Do\u011fa severler ve ekstrem sporlar i\u00e7in ideal!<\/p>\n<h3 data-start=\"462\" data-end=\"478\"><strong data-start=\"466\" data-end=\"478\">Dahil:<\/strong><\/h3>\n<p data-start=\"480\" data-end=\"652\"><span style=\"color: #00ff00;\"><strong>\u2713<\/strong> <\/span>Otel transferi<br data-start=\"502\" data-end=\"505\" \/><span style=\"color: #00ff00;\"><strong>\u2713<\/strong> <\/span>Konforlu otob\u00fcs<br data-start=\"530\" data-end=\"533\" \/><span style=\"color: #00ff00;\"><strong>\u2713<\/strong> <\/span>Cabrio-jeep safari.<br data-start=\"557\" data-end=\"560\" \/><span style=\"color: #00ff00;\"><strong>\u2713<\/strong> <\/span>10 ki\u015filik sallarda rafting<br data-start=\"590\" data-end=\"593\" \/><span style=\"color: #00ff00;\"><strong>\u2713<\/strong> <\/span>Sigorta<br data-start=\"604\" data-end=\"607\" \/><span style=\"color: #00ff00;\"><strong>\u2713<\/strong> <\/span>Profesyonel rehber<br data-start=\"629\" data-end=\"632\" \/><span style=\"color: #00ff00;\"><strong>\u2713<\/strong> <\/span>\u00d6\u011fle Yeme\u011fi<br data-start=\"638\" data-end=\"641\" \/><span style=\"color: #00ff00;\"><strong>\u2713<\/strong> <\/span>Zipline<\/p>\n<h3 data-start=\"654\" data-end=\"673\"><strong data-start=\"658\" data-end=\"673\">Dahil de\u011fildir<\/strong><\/h3>\n<p data-start=\"675\" data-end=\"761\"><span style=\"color: #ff0000;\"><strong>\u2717<\/strong> <\/span>2 ki\u015filik kanolar (iste\u011fe ba\u011fl\u0131)<br data-start=\"730\" data-end=\"733\" \/><span style=\"color: #ff0000;\"><strong>\u2717<\/strong> <\/span>Foto\u011fraf ve video<br data-start=\"747\" data-end=\"750\" \/><span style=\"color: #ff0000;\"><strong>\u2717<\/strong> <\/span>\u0130\u00e7ecekler<\/p>\n<h3 data-start=\"763\" data-end=\"795\"><strong data-start=\"767\" data-end=\"795\">\ud83c\udf1f Turun \u00f6ne \u00e7\u0131kan \u00f6zellikleri<\/strong><\/h3>\n<p data-start=\"797\" data-end=\"1028\">\ud83d\udd39 Toros Da\u011flar\u0131'nda Jeep safari<br data-start=\"829\" data-end=\"832\" \/>\ud83d\udd39 Taza Kanyonu'nun \u00e7arp\u0131c\u0131 manzaralar\u0131<br data-start=\"868\" data-end=\"871\" \/>\ud83d\udd39 K\u00f6pr\u00fcl\u00fc'n\u00fcn \u00e7alkant\u0131l\u0131 sular\u0131nda rafting (iste\u011fe ba\u011fl\u0131)<br data-start=\"918\" data-end=\"921\" \/>\ud83d\udd39 Manzara noktalar\u0131nda foto\u011fraf duraklar\u0131<br data-start=\"961\" data-end=\"964\" \/>\ud83d\udd39 Zipline ve nehir kenar\u0131nda tatil<br data-start=\"989\" data-end=\"992\" \/>\ud83d\udd39 Kemer'in t\u00fcm b\u00f6lgelerinden transfer<\/p>\n<h3 data-start=\"1030\" data-end=\"1056\"><strong data-start=\"1034\" data-end=\"1056\">\ud83d\udcd6 Tam a\u00e7\u0131klama<\/strong><\/h3>\n<p data-start=\"1058\" data-end=\"1292\">G\u00fcn\u00fcn\u00fcz Kemer ve \u00e7evresindeki otelinizden transfer ile ba\u015flayacakt\u0131r. \u0130lk durak, rafting yapmak veya nehir kenar\u0131nda vakit ge\u00e7irmek aras\u0131nda se\u00e7im yapabilece\u011finiz K\u00f6pr\u00fcl\u00fc Kanyon'daki \u00fcs. Gerekli t\u00fcm ekipman ve talimatlar tesis b\u00fcnyesinde sa\u011flanmaktad\u0131r.<\/p>\n<p data-start=\"1294\" data-end=\"1463\">Rota daha sonra cabrio-jeep ile b\u00f6lgenin en etkileyici ge\u00e7itlerinden biri olan Taza Kanyonu'na devam edecektir. \u0130zleme platformunda dinlenmek ve foto\u011fraf \u00e7ekmek i\u00e7in zaman\u0131n\u0131z olacak.<\/p>\n<p data-start=\"1465\" data-end=\"1661\">Kanyonu ziyaret ettikten sonra, grup ana rafting i\u00e7in nehre geri d\u00f6ner (rafting se\u00e7ene\u011fi se\u00e7ilirse). Rafting, y\u00fczme ve foto\u011fraf \u00e7ekimi i\u00e7in k\u0131sa molalar\u0131n verildi\u011fi g\u00fcvenli bir rota boyunca ger\u00e7ekle\u015fir.<\/p>\n<p data-start=\"1663\" data-end=\"1727\">Son b\u00f6l\u00fcmde ise nehir kenar\u0131nda lezzetli bir \u00f6\u011fle yeme\u011fi yenecek ve Kemer'e geri d\u00f6n\u00fclecektir.<\/p>\n<h3 data-start=\"1729\" data-end=\"1755\"><strong data-start=\"1733\" data-end=\"1755\">\ud83d\uddfa\ufe0f Tur Program\u0131<\/strong><\/h3>\n<p data-start=\"1757\" data-end=\"2031\">\ud83d\udd39 Otel transferi<br data-start=\"1777\" data-end=\"1780\" \/>\ud83d\udd39 Toros Da\u011flar\u0131'nda Jeep safari<br data-start=\"1812\" data-end=\"1815\" \/>\ud83d\udd39 K\u00f6pr\u00fcl\u00fc'de mola (iste\u011fe ba\u011fl\u0131 rafting)<br data-start=\"1858\" data-end=\"1861\" \/>\ud83d\udd39 Taza Kanyonu'na bir gezi<br data-start=\"1886\" data-end=\"1889\" \/>\ud83d\udd39 G\u00f6zlem g\u00fcvertesinde serbest zaman<br data-start=\"1929\" data-end=\"1932\" \/>\ud83d\udd39 Temel rafting (se\u00e7ildiyse)<br data-start=\"1965\" data-end=\"1968\" \/>\ud83d\udd39 Nehir kenar\u0131nda \u00f6\u011fle yeme\u011fi<br data-start=\"1982\" data-end=\"1985\" \/>\ud83d\udd39 Kemer'e D\u00f6n\u00fc\u015f<br data-start=\"2007\" data-end=\"2010\" \/>\ud83d\udd39 Otele transfer<\/p>\n<h3 data-start=\"2033\" data-end=\"2063\"><strong data-start=\"2037\" data-end=\"2063\">\u2139\ufe0f Faydal\u0131 bilgiler<\/strong><\/h3>\n<p data-start=\"2065\" data-end=\"2394\">\ud83d\udd39 Tur s\u00fcresi: yakla\u015f\u0131k 8-9 saat<br data-start=\"2107\" data-end=\"2110\" \/>\ud83d\udd39 Rafting i\u00e7in deneyim gerekmez<br data-start=\"2143\" data-end=\"2146\" \/>\ud83d\udd39 10 ki\u015filik sallar dahil, 2 ki\u015filik kanolar ek \u00fccrete tabidir<br data-start=\"2205\" data-end=\"2208\" \/>\ud83d\udd39 Su ayakkab\u0131lar\u0131, g\u00f6zl\u00fck kay\u0131\u015flar\u0131 ve k\u0131l\u0131flar\u0131 sat\u0131n al\u0131nabilir<br data-start=\"2265\" data-end=\"2268\" \/>\ud83d\udd39 Ortalama fiziksel aktivite<br data-start=\"2300\" data-end=\"2303\" \/>\ud83d\udd39 Ayr\u0131 bir koltu\u011fu olmayan 6 ya\u015f\u0131ndan k\u00fc\u00e7\u00fck \u00e7ocuklar bir yeti\u015fkinin kuca\u011f\u0131nda oturur (koltuk rezerve edilebilir)<\/p>\n<h3 data-start=\"2396\" data-end=\"2424\"><strong data-start=\"2400\" data-end=\"2424\">\ud83c\udf92 Yan\u0131n\u0131za ne almal\u0131s\u0131n\u0131z<\/strong><\/h3>\n<p data-start=\"2426\" data-end=\"2529\">\ud83d\udd39 Mayo ve havlu.<br data-start=\"2450\" data-end=\"2453\" \/>\ud83d\udd39 K\u0131yafet de\u011fi\u015fimi<br data-start=\"2470\" data-end=\"2473\" \/>\ud83d\udd39 Su ayakkab\u0131s\u0131<br data-start=\"2488\" data-end=\"2491\" \/>\ud83d\udd39 G\u00fcne\u015f Kremi<br data-start=\"2513\" data-end=\"2516\" \/>\ud83d\udd39 Nakit<\/p>\n<h3 data-start=\"2531\" data-end=\"2557\"><strong data-start=\"2535\" data-end=\"2557\">\ud83d\udeab \u015eunlar i\u00e7in uygun de\u011fildir<\/strong><\/h3>\n<p data-start=\"2559\" data-end=\"2718\">\ud83d\udd39 Kalp hastal\u0131\u011f\u0131 olan ki\u015filer<br data-start=\"2594\" data-end=\"2597\" \/>\ud83d\udd39 70 ya\u015f \u00fcst\u00fc gezginler<br data-start=\"2630\" data-end=\"2633\" \/>\ud83d\udd39 Hamile kad\u0131nlar<br data-start=\"2653\" data-end=\"2656\" \/>\ud83d\udd39 4 ya\u015f\u0131ndan k\u00fc\u00e7\u00fck \u00e7ocuklar<br data-start=\"2677\" data-end=\"2680\" \/>\ud83d\udd39 Hareket kabiliyeti k\u0131s\u0131tl\u0131 ki\u015filer<\/p>\n<h3 data-start=\"2720\" data-end=\"2750\"><strong data-start=\"2724\" data-end=\"2750\">\ud83d\udcb8 Fiyat ve rezervasyon<\/strong><\/h3>\n<p data-start=\"2752\" data-end=\"2890\"><strong>\ud83d\udd39 \u015eimdi rezervasyon yap\u0131n - tur g\u00fcn\u00fc \u00f6deme yap\u0131n<\/strong><br data-start=\"2798\" data-end=\"2801\" \/>\ud83d\udd39 WhatsApp, Telegram, Viber \u00fczerinden bize ula\u015f\u0131n veya a\u015fa\u011f\u0131daki sipari\u015f formunu doldurun. \ud83d\udc47\ud83c\udffc<\/p>","protected":false},"excerpt":{"rendered":"<p>Kemer'den geziler: Tazy Kanyonu, jeep safari ve K\u00f6pr\u00fcl\u00fc'de rafting. Ekstrem ve do\u011fa severler i\u00e7in pop\u00fcler bir tur. Transfer ve \u00f6\u011fle yeme\u011fi dahildir.<\/p>","protected":false},"featured_media":12667,"comment_status":"open","ping_status":"closed","template":"","meta":[],"product_brand":[],"product_cat":[122],"product_tag":[105],"class_list":{"0":"post-13479","1":"product","2":"type-product","3":"status-publish","4":"has-post-thumbnail","6":"tour_phys-ekskursii-v-kemer","7":"product_cat-ekskursii-v-kemer","8":"product_tag-kemer","9":"pa_destination-ekskursii-v-kemer","11":"first","12":"instock","13":"sale","14":"shipping-taxable","15":"purchasable","16":"product-type-tour_phys"},"aioseo_notices":[],"_links":{"self":[{"href":"https:\/\/mirekskursii.com\/tr\/wp-json\/wp\/v2\/product\/13479","targetHints":{"allow":["GET"]}}],"collection":[{"href":"https:\/\/mirekskursii.com\/tr\/wp-json\/wp\/v2\/product"}],"about":[{"href":"https:\/\/mirekskursii.com\/tr\/wp-json\/wp\/v2\/types\/product"}],"replies":[{"embeddable":true,"href":"https:\/\/mirekskursii.com\/tr\/wp-json\/wp\/v2\/comments?post=13479"}],"wp:featuredmedia":[{"embeddable":true,"href":"https:\/\/mirekskursii.com\/tr\/wp-json\/wp\/v2\/media\/12667"}],"wp:attachment":[{"href":"https:\/\/mirekskursii.com\/tr\/wp-json\/wp\/v2\/media?parent=13479"}],"wp:term":[{"taxonomy":"product_brand","embeddable":true,"href":"https:\/\/mirekskursii.com\/tr\/wp-json\/wp\/v2\/product_brand?post=13479"},{"taxonomy":"product_cat","embeddable":true,"href":"https:\/\/mirekskursii.com\/tr\/wp-json\/wp\/v2\/product_cat?post=13479"},{"taxonomy":"product_tag","embeddable":true,"href":"https:\/\/mirekskursii.com\/tr\/wp-json\/wp\/v2\/product_tag?post=13479"}],"curies":[{"name":"wp","href":"https:\/\/api.w.org\/{rel}","templated":true}]}}