{"id":13477,"date":"2025-05-29T14:40:08","date_gmt":"2025-05-29T11:40:08","guid":{"rendered":"https:\/\/mirekskursii.com\/?post_type=product&#038;p=13477"},"modified":"2026-03-02T22:25:45","modified_gmt":"2026-03-02T19:25:45","slug":"rafting-turu-koprulu-kanyon-kemer","status":"publish","type":"product","link":"https:\/\/mirekskursii.com\/ekskursii\/rafting-koprulu-kanion-iz-kemer\/","title":{"rendered":"Kemer'den Rafting Turu K\u00f6pr\u00fcl\u00fc Kanyon\u2013 Adrenalin"},"content":{"rendered":"<h3 data-start=\"231\" data-end=\"250\"><strong data-start=\"235\" data-end=\"250\">\ud83d\udea3\u200d\u2642\ufe0f \u0130nceleme<\/strong><\/h3>\n<p data-start=\"252\" data-end=\"450\">Kemer, Tekirova, \u00c7amyuva, Kiri\u015f, G\u00f6yn\u00fck ve Beldibi'nden yola \u00e7\u0131karak K\u00f6pr\u00fcl\u00fc Kanyon'da dinamik bir rafting maceras\u0131na at\u0131l\u0131n. 14 km rafting, turkuaz nehir ve su kenar\u0131nda \u00f6\u011fle yeme\u011fi - aktif bir tatil i\u00e7in m\u00fckemmel!<\/p>\n<h3 data-start=\"452\" data-end=\"468\"><strong data-start=\"456\" data-end=\"468\">Dahil:<\/strong><\/h3>\n<p data-start=\"470\" data-end=\"591\"><strong><span style=\"color: #00ff00;\">\u2713<\/span> <\/strong>Otel transferi<br data-start=\"492\" data-end=\"495\" \/><strong><span style=\"color: #00ff00;\">\u2713<\/span> <\/strong>Konforlu otob\u00fcs<br data-start=\"520\" data-end=\"523\" \/><strong><span style=\"color: #00ff00;\">\u2713<\/span> <\/strong>10 ki\u015filik sallar<br data-start=\"541\" data-end=\"544\" \/><strong><span style=\"color: #00ff00;\">\u2713<\/span> <\/strong>Sigorta<br data-start=\"555\" data-end=\"558\" \/><strong><span style=\"color: #00ff00;\">\u2713<\/span> <\/strong>Profesyonel rehber<br data-start=\"580\" data-end=\"583\" \/><strong><span style=\"color: #00ff00;\">\u2713<\/span> <\/strong>\u00d6\u011fle Yeme\u011fi<\/p>\n<h3 data-start=\"593\" data-end=\"612\"><strong data-start=\"597\" data-end=\"612\">Dahil de\u011fildir<\/strong><\/h3>\n<p data-start=\"614\" data-end=\"709\"><span style=\"color: #ff0000;\"><strong>\u2717<\/strong> <\/span>2 yatakl\u0131 sallar (ekstra)<br data-start=\"666\" data-end=\"669\" \/><span style=\"color: #ff0000;\"><strong>\u2717<\/strong> <\/span>Foto\u011fraf ve video<br data-start=\"683\" data-end=\"686\" \/><span style=\"color: #ff0000;\"><strong>\u2717<\/strong> <\/span>\u0130\u00e7ecekler<br data-start=\"695\" data-end=\"698\" \/><span style=\"color: #ff0000;\"><strong>\u2717<\/strong> <\/span>Zipline<\/p>\n<h3 data-start=\"711\" data-end=\"743\"><strong data-start=\"715\" data-end=\"743\">\ud83c\udf1f Turun \u00f6ne \u00e7\u0131kan \u00f6zellikleri<\/strong><\/h3>\n<p data-start=\"745\" data-end=\"967\">\ud83d\udd39 10 rapid ile 14 km rafting gezisi<br data-start=\"776\" data-end=\"779\" \/>\ud83d\udd39 K\u00f6pr\u00fcl\u00fc Kanyon'un pitoresk manzaras\u0131<br data-start=\"816\" data-end=\"819\" \/>\ud83d\udd39 Nehrin sakin b\u00f6lgelerinde y\u00fczmek<br data-start=\"854\" data-end=\"857\" \/>\ud83d\udd39 Deneyimli e\u011fitmenler ve tam ekipman<br data-start=\"899\" data-end=\"902\" \/>\ud83d\udd39 Nehir kenar\u0131nda \u00f6\u011fle yeme\u011fi<br data-start=\"916\" data-end=\"919\" \/>\ud83d\udd39 Ek aktiviteler: ziplining, dal\u0131\u015f<\/p>\n<h3 data-start=\"969\" data-end=\"995\"><strong data-start=\"973\" data-end=\"995\">\ud83d\udcd6 Tam a\u00e7\u0131klama<\/strong><\/h3>\n<p data-start=\"997\" data-end=\"1169\">G\u00fcn\u00fcn\u00fcz Kemer ve \u00e7evresinden transfer ile ba\u015flar. K\u00f6pr\u00fcl\u00fc Kanyon'daki \u00fcsse vard\u0131\u011f\u0131n\u0131zda, e\u011fitmenler size bir brifing ve gerekli t\u00fcm ekipmanlar\u0131 verecektir.<\/p>\n<p data-start=\"1171\" data-end=\"1357\">Rafting, hem yeni ba\u015flayanlar hem de a\u00e7\u0131k hava merakl\u0131lar\u0131 i\u00e7in uygun olan 10 ak\u0131nt\u0131n\u0131n bulundu\u011fu 14 kilometrelik bir rota boyunca devam etmektedir. Ak\u0131nt\u0131lar aras\u0131nda y\u00fczmek ve dinlenmek i\u00e7in duraklar vard\u0131r.<\/p>\n<p data-start=\"1359\" data-end=\"1527\">Tur s\u0131ras\u0131nda ek aktiviteleri deneyebilirsiniz - ziplining veya dal\u0131\u015f (ekstra \u00fccret). \u00d6\u011fle yeme\u011fi nehir kenar\u0131nda servis edilir ve ard\u0131ndan grup biti\u015f \u00e7izgisine kadar rafting yapmaya devam eder.<\/p>\n<p data-start=\"1529\" data-end=\"1628\">Turun sonunda, \u00fcss\u00fcn foto\u011fraf ve videolar\u0131n\u0131 izleyebilecek ve ard\u0131ndan otelinize geri transfer edileceksiniz.<\/p>\n<h3 data-start=\"1630\" data-end=\"1656\"><strong data-start=\"1634\" data-end=\"1656\">\ud83d\uddfa\ufe0f Tur Program\u0131<\/strong><\/h3>\n<p data-start=\"1658\" data-end=\"1929\">\ud83d\udd39 Otel transferi<br data-start=\"1678\" data-end=\"1681\" \/>\ud83d\udd39 K\u00f6pr\u00fcl\u00fc \u00fcss\u00fcne var\u0131\u015f<br data-start=\"1710\" data-end=\"1713\" \/>\ud83d\udd39 Ekipmanlar\u0131n talimat\u0131 ve verilmesi<br data-start=\"1746\" data-end=\"1749\" \/>\ud83d\udd39 10 ak\u0131nt\u0131 boyunca rafting (14 km)<br data-start=\"1782\" data-end=\"1785\" \/>\ud83d\udd39 Y\u00fczme ve aktivite durur<br data-start=\"1824\" data-end=\"1827\" \/>\ud83d\udd39 Nehir kenar\u0131nda \u00f6\u011fle yeme\u011fi<br data-start=\"1841\" data-end=\"1844\" \/>\ud83d\udd39 Biti\u015f \u00e7izgisine kadar raftinge devam<br data-start=\"1875\" data-end=\"1878\" \/>\ud83d\udd39 Foto\u011fraflar\u0131 ve videolar\u0131 g\u00f6r\u00fcnt\u00fcle<br data-start=\"1902\" data-end=\"1905\" \/>\ud83d\udd39 Kemer'e D\u00f6n\u00fc\u015f<\/p>\n<h3 data-start=\"1931\" data-end=\"1961\"><strong data-start=\"1935\" data-end=\"1961\">\u2139\ufe0f Faydal\u0131 bilgiler<\/strong><\/h3>\n<p data-start=\"1963\" data-end=\"2282\">\ud83d\udd39 Tur s\u00fcresi: yakla\u015f\u0131k 7-8 saat<br data-start=\"2005\" data-end=\"2008\" \/>\ud83d\udd39 Y\u00fczme becerisi gerekli de\u011fildir<br data-start=\"2041\" data-end=\"2044\" \/>\ud83d\udd39 10 ki\u015filik sallar dahildir, 2 ki\u015filik sallar ek \u00fccrete tabidir<br data-start=\"2096\" data-end=\"2099\" \/>\ud83d\udd39 Ayakkab\u0131lar, \u00f6rt\u00fcler ve kemerler \u00fcss\u00fcm\u00fczden sat\u0131n al\u0131nabilir<br data-start=\"2147\" data-end=\"2150\" \/>\ud83d\udd39 Ortalama fiziksel aktivite<br data-start=\"2182\" data-end=\"2185\" \/>\ud83d\udd39 Ayr\u0131 bir koltu\u011fu olmayan 6 ya\u015f\u0131ndan k\u00fc\u00e7\u00fck \u00e7ocuklar bir yeti\u015fkinin kuca\u011f\u0131nda oturur (\u00f6nceden rezervasyon yap\u0131labilir)<\/p>\n<h3 data-start=\"2284\" data-end=\"2312\"><strong data-start=\"2288\" data-end=\"2312\">\ud83c\udf92 Yan\u0131n\u0131za ne almal\u0131s\u0131n\u0131z<\/strong><\/h3>\n<p data-start=\"2314\" data-end=\"2417\">\ud83d\udd39 Mayo ve havlu.<br data-start=\"2338\" data-end=\"2341\" \/>\ud83d\udd39 Su ayakkab\u0131s\u0131<br data-start=\"2356\" data-end=\"2359\" \/>\ud83d\udd39 G\u00fcne\u015f Kremi<br data-start=\"2381\" data-end=\"2384\" \/>\ud83d\udd39 K\u0131yafet de\u011fi\u015fimi<br data-start=\"2401\" data-end=\"2404\" \/>\ud83d\udd39 Nakit<\/p>\n<h3 data-start=\"2419\" data-end=\"2445\"><strong data-start=\"2423\" data-end=\"2445\">\ud83d\udeab \u015eunlar i\u00e7in uygun de\u011fildir<\/strong><\/h3>\n<p data-start=\"2447\" data-end=\"2606\">\ud83d\udd39 Kalp hastal\u0131\u011f\u0131 olan ki\u015filer<br data-start=\"2482\" data-end=\"2485\" \/>\ud83d\udd39 70 ya\u015f \u00fcst\u00fc gezginler<br data-start=\"2518\" data-end=\"2521\" \/>\ud83d\udd39 Hamile kad\u0131nlar<br data-start=\"2541\" data-end=\"2544\" \/>\ud83d\udd39 4 ya\u015f\u0131ndan k\u00fc\u00e7\u00fck \u00e7ocuklar<br data-start=\"2565\" data-end=\"2568\" \/>\ud83d\udd39 Hareket kabiliyeti k\u0131s\u0131tl\u0131 ki\u015filer<\/p>\n<h3 data-start=\"2608\" data-end=\"2638\"><strong data-start=\"2612\" data-end=\"2638\">\ud83d\udcb8 Fiyat ve rezervasyon<\/strong><\/h3>\n<p data-start=\"2640\" data-end=\"2778\">\ud83d\udd39 \u015eimdi rezervasyon yap\u0131n - tur g\u00fcn\u00fc \u00f6deme yap\u0131n<br data-start=\"2686\" data-end=\"2689\" \/>\ud83d\udd39 WhatsApp, Telegram, Viber \u00fczerinden bize ula\u015f\u0131n veya a\u015fa\u011f\u0131daki sipari\u015f formunu doldurun. \ud83d\udc47\ud83c\udffc<\/p>","protected":false},"excerpt":{"rendered":"<p>Kemer'den K\u00f6pr\u00fcl\u00fc'ye Rafting: 14 km rafting, kanyon, ak\u0131nt\u0131lar ve nehir kenar\u0131nda \u00f6\u011fle yeme\u011fi. A\u00e7\u0131k hava merakl\u0131lar\u0131 i\u00e7in pop\u00fcler geziler ve turlar. Transfer dahildir.<\/p>","protected":false},"featured_media":12670,"comment_status":"open","ping_status":"closed","template":"","meta":[],"product_brand":[],"product_cat":[122],"product_tag":[105],"class_list":{"0":"post-13477","1":"product","2":"type-product","3":"status-publish","4":"has-post-thumbnail","6":"tour_phys-ekskursii-v-kemer","7":"product_cat-ekskursii-v-kemer","8":"product_tag-kemer","9":"pa_destination-ekskursii-v-kemer","11":"first","12":"instock","13":"sale","14":"shipping-taxable","15":"purchasable","16":"product-type-tour_phys"},"aioseo_notices":[],"_links":{"self":[{"href":"https:\/\/mirekskursii.com\/tr\/wp-json\/wp\/v2\/product\/13477","targetHints":{"allow":["GET"]}}],"collection":[{"href":"https:\/\/mirekskursii.com\/tr\/wp-json\/wp\/v2\/product"}],"about":[{"href":"https:\/\/mirekskursii.com\/tr\/wp-json\/wp\/v2\/types\/product"}],"replies":[{"embeddable":true,"href":"https:\/\/mirekskursii.com\/tr\/wp-json\/wp\/v2\/comments?post=13477"}],"wp:featuredmedia":[{"embeddable":true,"href":"https:\/\/mirekskursii.com\/tr\/wp-json\/wp\/v2\/media\/12670"}],"wp:attachment":[{"href":"https:\/\/mirekskursii.com\/tr\/wp-json\/wp\/v2\/media?parent=13477"}],"wp:term":[{"taxonomy":"product_brand","embeddable":true,"href":"https:\/\/mirekskursii.com\/tr\/wp-json\/wp\/v2\/product_brand?post=13477"},{"taxonomy":"product_cat","embeddable":true,"href":"https:\/\/mirekskursii.com\/tr\/wp-json\/wp\/v2\/product_cat?post=13477"},{"taxonomy":"product_tag","embeddable":true,"href":"https:\/\/mirekskursii.com\/tr\/wp-json\/wp\/v2\/product_tag?post=13477"}],"curies":[{"name":"wp","href":"https:\/\/api.w.org\/{rel}","templated":true}]}}