{"id":13476,"date":"2025-05-29T13:38:25","date_gmt":"2025-05-29T10:38:25","guid":{"rendered":"https:\/\/mirekskursii.com\/?post_type=product&#038;p=13476"},"modified":"2026-03-14T23:00:35","modified_gmt":"2026-03-14T20:00:35","slug":"pamukkale-sicak-hava-balonu-turu-kemer","status":"publish","type":"product","link":"https:\/\/mirekskursii.com\/ekskursii\/pamukkale-vozdushnyy-shar-iz-kemer\/","title":{"rendered":"Pamukkale S\u0131cak Hava Balonu Turu Kemer \u00c7\u0131k\u0131\u015fl\u0131 \u2013 G\u00fcn Do\u011fumu"},"content":{"rendered":"<h3 data-start=\"266\" data-end=\"283\"><strong data-start=\"270\" data-end=\"283\">\ud83c\udfdd\ufe0f Genel Bak\u0131\u015f<\/strong><\/h3>\n<p data-start=\"285\" data-end=\"468\">Pamukkale'nin b\u00fcy\u00fcs\u00fcn\u00fc g\u00fcn do\u011fumunda bir s\u0131cak hava balonunun y\u00fcksekli\u011finden deneyimleyin! Kemer, Tekirova, \u00c7amyuva, Kiri\u015f, G\u00f6yn\u00fck ve Beldibi'nden ba\u015flayan tura u\u00e7u\u015f, Hierapolis turu ve lezzetli bir \u00f6\u011fle yeme\u011fi dahildir.<\/p>\n<h3 data-start=\"470\" data-end=\"486\"><strong data-start=\"474\" data-end=\"486\">Dahil:<\/strong><\/h3>\n<p data-start=\"488\" data-end=\"714\"><span style=\"color: #00ff00;\"><strong>\u2713<\/strong> <\/span>Otel transferi<br data-start=\"510\" data-end=\"513\" \/><span style=\"color: #00ff00;\"><strong>\u2713<\/strong> <\/span>Konforlu otob\u00fcs<br data-start=\"538\" data-end=\"541\" \/><span style=\"color: #00ff00;\"><strong>\u2713<\/strong> <\/span>Balon u\u00e7u\u015fu<br data-start=\"566\" data-end=\"569\" \/><span style=\"color: #00ff00;\"><strong>\u2713<\/strong> <\/span>Rus\u00e7a konu\u015fan tarihi rehber<br data-start=\"631\" data-end=\"634\" \/><span style=\"color: #00ff00;\"><strong>\u2713<\/strong> <\/span>\u00d6\u011fle Yeme\u011fi<br data-start=\"640\" data-end=\"643\" \/><span style=\"color: #00ff00;\"><strong>\u2713<\/strong> <\/span>Profesyonel bir pilot<br data-start=\"667\" data-end=\"670\" \/><span style=\"color: #00ff00;\"><strong>\u2713<\/strong> <\/span>U\u00e7u\u015f sertifikas\u0131<br data-start=\"691\" data-end=\"694\" \/><span style=\"color: #00ff00;\"><strong>\u2713<\/strong> <\/span>Tam sigorta<\/p>\n<h3 data-start=\"716\" data-end=\"735\"><strong data-start=\"720\" data-end=\"735\">Dahil de\u011fil:<\/strong><\/h3>\n<div data-start=\"737\" data-end=\"796\"><span style=\"color: #ff0000;\"><strong>\u2717 <\/strong><\/span>Pamukkale ve Hierapolis'e giri\u015f (45 $)<\/div>\n<div data-start=\"737\" data-end=\"796\"><span style=\"color: #ff0000;\"><strong>\u2717<\/strong> <\/span>Kleopatra'n\u0131n havuzunun giri\u015fi<br data-start=\"763\" data-end=\"766\" \/><span style=\"color: #ff0000;\"><strong>\u2717<\/strong> <\/span>\u0130\u00e7ecekler<\/div>\n<h3 data-start=\"798\" data-end=\"830\"><strong data-start=\"802\" data-end=\"830\">\ud83c\udf1f Turun \u00f6ne \u00e7\u0131kan \u00f6zellikleri<\/strong><\/h3>\n<p data-start=\"832\" data-end=\"1032\">\ud83d\udd39 \u015eafak vakti s\u0131cak hava balonu<br data-start=\"870\" data-end=\"873\" \/>\ud83d\udd39 Pamukkale ve Hierapolis'in muhte\u015fem manzaras\u0131<br data-start=\"915\" data-end=\"918\" \/>\ud83d\udd39 U\u00e7u\u015f sonras\u0131 sertifika<br data-start=\"944\" data-end=\"947\" \/>\ud83d\udd39 Antik Hierapolis turu<br data-start=\"983\" data-end=\"986\" \/>\ud83d\udd39 Kleopatra'n\u0131n havuzunda y\u00fczme (iste\u011fe ba\u011fl\u0131)<\/p>\n<h3 data-start=\"1034\" data-end=\"1060\"><strong data-start=\"1038\" data-end=\"1060\">\ud83d\udcd6 Tam a\u00e7\u0131klama<\/strong><\/h3>\n<p data-start=\"1062\" data-end=\"1312\">Sabah erken saatlerde Kemer'deki veya yak\u0131n b\u00f6lgelerdeki otelinizden al\u0131nacaks\u0131n\u0131z. Pamukkale'ye vard\u0131\u011f\u0131n\u0131zda, as\u0131l etkinlik g\u00fcn do\u011fumu s\u0131cak hava balonu gezisi ile ba\u015flar. G\u00fcn do\u011fumunun yumu\u015fak renkleri, bembeyaz teraslar ve antik Hierapolis unutulmaz bir deneyim yarat\u0131r.<\/p>\n<p data-start=\"1314\" data-end=\"1524\">U\u00e7a\u011fa bindikten sonra size bir kat\u0131l\u0131m sertifikas\u0131 verilecek ve bir kadeh \u015fampanya ikram edilecektir. Tur daha sonra Pamukkale ve Hierapolis \u00e7evresinde bir y\u00fcr\u00fcy\u00fc\u015fle devam edecek: Roma tiyatrosu, kapl\u0131calar ve efsanevi travertenler.<\/p>\n<p data-start=\"1526\" data-end=\"1642\">Kleopatra'n\u0131n havuzunda iste\u011fe ba\u011fl\u0131 y\u00fczme (\u00fccretli). Tur lezzetli bir \u00f6\u011fle yeme\u011fi ve Kemer'e d\u00f6n\u00fc\u015f ile sona erecektir.<\/p>\n<h3 data-start=\"1644\" data-end=\"1670\"><strong data-start=\"1648\" data-end=\"1670\">\ud83d\uddfa\ufe0f Tur Program\u0131<\/strong><\/h3>\n<p data-start=\"1672\" data-end=\"1900\">\ud83d\udd39 Otelden erken \u00e7\u0131k\u0131\u015f<br data-start=\"1696\" data-end=\"1699\" \/>\ud83d\udd39 Pamukkale'ye var\u0131\u015f<br data-start=\"1722\" data-end=\"1725\" \/>\ud83d\udd39 Balon u\u00e7u\u015fu<br data-start=\"1751\" data-end=\"1754\" \/>\ud83d\udd39 \u015eampanya ve sertifika<br data-start=\"1780\" data-end=\"1783\" \/>\ud83d\udd39 Pamukkale ve Hierapolis Turu<br data-start=\"1821\" data-end=\"1824\" \/>\ud83d\udd39 Kleopatra Havuzu (iste\u011fe ba\u011fl\u0131)<br data-start=\"1857\" data-end=\"1860\" \/>\ud83d\udd39 \u00d6\u011fle Yeme\u011fi<br data-start=\"1867\" data-end=\"1870\" \/>\ud83d\udd39 Kemer'e d\u00f6n\u00fc\u015f transferi<\/p>\n<h3 data-start=\"1902\" data-end=\"1932\"><strong data-start=\"1906\" data-end=\"1932\">\u2139\ufe0f Faydal\u0131 bilgiler<\/strong><\/h3>\n<p data-start=\"1934\" data-end=\"2206\">\ud83d\udd39 Tur s\u00fcresi: yakla\u015f\u0131k 12 saat<br data-start=\"1975\" data-end=\"1978\" \/>\ud83d\udd39 U\u00e7u\u015f hava ko\u015fullar\u0131na ba\u011fl\u0131d\u0131r<br data-start=\"2014\" data-end=\"2017\" \/>\ud83d\udd39 U\u00e7u\u015f iptal edilirse, \u00fccret iade edilecektir<br data-start=\"2060\" data-end=\"2063\" \/>\ud83d\udd39 Yol boyunca k\u0131sa duraklar var<br data-start=\"2106\" data-end=\"2109\" \/>\ud83d\udd39 Ayr\u0131 bir koltu\u011fu olmayan 5 ya\u015f\u0131ndan k\u00fc\u00e7\u00fck \u00e7ocuklar bir yeti\u015fkinin kuca\u011f\u0131nda oturur (\u00f6nceden rezervasyon yap\u0131labilir)<\/p>\n<h3 data-start=\"2208\" data-end=\"2236\"><strong data-start=\"2212\" data-end=\"2236\">\ud83c\udf92 Yan\u0131n\u0131za ne almal\u0131s\u0131n\u0131z<\/strong><\/h3>\n<p data-start=\"2238\" data-end=\"2357\">\ud83d\udd39 G\u00fcne\u015f G\u00f6zl\u00fc\u011f\u00fc<br data-start=\"2260\" data-end=\"2263\" \/>\ud83d\udd39 Panama \u015fapkas\u0131 veya kepi<br data-start=\"2282\" data-end=\"2285\" \/>\ud83d\udd39 Rahat k\u0131yafetler ve spor ayakkab\u0131lar<br data-start=\"2314\" data-end=\"2317\" \/>\ud83d\udd39 Mayo ve havlu.<br data-start=\"2341\" data-end=\"2344\" \/>\ud83d\udd39 Nakit<\/p>\n<h3 data-start=\"2359\" data-end=\"2385\"><strong data-start=\"2363\" data-end=\"2385\">\ud83d\udeab \u015eunlar i\u00e7in uygun de\u011fildir<\/strong><\/h3>\n<p data-start=\"2387\" data-end=\"2429\">\ud83d\udd39 7 ya\u015f\u0131ndan k\u00fc\u00e7\u00fck \u00e7ocuklar<br data-start=\"2404\" data-end=\"2407\" \/>\ud83d\udd39 Hamile kad\u0131nlar<\/p>\n<h3 data-start=\"2431\" data-end=\"2461\"><strong data-start=\"2435\" data-end=\"2461\">\ud83d\udcb8 Fiyat ve rezervasyon<\/strong><\/h3>\n<p data-start=\"2463\" data-end=\"2603\"><strong>\ud83d\udd39 \u015eimdi rezervasyon yap\u0131n - tur g\u00fcn\u00fc \u00f6deme yap\u0131n<\/strong><br data-start=\"2509\" data-end=\"2512\" \/>\ud83d\udd39 WhatsApp, Telegram, Viber \u00fczerinden bize ula\u015f\u0131n veya a\u015fa\u011f\u0131daki sipari\u015f formunu doldurun. \ud83d\udc47\ud83c\udffc<\/p>","protected":false},"excerpt":{"rendered":"<p>Kemer'den Pamukkale'ye s\u0131cak hava balonu u\u00e7u\u015fu ve turu. \u015eafak, teraslar, Hierapolis ve \u00f6\u011fle yeme\u011fi dahildir. G\u00fcnl\u00fck pop\u00fcler turlar ve geziler.<\/p>","protected":false},"featured_media":12607,"comment_status":"open","ping_status":"closed","template":"","meta":[],"product_brand":[],"product_cat":[122],"product_tag":[105],"class_list":{"0":"post-13476","1":"product","2":"type-product","3":"status-publish","4":"has-post-thumbnail","6":"tour_phys-ekskursii-v-kemer","7":"product_cat-ekskursii-v-kemer","8":"product_tag-kemer","9":"pa_destination-ekskursii-v-kemer","11":"first","12":"instock","13":"sale","14":"shipping-taxable","15":"purchasable","16":"product-type-tour_phys"},"aioseo_notices":[],"_links":{"self":[{"href":"https:\/\/mirekskursii.com\/tr\/wp-json\/wp\/v2\/product\/13476","targetHints":{"allow":["GET"]}}],"collection":[{"href":"https:\/\/mirekskursii.com\/tr\/wp-json\/wp\/v2\/product"}],"about":[{"href":"https:\/\/mirekskursii.com\/tr\/wp-json\/wp\/v2\/types\/product"}],"replies":[{"embeddable":true,"href":"https:\/\/mirekskursii.com\/tr\/wp-json\/wp\/v2\/comments?post=13476"}],"wp:featuredmedia":[{"embeddable":true,"href":"https:\/\/mirekskursii.com\/tr\/wp-json\/wp\/v2\/media\/12607"}],"wp:attachment":[{"href":"https:\/\/mirekskursii.com\/tr\/wp-json\/wp\/v2\/media?parent=13476"}],"wp:term":[{"taxonomy":"product_brand","embeddable":true,"href":"https:\/\/mirekskursii.com\/tr\/wp-json\/wp\/v2\/product_brand?post=13476"},{"taxonomy":"product_cat","embeddable":true,"href":"https:\/\/mirekskursii.com\/tr\/wp-json\/wp\/v2\/product_cat?post=13476"},{"taxonomy":"product_tag","embeddable":true,"href":"https:\/\/mirekskursii.com\/tr\/wp-json\/wp\/v2\/product_tag?post=13476"}],"curies":[{"name":"wp","href":"https:\/\/api.w.org\/{rel}","templated":true}]}}