{"id":13475,"date":"2025-05-29T13:25:48","date_gmt":"2025-05-29T10:25:48","guid":{"rendered":"https:\/\/mirekskursii.com\/?post_type=product&#038;p=13475"},"modified":"2026-04-15T16:59:35","modified_gmt":"2026-04-15T13:59:35","slug":"pamukkale-hierapolis-turu-kemer","status":"publish","type":"product","link":"https:\/\/mirekskursii.com\/ekskursii\/pamukkale-ierapolis-iz-kemer\/","title":{"rendered":"Pamukkale ve Hierapolis Turu \u2013 G\u00fcn\u00fcbirlik Kemer \u00c7\u0131k\u0131\u015fl\u0131"},"content":{"rendered":"<h3 data-start=\"239\" data-end=\"256\"><strong data-start=\"243\" data-end=\"256\">\ud83c\udfdd\ufe0f Genel Bak\u0131\u015f<\/strong><\/h3>\n<p data-start=\"258\" data-end=\"501\">Kemer, Tekirova, \u00c7amyuva, Kiri\u015f, G\u00f6yen\u00fck ve Beldibi'nden g\u00fcn\u00fcbirlik bir turla Pamukkale ve antik Hierapolis'in beyaz badanal\u0131 teraslar\u0131n\u0131 ke\u015ffedin. Do\u011fal y\u00fczme havuzlar\u0131, antik kal\u0131nt\u0131lar ve lezzetli bir \u00f6\u011fle yeme\u011fi - do\u011fa ve tarih severler i\u00e7in m\u00fckemmel bir se\u00e7im.<\/p>\n<h3 data-start=\"503\" data-end=\"519\"><strong data-start=\"507\" data-end=\"519\">Dahil:<\/strong><\/h3>\n<p data-start=\"521\" data-end=\"694\"><span style=\"color: #00ff00;\"><strong>\u2713<\/strong> <\/span>Otel transferi<br data-start=\"543\" data-end=\"546\" \/><span style=\"color: #00ff00;\"><strong>\u2713<\/strong> <\/span>Klimal\u0131 otob\u00fcs<br data-start=\"571\" data-end=\"574\" \/><span style=\"color: #00ff00;\"><strong>\u2713<\/strong> <\/span>Pamukkale ve Hierapolis giri\u015f \u00fccretleri<br data-start=\"614\" data-end=\"617\" \/><span style=\"color: #00ff00;\"><strong>\u2713<\/strong> <\/span>Tam sigorta<br data-start=\"635\" data-end=\"638\" \/><span style=\"color: #00ff00;\"><strong>\u2713<\/strong> <\/span>Rus\u00e7a konu\u015fan tarihi rehber<br data-start=\"667\" data-end=\"670\" \/><span style=\"color: #00ff00;\"><strong>\u2713<\/strong> <\/span>\u00d6\u011fle yeme\u011fi (a\u00e7\u0131k b\u00fcfe)<\/p>\n<h3 data-start=\"696\" data-end=\"715\"><strong data-start=\"700\" data-end=\"715\">Dahil de\u011fil:<\/strong><\/h3>\n<p data-start=\"717\" data-end=\"776\"><span style=\"color: #ff0000;\"><strong>\u2717<\/strong> <\/span>Kleopatra'n\u0131n havuzunun giri\u015fi<br data-start=\"743\" data-end=\"746\" \/><span style=\"color: #ff0000;\"><strong>\u2717<\/strong> <\/span>Ki\u015fisel harcamalar<br data-start=\"762\" data-end=\"765\" \/><span style=\"color: #ff0000;\"><strong>\u2717<\/strong> <\/span>\u0130\u00e7ecekler<\/p>\n<h3 data-start=\"778\" data-end=\"810\"><strong data-start=\"782\" data-end=\"810\">\ud83c\udf1f Turun \u00f6ne \u00e7\u0131kan \u00f6zellikleri<\/strong><\/h3>\n<p data-start=\"812\" data-end=\"1047\">\ud83d\udd39 Pamukkale'nin beyaz travertenleri<br data-start=\"847\" data-end=\"850\" \/>\ud83d\udd39 Antik Hierapolis turu<br data-start=\"885\" data-end=\"888\" \/>\ud83d\udd39 Termal do\u011fal havuzlar<br data-start=\"920\" data-end=\"923\" \/>\ud83d\udd39 Kleopatra'n\u0131n havuzunda y\u00fczme (iste\u011fe ba\u011fl\u0131)<br data-start=\"967\" data-end=\"970\" \/>\ud83d\udd39 Geleneksel a\u00e7\u0131k b\u00fcfe \u00f6\u011fle yeme\u011fi\u00ab<br data-start=\"1006\" data-end=\"1009\" \/>\ud83d\udd39 UNESCO D\u00fcnya Miras\u0131 Alan\u0131<\/p>\n<h3 data-start=\"1049\" data-end=\"1075\"><strong data-start=\"1053\" data-end=\"1075\">\ud83d\udcd6 Tam a\u00e7\u0131klama<\/strong><\/h3>\n<p data-start=\"1077\" data-end=\"1278\">G\u00fcn\u00fcn\u00fcz Kemer'deki veya yak\u0131n b\u00f6lgelerdeki otelinizden erken bir transferle ba\u015flayacakt\u0131r. Pamukkale'ye vard\u0131\u011f\u0131n\u0131zda a\u00e7\u0131k b\u00fcfe \u00f6\u011fle yeme\u011finin tad\u0131n\u0131 \u00e7\u0131karacak ve ard\u0131ndan \u00fcnl\u00fc beyaz travertenler boyunca y\u00fcr\u00fcy\u00fc\u015f yapacaks\u0131n\u0131z.<\/p>\n<p data-start=\"1280\" data-end=\"1451\">Ard\u0131ndan Roma tiyatrosunu, Apollon Tap\u0131na\u011f\u0131'n\u0131 ve di\u011fer tarihi yap\u0131lar\u0131 g\u00f6rece\u011finiz antik Hierapolis'i ziyaret edeceksiniz. Rehber size b\u00f6lgenin tarihi ve k\u00fclt\u00fcrel miras\u0131 hakk\u0131nda bilgi verecektir.<\/p>\n<p data-start=\"1453\" data-end=\"1655\">Turdan sonra do\u011fal termal havuzlarda dinlenmek veya Kleopatra'n\u0131n havuzunda y\u00fczmek i\u00e7in serbest zaman olacakt\u0131r (ekstra \u00fccret). G\u00fcn\u00fcn sonunda - Kemer'e geri d\u00f6n\u00fcn ve otele d\u00f6n\u00fcn.<\/p>\n<h3 data-start=\"1657\" data-end=\"1683\"><strong data-start=\"1661\" data-end=\"1683\">\ud83d\uddfa\ufe0f Tur Program\u0131<\/strong><\/h3>\n<p data-start=\"1685\" data-end=\"1897\">\ud83d\udd39 Otel transferi<br data-start=\"1705\" data-end=\"1708\" \/>\ud83d\udd39 Pamukkale Gezisi<br data-start=\"1730\" data-end=\"1733\" \/>\ud83d\udd39 \u00d6\u011fle yeme\u011fi (a\u00e7\u0131k b\u00fcfe)<br data-start=\"1756\" data-end=\"1759\" \/>\ud83d\udd39 Travertenler turu<br data-start=\"1786\" data-end=\"1789\" \/>\ud83d\udd39 Hierapolis Ziyareti<br data-start=\"1812\" data-end=\"1815\" \/>\ud83d\udd39 Kleopatra Havuzu (iste\u011fe ba\u011fl\u0131)<br data-start=\"1848\" data-end=\"1851\" \/>\ud83d\udd39 Kemer'e D\u00f6n\u00fc\u015f<br data-start=\"1873\" data-end=\"1876\" \/>\ud83d\udd39 Otele transfer<\/p>\n<h3 data-start=\"1899\" data-end=\"1929\"><strong data-start=\"1903\" data-end=\"1929\">\u2139\ufe0f Faydal\u0131 bilgiler<\/strong><\/h3>\n<p data-start=\"1931\" data-end=\"2167\">\ud83d\udd39 S\u00fcre: yakla\u015f\u0131k 12 saat<br data-start=\"1967\" data-end=\"1970\" \/>\ud83d\udd39 Hava ko\u015fullar\u0131 nedeniyle olas\u0131 program de\u011fi\u015fiklikleri<br data-start=\"2024\" data-end=\"2027\" \/>\ud83d\udd39 Ortalama fiziksel aktivite d\u00fczeyi<br data-start=\"2067\" data-end=\"2070\" \/>\ud83d\udd39 Ayr\u0131 bir koltu\u011fu olmayan 4 ya\u015f\u0131ndan k\u00fc\u00e7\u00fck \u00e7ocuklar bir yeti\u015fkinin kuca\u011f\u0131nda oturur (\u00f6nceden rezervasyon yap\u0131labilir)<\/p>\n<h3 data-start=\"2169\" data-end=\"2197\"><strong data-start=\"2173\" data-end=\"2197\">\ud83c\udf92 Yan\u0131n\u0131za ne almal\u0131s\u0131n\u0131z<\/strong><\/h3>\n<p data-start=\"2199\" data-end=\"2329\">\ud83d\udd39 Pasaport veya Kimlik<br data-start=\"2216\" data-end=\"2219\" \/>\ud83d\udd39 Rahat ayakkab\u0131lar<br data-start=\"2235\" data-end=\"2238\" \/>\ud83d\udd39 G\u00f6zl\u00fckler ve ba\u015fl\u0131klar<br data-start=\"2261\" data-end=\"2264\" \/>\ud83d\udd39 Mayo ve havlu.<br data-start=\"2288\" data-end=\"2291\" \/>\ud83d\udd39 G\u00fcne\u015f Kremi<br data-start=\"2313\" data-end=\"2316\" \/>\ud83d\udd39 Nakit<\/p>\n<h3 data-start=\"2331\" data-end=\"2357\"><strong data-start=\"2335\" data-end=\"2357\">\ud83d\udeab \u015eunlar i\u00e7in uygun de\u011fildir<\/strong><\/h3>\n<p data-start=\"2359\" data-end=\"2446\">\ud83d\udd39 Hareket kabiliyeti k\u0131s\u0131tl\u0131 ki\u015filer<br data-start=\"2395\" data-end=\"2398\" \/>\ud83d\udd39 Ciddi hastal\u0131\u011f\u0131 olan gezginler<\/p>\n<h3 data-start=\"2448\" data-end=\"2478\"><strong data-start=\"2452\" data-end=\"2478\">\ud83d\udcb8 Fiyat ve rezervasyon<\/strong><\/h3>\n<p data-start=\"2480\" data-end=\"2620\"><strong>\ud83d\udd39 \u015eimdi rezervasyon yap\u0131n - tur g\u00fcn\u00fc \u00f6deme yap\u0131n<\/strong><br data-start=\"2526\" data-end=\"2529\" \/>\ud83d\udd39 WhatsApp, Telegram, Viber \u00fczerinden bize ula\u015f\u0131n veya a\u015fa\u011f\u0131daki sipari\u015f formunu doldurun. \ud83d\udc47\ud83c\udffc<\/p>","protected":false},"excerpt":{"rendered":"<p>Kemer'den Pamukkale'ye tur: teraslar, Hierapolis, kapl\u0131calar ve a\u00e7\u0131k b\u00fcfe \u00f6\u011fle yeme\u011fi. Rus rehber ve transfer ile pop\u00fcler tur.<\/p>","protected":false},"featured_media":12575,"comment_status":"open","ping_status":"closed","template":"","meta":[],"product_brand":[],"product_cat":[122],"product_tag":[105],"class_list":{"0":"post-13475","1":"product","2":"type-product","3":"status-publish","4":"has-post-thumbnail","6":"tour_phys-ekskursii-v-kemer","7":"product_cat-ekskursii-v-kemer","8":"product_tag-kemer","9":"pa_destination-ekskursii-v-kemer","11":"first","12":"instock","13":"sale","14":"featured","15":"shipping-taxable","16":"purchasable","17":"product-type-tour_phys"},"aioseo_notices":[],"_links":{"self":[{"href":"https:\/\/mirekskursii.com\/tr\/wp-json\/wp\/v2\/product\/13475","targetHints":{"allow":["GET"]}}],"collection":[{"href":"https:\/\/mirekskursii.com\/tr\/wp-json\/wp\/v2\/product"}],"about":[{"href":"https:\/\/mirekskursii.com\/tr\/wp-json\/wp\/v2\/types\/product"}],"replies":[{"embeddable":true,"href":"https:\/\/mirekskursii.com\/tr\/wp-json\/wp\/v2\/comments?post=13475"}],"wp:featuredmedia":[{"embeddable":true,"href":"https:\/\/mirekskursii.com\/tr\/wp-json\/wp\/v2\/media\/12575"}],"wp:attachment":[{"href":"https:\/\/mirekskursii.com\/tr\/wp-json\/wp\/v2\/media?parent=13475"}],"wp:term":[{"taxonomy":"product_brand","embeddable":true,"href":"https:\/\/mirekskursii.com\/tr\/wp-json\/wp\/v2\/product_brand?post=13475"},{"taxonomy":"product_cat","embeddable":true,"href":"https:\/\/mirekskursii.com\/tr\/wp-json\/wp\/v2\/product_cat?post=13475"},{"taxonomy":"product_tag","embeddable":true,"href":"https:\/\/mirekskursii.com\/tr\/wp-json\/wp\/v2\/product_tag?post=13475"}],"curies":[{"name":"wp","href":"https:\/\/api.w.org\/{rel}","templated":true}]}}