{"id":13399,"date":"2025-05-26T22:12:13","date_gmt":"2025-05-26T19:12:13","guid":{"rendered":"https:\/\/mirekskursii.com\/?post_type=product&#038;p=13399"},"modified":"2026-04-15T16:59:25","modified_gmt":"2026-04-15T13:59:25","slug":"green-canyon-tekne-turu-kemer","status":"publish","type":"product","link":"https:\/\/mirekskursii.com\/ekskursii\/zelenyy-kanion-iz-kemer\/","title":{"rendered":"Kemer'den Green Canyon Tekne Turu | Ye\u015fil Kanyon G\u00f6l Gezisi"},"content":{"rendered":"<h3 dir=\"ltr\" data-pm-slice=\"1 1 []\">\ud83c\udfdd\ufe0f Genel Bak\u0131\u015f<\/h3>\n<p dir=\"ltr\">Kemer ve b\u00f6lgesinden Ye\u015fil Kanyon'a huzurlu bir tura \u00e7\u0131k\u0131n! Turkuaz sularda tekne turuna \u00e7\u0131k\u0131n, y\u00fcz\u00fcn ve Toros Da\u011flar\u0131'n\u0131n manzaras\u0131n\u0131n tad\u0131n\u0131 \u00e7\u0131kar\u0131n. Aileler ve do\u011fa severler i\u00e7in ideal olan tur ~7-8 saat s\u00fcrmektedir.<\/p>\n<h3 dir=\"ltr\">Dahil:<\/h3>\n<p dir=\"ltr\"><span style=\"color: #00ff00;\"><strong>\u2713<\/strong><\/span> Otel transferi<br \/>\n<span style=\"color: #00ff00;\"><strong>\u2713 <\/strong><\/span>Ye\u015fil Kanyon tekne turu<br \/>\n<span style=\"color: #00ff00;\"><strong>\u2713 <\/strong><\/span>Profesyonel rehber<br \/>\n<span style=\"color: #00ff00;\"><strong>\u2713 <\/strong><\/span>G\u00f6l kenar\u0131nda bir restoranda \u00f6\u011fle yeme\u011fi<br \/>\n<span style=\"color: #00ff00;\"><strong>\u2713 <\/strong><\/span>Tam sigorta<br \/>\n<span style=\"color: #00ff00;\"><strong>\u2713 <\/strong><\/span>Alkols\u00fcz i\u00e7ecekler<\/p>\n<h3 dir=\"ltr\">Dahil de\u011fil:<\/h3>\n<p dir=\"ltr\"><strong><span style=\"color: #ff0000;\">\u2717<\/span><\/strong> Ki\u015fisel harcamalar<br \/>\n<strong><span style=\"color: #ff0000;\">\u2717 <\/span><\/strong>Foto\u011fraf ve video (iste\u011fe ba\u011fl\u0131)<\/p>\n<h3 dir=\"ltr\">\ud83d\udea4 \u00d6nemli Noktalar<\/h3>\n<p dir=\"ltr\">\ud83d\udd39 Ye\u015fil Kanyon Tekne Turu<br \/>\n\ud83d\udd39 Toros Da\u011flar\u0131'n\u0131n nefes kesen manzaras\u0131<br \/>\n\ud83d\udd39 Kanyonun serinletici sular\u0131nda y\u0131kanmak<br \/>\n\ud83d\udd39 G\u00f6l kenar\u0131nda lezzetli bir \u00f6\u011fle yeme\u011fi<br \/>\n\ud83d\udd39 \u015eehirden uzakta huzurlu bir tatil<\/p>\n<h3 dir=\"ltr\">\ud83d\udcd6 Tam a\u00e7\u0131klama<\/h3>\n<p dir=\"ltr\">G\u00fcne Kemer'den veya b\u00f6lgeden konforlu bir transferle Toros Da\u011flar\u0131 \u00fczerinden Ye\u015fil Kanyon'a do\u011fru ilerleyerek ba\u015flay\u0131n. Kayal\u0131klar ve g\u00fcr ye\u015filliklerle \u00e7evrili z\u00fcmr\u00fct sularda rahatlat\u0131c\u0131 bir yolculuk i\u00e7in rahat bir tekneye binin. T\u00fcrkiye'nin kristal berrakl\u0131\u011f\u0131ndaki sular\u0131nda y\u00fczmek i\u00e7in durarak K\u00fc\u00e7\u00fck ve B\u00fcy\u00fck Kanyonlarda gezinin. Do\u011fan\u0131n sessizli\u011fini i\u00e7inize \u00e7ekerken g\u00f6l kenar\u0131ndaki bir restoranda doyurucu bir \u00f6\u011fle yeme\u011finin tad\u0131n\u0131 \u00e7\u0131kar\u0131n. Bu tur, rahatlama ve do\u011fal g\u00fczelli\u011fin m\u00fckemmel bir birle\u015fimidir ve sizi yenilenmi\u015f olarak otelinize geri g\u00f6t\u00fcr\u00fcr.<\/p>\n<h3 dir=\"ltr\">\ud83d\uddfa\ufe0f Tur Program\u0131<\/h3>\n<p dir=\"ltr\">\ud83d\udd39 Kemer ve b\u00f6lgelerinden transfer<br \/>\n\ud83d\udd39 Toros Da\u011flar\u0131 \u00fczerinden Ye\u015fil Kanyon'a transfer<br \/>\n\ud83d\udd39 Kanyon tekne turu<br \/>\n\ud83d\udd39 Banyo duraklar\u0131<br \/>\n\ud83d\udd39 G\u00f6l kenar\u0131nda bir restoranda \u00f6\u011fle yeme\u011fi<br \/>\n\ud83d\udd39 D\u00f6n\u00fc\u015f yolculu\u011fu<br \/>\n\ud83d\udd39 Otele d\u00f6n\u00fc\u015f<\/p>\n<h5 dir=\"ltr\">\u2139\ufe0f Faydal\u0131 bilgiler<\/h5>\n<div dir=\"ltr\">\ud83d\udd39 S\u00fcre: ~7-8 saat (tam g\u00fcnl\u00fck tur)<br \/>\n\ud83d\udd39 D\u00fc\u015f\u00fck fiziksel aktivite (seyir ve iste\u011fe ba\u011fl\u0131 y\u00fczme)<br \/>\n\ud83d\udd39 Kemer'den g\u00fcnl\u00fck tur mevcuttur<br \/>\n\ud83d\udd39 \u00d6\u011fle yeme\u011fi dahil, i\u00e7ecekler ekstra \u00fccretlidir<br \/>\n\ud83d\udd39 Teknede g\u00f6lgelik ve tuvaletler var<br \/>\n\ud83d\udd39 Y\u00fczme i\u00e7in can yelekleri mevcuttur<\/div>\n<div dir=\"ltr\">\ud83d\udd39 \u00dccretsiz seyahat eden 05 ya\u015f alt\u0131 \u00e7ocuklar\u0131n otob\u00fcste ayr\u0131 bir koltu\u011fu yoktur. Tamamen dolu olduklar\u0131nda, bir yeti\u015fkinin kuca\u011f\u0131na otururlar veya rezervasyon yaparken ayr\u0131 bir koltuk rezerve edilebilir<\/div>\n<h3 dir=\"ltr\">\ud83c\udf92 Yan\u0131n\u0131za ne almal\u0131s\u0131n\u0131z<\/h3>\n<p dir=\"ltr\">\ud83d\udd39 G\u00fcne\u015f g\u00f6zl\u00fc\u011f\u00fc ve \u015fapka<br \/>\n\ud83d\udd39 Mayo ve havlu.<br \/>\n\ud83d\udd39 G\u00fcne\u015f Kremi<br \/>\n\ud83d\udd39 Kamera veya ak\u0131ll\u0131 telefon<br \/>\n\ud83d\udd39 \u0130\u00e7ecekler veya ekstralar i\u00e7in para<\/p>\n<h3 dir=\"ltr\">\ud83d\udeab \u015eunlar i\u00e7in uygun de\u011fildir<\/h3>\n<p dir=\"ltr\">\ud83d\udd39 Hareket kabiliyeti k\u0131s\u0131tl\u0131 ki\u015filer<br \/>\n\ud83d\udd39 Tekerlekli sandalye kullan\u0131c\u0131lar\u0131<br \/>\n\ud83d\udd39 Deniz tutmas\u0131na yatk\u0131n insanlar<\/p>\n<h3 data-start=\"2448\" data-end=\"2478\"><strong data-start=\"2452\" data-end=\"2478\">\ud83d\udcb8 Fiyat ve rezervasyon<\/strong><\/h3>\n<p data-start=\"2480\" data-end=\"2620\"><strong>\ud83d\udd39 \u015eimdi rezervasyon yap\u0131n - tur g\u00fcn\u00fc \u00f6deme yap\u0131n<\/strong><br data-start=\"2526\" data-end=\"2529\" \/>\ud83d\udd39 WhatsApp, Telegram, Viber \u00fczerinden bize ula\u015f\u0131n veya a\u015fa\u011f\u0131daki sipari\u015f formunu doldurun. \ud83d\udc47\ud83c\udffc<\/p>","protected":false},"excerpt":{"rendered":"<p>Antalya Kemer'den tekne turu, y\u00fczme ve g\u00f6l kenar\u0131nda \u00f6\u011fle yeme\u011fi ile Ye\u015fil Kanyon. Toros da\u011flar\u0131n\u0131n ve do\u011fan\u0131n manzaras\u0131n\u0131n tad\u0131n\u0131 \u00e7\u0131kar\u0131n! Transfer, fiyata dahildir<\/p>","protected":false},"featured_media":12848,"comment_status":"open","ping_status":"closed","template":"","meta":[],"product_brand":[],"product_cat":[122],"product_tag":[105],"class_list":{"0":"post-13399","1":"product","2":"type-product","3":"status-publish","4":"has-post-thumbnail","6":"tour_phys-ekskursii-v-kemer","7":"product_cat-ekskursii-v-kemer","8":"product_tag-kemer","9":"pa_destination-ekskursii-v-kemer","11":"first","12":"instock","13":"sale","14":"featured","15":"shipping-taxable","16":"purchasable","17":"product-type-tour_phys"},"aioseo_notices":[],"_links":{"self":[{"href":"https:\/\/mirekskursii.com\/tr\/wp-json\/wp\/v2\/product\/13399","targetHints":{"allow":["GET"]}}],"collection":[{"href":"https:\/\/mirekskursii.com\/tr\/wp-json\/wp\/v2\/product"}],"about":[{"href":"https:\/\/mirekskursii.com\/tr\/wp-json\/wp\/v2\/types\/product"}],"replies":[{"embeddable":true,"href":"https:\/\/mirekskursii.com\/tr\/wp-json\/wp\/v2\/comments?post=13399"}],"wp:featuredmedia":[{"embeddable":true,"href":"https:\/\/mirekskursii.com\/tr\/wp-json\/wp\/v2\/media\/12848"}],"wp:attachment":[{"href":"https:\/\/mirekskursii.com\/tr\/wp-json\/wp\/v2\/media?parent=13399"}],"wp:term":[{"taxonomy":"product_brand","embeddable":true,"href":"https:\/\/mirekskursii.com\/tr\/wp-json\/wp\/v2\/product_brand?post=13399"},{"taxonomy":"product_cat","embeddable":true,"href":"https:\/\/mirekskursii.com\/tr\/wp-json\/wp\/v2\/product_cat?post=13399"},{"taxonomy":"product_tag","embeddable":true,"href":"https:\/\/mirekskursii.com\/tr\/wp-json\/wp\/v2\/product_tag?post=13399"}],"curies":[{"name":"wp","href":"https:\/\/api.w.org\/{rel}","templated":true}]}}