{"id":13351,"date":"2025-05-17T21:32:14","date_gmt":"2025-05-17T18:32:14","guid":{"rendered":"https:\/\/mirekskursii.com\/?post_type=product&#038;p=13351"},"modified":"2025-12-12T10:23:28","modified_gmt":"2025-12-12T07:23:28","slug":"kas-kaputas-plaji-turu-kemer","status":"publish","type":"product","link":"https:\/\/mirekskursii.com\/ekskursii\/kash-kaputash-iz-kemer\/","title":{"rendered":"Ka\u015f ve Kaputa\u015f Plaj\u0131 Turu Kemer \u00c7\u0131k\u0131\u015fl\u0131 \u2013 Sahil Keyfi"},"content":{"rendered":"<h3>\ud83c\udfdd\ufe0f Genel Bak\u0131\u015f<\/h3>\n<p dir=\"ltr\">B\u00fct\u00fcn bir g\u00fcn\u00fc T\u00fcrkiye'nin g\u00fcney sahil \u015feridinin en g\u00fczel noktalar\u0131n\u0131 ke\u015ffederek ge\u00e7irin! Kalkan'\u0131n b\u00fcy\u00fcleyici sokaklar\u0131nda dola\u015f\u0131n, Kaputa\u015f Plaj\u0131'n\u0131n kristal berrakl\u0131\u011f\u0131ndaki turkuaz sular\u0131nda y\u00fcz\u00fcn ve pitoresk Ka\u015f kasabas\u0131nda dinlendirici bir g\u00fcn\u00fcn tad\u0131n\u0131 \u00e7\u0131kar\u0131n. Tura yerel bir bal\u0131k restoran\u0131nda \u00f6\u011fle yeme\u011fi, deniz kenar\u0131nda y\u00fcr\u00fcy\u00fc\u015fler ve al\u0131\u015fveri\u015f i\u00e7in zaman dahildir.<\/p>\n<h3 dir=\"ltr\">Dahil<\/h3>\n<div dir=\"ltr\"><span style=\"color: #00ff00;\"><strong>\u2713<\/strong><\/span> Otel transferi<br \/>\n<span style=\"color: #00ff00;\"><strong>\u2713 <\/strong><\/span>Rus\u00e7a konu\u015fan rehber<\/div>\n<div dir=\"ltr\"><span style=\"color: #00ff00;\"><strong>\u2713 <\/strong><\/span>Caputas plaj\u0131na giri\u015f bileti<\/div>\n<div dir=\"ltr\"><span style=\"color: #00ff00;\"><strong>\u2713\u00a0<\/strong><\/span>Kraliyet Mezar\u0131 Ziyareti<\/div>\n<div dir=\"ltr\"><span style=\"color: #00ff00;\"><strong>\u2713 <\/strong><\/span>Antik tiyatro ziyareti<\/div>\n<div dir=\"ltr\"><span style=\"color: #00ff00;\"><strong>\u2713 <\/strong><\/span>Sigorta<\/div>\n<div dir=\"ltr\"><span style=\"color: #00ff00;\"><strong>\u2713 <\/strong><\/span>\u00d6\u011fle Yeme\u011fi<\/div>\n<h3 dir=\"ltr\">Dahil de\u011fildir<\/h3>\n<div dir=\"ltr\"><span style=\"color: #ff0000;\"><strong>\u2717<\/strong><\/span> \u0130\u00e7ecekler<br \/>\n<span style=\"color: #ff0000;\"><strong>\u2717 <\/strong><\/span>Ki\u015fisel harcamalar<\/div>\n<h3 dir=\"ltr\">\ud83c\udf1f Turun \u00f6ne \u00e7\u0131kan \u00f6zellikleri<\/h3>\n<p dir=\"ltr\">\ud83d\udd39 Akdeniz k\u0131y\u0131 \u015feridi boyunca do\u011fal bir s\u00fcr\u00fc\u015f<br \/>\n\ud83d\udd39 Yunan adas\u0131 Meis'e bakan panoramik g\u00f6zlem g\u00fcvertesi ziyareti<br \/>\n\ud83d\udd39 Kasha'da y\u00fcr\u00fcy\u00fc\u015f ve \u00f6\u011fle yeme\u011fi i\u00e7in 3 saat serbest zaman<br \/>\n\ud83d\udd39 \u00dcnl\u00fc Kaputa\u015f plaj\u0131nda y\u00fczme ve rahatlama (2-2,5 saat)<br \/>\n\ud83d\udd39 Yerel bir restoranda otantik \u00f6\u011fle yeme\u011fi<\/p>\n<h3 dir=\"ltr\">\ud83d\udcd6 Tam a\u00e7\u0131klama<\/h3>\n<p dir=\"ltr\">Kemer'den Ka\u015f'a d\u00fczenlenen bu manzaral\u0131 g\u00fcnl\u00fck tur, tarihi, do\u011fal g\u00fczellikleri ve k\u0131y\u0131 cazibesini bir araya getirmektedir. Tur, Rus\u00e7a konu\u015fan profesyonel bir rehber e\u015fli\u011finde k\u00fc\u00e7\u00fck gruplar halinde (15 ki\u015fiye kadar) ger\u00e7ekle\u015ftirilmektedir ve rahat bir tempoyu ve otantik yerleri tercih eden gezginler i\u00e7in idealdir.<\/p>\n<p dir=\"ltr\">G\u00fcn, yol boyunca k\u0131sa bir mola ile Kemer'den konforlu bir s\u00fcr\u00fc\u015fle ba\u015flayacakt\u0131r. \u0130lk durak, \u00e7arp\u0131c\u0131 foto\u011fraflar i\u00e7in m\u00fckemmel bir yer olan Yunan adas\u0131 Meis'e bakan panoramik bir g\u00f6zetleme noktas\u0131d\u0131r. Daha sonra \u00e7i\u00e7ekli dar sokaklar\u0131, antik kal\u0131nt\u0131lar\u0131, butikleri ve huzurlu atmosferiyle bilinen pitoresk bir sahil kasabas\u0131 olan Ka\u015f'a gideceksiniz.<\/p>\n<p dir=\"ltr\">K\u0131sa bir gezi tan\u0131t\u0131m\u0131ndan sonra \u015fehri kendi ba\u015f\u0131n\u0131za ke\u015ffetmek, foto\u011fraf \u00e7ekmek, hediyelik e\u015fya al\u0131\u015fveri\u015fi yapmak ve yerel bir restoranda \u00f6\u011fle yeme\u011fi yemek i\u00e7in yakla\u015f\u0131k 2-3 saat serbest zaman\u0131n\u0131z olacak. Daha sonra, canl\u0131 mavi-ye\u015fil sular\u0131 ve dramatik u\u00e7urum kenar\u0131 konumu ile bilinen, T\u00fcrkiye'nin en ikonik plajlar\u0131ndan biri olan \u00fcnl\u00fc Kaputa\u015f Plaj\u0131'n\u0131 ziyaret edeceksiniz. Kemer'e d\u00f6nmeden \u00f6nce 2-2,5 saatinizi y\u00fczerek, dinlenerek ve g\u00fcne\u015fin tad\u0131n\u0131 \u00e7\u0131kararak ge\u00e7irin.<\/p>\n<h3 dir=\"ltr\">\ud83d\uddfa\ufe0f Tur Program\u0131<\/h3>\n<p dir=\"ltr\">\ud83d\udd39 08:00 civar\u0131nda otellerden \u00e7\u0131k\u0131\u015f<br \/>\n\ud83d\udd39 Teknoloji dura\u011f\u0131 olan manzaral\u0131 bir s\u00fcr\u00fc\u015f<br \/>\n\ud83d\udd39 Mace Adas\u0131'ndaki panoramik g\u00f6zlem g\u00fcvertesine ziyaret<br \/>\n\ud83d\udd39 Kascha'daki Antik Tiyatroya Gezi<br \/>\n\ud83d\udd39 Kasha'da \u00f6\u011fle yeme\u011fi ve y\u00fcr\u00fcy\u00fc\u015fler i\u00e7in 2-3 saat serbest zaman<br \/>\n\ud83d\udd39 Y\u00fczmek ve dinlenmek i\u00e7in Caputas plaj\u0131na transfer (2-2,5 saat)<br \/>\n\ud83d\udd39 Caputas plaj\u0131ndan saat 16:00 civar\u0131nda hareket.<br \/>\n\ud83d\udd39 18:00-19:00 civar\u0131nda Kemer'deki otellere d\u00f6n\u00fc\u015f<\/p>\n<h3 dir=\"ltr\">\u2139\ufe0f Faydal\u0131 bilgiler<\/h3>\n<div dir=\"ltr\">\ud83d\udd39 Tur s\u00fcresi: yakla\u015f\u0131k 10-11 saat<br \/>\n\ud83d\udd39 \u00d6\u011fle yeme\u011fi dahil (bal\u0131k, tavuk veya k\u00f6fte), i\u00e7ecekler ekstra \u00fccretlidir.<br \/>\n\ud83d\udd39 Cacha'da d\u0131\u015far\u0131da oldu\u011funuz zamanlar i\u00e7in \u00e7ok say\u0131da yerel restoran ve kafe bulunmaktad\u0131r<br \/>\n\ud83d\udd39 \u00dccretsiz seyahat eden 05 ya\u015f alt\u0131 \u00e7ocuklar\u0131n otob\u00fcste ayr\u0131 bir koltu\u011fu yoktur. Tamamen dolu olduklar\u0131nda, bir yeti\u015fkinin kuca\u011f\u0131na otururlar veya rezervasyon yaparken ayr\u0131 bir koltuk rezerve edilebilir<\/div>\n<h3 dir=\"ltr\">\ud83d\udeab \u015eunlar i\u00e7in uygun de\u011fildir<\/h3>\n<p dir=\"ltr\">\ud83d\udd39 Hareket kabiliyeti k\u0131s\u0131tl\u0131 ki\u015filer<br \/>\n\ud83d\udd39 Uzun yolculuk nedeniyle k\u00fc\u00e7\u00fck \u00e7ocuklar ve bebekler<\/p>\n<h3 dir=\"ltr\">\ud83c\udf92 Yan\u0131n\u0131za ne almal\u0131s\u0131n\u0131z<\/h3>\n<p dir=\"ltr\">\ud83d\udd39 Mayo ve havlu.<br \/>\n\ud83d\udd39 Rahat ayakkab\u0131 ve k\u0131yafetler<br \/>\n\ud83d\udd39 G\u00fcne\u015f korumas\u0131 (\u015fapka, krem, g\u00fcne\u015f g\u00f6zl\u00fc\u011f\u00fc)<br \/>\n\ud83d\udd39 \u0130\u00e7ecekler ve ki\u015fisel harcamalar i\u00e7in nakit<\/p>\n<h3 dir=\"ltr\">\ud83d\udeab \u015eunlar i\u00e7in uygun de\u011fildir<\/h3>\n<p dir=\"ltr\">\ud83d\udd39 Hareket kabiliyeti k\u0131s\u0131tl\u0131 ki\u015filer<br \/>\n\ud83d\udd39 Uzun yolculuk nedeniyle k\u00fc\u00e7\u00fck \u00e7ocuklar ve bebekler<\/p>\n<h3 data-start=\"2638\" data-end=\"2660\">\ud83d\udcb8 Fiyat ve rezervasyon<\/h3>\n<div data-start=\"2662\" data-end=\"2894\"><strong>\ud83d\udd39 \u015eimdi rezervasyon yap\u0131n - tur g\u00fcn\u00fc \u00f6deme yap\u0131n<\/strong><\/div>\n<div data-start=\"2662\" data-end=\"2894\">\ud83d\udd39 WhatsApp, Telegram, Viber \u00fczerinden bize ula\u015f\u0131n veya a\u015fa\u011f\u0131daki sipari\u015f formunu doldurun. \ud83d\udc47\ud83c\udffc<\/div>","protected":false},"excerpt":{"rendered":"<p>Kemer'den Ka\u015f'a ve Kaputa\u015f Plaj\u0131'na do\u011fal bir yolculu\u011fun tad\u0131n\u0131 \u00e7\u0131kar\u0131n: T\u00fcrkiye'nin en g\u00fczel plajlar\u0131ndan birinde y\u00fcr\u00fcy\u00fc\u015f, \u00f6\u011fle yeme\u011fi, y\u00fczme ve rahatlama.<\/p>","protected":false},"featured_media":13695,"comment_status":"open","ping_status":"closed","template":"","meta":[],"product_brand":[],"product_cat":[122],"product_tag":[105],"class_list":{"0":"post-13351","1":"product","2":"type-product","3":"status-publish","4":"has-post-thumbnail","6":"tour_phys-ekskursii-v-kemer","7":"product_cat-ekskursii-v-kemer","8":"product_tag-kemer","9":"pa_destination-ekskursii-v-kemer","11":"first","12":"instock","13":"sale","14":"shipping-taxable","15":"purchasable","16":"product-type-tour_phys"},"aioseo_notices":[],"_links":{"self":[{"href":"https:\/\/mirekskursii.com\/tr\/wp-json\/wp\/v2\/product\/13351","targetHints":{"allow":["GET"]}}],"collection":[{"href":"https:\/\/mirekskursii.com\/tr\/wp-json\/wp\/v2\/product"}],"about":[{"href":"https:\/\/mirekskursii.com\/tr\/wp-json\/wp\/v2\/types\/product"}],"replies":[{"embeddable":true,"href":"https:\/\/mirekskursii.com\/tr\/wp-json\/wp\/v2\/comments?post=13351"}],"wp:featuredmedia":[{"embeddable":true,"href":"https:\/\/mirekskursii.com\/tr\/wp-json\/wp\/v2\/media\/13695"}],"wp:attachment":[{"href":"https:\/\/mirekskursii.com\/tr\/wp-json\/wp\/v2\/media?parent=13351"}],"wp:term":[{"taxonomy":"product_brand","embeddable":true,"href":"https:\/\/mirekskursii.com\/tr\/wp-json\/wp\/v2\/product_brand?post=13351"},{"taxonomy":"product_cat","embeddable":true,"href":"https:\/\/mirekskursii.com\/tr\/wp-json\/wp\/v2\/product_cat?post=13351"},{"taxonomy":"product_tag","embeddable":true,"href":"https:\/\/mirekskursii.com\/tr\/wp-json\/wp\/v2\/product_tag?post=13351"}],"curies":[{"name":"wp","href":"https:\/\/api.w.org\/{rel}","templated":true}]}}