{"id":13297,"date":"2025-05-16T18:15:20","date_gmt":"2025-05-16T15:15:20","guid":{"rendered":"https:\/\/mirekskursii.com\/?post_type=product&#038;p=13297"},"modified":"2026-02-22T18:07:37","modified_gmt":"2026-02-22T15:07:37","slug":"kotor-mavi-magara-yat-turu-budva","status":"publish","type":"product","link":"https:\/\/mirekskursii.com\/ekskursii\/yacht-tur-iz-budva-kotor-golubaya-pishera-bogoraditsa-na-rife\/","title":{"rendered":"Budva'dan Yat Turu \u2013 Kotor ve Mavi Ma\u011fara"},"content":{"rendered":"<h3 data-start=\"317\" data-end=\"334\"><strong data-start=\"321\" data-end=\"334\">\ud83c\udfdd\ufe0f Genel Bak\u0131\u015f<\/strong><\/h3>\n<p data-start=\"336\" data-end=\"541\">Budva ve Petrovac'tan Boko Kotor K\u00f6rfezi'nde klasik bir gemi yolculu\u011funa \u00e7\u0131k\u0131n. Pitoresk kasabalar, Kayal\u0131ktaki Meryem Ana Adas\u0131, \u017danice Plaj\u0131 ve tarihi Kotor - aileler ve do\u011fa severler i\u00e7in m\u00fckemmel bir tur.<\/p>\n<h3 data-start=\"543\" data-end=\"559\"><strong data-start=\"547\" data-end=\"559\">Dahil:<\/strong><\/h3>\n<p data-start=\"561\" data-end=\"728\"><span style=\"color: #00ff00;\"><strong>\u2713<\/strong> <\/span>Turist otob\u00fcs\u00fc ile transfer<br data-start=\"597\" data-end=\"600\" \/><span style=\"color: #00ff00;\"><strong>\u2713<\/strong> <\/span>MB Vesna tekne turu<br data-start=\"625\" data-end=\"628\" \/><span style=\"color: #00ff00;\"><strong>\u2713<\/strong> <\/span>Profesyonel rehber<br data-start=\"650\" data-end=\"653\" \/><span style=\"color: #00ff00;\"><strong>\u2713<\/strong> <\/span>\u00d6\u011fle Yeme\u011fi<br data-start=\"659\" data-end=\"662\" \/><span style=\"color: #00ff00;\"><strong>\u2713<\/strong> <\/span>Our Lady on the Rock adas\u0131ndaki kilise ve m\u00fczeye giri\u015f \u00fccreti<\/p>\n<h3 data-start=\"730\" data-end=\"749\"><strong data-start=\"734\" data-end=\"749\">Dahil de\u011fil:<\/strong><\/h3>\n<p data-start=\"751\" data-end=\"845\"><span style=\"color: #ff0000;\"><strong>\u2717<\/strong> <\/span>Ki\u015fisel harcamalar<br data-start=\"767\" data-end=\"770\" \/><span style=\"color: #ff0000;\"><strong>\u2717<\/strong> <\/span>Foto\u011fraf ve video<br data-start=\"784\" data-end=\"787\" \/><span style=\"color: #ff0000;\"><strong>\u2717<\/strong> <\/span>\u0130\u00e7ecekler<br data-start=\"796\" data-end=\"799\" \/><span style=\"color: #ff0000;\"><strong>\u2717<\/strong> <\/span>Mavi Ma\u011fara Gezisi (10 \u20ac, iste\u011fe ba\u011fl\u0131)<\/p>\n<h3 data-start=\"847\" data-end=\"879\"><strong data-start=\"851\" data-end=\"879\">\ud83c\udf1f Turun \u00f6ne \u00e7\u0131kan \u00f6zellikleri<\/strong><\/h3>\n<p data-start=\"881\" data-end=\"1177\">\ud83d\udd39 1981'den beri pop\u00fcler olan klasik bir gemi seyahati<br data-start=\"926\" data-end=\"929\" \/>\ud83d\udd39 Herceg Novi'nin eski kentinde serbest zaman<br data-start=\"975\" data-end=\"978\" \/>\ud83d\udd39 \u017danice plaj\u0131nda y\u00fczme<br data-start=\"1004\" data-end=\"1007\" \/>\ud83d\udd39 Mavi Ma\u011fara'y\u0131 ziyaret etme f\u0131rsat\u0131<br data-start=\"1045\" data-end=\"1048\" \/>\ud83d\udd39 Our Lady on the Rock Island ve M\u00fczesi<br data-start=\"1085\" data-end=\"1088\" \/>\ud83d\udd39 Tarihi Kotor'da bir y\u00fcr\u00fcy\u00fc\u015f<br data-start=\"1123\" data-end=\"1126\" \/>\ud83d\udd39 Persta ve Boko Kotor K\u00f6rfezi'nin muhte\u015fem manzaras\u0131<\/p>\n<h3 data-start=\"1179\" data-end=\"1205\"><strong data-start=\"1183\" data-end=\"1205\">\ud83d\udcd6 Tam a\u00e7\u0131klama<\/strong><\/h3>\n<p data-start=\"1207\" data-end=\"1438\">Yolculu\u011funuz Budva veya Petrovac'tan Tivat'a transfer ile ba\u015flar. Saat 10:00'da konforlu bir MB Vesna teknesinde bir gezintiye \u00e7\u0131kacaks\u0131n\u0131z. \u0130lk durak, y\u00fcr\u00fcy\u00fc\u015f i\u00e7in serbest zaman\u0131n\u0131z olaca\u011f\u0131 b\u00fcy\u00fcleyici Herceg Novi olacak.<\/p>\n<p data-start=\"1440\" data-end=\"1611\">Rota daha sonra a\u00e7\u0131k Adriyatik Denizi'ne ve y\u00fczmek ve dinlenmek i\u00e7in ideal bir yer olan \u017danice Plaj\u0131'na devam ediyor. Dilerseniz k\u00fc\u00e7\u00fck bir tekneyle Mavi Ma\u011fara'y\u0131 ziyaret edebilirsiniz.<\/p>\n<p data-start=\"1613\" data-end=\"1699\">Daha sonra kilise ve m\u00fczeyi gezebilece\u011finiz Our Lady on the Rock adas\u0131n\u0131 ziyaret edeceksiniz.<\/p>\n<p data-start=\"1701\" data-end=\"1840\">Pitoresk k\u00f6rfez boyunca devam ederek Kotor'a varacaks\u0131n\u0131z ve burada eski \u015fehirde bir gezinti, dinlenme veya hafif bir at\u0131\u015ft\u0131rmal\u0131k i\u00e7in zaman\u0131n\u0131z olacak.<\/p>\n<p data-start=\"1842\" data-end=\"1931\">Kotor'u ziyaret ettikten sonra turist otob\u00fcs\u00fc ile Budva ve Petrovac'a geri g\u00f6t\u00fcr\u00fcleceksiniz.<\/p>\n<h3 data-start=\"1933\" data-end=\"1959\"><strong data-start=\"1937\" data-end=\"1959\">\ud83d\uddfa\ufe0f Tur Program\u0131<\/strong><\/h3>\n<p data-start=\"1961\" data-end=\"2264\">\ud83d\udd39 Budva\/Petrovac'tan Tivat'a transfer<br data-start=\"1999\" data-end=\"2002\" \/>\ud83d\udd39 Herceg Novi'ye gemi yolculu\u011fu<br data-start=\"2025\" data-end=\"2028\" \/>\ud83d\udd39 Herceg Novi'de serbest zaman<br data-start=\"2060\" data-end=\"2063\" \/>\ud83d\udd39 \u017danice plaj\u0131na ge\u00e7i\u015f<br data-start=\"2088\" data-end=\"2091\" \/>\ud83d\udd39 Banyo ve rahatlama (Mavi Ma\u011fara - iste\u011fe ba\u011fl\u0131)<br data-start=\"2139\" data-end=\"2142\" \/>\ud83d\udd39 Kayal\u0131ktaki Meryem Ana Adas\u0131<br data-start=\"2171\" data-end=\"2174\" \/>\ud83d\udd39 T\u00fcy boyunca seyir.<br data-start=\"2194\" data-end=\"2197\" \/>\ud83d\udd39 Kotor'da mola<br data-start=\"2218\" data-end=\"2221\" \/>\ud83d\udd39 Otob\u00fcsle Budva\/Petrovac'a d\u00f6n\u00fc\u015f<\/p>\n<h3 data-start=\"2266\" data-end=\"2296\"><strong data-start=\"2270\" data-end=\"2296\">\u2139\ufe0f Faydal\u0131 bilgiler<\/strong><\/h3>\n<p data-start=\"2298\" data-end=\"2520\">\ud83d\udd39 Tur s\u00fcresi: 8-9 saat<br data-start=\"2334\" data-end=\"2337\" \/>\ud83d\udd39 Hava ko\u015fullar\u0131na ba\u011fl\u0131 program de\u011fi\u015fiklikleri m\u00fcmk\u00fcn<br data-start=\"2378\" data-end=\"2381\" \/>\ud83d\udd39 Orta d\u00fczeyde fiziksel aktivite<br data-start=\"2415\" data-end=\"2418\" \/>\ud83d\udd39 Plajda ve teknede tuvaletler mevcuttur<br data-start=\"2454\" data-end=\"2457\" \/>\ud83d\udd39 Kaptan g\u00fcvenlik nedeniyle rotay\u0131 de\u011fi\u015ftirebilir<\/p>\n<h3 data-start=\"2522\" data-end=\"2550\"><strong data-start=\"2526\" data-end=\"2550\">\ud83c\udf92 Yan\u0131n\u0131za ne almal\u0131s\u0131n\u0131z<\/strong><\/h3>\n<p data-start=\"2552\" data-end=\"2712\">\ud83d\udd39 Rahat ayakkab\u0131lar<br data-start=\"2568\" data-end=\"2571\" \/>\ud83d\udd39 \u015eapkalar ve g\u00fcne\u015f g\u00f6zl\u00fckleri<br data-start=\"2609\" data-end=\"2612\" \/>\ud83d\udd39 Mayo ve havlu.<br data-start=\"2636\" data-end=\"2639\" \/>\ud83d\udd39 G\u00fcne\u015f Kremi<br data-start=\"2661\" data-end=\"2664\" \/>\ud83d\udd39 \u0130\u00e7ecekler ve ekstralar i\u00e7in nakit<\/p>\n<h3 data-start=\"2714\" data-end=\"2740\"><strong data-start=\"2718\" data-end=\"2740\">\ud83d\udeab \u015eunlar i\u00e7in uygun de\u011fildir<\/strong><\/h3>\n<p data-start=\"2742\" data-end=\"2829\">\ud83d\udd39 Hareket kabiliyeti k\u0131s\u0131tl\u0131 ki\u015filer<br data-start=\"2778\" data-end=\"2781\" \/>\ud83d\udd39 Ciddi hastal\u0131\u011f\u0131 olan gezginler<\/p>\n<h3 data-start=\"2448\" data-end=\"2478\"><strong data-start=\"2452\" data-end=\"2478\">\ud83d\udcb8 Fiyat ve rezervasyon<\/strong><\/h3>\n<p data-start=\"2480\" data-end=\"2620\"><strong>\ud83d\udd39 \u015eimdi rezervasyon yap\u0131n - tur g\u00fcn\u00fc \u00f6deme yap\u0131n<\/strong><br data-start=\"2526\" data-end=\"2529\" \/>\ud83d\udd39 WhatsApp, Telegram, Viber \u00fczerinden bize ula\u015f\u0131n veya a\u015fa\u011f\u0131daki sipari\u015f formunu doldurun. \ud83d\udc47\ud83c\udffc<\/p>","protected":false},"excerpt":{"rendered":"<p>Budva'dan Boko Kotor K\u00f6rfezi gezisi: Herceg Novi, \u017danice, Kayadaki Meryem Ana adas\u0131 ve Kotor. \u00d6\u011fle yeme\u011fi ve rehber e\u015fli\u011finde pop\u00fcler tur.<\/p>","protected":false},"featured_media":13298,"comment_status":"open","ping_status":"closed","template":"","meta":[],"product_brand":[],"product_cat":[],"product_tag":[],"class_list":{"0":"post-13297","1":"product","2":"type-product","3":"status-publish","4":"has-post-thumbnail","6":"tour_phys-ekskursii-v-budve","7":"tour_phys-ekskursii-v-hertseg-novi","8":"tour_phys-ekskursii-v-kotor","9":"pa_montenegro-ekskursii-v-budva","10":"pa_montenegro-ekskursii-v-herceg-novi","11":"pa_montenegro-ekskursii-v-kotor","13":"first","14":"instock","15":"sale","16":"shipping-taxable","17":"purchasable","18":"product-type-tour_phys"},"aioseo_notices":[],"_links":{"self":[{"href":"https:\/\/mirekskursii.com\/tr\/wp-json\/wp\/v2\/product\/13297","targetHints":{"allow":["GET"]}}],"collection":[{"href":"https:\/\/mirekskursii.com\/tr\/wp-json\/wp\/v2\/product"}],"about":[{"href":"https:\/\/mirekskursii.com\/tr\/wp-json\/wp\/v2\/types\/product"}],"replies":[{"embeddable":true,"href":"https:\/\/mirekskursii.com\/tr\/wp-json\/wp\/v2\/comments?post=13297"}],"wp:featuredmedia":[{"embeddable":true,"href":"https:\/\/mirekskursii.com\/tr\/wp-json\/wp\/v2\/media\/13298"}],"wp:attachment":[{"href":"https:\/\/mirekskursii.com\/tr\/wp-json\/wp\/v2\/media?parent=13297"}],"wp:term":[{"taxonomy":"product_brand","embeddable":true,"href":"https:\/\/mirekskursii.com\/tr\/wp-json\/wp\/v2\/product_brand?post=13297"},{"taxonomy":"product_cat","embeddable":true,"href":"https:\/\/mirekskursii.com\/tr\/wp-json\/wp\/v2\/product_cat?post=13297"},{"taxonomy":"product_tag","embeddable":true,"href":"https:\/\/mirekskursii.com\/tr\/wp-json\/wp\/v2\/product_tag?post=13297"}],"curies":[{"name":"wp","href":"https:\/\/api.w.org\/{rel}","templated":true}]}}