{"id":13057,"date":"2025-05-11T22:02:33","date_gmt":"2025-05-11T19:02:33","guid":{"rendered":"https:\/\/mirekskursii.com\/?post_type=product&#038;p=13057"},"modified":"2025-12-12T10:24:20","modified_gmt":"2025-12-12T07:24:20","slug":"ozel-yat-kiralama-kemer","status":"publish","type":"product","link":"https:\/\/mirekskursii.com\/ekskursii\/arenda-yaht-v-kemer-ledi-mila\/","title":{"rendered":"Kemer \u00d6zel Yat Kiralama \u2013 L\u00fcks Yat Turu Lady Mila"},"content":{"rendered":"<h3 data-start=\"309\" data-end=\"326\"><strong data-start=\"313\" data-end=\"326\">\ud83c\udfdd\ufe0f Genel Bak\u0131\u015f<\/strong><\/h3>\n<p data-start=\"328\" data-end=\"513\">Kemer'den \u00f6zel bir tekne turuna \u00e7\u0131k\u0131n ve gizli koylar\u0131, turkuaz denizi ve tenha atmosferi ke\u015ffedin. Konforlu bir \u00f6zel yatta y\u00fczmenin, g\u00fcne\u015fin ve yemek yemenin tad\u0131n\u0131 \u00e7\u0131kar\u0131n.<\/p>\n<h3 data-start=\"515\" data-end=\"531\"><strong data-start=\"519\" data-end=\"531\">Dahil:<\/strong><\/h3>\n<p data-start=\"533\" data-end=\"649\"><span style=\"color: #00ff00;\"><strong>\u2713<\/strong> <\/span>Otel transferi<br data-start=\"555\" data-end=\"558\" \/><span style=\"color: #00ff00;\"><strong>\u2713<\/strong> <\/span>Rehberlik hizmetleri<br data-start=\"571\" data-end=\"574\" \/><span style=\"color: #00ff00;\"><strong>\u2713<\/strong> <\/span>Sigorta<br data-start=\"585\" data-end=\"588\" \/><span style=\"color: #00ff00;\"><strong>\u2713<\/strong> <\/span>Yatta \u00f6\u011fle yeme\u011fi<br data-start=\"602\" data-end=\"605\" \/><span style=\"color: #00ff00;\"><strong>\u2713<\/strong> <\/span>Taze meyve<br data-start=\"620\" data-end=\"623\" \/><span style=\"color: #00ff00;\"><strong>\u2713<\/strong> <\/span>Alkols\u00fcz i\u00e7ecekler<\/p>\n<h3 data-start=\"651\" data-end=\"670\"><strong data-start=\"655\" data-end=\"670\">Dahil de\u011fil:<\/strong><\/h3>\n<p data-start=\"672\" data-end=\"728\"><span style=\"color: #ff0000;\"><strong>\u2717<\/strong> <\/span>Alkoll\u00fc i\u00e7ecekler<br data-start=\"693\" data-end=\"696\" \/><span style=\"color: #ff0000;\"><strong>\u2717<\/strong> <\/span>Ki\u015fisel harcamalar, foto\u011fraflar ve videolar<\/p>\n<h3 data-start=\"730\" data-end=\"757\"><strong data-start=\"734\" data-end=\"757\">\ud83c\udf1f \u00d6nemli Noktalar<\/strong><\/h3>\n<p data-start=\"759\" data-end=\"917\">\ud83d\udd39 Kemer'in en temiz sular\u0131nda y\u00fczmek<br data-start=\"794\" data-end=\"797\" \/>\ud83d\udd39 G\u00f6zlerden uzak koylar\u0131 ziyaret etmek<br data-start=\"825\" data-end=\"828\" \/>\ud83d\udd39 Romantik bir g\u00fcn bat\u0131m\u0131yla tan\u0131\u015fma f\u0131rsat\u0131<br data-start=\"872\" data-end=\"875\" \/>\ud83d\udd39 Yat\u0131n ayr\u0131cal\u0131kl\u0131 atmosferi ve konforu<\/p>\n<h3 data-start=\"919\" data-end=\"945\"><strong data-start=\"923\" data-end=\"945\">\ud83d\udcd6 Tam a\u00e7\u0131klama<\/strong><\/h3>\n<p data-start=\"947\" data-end=\"1163\">Kemer'den \u00f6zel yat kiralama, kalabal\u0131ktan uzakta huzurlu bir atmosferde denizin tad\u0131n\u0131 \u00e7\u0131karman\u0131n en iyi yoludur. Rota, Faselis ve Cennet koylar\u0131nda ve Korsan Ma\u011faras\u0131'nda y\u00fczme molalar\u0131 ile sahil boyunca uzanmaktad\u0131r.<\/p>\n<p data-start=\"1165\" data-end=\"1326\">Yatlar geni\u015f g\u00fcverteler, rahat oturma alanlar\u0131 ve konfor i\u00e7in ihtiyac\u0131n\u0131z olan her \u015feyle donat\u0131lm\u0131\u015ft\u0131r. Teknede \u00f6\u011fle yeme\u011fi, mevsim meyveleri ve alkols\u00fcz i\u00e7ecekler servis edilmektedir.<\/p>\n<p data-start=\"1328\" data-end=\"1419\">Tekne kapasitesi 12 ki\u015fiye kadar olan tur, aileler, \u00e7iftler ve k\u00fc\u00e7\u00fck gruplar i\u00e7in idealdir.<\/p>\n<h3 data-start=\"1421\" data-end=\"1447\"><strong data-start=\"1425\" data-end=\"1447\">\ud83d\uddfa\ufe0f Tur Program\u0131<\/strong><\/h3>\n<p data-start=\"1449\" data-end=\"1724\">\ud83d\udd39 Otel transferi<br data-start=\"1469\" data-end=\"1472\" \/>\ud83d\udd39 Kemer marinada bir yata bini\u015f<br data-start=\"1506\" data-end=\"1509\" \/>\ud83d\udd39 Korsan Ma\u011faras\u0131'nda foto\u011fraf molas\u0131<br data-start=\"1545\" data-end=\"1548\" \/>\ud83d\udd39 Faselis Koyu'nda y\u00fczme ve \u00f6\u011fle yeme\u011fi (1,5 saat)<br data-start=\"1592\" data-end=\"1595\" \/>\ud83d\udd39 Cennet Koyu'nda Y\u00fczme (1 saat)<br data-start=\"1629\" data-end=\"1632\" \/>\ud83d\udd39 Korsan Ma\u011faras\u0131'nda Y\u00fczme (1 saat)<br data-start=\"1669\" data-end=\"1672\" \/>\ud83d\udd39 Kemer liman\u0131na d\u00f6n\u00fc\u015f<br data-start=\"1700\" data-end=\"1703\" \/>\ud83d\udd39 Otele transfer<\/p>\n<h3 data-start=\"1726\" data-end=\"1756\"><strong data-start=\"1730\" data-end=\"1756\">\u2139\ufe0f Faydal\u0131 bilgiler<\/strong><\/h3>\n<p data-start=\"1758\" data-end=\"1912\">\ud83d\udd39 Tur s\u00fcresi: 5-6 saat<br data-start=\"1794\" data-end=\"1797\" \/>\ud83d\udd39 Tekne \u00fczerinde g\u00f6lgelik ve g\u00fcne\u015flenme alanlar\u0131n\u0131n bulunmas\u0131<br data-start=\"1835\" data-end=\"1838\" \/>\ud83d\udd39 M\u00fcrettebat Rus\u00e7a konu\u015fuyor<br data-start=\"1872\" data-end=\"1875\" \/>\ud83d\udd39 12 ki\u015fiye kadar olan gruplar i\u00e7in uygundur<\/p>\n<h3 data-start=\"1914\" data-end=\"1942\"><strong data-start=\"1918\" data-end=\"1942\">\ud83c\udf92 Yan\u0131n\u0131za ne almal\u0131s\u0131n\u0131z<\/strong><\/h3>\n<p data-start=\"1944\" data-end=\"2038\">\ud83d\udd39 Mayo ve havlu.<br data-start=\"1968\" data-end=\"1971\" \/>\ud83d\udd39 G\u00fcne\u015f kremi ve g\u00fcne\u015f g\u00f6zl\u00fc\u011f\u00fc<br data-start=\"2000\" data-end=\"2003\" \/>\ud83d\udd39 Bir panama \u015fapkas\u0131 ya da kasket.<br data-start=\"2022\" data-end=\"2025\" \/>\ud83d\udd39 Nakit<\/p>\n<h3 data-start=\"2040\" data-end=\"2066\"><strong data-start=\"2044\" data-end=\"2066\">\ud83d\udeab \u015eunlar i\u00e7in uygun de\u011fildir<\/strong><\/h3>\n<p data-start=\"2068\" data-end=\"2137\">\ud83d\udd39 Deniz tutmas\u0131 olan ki\u015filer<br data-start=\"2095\" data-end=\"2098\" \/>\ud83d\udd39 Hareket kabiliyeti k\u0131s\u0131tl\u0131 misafirler<\/p>\n<h3 data-start=\"2139\" data-end=\"2169\"><strong data-start=\"2143\" data-end=\"2169\">\ud83d\udcb8 Fiyat ve rezervasyon<\/strong><\/h3>\n<p data-start=\"2171\" data-end=\"2311\">\ud83d\udd39 \u015eimdi rezervasyon yap\u0131n - tur g\u00fcn\u00fc \u00f6deme yap\u0131n<br data-start=\"2217\" data-end=\"2220\" \/>\ud83d\udd39 WhatsApp, Telegram, Viber \u00fczerinden bize ula\u015f\u0131n veya a\u015fa\u011f\u0131daki sipari\u015f formunu doldurun. \ud83d\udc47\ud83c\udffc<\/p>","protected":false},"excerpt":{"rendered":"<p>Kemer'de \u00f6zel yat: koylarda y\u00fczme, \u00f6\u011fle yeme\u011fi, meyve ve gemide konfor. Aileler ve \u00e7iftler i\u00e7in ideal. Transfer dahildir. En iyi deniz gezileri.<\/p>","protected":false},"featured_media":12978,"comment_status":"open","ping_status":"closed","template":"","meta":[],"product_brand":[],"product_cat":[127],"product_tag":[128],"class_list":{"0":"post-13057","1":"product","2":"type-product","3":"status-publish","4":"has-post-thumbnail","6":"tour_phys-arenda-yaht","7":"product_cat-arenda-yacht","8":"product_tag-arenda-yacht","9":"pa_kategori-arenda-yacht","11":"first","12":"instock","13":"sale","14":"shipping-taxable","15":"purchasable","16":"product-type-tour_phys"},"aioseo_notices":[],"_links":{"self":[{"href":"https:\/\/mirekskursii.com\/tr\/wp-json\/wp\/v2\/product\/13057","targetHints":{"allow":["GET"]}}],"collection":[{"href":"https:\/\/mirekskursii.com\/tr\/wp-json\/wp\/v2\/product"}],"about":[{"href":"https:\/\/mirekskursii.com\/tr\/wp-json\/wp\/v2\/types\/product"}],"replies":[{"embeddable":true,"href":"https:\/\/mirekskursii.com\/tr\/wp-json\/wp\/v2\/comments?post=13057"}],"wp:featuredmedia":[{"embeddable":true,"href":"https:\/\/mirekskursii.com\/tr\/wp-json\/wp\/v2\/media\/12978"}],"wp:attachment":[{"href":"https:\/\/mirekskursii.com\/tr\/wp-json\/wp\/v2\/media?parent=13057"}],"wp:term":[{"taxonomy":"product_brand","embeddable":true,"href":"https:\/\/mirekskursii.com\/tr\/wp-json\/wp\/v2\/product_brand?post=13057"},{"taxonomy":"product_cat","embeddable":true,"href":"https:\/\/mirekskursii.com\/tr\/wp-json\/wp\/v2\/product_cat?post=13057"},{"taxonomy":"product_tag","embeddable":true,"href":"https:\/\/mirekskursii.com\/tr\/wp-json\/wp\/v2\/product_tag?post=13057"}],"curies":[{"name":"wp","href":"https:\/\/api.w.org\/{rel}","templated":true}]}}