{"id":13050,"date":"2025-05-11T21:58:43","date_gmt":"2025-05-11T18:58:43","guid":{"rendered":"https:\/\/mirekskursii.com\/?post_type=product&#038;p=13050"},"modified":"2025-12-12T10:30:59","modified_gmt":"2025-12-12T07:30:59","slug":"kemer-yat-kiralama-briz","status":"publish","type":"product","link":"https:\/\/mirekskursii.com\/ekskursii\/arenda-yaht-v-kemer-vip\/","title":{"rendered":"Kemer \u00d6zel Yat Kiralama \u2013 L\u00fcks Yat Briz"},"content":{"rendered":"<h3 dir=\"auto\"><strong>\ud83c\udfdd\ufe0f Genel Bak\u0131\u015f<\/strong><\/h3>\n<p dir=\"auto\">Kemer'den \u00f6zel bir yat kiralayarak l\u00fcks bir deniz maceras\u0131na at\u0131l\u0131n! Akdeniz'in g\u00fczelli\u011fini, kristal berrakl\u0131\u011f\u0131ndaki sular\u0131 ve tenha koylar\u0131 ke\u015ffedin. Teknede konforun ve yemeklerin tad\u0131n\u0131 \u00e7\u0131kar\u0131n. Antalya ve \u00e7evresindeki otellerden transferler dahildir!<\/p>\n<h3 dir=\"auto\">Dahil:<\/h3>\n<div><span style=\"color: #00ff00;\"><strong>\u2713<\/strong> \u00a0<\/span>Otelden ve otele transfer<\/div>\n<div><span style=\"color: #00ff00;\"><strong>\u2713\u00a0<\/strong> <\/span>Rehberlik hizmetleri<\/div>\n<div><span style=\"color: #00ff00;\"><strong>\u2713<\/strong><\/span>\u00a0 Sigorta<\/div>\n<div><span style=\"color: #00ff00;\"><strong>\u2713<\/strong><\/span> Yatta \u00f6\u011fle yeme\u011fi<\/div>\n<div><span style=\"color: #00ff00;\"><strong>\u2713 <\/strong><\/span>Taze meyve<\/div>\n<div><span style=\"color: #00ff00;\"><strong>\u2713 <\/strong><\/span>Alkols\u00fcz i\u00e7ecekler<\/div>\n<h3 dir=\"auto\">Dahil de\u011fil:<\/h3>\n<div><span style=\"color: #ff0000;\"><strong>\u2717<\/strong><\/span> Alkoll\u00fc i\u00e7ecekler<\/div>\n<div><span style=\"color: #ff0000;\"><strong>\u2717<\/strong><\/span> Ki\u015fisel harcamalar, foto\u011fraflar ve videolar<\/div>\n<h3 dir=\"auto\">\ud83c\udf1f \u00d6nemli Noktalar<\/h3>\n<div>\ud83d\udd39 Kristal berrakl\u0131\u011f\u0131nda sular: Kemer'in turkuaz sular\u0131nda y\u00fcz\u00fcn<\/div>\n<div>\ud83d\udd39 Sakl\u0131 Koylar: Sadece tekneyle ula\u015f\u0131labilen tenha k\u00f6\u015feleri ke\u015ffedin<\/div>\n<div>\ud83d\udd39 Romantik g\u00fcn bat\u0131m\u0131: Denizin \u00fczerinde g\u00fcn bat\u0131m\u0131n\u0131n tad\u0131n\u0131 \u00e7\u0131kar\u0131n<\/div>\n<div>\ud83d\udd39 Ayr\u0131cal\u0131kl\u0131 atmosfer: Sevdiklerinizle konfor i\u00e7inde vakit ge\u00e7irin<\/div>\n<h3 dir=\"auto\">\ud83d\udcd6 Tam a\u00e7\u0131klama<\/h3>\n<p dir=\"auto\">Kemer, Akdeniz'in berrak sular\u0131na sahip se\u00e7kin bir tatil beldesidir. Kemer'den \u00f6zel bir yat kiralama, sevdiklerinizle deniz yolculu\u011funun tad\u0131n\u0131 \u00e7\u0131karman\u0131n m\u00fckemmel bir yoludur. Kalabal\u0131ktan uzakla\u015f\u0131n ve kendinizi do\u011fan\u0131n g\u00fczelli\u011fine b\u0131rak\u0131n!<\/p>\n<p dir=\"auto\">Yatlar geni\u015f g\u00fcverteler ve \u015f\u0131k i\u00e7 mekanlarla donat\u0131lm\u0131\u015ft\u0131r. Faselis ve Cennet koylar\u0131nda y\u00fcz\u00fcn ve denizden g\u00fcn bat\u0131m\u0131n\u0131 hayranl\u0131kla izleyin. Tura \u00f6\u011fle yeme\u011fi, meyve ve i\u00e7ecekler dahildir.<\/p>\n<p dir=\"auto\">Yat kapasitesi - 12 ki\u015fiye kadar, fiyat 6 ki\u015filik bir grup i\u00e7indir (daha fazlas\u0131 i\u00e7in l\u00fctfen fiyat\u0131 kontrol edin). En iyi fiyat i\u00e7in \u00f6nceden rezervasyon yap\u0131n!<\/p>\n<h3 dir=\"auto\">\ud83d\uddfa\ufe0f Tur Program\u0131<\/h3>\n<div>\ud83d\udd39 Kemer b\u00f6lgesindeki otellerden transfer<\/div>\n<div>\ud83d\udd39 Kemer Marina'dan kalk\u0131\u015f<\/div>\n<div>\ud83d\udd39 Korsanlar Ma\u011faras\u0131nda Foto\u011fraf<\/div>\n<div>\ud83d\udd39 Faselis koyunda y\u00fczme (1,5 saat) ve \u00f6\u011fle yeme\u011fi<\/div>\n<div>\ud83d\udd39 Cennet Koyu'nda Y\u00fczme (1 saat)<\/div>\n<div>\ud83d\udd39 Korsanlar Ma\u011faras\u0131'nda y\u00fczme (1 saat)<\/div>\n<div>\ud83d\udd39 Kemer liman\u0131na d\u00f6n\u00fc\u015f<\/div>\n<div>\ud83d\udd39 Otellere transfer<\/div>\n<div>\n<h3 dir=\"auto\">\u2139\ufe0f Faydal\u0131 bilgiler<\/h3>\n<div>\ud83d\udd39 Tur s\u00fcresi: 5-6 saat<\/div>\n<div>\ud83d\udd39 Gemide g\u00f6lgelik ve g\u00fcne\u015flenme alanlar\u0131 var<\/div>\n<div>\ud83d\udd39 M\u00fcrettebat Rus\u00e7a konu\u015fuyor<\/div>\n<\/div>\n<h3 dir=\"auto\">\ud83d\udeab \u015eunlar i\u00e7in uygun de\u011fildir<\/h3>\n<div>\ud83d\udd39 Deniz tutmas\u0131 olan konuklar<\/div>\n<div>\ud83d\udd39 Hareket kabiliyeti k\u0131s\u0131tl\u0131 ki\u015filer<\/div>\n<h3 dir=\"auto\">\ud83c\udf92 Yan\u0131n\u0131za ne almal\u0131s\u0131n\u0131z<\/h3>\n<div>\ud83d\udd39 Mayo ve havlu.<\/div>\n<div>\ud83d\udd39 G\u00fcne\u015f kremi ve g\u00fcne\u015f g\u00f6zl\u00fc\u011f\u00fc<\/div>\n<div>\ud83d\udd39 Bir panama \u015fapkas\u0131 ya da kasket.<\/div>\n<div>\ud83d\udd39 Hediyelik e\u015fyalar i\u00e7in nakit<\/div>\n<h3 data-start=\"2448\" data-end=\"2478\"><strong data-start=\"2452\" data-end=\"2478\">\ud83d\udcb8 Fiyat ve rezervasyon<\/strong><\/h3>\n<p data-start=\"2480\" data-end=\"2620\"><strong>\ud83d\udd39 \u015eimdi rezervasyon yap\u0131n - tur g\u00fcn\u00fc \u00f6deme yap\u0131n<\/strong><br data-start=\"2526\" data-end=\"2529\" \/>\ud83d\udd39 WhatsApp, Telegram, Viber \u00fczerinden bize ula\u015f\u0131n veya a\u015fa\u011f\u0131daki sipari\u015f formunu doldurun. \ud83d\udc47\ud83c\udffc<\/p>","protected":false},"excerpt":{"rendered":"<p>Kemer'den \u00abBreeze\u00bb yat\u0131n\u0131n \u00f6\u011fle yeme\u011fi, meyve ve transfer ile ki\u015fiselle\u015ftirilmi\u015f kiralanmas\u0131. Faselis ve Cennet koylar\u0131nda y\u00fczme, Korsanlar ma\u011faras\u0131nda foto\u011fraf, denizde g\u00fcn bat\u0131m\u0131!<\/p>","protected":false},"featured_media":13051,"comment_status":"open","ping_status":"closed","template":"","meta":[],"product_brand":[],"product_cat":[127],"product_tag":[128],"class_list":{"0":"post-13050","1":"product","2":"type-product","3":"status-publish","4":"has-post-thumbnail","6":"tour_phys-arenda-yaht","7":"product_cat-arenda-yacht","8":"product_tag-arenda-yacht","9":"pa_kategori-arenda-yacht","11":"first","12":"instock","13":"sale","14":"shipping-taxable","15":"purchasable","16":"product-type-tour_phys"},"aioseo_notices":[],"_links":{"self":[{"href":"https:\/\/mirekskursii.com\/tr\/wp-json\/wp\/v2\/product\/13050","targetHints":{"allow":["GET"]}}],"collection":[{"href":"https:\/\/mirekskursii.com\/tr\/wp-json\/wp\/v2\/product"}],"about":[{"href":"https:\/\/mirekskursii.com\/tr\/wp-json\/wp\/v2\/types\/product"}],"replies":[{"embeddable":true,"href":"https:\/\/mirekskursii.com\/tr\/wp-json\/wp\/v2\/comments?post=13050"}],"wp:featuredmedia":[{"embeddable":true,"href":"https:\/\/mirekskursii.com\/tr\/wp-json\/wp\/v2\/media\/13051"}],"wp:attachment":[{"href":"https:\/\/mirekskursii.com\/tr\/wp-json\/wp\/v2\/media?parent=13050"}],"wp:term":[{"taxonomy":"product_brand","embeddable":true,"href":"https:\/\/mirekskursii.com\/tr\/wp-json\/wp\/v2\/product_brand?post=13050"},{"taxonomy":"product_cat","embeddable":true,"href":"https:\/\/mirekskursii.com\/tr\/wp-json\/wp\/v2\/product_cat?post=13050"},{"taxonomy":"product_tag","embeddable":true,"href":"https:\/\/mirekskursii.com\/tr\/wp-json\/wp\/v2\/product_tag?post=13050"}],"curies":[{"name":"wp","href":"https:\/\/api.w.org\/{rel}","templated":true}]}}