{"id":12970,"date":"2025-05-11T15:36:09","date_gmt":"2025-05-11T12:36:09","guid":{"rendered":"https:\/\/mirekskursii.com\/?post_type=product&#038;p=12970"},"modified":"2026-04-02T23:29:58","modified_gmt":"2026-04-02T20:29:58","slug":"porto-ceneviz-yat-turu-kemer","status":"publish","type":"product","link":"https:\/\/mirekskursii.com\/ekskursii\/porto-dzheneviz-golubaya-laguna-iz-kemer\/","title":{"rendered":"Kemer'den Porto Ceneviz Yat Turu \u2014 Adrasan, Sazak koylar\u0131"},"content":{"rendered":"<h3>\u2600\ufe0f \u0130nceleme<\/h3>\n<p class=\"\" data-start=\"100\" data-end=\"385\">Kemer otellerinden Adrasan'\u0131n pitoresk koylar\u0131na unutulmaz bir yat gezisinin tad\u0131n\u0131 \u00e7\u0131kar\u0131n: Porto Genese, Aksek Koyu, Korsan Koyu ve \u0131\u015f\u0131kl\u0131 Fosforlu Ma\u011fara. Turkuaz renkli suya sahip plajlar, kil banyosu, teknede lezzetli \u00f6\u011fle yeme\u011fi - do\u011fa ve deniz severler i\u00e7in m\u00fckemmel bir g\u00fcn.<\/p>\n<h3>\u00a0Dahil:<\/h3>\n<p class=\"\" data-start=\"538\" data-end=\"688\"><span style=\"color: #00ff00;\"><strong data-start=\"538\" data-end=\"543\">\u2713<\/strong><\/span> Otel transferi<br data-start=\"564\" data-end=\"567\" \/><span style=\"color: #00ff00;\"><strong data-start=\"567\" data-end=\"572\">\u2713<\/strong> <\/span>Konforlu otob\u00fcs<br data-start=\"596\" data-end=\"599\" \/><span style=\"color: #00ff00;\"><strong data-start=\"599\" data-end=\"604\">\u2713<\/strong> <\/span>Sigorta<br data-start=\"614\" data-end=\"617\" \/><span style=\"color: #00ff00;\"><strong data-start=\"617\" data-end=\"622\">\u2713<\/strong> <\/span>Profesyonel rehber<br data-start=\"643\" data-end=\"646\" \/><span style=\"color: #00ff00;\"><strong data-start=\"646\" data-end=\"651\">\u2713<\/strong> <\/span>\u00d6\u011fle yeme\u011fi ve meyve<br data-start=\"665\" data-end=\"668\" \/><span style=\"color: #00ff00;\"><strong data-start=\"668\" data-end=\"673\">\u2713<\/strong> <\/span>Gemide \u00e7ay<\/p>\n<h3>\u00a0Dahil de\u011fil:<\/h3>\n<p class=\"\" data-start=\"711\" data-end=\"770\"><span style=\"color: #ff0000;\"><strong data-start=\"711\" data-end=\"716\">\u2717<\/strong> <\/span>\u0130\u00e7ecekler<br data-start=\"724\" data-end=\"727\" \/><span style=\"color: #ff0000;\"><strong data-start=\"727\" data-end=\"732\">\u2717<\/strong> <\/span>Ki\u015fisel harcamalar<br data-start=\"747\" data-end=\"750\" \/><span style=\"color: #ff0000;\"><strong data-start=\"750\" data-end=\"755\">\u2717<\/strong> <\/span>Foto\u011fraf ve video<\/p>\n<h3 data-start=\"772\" data-end=\"803\">\ud83c\udfdd\ufe0f Turda \u00d6ne \u00c7\u0131kanlar<\/h3>\n<p class=\"\" data-start=\"804\" data-end=\"1062\">\ud83d\udd39 Porto Genovese K\u00f6rfezi'nin turkuaz sular\u0131nda y\u00fczme<br data-start=\"854\" data-end=\"857\" \/>\ud83d\udd39 Akseska ve Korsan koylar\u0131nda mola<br data-start=\"900\" data-end=\"903\" \/>\ud83d\udd39 \u015e\u0131k bir butik yatta seyir<br data-start=\"941\" data-end=\"944\" \/>\ud83d\udd39 Rahatlat\u0131c\u0131 kil banyosu.<br data-start=\"975\" data-end=\"978\" \/>\ud83d\udd39 Fosforlu'nun b\u00fcy\u00fcl\u00fc ma\u011faras\u0131n\u0131 ziyaret etme f\u0131rsat\u0131<br data-start=\"1027\" data-end=\"1030\" \/>\ud83d\udd39 Gemide lezzetli \u00f6\u011fle yeme\u011fi ve \u00e7ay<\/p>\n<h3 data-start=\"1064\" data-end=\"1094\">\ud83d\udcdc Detayl\u0131 tur a\u00e7\u0131klamas\u0131<\/h3>\n<div data-start=\"1096\" data-end=\"1251\">G\u00fcn\u00fcn\u00fcz Kemer'in mahallelerinden birindeki otelinizden Adrasan liman\u0131na transfer ile ba\u015flayacak. Yata bindikten sonra heyecan verici bir deniz yolculu\u011funa \u00e7\u0131kacaks\u0131n\u0131z.<\/div>\n<div data-start=\"1253\" data-end=\"1445\"><strong data-start=\"1255\" data-end=\"1275\">Axex Bay:<\/strong><br data-start=\"1275\" data-end=\"1278\" \/>\u0130lk durak Akseska K\u00f6rfezi'dir. Burada y\u00fczmek veya \u015fnorkelle y\u00fczmek i\u00e7in yakla\u015f\u0131k 30 dakikan\u0131z olacak. Deniz kestanelerine dikkat edin - \u00f6zel ayakkab\u0131lar tavsiye edilir.<\/div>\n<div data-start=\"1447\" data-end=\"1632\"><strong data-start=\"1449\" data-end=\"1469\">Porto Genovese:<\/strong><br data-start=\"1469\" data-end=\"1472\" \/>Bir sonraki durak, 60 dakika boyunca denizin, kil banyosunun ve inan\u0131lmaz manzaralar e\u015fli\u011finde lezzetli bir \u00f6\u011fle yeme\u011finin tad\u0131n\u0131 \u00e7\u0131karaca\u011f\u0131n\u0131z \u00fcnl\u00fc Porto Genovese k\u00f6rfezidir.<\/div>\n<div data-start=\"1634\" data-end=\"1779\"><strong data-start=\"1636\" data-end=\"1656\">Pirate Bay:<\/strong><br data-start=\"1656\" data-end=\"1659\" \/>25 dakikal\u0131k bir y\u00fczmeden sonra, 40 dakika boyunca y\u00fczebilece\u011finiz ve dinlenebilece\u011finiz Korsan Koyu'na ula\u015facaks\u0131n\u0131z.<\/div>\n<div data-start=\"1781\" data-end=\"1941\"><strong data-start=\"1783\" data-end=\"1803\">Fosforlu Ma\u011fara:<\/strong><br data-start=\"1803\" data-end=\"1806\" \/>Hava izin verirse, \u0131\u015f\u0131kl\u0131 etkisi ve b\u00fcy\u00fcleyici atmosferiyle bilinen b\u00fcy\u00fcl\u00fc Fosforlu Ma\u011fara'y\u0131 da ziyaret edeceksiniz.<\/div>\n<div data-start=\"1943\" data-end=\"2038\">Turun sonunda limana geri g\u00f6t\u00fcr\u00fcleceksiniz ve otelinize konforlu bir transfer organize edilecektir.<\/div>\n<div data-start=\"1943\" data-end=\"2038\">\n<h3 data-start=\"2450\" data-end=\"2478\">\u2139\ufe0f Faydal\u0131 bilgiler<\/h3>\n<\/div>\n<div>\ud83d\udd39 Rota hava ko\u015fullar\u0131na ba\u011fl\u0131 olarak de\u011fi\u015febilir<br data-start=\"2542\" data-end=\"2545\" \/>\ud83d\udd39 G\u00fcvenli\u011finiz i\u00e7in baz\u0131 duraklar iptal edilebilir<br data-start=\"2610\" data-end=\"2613\" \/>\ud83d\udd39 Bu \u00f6zel bir \u015fnorkel turu de\u011fildir, ancak ekipmanlar\u0131n\u0131z\u0131 yan\u0131n\u0131zda getirebilirsiniz<br data-start=\"2694\" data-end=\"2697\" \/>\ud83d\udd39 Kaymaz tabanl\u0131 rahat ayakkab\u0131lar tavsiye edilir<\/div>\n<div>\ud83d\udd39 \u00dccretsiz seyahat eden 05 ya\u015f alt\u0131 \u00e7ocuklar\u0131n otob\u00fcste ayr\u0131 bir koltu\u011fu yoktur. Tamamen dolu olduklar\u0131nda, bir yeti\u015fkinin kuca\u011f\u0131na otururlar veya rezervasyon yaparken ayr\u0131 bir koltuk rezerve edilebilir<\/div>\n<h3 data-start=\"2147\" data-end=\"2173\">\ud83c\udf92 Yan\u0131n\u0131za ne almal\u0131s\u0131n\u0131z<\/h3>\n<p class=\"\" data-start=\"2174\" data-end=\"2307\">\ud83d\udd39 Mayo ve havlu.<br data-start=\"2198\" data-end=\"2201\" \/>\ud83d\udd39 G\u00fcne\u015f g\u00f6zl\u00fc\u011f\u00fc ve krem<br data-start=\"2230\" data-end=\"2233\" \/>\ud83d\udd39 Panama ve bir su \u015fi\u015fesi.<br data-start=\"2260\" data-end=\"2263\" \/>\ud83d\udd39 \u015enorkel ekipmanlar\u0131 (iste\u011fe ba\u011fl\u0131)<\/p>\n<h3 data-start=\"2040\" data-end=\"2064\">\ud83d\udeab \u015eunlar i\u00e7in uygun de\u011fildir<\/h3>\n<p class=\"\" data-start=\"2065\" data-end=\"2145\">\ud83d\udd39 Hareket kabiliyeti k\u0131s\u0131tl\u0131 ki\u015filer<br data-start=\"2101\" data-end=\"2104\" \/>\ud83d\udd39 Deniz tutmas\u0131ndan muzdarip olanlar<\/p>\n<div class=\"elementor-element elementor-element-884d539 e-con-full e-flex e-con e-child\" data-id=\"884d539\" data-element_type=\"container\">\n<div id=\"description\" class=\"elementor-element elementor-element-337037cc elementor-widget elementor-widget-thim-ekits-tours-content\" data-id=\"337037cc\" data-element_type=\"widget\" data-widget_type=\"thim-ekits-tours-content.default\">\n<div class=\"elementor-widget-container\">\n<div class=\"thim-ekit-single-tour__content\">\n<h3>\u00a0\ud83d\udcb8 <strong>Fiyat ve rezervasyon<\/strong><\/h3>\n<div class=\"elementor-element elementor-element-884d539 e-con-full e-flex e-con e-child\" data-id=\"884d539\" data-element_type=\"container\">\n<div id=\"description\" class=\"elementor-element elementor-element-337037cc elementor-widget elementor-widget-thim-ekits-tours-content\" data-id=\"337037cc\" data-element_type=\"widget\" data-widget_type=\"thim-ekits-tours-content.default\">\n<div class=\"elementor-widget-container\">\n<div class=\"thim-ekit-single-tour__content\">\n<p dir=\"ltr\"><strong>\ud83d\udd39 \u015eimdi rezervasyon yap\u0131n, tur g\u00fcn\u00fc \u00f6deyin<\/strong><br \/>\n\ud83d\udd39 WhatsApp, Telegram, Viber \u00fczerinden bize ula\u015f\u0131n veya a\u015fa\u011f\u0131daki rezervasyon formunu doldurun. \ud83d\udc47\ud83c\udffd<\/p>\n<\/div>\n<\/div>\n<\/div>\n<\/div>\n<div class=\"elementor-element elementor-element-57a2f74 elementor-widget-divider--view-line elementor-widget elementor-widget-divider\" data-id=\"57a2f74\" data-element_type=\"widget\" data-widget_type=\"divider.default\">\n<div class=\"elementor-widget-container\">\n<div class=\"elementor-divider\"><\/div>\n<\/div>\n<\/div>\n<\/div>\n<\/div>\n<\/div>\n<\/div>","protected":false},"excerpt":{"rendered":"<p>Kemer'den Porto Genovis Koyu'na Rht turu. Alt\u0131n Koy, Mavi Lag\u00fcn, turkuaz sularda banyo, kil banyosu. Do\u011fa severler i\u00e7in m\u00fckemmel!<\/p>","protected":false},"featured_media":12442,"comment_status":"open","ping_status":"closed","template":"","meta":[],"product_brand":[],"product_cat":[122],"product_tag":[105],"class_list":{"0":"post-12970","1":"product","2":"type-product","3":"status-publish","4":"has-post-thumbnail","6":"tour_phys-ekskursii-v-kemer","7":"tour_phys-yacht-tury","8":"product_cat-ekskursii-v-kemer","9":"product_tag-kemer","10":"pa_destination-ekskursii-v-kemer","11":"pa_kategori-yacht-tury","13":"first","14":"instock","15":"sale","16":"featured","17":"shipping-taxable","18":"purchasable","19":"product-type-tour_phys"},"aioseo_notices":[],"_links":{"self":[{"href":"https:\/\/mirekskursii.com\/tr\/wp-json\/wp\/v2\/product\/12970","targetHints":{"allow":["GET"]}}],"collection":[{"href":"https:\/\/mirekskursii.com\/tr\/wp-json\/wp\/v2\/product"}],"about":[{"href":"https:\/\/mirekskursii.com\/tr\/wp-json\/wp\/v2\/types\/product"}],"replies":[{"embeddable":true,"href":"https:\/\/mirekskursii.com\/tr\/wp-json\/wp\/v2\/comments?post=12970"}],"wp:featuredmedia":[{"embeddable":true,"href":"https:\/\/mirekskursii.com\/tr\/wp-json\/wp\/v2\/media\/12442"}],"wp:attachment":[{"href":"https:\/\/mirekskursii.com\/tr\/wp-json\/wp\/v2\/media?parent=12970"}],"wp:term":[{"taxonomy":"product_brand","embeddable":true,"href":"https:\/\/mirekskursii.com\/tr\/wp-json\/wp\/v2\/product_brand?post=12970"},{"taxonomy":"product_cat","embeddable":true,"href":"https:\/\/mirekskursii.com\/tr\/wp-json\/wp\/v2\/product_cat?post=12970"},{"taxonomy":"product_tag","embeddable":true,"href":"https:\/\/mirekskursii.com\/tr\/wp-json\/wp\/v2\/product_tag?post=12970"}],"curies":[{"name":"wp","href":"https:\/\/api.w.org\/{rel}","templated":true}]}}