{"id":12968,"date":"2025-05-11T15:21:51","date_gmt":"2025-05-11T12:21:51","guid":{"rendered":"https:\/\/mirekskursii.com\/?post_type=product&#038;p=12968"},"modified":"2026-04-14T19:07:28","modified_gmt":"2026-04-14T16:07:28","slug":"suluada-tekne-turu-kemer","status":"publish","type":"product","link":"https:\/\/mirekskursii.com\/ekskursii\/suluada-yaht-tur-iz-kemer\/","title":{"rendered":"Suluada Tekne Turu \u2013 Kemer \u00c7\u0131k\u0131\u015fl\u0131 T\u00fcrk Maldivleri"},"content":{"rendered":"<h3 data-start=\"335\" data-end=\"352\"><strong data-start=\"339\" data-end=\"352\">\ud83c\udfdd\ufe0f Genel Bak\u0131\u015f<\/strong><\/h3>\n<p data-start=\"354\" data-end=\"563\">Kemer'den turkuaz suyu, beyaz kumu ve \u00fc\u00e7 y\u00fczme dura\u011f\u0131 ile \u00abT\u00fcrkiye'nin Maldivleri\u00bb Suluada'ya tekne turuna \u00e7\u0131k\u0131n. Lezzetli bir \u00f6\u011fle yeme\u011fi, pitoresk koylar ve rahat bir atmosfer sizi bekliyor.<\/p>\n<h3 data-start=\"565\" data-end=\"581\"><strong data-start=\"569\" data-end=\"581\">Dahil:<\/strong><\/h3>\n<p data-start=\"583\" data-end=\"679\"><span style=\"color: #00ff00;\"><strong>\u2713<\/strong> <\/span>Otel transferi<br data-start=\"605\" data-end=\"608\" \/><span style=\"color: #00ff00;\"><strong>\u2713<\/strong> <\/span>Sigorta<br data-start=\"619\" data-end=\"622\" \/><span style=\"color: #00ff00;\"><strong>\u2713<\/strong> <\/span>Rehber: Rus\u00e7a, \u0130ngilizce<br data-start=\"644\" data-end=\"647\" \/><span style=\"color: #00ff00;\"><strong>\u2713<\/strong> <\/span>\u00d6\u011fle yeme\u011fi ve taze meyve<br data-start=\"669\" data-end=\"672\" \/><span style=\"color: #00ff00;\"><strong>\u2713<\/strong> <\/span>\u00c7ay<\/p>\n<h3 data-start=\"681\" data-end=\"700\"><strong data-start=\"685\" data-end=\"700\">Dahil de\u011fil:<\/strong><\/h3>\n<p data-start=\"702\" data-end=\"749\"><span style=\"color: #ff0000;\"><strong>\u2717<\/strong> <\/span>\u0130\u00e7ecekler<br data-start=\"711\" data-end=\"714\" \/><span style=\"color: #ff0000;\"><strong>\u2717<\/strong> <\/span>Ki\u015fisel harcamalar<br data-start=\"730\" data-end=\"733\" \/><span style=\"color: #ff0000;\"><strong>\u2717<\/strong> <\/span>Foto\u011fraf ve video<\/p>\n<h3 data-start=\"751\" data-end=\"783\"><strong data-start=\"755\" data-end=\"783\">\ud83c\udf1f Turun \u00f6ne \u00e7\u0131kan \u00f6zellikleri<\/strong><\/h3>\n<p data-start=\"785\" data-end=\"1017\">\ud83d\udd39 Maldivler Koyu - beyaz kum ve berrak su<br data-start=\"834\" data-end=\"837\" \/>\ud83d\udd39 Suluad'\u0131n gizli plajlar\u0131<br data-start=\"861\" data-end=\"864\" \/>\ud83d\udd39 A\u015fk Ma\u011faras\u0131 renkli bir fotokokasyon<br data-start=\"899\" data-end=\"902\" \/>\ud83d\udd39 Gemide barbek\u00fc \u00f6\u011fle yeme\u011fi<br data-start=\"922\" data-end=\"925\" \/>\ud83d\udd39 Turkuaz denizde sakin y\u00fczme ve rahatlama<br data-start=\"971\" data-end=\"974\" \/>\ud83d\udd39 Aileler ve do\u011fa severler i\u00e7in uygun<\/p>\n<h3 data-start=\"1019\" data-end=\"1045\"><strong data-start=\"1023\" data-end=\"1045\">\ud83d\udcd6 Tam a\u00e7\u0131klama<\/strong><\/h3>\n<div data-start=\"1047\" data-end=\"1189\">Tur, Kemer b\u00f6lgesindeki otelinizden Adrasan liman\u0131na transfer ile ba\u015flar. Daha sonra pitoresk sahil \u015feridi boyunca bir katamarana binersiniz.<\/div>\n<div data-start=\"1191\" data-end=\"1295\">\u0130lk durak <strong data-start=\"1210\" data-end=\"1228\">Maldivler koyu<\/strong>, Turkuaz sularda y\u00fczmek ve \u015fnorkelle dalmak i\u00e7in idealdir.<\/div>\n<div data-start=\"1297\" data-end=\"1393\">Daha fazla - <strong data-start=\"1305\" data-end=\"1330\">Suluad'\u0131n gizli plajlar\u0131<\/strong>, Burada dinlenebilir, g\u00fcne\u015flenebilir ve sessizli\u011fin tad\u0131n\u0131 \u00e7\u0131karabilirsiniz.<\/div>\n<div data-start=\"1395\" data-end=\"1503\">Son durak <strong data-start=\"1417\" data-end=\"1433\">A\u015fk Ma\u011faras\u0131<\/strong>, Mavinin g\u00fczel tonlar\u0131 ve harika foto\u011fraf f\u0131rsatlar\u0131 ile.<\/div>\n<div data-start=\"1505\" data-end=\"1615\">Bal\u0131k, tavuk, salata ve meze i\u00e7eren \u00f6\u011fle yeme\u011fi gemide servis edilir. \u00d6\u011fle yeme\u011finden sonra \u00e7ay ve dinlenmek i\u00e7in serbest zaman\u0131n\u0131z olacak.<\/div>\n<div data-start=\"1617\" data-end=\"1643\"><strong data-start=\"1621\" data-end=\"1643\">\ud83d\uddfa\ufe0f Tur Program\u0131<\/strong><\/div>\n<p data-start=\"1645\" data-end=\"1868\">\ud83d\udd39 Kemer b\u00f6lgesindeki otelden transfer<br data-start=\"1681\" data-end=\"1684\" \/>\ud83d\udd39 Adrasan liman\u0131ndan hareket<br data-start=\"1715\" data-end=\"1718\" \/>\ud83d\udd39 Maldivler K\u00f6rfezi'nde Y\u00fczme<br data-start=\"1745\" data-end=\"1748\" \/>\ud83d\udd39 Suluad'\u0131n gizli plajlar\u0131<br data-start=\"1772\" data-end=\"1775\" \/>\ud83d\udd39 A\u015fk Ma\u011faras\u0131<br data-start=\"1790\" data-end=\"1793\" \/>\ud83d\udd39 Barbek\u00fc \u00f6\u011fle yeme\u011fi ve dinlenme<br data-start=\"1812\" data-end=\"1815\" \/>\ud83d\udd39 Adrasan Liman\u0131'na D\u00f6n\u00fc\u015f<br data-start=\"1844\" data-end=\"1847\" \/>\ud83d\udd39 Otele transfer<\/p>\n<h3 data-start=\"1870\" data-end=\"1896\"><strong data-start=\"1874\" data-end=\"1896\">\ud83d\udeab \u015eunlar i\u00e7in uygun de\u011fildir<\/strong><\/h3>\n<p data-start=\"1898\" data-end=\"1985\">\ud83d\udd39 Hareket kabiliyeti k\u0131s\u0131tl\u0131 ki\u015filer<br data-start=\"1934\" data-end=\"1937\" \/>\ud83d\udd39 Ciddi hastal\u0131\u011f\u0131 olan gezginler<\/p>\n<h3 data-start=\"1987\" data-end=\"2015\"><strong data-start=\"1991\" data-end=\"2015\">\ud83c\udf92 Yan\u0131n\u0131za ne almal\u0131s\u0131n\u0131z<\/strong><\/h3>\n<p data-start=\"2017\" data-end=\"2140\">\ud83d\udd39 Mayo ve havlu.<br data-start=\"2041\" data-end=\"2044\" \/>\ud83d\udd39 G\u00fcne\u015f g\u00f6zl\u00fc\u011f\u00fc ve krem<br data-start=\"2073\" data-end=\"2076\" \/>\ud83d\udd39 Bir panama \u015fapkas\u0131 ya da kasket.<br data-start=\"2095\" data-end=\"2098\" \/>\ud83d\udd39 Su ge\u00e7irmez k\u0131l\u0131f<br data-start=\"2124\" data-end=\"2127\" \/>\ud83d\udd39 Nakit<\/p>\n<h3 data-start=\"2142\" data-end=\"2161\"><strong data-start=\"2146\" data-end=\"2161\">Yasakland\u0131<\/strong><\/h3>\n<p data-start=\"2163\" data-end=\"2237\">\ud83d\udd39 Kendi yiyecek ve i\u00e7ecekleri<br data-start=\"2191\" data-end=\"2194\" \/>\ud83d\udd39 Hayvanlar<br data-start=\"2205\" data-end=\"2208\" \/>\ud83d\udd39 Kapal\u0131 alanlarda sigara i\u00e7mek<\/p>\n<h3 data-start=\"2239\" data-end=\"2269\"><strong data-start=\"2243\" data-end=\"2269\">\u2139\ufe0f Faydal\u0131 bilgiler<\/strong><\/h3>\n<p data-start=\"2271\" data-end=\"2484\">\ud83d\udd39 Tur s\u00fcresi: yakla\u015f\u0131k 8 saat<br data-start=\"2306\" data-end=\"2309\" \/>\ud83d\udd39 Rota hava ko\u015fullar\u0131na ba\u011fl\u0131d\u0131r<br data-start=\"2347\" data-end=\"2350\" \/>\ud83d\udd39 Orta d\u00fczeyde fiziksel aktivite<br data-start=\"2384\" data-end=\"2387\" \/>\ud83d\udd39 Ayr\u0131 bir koltu\u011fu olmayan 5 ya\u015f\u0131ndan k\u00fc\u00e7\u00fck \u00e7ocuklar bir yeti\u015fkinin kuca\u011f\u0131nda oturur (\u00f6nceden rezervasyon yap\u0131labilir)<\/p>\n<h3 data-start=\"2486\" data-end=\"2516\"><strong data-start=\"2490\" data-end=\"2516\">\ud83d\udcb8 Fiyat ve rezervasyon<\/strong><\/h3>\n<p data-start=\"2518\" data-end=\"2658\"><strong>\ud83d\udd39 \u015eimdi rezervasyon yap\u0131n - tur g\u00fcn\u00fc \u00f6deme yap\u0131n<\/strong><br data-start=\"2564\" data-end=\"2567\" \/>\ud83d\udd39 WhatsApp, Telegram, Viber \u00fczerinden bize ula\u015f\u0131n veya a\u015fa\u011f\u0131daki sipari\u015f formunu doldurun. \ud83d\udc47\ud83c\udffc<\/p>","protected":false},"excerpt":{"rendered":"<p>Kemer'den Suluada turu: turkuaz sular, beyaz plajlar, A\u015fk Ma\u011faras\u0131, barbek\u00fc \u00f6\u011fle yeme\u011fi ve y\u00fczmek i\u00e7in \u00fc\u00e7 durak. Pop\u00fcler deniz gezisi.<\/p>","protected":false},"featured_media":12423,"comment_status":"open","ping_status":"closed","template":"","meta":[],"product_brand":[],"product_cat":[122],"product_tag":[105],"class_list":{"0":"post-12968","1":"product","2":"type-product","3":"status-publish","4":"has-post-thumbnail","6":"tour_phys-ekskursii-v-kemer","7":"tour_phys-yacht-tury","8":"product_cat-ekskursii-v-kemer","9":"product_tag-kemer","10":"pa_destination-ekskursii-v-kemer","11":"pa_kategori-yacht-tury","13":"first","14":"instock","15":"sale","16":"featured","17":"shipping-taxable","18":"purchasable","19":"product-type-tour_phys"},"aioseo_notices":[],"_links":{"self":[{"href":"https:\/\/mirekskursii.com\/tr\/wp-json\/wp\/v2\/product\/12968","targetHints":{"allow":["GET"]}}],"collection":[{"href":"https:\/\/mirekskursii.com\/tr\/wp-json\/wp\/v2\/product"}],"about":[{"href":"https:\/\/mirekskursii.com\/tr\/wp-json\/wp\/v2\/types\/product"}],"replies":[{"embeddable":true,"href":"https:\/\/mirekskursii.com\/tr\/wp-json\/wp\/v2\/comments?post=12968"}],"wp:featuredmedia":[{"embeddable":true,"href":"https:\/\/mirekskursii.com\/tr\/wp-json\/wp\/v2\/media\/12423"}],"wp:attachment":[{"href":"https:\/\/mirekskursii.com\/tr\/wp-json\/wp\/v2\/media?parent=12968"}],"wp:term":[{"taxonomy":"product_brand","embeddable":true,"href":"https:\/\/mirekskursii.com\/tr\/wp-json\/wp\/v2\/product_brand?post=12968"},{"taxonomy":"product_cat","embeddable":true,"href":"https:\/\/mirekskursii.com\/tr\/wp-json\/wp\/v2\/product_cat?post=12968"},{"taxonomy":"product_tag","embeddable":true,"href":"https:\/\/mirekskursii.com\/tr\/wp-json\/wp\/v2\/product_tag?post=12968"}],"curies":[{"name":"wp","href":"https:\/\/api.w.org\/{rel}","templated":true}]}}