{"id":12965,"date":"2025-05-11T14:32:23","date_gmt":"2025-05-11T11:32:23","guid":{"rendered":"https:\/\/mirekskursii.com\/?post_type=product&#038;p=12965"},"modified":"2025-12-12T10:39:08","modified_gmt":"2025-12-12T07:39:08","slug":"suluada-gun-batimi-yat-turu-kemer","status":"publish","type":"product","link":"https:\/\/mirekskursii.com\/ekskursii\/suluada-zakat-yaht-tur-iz-kemer\/","title":{"rendered":"Suluada G\u00fcn Bat\u0131m\u0131 Tekne Turu \u2013 Kemer \u00c7\u0131k\u0131\u015fl\u0131 T\u00fcrk Maldivleri"},"content":{"rendered":"<h3 data-start=\"308\" data-end=\"324\"><strong data-start=\"312\" data-end=\"324\">\ud83c\udf05 \u0130nceleme<\/strong><\/h3>\n<p data-start=\"326\" data-end=\"562\">Kemer'den Suluada'ya romantik bir deniz yolculu\u011funa \u00e7\u0131k\u0131n ve g\u00fcn bat\u0131m\u0131n\u0131 a\u00e7\u0131k denizde kar\u015f\u0131lay\u0131n. Turkuaz koylarda y\u00fczme, rahatlat\u0131c\u0131 bir yat gezisi ve teknede ak\u015fam yeme\u011fi \u00e7iftler ve do\u011fa severler i\u00e7in m\u00fckemmel bir ak\u015fam yaratacakt\u0131r.<\/p>\n<h3 data-start=\"564\" data-end=\"580\"><strong data-start=\"568\" data-end=\"580\">Dahil:<\/strong><\/h3>\n<p data-start=\"582\" data-end=\"695\"><span style=\"color: #00ff00;\"><strong>\u2713<\/strong> <\/span>Otel transferi<br data-start=\"604\" data-end=\"607\" \/><span style=\"color: #00ff00;\"><strong>\u2713<\/strong> <\/span>Konforlu otob\u00fcs<br data-start=\"632\" data-end=\"635\" \/><span style=\"color: #00ff00;\"><strong>\u2713<\/strong> <\/span>Sigorta<br data-start=\"646\" data-end=\"649\" \/><span style=\"color: #00ff00;\"><strong>\u2713<\/strong> <\/span>Rehber: Rus\u00e7a, \u0130ngilizce<br data-start=\"675\" data-end=\"678\" \/><span style=\"color: #00ff00;\"><strong>\u2713<\/strong> <\/span>Gemide ak\u015fam yeme\u011fi<\/p>\n<h3 data-start=\"697\" data-end=\"716\"><strong data-start=\"701\" data-end=\"716\">Dahil de\u011fil:<\/strong><\/h3>\n<p data-start=\"718\" data-end=\"772\"><span style=\"color: #ff0000;\"><strong>\u2717<\/strong> <\/span>\u0130\u00e7ecekler<br data-start=\"727\" data-end=\"730\" \/><span style=\"color: #ff0000;\"><strong>\u2717<\/strong> <\/span>Ki\u015fisel harcamalar<br data-start=\"746\" data-end=\"749\" \/><span style=\"color: #ff0000;\"><strong>\u2717<\/strong> <\/span>Foto\u011fraf ve video hizmetleri<\/p>\n<h3 data-start=\"774\" data-end=\"806\"><strong data-start=\"778\" data-end=\"806\">\ud83d\udcf8 Turun \u00f6nemli noktalar\u0131<\/strong><\/h3>\n<p data-start=\"808\" data-end=\"1030\">\ud83d\udd39 Kemer'den Adrasan liman\u0131na transfer<br data-start=\"843\" data-end=\"846\" \/>\ud83d\udd39 Suluada'da tekne turu<br data-start=\"883\" data-end=\"886\" \/>\ud83d\udd39 Turkuaz koylarda y\u00fczmek<br data-start=\"915\" data-end=\"918\" \/>\ud83d\udd39 G\u00fcn bat\u0131m\u0131 s\u0131ras\u0131nda romantik bir ak\u015fam yeme\u011fi.<br data-start=\"955\" data-end=\"958\" \/>\ud83d\udd39 Foto\u011fraflar i\u00e7in m\u00fckemmel konumlar<br data-start=\"987\" data-end=\"990\" \/>\ud83d\udd39 Sakin atmosfer ve g\u00fczel manzaralar<\/p>\n<h3 data-start=\"1032\" data-end=\"1058\"><strong data-start=\"1036\" data-end=\"1058\">\ud83d\udcdd Tam A\u00e7\u0131klama<\/strong><\/h3>\n<div data-start=\"1060\" data-end=\"1245\">Tur, Kemer b\u00f6lgesindeki otelinizden Adrasan liman\u0131na transfer ile ba\u015flar. Buradan bir tekneye binerek beyaz kumlu plajlar\u0131 ve berrak sular\u0131yla \u00fcnl\u00fc Suluada'ya gideceksiniz.<\/div>\n<div data-start=\"1247\" data-end=\"1493\">Yol boyunca pitoresk koylarda y\u00fczmek i\u00e7in duraklar vard\u0131r. Ak\u015fama do\u011fru yat, g\u00fcn bat\u0131m\u0131n\u0131 izlemek i\u00e7in m\u00fckemmel bir konuma gider. G\u00fcne\u015f batarken, teknede romantik bir ak\u015fam yeme\u011fi servis edilecektir - foto\u011fraflar ve rahatlama i\u00e7in unutulmaz bir an.<\/div>\n<div data-start=\"1495\" data-end=\"1575\">Ak\u015fam yeme\u011finden sonra yat, otele d\u00f6n\u00fc\u015f transferinin beklendi\u011fi limana geri d\u00f6ner.<\/div>\n<h3 data-start=\"1577\" data-end=\"1602\"><strong data-start=\"1581\" data-end=\"1602\">\ud83d\udd52 Tur program\u0131<\/strong><\/h3>\n<p data-start=\"1604\" data-end=\"1807\">\ud83d\udd39 Otel transferi<br data-start=\"1624\" data-end=\"1627\" \/>\ud83d\udd39 Adrasan'a var\u0131\u015f<br data-start=\"1648\" data-end=\"1651\" \/>\ud83d\udd39 Tekne ile kalk\u0131\u015f<br data-start=\"1673\" data-end=\"1676\" \/>\ud83d\udd39 Banyo duraklar\u0131<br data-start=\"1700\" data-end=\"1703\" \/>\ud83d\udd39 Suluada'da serbest zaman<br data-start=\"1739\" data-end=\"1742\" \/>\ud83d\udd39 G\u00fcn bat\u0131m\u0131nda ak\u015fam yeme\u011fi<br data-start=\"1759\" data-end=\"1762\" \/>\ud83d\udd39 Limana geri d\u00f6n\u00fcn<br data-start=\"1783\" data-end=\"1786\" \/>\ud83d\udd39 Otele transfer<\/p>\n<h3 data-start=\"2174\" data-end=\"2204\"><strong data-start=\"2178\" data-end=\"2204\">\u2139\ufe0f Faydal\u0131 bilgiler<\/strong><\/h3>\n<p data-start=\"2206\" data-end=\"2491\">\ud83d\udd39 Otelin ana giri\u015finde bulu\u015fma<br data-start=\"2239\" data-end=\"2242\" \/>\ud83d\udd39 Tur hava ko\u015fullar\u0131na tabidir<br data-start=\"2276\" data-end=\"2279\" \/>\ud83d\udd39 Vejetaryen men\u00fc mevcuttur (istek \u00fczerine)<br data-start=\"2323\" data-end=\"2326\" \/>\ud83d\udd39 Ak\u015famlar\u0131 serin olabilir - hafif bir ceket alman\u0131z\u0131 \u00f6neririz<br data-start=\"2391\" data-end=\"2394\" \/>\ud83d\udd39 Ayr\u0131 bir koltu\u011fu olmayan 5 ya\u015f\u0131ndan k\u00fc\u00e7\u00fck \u00e7ocuklar bir yeti\u015fkinin kuca\u011f\u0131nda oturur (\u00f6nceden rezervasyon yap\u0131labilir)<\/p>\n<h3 data-start=\"1949\" data-end=\"1977\"><strong data-start=\"1953\" data-end=\"1977\">\ud83c\udf92 Yan\u0131n\u0131za ne almal\u0131s\u0131n\u0131z<\/strong><\/h3>\n<p data-start=\"1979\" data-end=\"2075\">\ud83d\udd39 Mayo ve havlu.<br data-start=\"2003\" data-end=\"2006\" \/>\ud83d\udd39 G\u00fcne\u015f kremi ve g\u00fcne\u015f g\u00f6zl\u00fc\u011f\u00fc<br data-start=\"2035\" data-end=\"2038\" \/>\ud83d\udd39 Telefon veya kamera<br data-start=\"2059\" data-end=\"2062\" \/>\ud83d\udd39 Nakit<\/p>\n<h3 data-start=\"1809\" data-end=\"1835\"><strong data-start=\"1813\" data-end=\"1835\">\ud83d\udeab \u015eunlar i\u00e7in uygun de\u011fildir<\/strong><\/h3>\n<p data-start=\"1837\" data-end=\"1947\">\ud83d\udd39 Hareket kabiliyeti k\u0131s\u0131tl\u0131 ki\u015filer<br data-start=\"1873\" data-end=\"1876\" \/>\ud83d\udd39 3 ya\u015f\u0131ndan k\u00fc\u00e7\u00fck \u00e7ocuklar<br data-start=\"1893\" data-end=\"1896\" \/>\ud83d\udd39 \u015eiddetli deniz tutmas\u0131 olan gezginler<\/p>\n<h3 data-start=\"2493\" data-end=\"2523\"><strong data-start=\"2497\" data-end=\"2523\">\ud83d\udcb8 Fiyat ve rezervasyon<\/strong><\/h3>\n<p data-start=\"2525\" data-end=\"2665\"><strong>\ud83d\udd39 \u015eimdi rezervasyon yap\u0131n - tur g\u00fcn\u00fc \u00f6deme yap\u0131n<\/strong><br data-start=\"2571\" data-end=\"2574\" \/>\ud83d\udd39 WhatsApp, Telegram, Viber \u00fczerinden bize ula\u015f\u0131n veya a\u015fa\u011f\u0131daki sipari\u015f formunu doldurun. \ud83d\udc47\ud83c\udffc<\/p>","protected":false},"excerpt":{"rendered":"<p>Kemer'den Suluada'ya g\u00fcn bat\u0131m\u0131 turu: y\u00fczme, yat gezisi, teknede ak\u015fam yeme\u011fi ve romantik manzaralar. \u00c7iftler ve do\u011fa severler i\u00e7in ideal.<\/p>","protected":false},"featured_media":12437,"comment_status":"open","ping_status":"closed","template":"","meta":[],"product_brand":[],"product_cat":[122],"product_tag":[105],"class_list":{"0":"post-12965","1":"product","2":"type-product","3":"status-publish","4":"has-post-thumbnail","6":"tour_phys-ekskursii-v-kemer","7":"tour_phys-yacht-tury","8":"product_cat-ekskursii-v-kemer","9":"product_tag-kemer","10":"pa_destination-ekskursii-v-kemer","11":"pa_kategori-yacht-tury","13":"first","14":"instock","15":"sale","16":"featured","17":"shipping-taxable","18":"purchasable","19":"product-type-tour_phys"},"aioseo_notices":[],"_links":{"self":[{"href":"https:\/\/mirekskursii.com\/tr\/wp-json\/wp\/v2\/product\/12965","targetHints":{"allow":["GET"]}}],"collection":[{"href":"https:\/\/mirekskursii.com\/tr\/wp-json\/wp\/v2\/product"}],"about":[{"href":"https:\/\/mirekskursii.com\/tr\/wp-json\/wp\/v2\/types\/product"}],"replies":[{"embeddable":true,"href":"https:\/\/mirekskursii.com\/tr\/wp-json\/wp\/v2\/comments?post=12965"}],"wp:featuredmedia":[{"embeddable":true,"href":"https:\/\/mirekskursii.com\/tr\/wp-json\/wp\/v2\/media\/12437"}],"wp:attachment":[{"href":"https:\/\/mirekskursii.com\/tr\/wp-json\/wp\/v2\/media?parent=12965"}],"wp:term":[{"taxonomy":"product_brand","embeddable":true,"href":"https:\/\/mirekskursii.com\/tr\/wp-json\/wp\/v2\/product_brand?post=12965"},{"taxonomy":"product_cat","embeddable":true,"href":"https:\/\/mirekskursii.com\/tr\/wp-json\/wp\/v2\/product_cat?post=12965"},{"taxonomy":"product_tag","embeddable":true,"href":"https:\/\/mirekskursii.com\/tr\/wp-json\/wp\/v2\/product_tag?post=12965"}],"curies":[{"name":"wp","href":"https:\/\/api.w.org\/{rel}","templated":true}]}}