{"id":12963,"date":"2025-05-11T14:18:54","date_gmt":"2025-05-11T11:18:54","guid":{"rendered":"https:\/\/mirekskursii.com\/?post_type=product&#038;p=12963"},"modified":"2025-12-12T10:39:43","modified_gmt":"2025-12-12T07:39:43","slug":"relax-yat-turu-kemer","status":"publish","type":"product","link":"https:\/\/mirekskursii.com\/ekskursii\/relaks-yaht-tur-v-kemer\/","title":{"rendered":"Kemer Relax Yat Turu \u2013 K\u00fc\u00e7\u00fck Grup Deniz Gezisi"},"content":{"rendered":"<h3 data-start=\"319\" data-end=\"335\"><strong data-start=\"323\" data-end=\"335\">\ud83d\udea4 \u0130nceleme<\/strong><\/h3>\n<p data-start=\"337\" data-end=\"539\">G\u00fcr\u00fclt\u00fc ve kalabal\u0131\u011f\u0131n olmad\u0131\u011f\u0131 VIP bir yatta dinlendirici bir deniz yolculu\u011funa \u00e7\u0131k\u0131n. G\u00f6zlerden uzak koylarda y\u00fcz\u00fcn, sessizli\u011fin ve lezzetli bir \u00f6\u011fle yeme\u011finin tad\u0131n\u0131 \u00e7\u0131kar\u0131n - romantik ve aile tatilleri i\u00e7in ideal.<\/p>\n<h3 data-start=\"541\" data-end=\"558\"><strong data-start=\"545\" data-end=\"558\">Dahil:<\/strong><\/h3>\n<p data-start=\"560\" data-end=\"734\"><span style=\"color: #00ff00;\"><strong>\u2713<\/strong> <\/span>Otel transferi<br data-start=\"582\" data-end=\"585\" \/><span style=\"color: #00ff00;\"><strong>\u2713<\/strong> <\/span>Konforlu ta\u015f\u0131ma<br data-start=\"612\" data-end=\"615\" \/><span style=\"color: #00ff00;\"><strong>\u2713<\/strong> <\/span>Rehber: Rus\u00e7a, \u0130ngilizce<br data-start=\"641\" data-end=\"644\" \/><span style=\"color: #00ff00;\"><strong>\u2713<\/strong> <\/span>Tam sigorta<br data-start=\"662\" data-end=\"665\" \/><span style=\"color: #00ff00;\"><strong>\u2713<\/strong> <\/span>\u00d6\u011fle yeme\u011fi (\u0131zgara levrek).<br data-start=\"687\" data-end=\"690\" \/><span style=\"color: #00ff00;\"><strong>\u2713<\/strong> <\/span>Her misafir i\u00e7in ayr\u0131 \u015fezlong<\/p>\n<h3 data-start=\"736\" data-end=\"756\"><strong data-start=\"740\" data-end=\"756\">Dahil de\u011fil:<\/strong><\/h3>\n<p data-start=\"758\" data-end=\"805\"><span style=\"color: #ff0000;\"><strong>\u2717<\/strong> <\/span>\u0130\u00e7ecekler<br data-start=\"767\" data-end=\"770\" \/><span style=\"color: #ff0000;\"><strong>\u2717<\/strong> <\/span>Ki\u015fisel harcamalar<br data-start=\"786\" data-end=\"789\" \/><span style=\"color: #ff0000;\"><strong>\u2717<\/strong> <\/span>Foto\u011fraf ve video<\/p>\n<h3 data-start=\"807\" data-end=\"839\"><strong data-start=\"811\" data-end=\"839\">\ud83c\udf1f Turun \u00f6ne \u00e7\u0131kan \u00f6zellikleri<\/strong><\/h3>\n<p data-start=\"841\" data-end=\"1086\">\ud83d\udd39 S\u0131n\u0131rl\u0131 say\u0131da misafir ile VIP yat<br data-start=\"886\" data-end=\"889\" \/>\ud83d\udd39 Sessiz atmosfer - m\u00fczik yok ve yaygara yok<br data-start=\"928\" data-end=\"931\" \/>\ud83d\udd39 G\u00f6zlerden uzak g\u00fczel koylarda y\u00fczme<br data-start=\"970\" data-end=\"973\" \/>\ud83d\udd39 Gemide Akdeniz usul\u00fc \u00f6\u011fle yeme\u011fi<br data-start=\"1007\" data-end=\"1010\" \/>\ud83d\udd39 Aileler ve \u00e7iftler i\u00e7in uygundur<br data-start=\"1037\" data-end=\"1040\" \/>\ud83d\udd39 Her misafirin kendi \u015fezlongu vard\u0131r<\/p>\n<h3 data-start=\"1088\" data-end=\"1114\"><strong data-start=\"1092\" data-end=\"1114\">\ud83d\udcd6 Tam a\u00e7\u0131klama<\/strong><\/h3>\n<div data-start=\"1116\" data-end=\"1292\">Bu VIP tur, Akdeniz'de sakin bir tatilden ho\u015flananlar i\u00e7in haz\u0131rlanm\u0131\u015ft\u0131r. Yatta y\u00fcksek sesli m\u00fczik veya \u00e7ok say\u0131da insan yoktur - sadece konfor, temiz hava ve deniz vard\u0131r.<\/div>\n<div data-start=\"1294\" data-end=\"1473\">G\u00fczergah, y\u00fczebilece\u011finiz, y\u00fczebilece\u011finiz veya g\u00fcne\u015flenebilece\u011finiz tenha koylarda birka\u00e7 durak i\u00e7erir. \u00d6\u011fle yeme\u011fi taze pi\u015fmi\u015f levrek, salata, garnit\u00fcr ve meyveden olu\u015fmaktad\u0131r.<\/div>\n<div data-start=\"1475\" data-end=\"1619\">\u00d6nceden talep edilmesi halinde vejetaryen men\u00fc de sunulmaktad\u0131r. Tur, \u00e7iftler ve VIP atmosferinde dinlendirici bir tatil arayanlar i\u00e7in idealdir.<\/div>\n<h3 data-start=\"1621\" data-end=\"1647\"><strong data-start=\"1625\" data-end=\"1647\">\ud83d\uddfa\ufe0f Tur Program\u0131<\/strong><\/h3>\n<p data-start=\"1649\" data-end=\"1859\">\ud83d\udd39 Kemer b\u00f6lgesindeki otelden transfer<br data-start=\"1685\" data-end=\"1688\" \/>\ud83d\udd39 Limanda yata bini\u015f<br data-start=\"1714\" data-end=\"1717\" \/>\ud83d\udd39 K\u0131y\u0131 \u015feridi boyunca tekne turu<br data-start=\"1752\" data-end=\"1755\" \/>\ud83d\udd39 2-3 koyda y\u0131kanma duraklar\u0131<br data-start=\"1792\" data-end=\"1795\" \/>\ud83d\udd39 Gemide \u00f6\u011fle yeme\u011fi<br data-start=\"1811\" data-end=\"1814\" \/>\ud83d\udd39 Limana geri d\u00f6n\u00fcn<br data-start=\"1835\" data-end=\"1838\" \/>\ud83d\udd39 Otele transfer<\/p>\n<h3 data-start=\"1861\" data-end=\"1891\"><strong data-start=\"1865\" data-end=\"1891\">\u2139\ufe0f Faydal\u0131 bilgiler<\/strong><\/h3>\n<p data-start=\"1893\" data-end=\"2064\">\ud83d\udd39 Yerler s\u0131n\u0131rl\u0131d\u0131r - \u00f6nceden rezervasyon yapt\u0131rman\u0131z\u0131 \u00f6neririz<br data-start=\"1956\" data-end=\"1959\" \/>\ud83d\udd39 Vejetaryen men\u00fc istek \u00fczerine mevcuttur<br data-start=\"2008\" data-end=\"2011\" \/>\ud83d\udd39 Tur g\u00fcn boyunca ger\u00e7ekle\u015fir, her ya\u015f i\u00e7in uygundur<\/p>\n<h3 data-start=\"2066\" data-end=\"2094\"><strong data-start=\"2070\" data-end=\"2094\">\ud83c\udf92 Yan\u0131n\u0131za ne almal\u0131s\u0131n\u0131z<\/strong><\/h3>\n<p data-start=\"2096\" data-end=\"2189\">\ud83d\udd39 Mayo<br data-start=\"2108\" data-end=\"2111\" \/>\ud83d\udd39 G\u00fcne\u015f G\u00f6zl\u00fc\u011f\u00fc<br data-start=\"2133\" data-end=\"2136\" \/>\ud83d\udd39 Havlu<br data-start=\"2148\" data-end=\"2151\" \/>\ud83d\udd39 G\u00fcne\u015f Kremi<br data-start=\"2173\" data-end=\"2176\" \/>\ud83d\udd39 Nakit<\/p>\n<h3 data-start=\"2191\" data-end=\"2217\"><strong data-start=\"2195\" data-end=\"2217\">\ud83d\udeab \u015eunlar i\u00e7in uygun de\u011fildir<\/strong><\/h3>\n<p data-start=\"2219\" data-end=\"2354\">\ud83d\udd39 Tekerlekli sandalye kullan\u0131c\u0131lar\u0131<br data-start=\"2254\" data-end=\"2257\" \/>\ud83d\udd39 Ciddi t\u0131bbi sorunlar\u0131 olan ki\u015filer<br data-start=\"2302\" data-end=\"2305\" \/>\ud83d\udd39 Uyumak i\u00e7in ayr\u0131 bir yere ihtiya\u00e7 duyan bebekler<\/p>\n<h3 data-start=\"2356\" data-end=\"2386\"><strong data-start=\"2360\" data-end=\"2386\">\ud83d\udcb8 Fiyat ve rezervasyon<\/strong><\/h3>\n<p data-start=\"2388\" data-end=\"2528\"><strong>\ud83d\udd39 \u015eimdi rezervasyon yap\u0131n - tur g\u00fcn\u00fc \u00f6deme yap\u0131n<\/strong><br data-start=\"2434\" data-end=\"2437\" \/>\ud83d\udd39 WhatsApp, Telegram, Viber \u00fczerinden bize ula\u015f\u0131n veya a\u015fa\u011f\u0131daki sipari\u015f formunu doldurun. \ud83d\udc47\ud83c\udffc<\/p>","protected":false},"excerpt":{"rendered":"<p>Kemer'den VIP yat: sessizlik, tenha koylar, y\u00fczme, levrek yeme\u011fi ve her misafir i\u00e7in bir \u015fezlong. Dinlendirici ve romantik bir tatil i\u00e7in m\u00fckemmel bir tur.<\/p>","protected":false},"featured_media":14735,"comment_status":"open","ping_status":"closed","template":"","meta":[],"product_brand":[],"product_cat":[122],"product_tag":[105],"class_list":{"0":"post-12963","1":"product","2":"type-product","3":"status-publish","4":"has-post-thumbnail","6":"tour_phys-ekskursii-v-kemer","7":"tour_phys-yacht-tury","8":"product_cat-ekskursii-v-kemer","9":"product_tag-kemer","10":"pa_destination-ekskursii-v-kemer","11":"pa_kategori-yacht-tury","13":"first","14":"instock","15":"sale","16":"featured","17":"shipping-taxable","18":"purchasable","19":"product-type-tour_phys"},"aioseo_notices":[],"_links":{"self":[{"href":"https:\/\/mirekskursii.com\/tr\/wp-json\/wp\/v2\/product\/12963","targetHints":{"allow":["GET"]}}],"collection":[{"href":"https:\/\/mirekskursii.com\/tr\/wp-json\/wp\/v2\/product"}],"about":[{"href":"https:\/\/mirekskursii.com\/tr\/wp-json\/wp\/v2\/types\/product"}],"replies":[{"embeddable":true,"href":"https:\/\/mirekskursii.com\/tr\/wp-json\/wp\/v2\/comments?post=12963"}],"wp:featuredmedia":[{"embeddable":true,"href":"https:\/\/mirekskursii.com\/tr\/wp-json\/wp\/v2\/media\/14735"}],"wp:attachment":[{"href":"https:\/\/mirekskursii.com\/tr\/wp-json\/wp\/v2\/media?parent=12963"}],"wp:term":[{"taxonomy":"product_brand","embeddable":true,"href":"https:\/\/mirekskursii.com\/tr\/wp-json\/wp\/v2\/product_brand?post=12963"},{"taxonomy":"product_cat","embeddable":true,"href":"https:\/\/mirekskursii.com\/tr\/wp-json\/wp\/v2\/product_cat?post=12963"},{"taxonomy":"product_tag","embeddable":true,"href":"https:\/\/mirekskursii.com\/tr\/wp-json\/wp\/v2\/product_tag?post=12963"}],"curies":[{"name":"wp","href":"https:\/\/api.w.org\/{rel}","templated":true}]}}