{"id":12961,"date":"2025-05-11T14:03:54","date_gmt":"2025-05-11T11:03:54","guid":{"rendered":"https:\/\/mirekskursii.com\/?post_type=product&#038;p=12961"},"modified":"2026-04-15T16:59:46","modified_gmt":"2026-04-15T13:59:46","slug":"tuplu-dalis-turu-kemer","status":"publish","type":"product","link":"https:\/\/mirekskursii.com\/ekskursii\/dayving-v-kemer\/","title":{"rendered":"Kemer'de T\u00fcpl\u00fc Dal\u0131\u015f Turu \u2013 \u015enorkelle Y\u00fczme"},"content":{"rendered":"<h3 data-start=\"225\" data-end=\"241\"><strong data-start=\"229\" data-end=\"241\">\ud83c\udf0a \u0130nceleme<\/strong><\/h3>\n<p data-start=\"243\" data-end=\"513\">Akdeniz'in sualt\u0131 d\u00fcnyas\u0131nda b\u00fcy\u00fcleyici bir yolculu\u011fa \u00e7\u0131kmak i\u00e7in Kemer ve \u00e7evresinden yola \u00e7\u0131k\u0131n. Pitoresk Akvaryum ve Kiri\u015f koylar\u0131nda iki dal\u0131\u015f, \u015fnorkelle y\u00fczme, y\u00fczme ve teknede \u00f6\u011fle yeme\u011fi sizi bekliyor. Tur hem yeni ba\u015flayanlar hem de sertifikal\u0131 dalg\u0131\u00e7lar i\u00e7in uygundur.<\/p>\n<h3 data-start=\"515\" data-end=\"532\"><strong data-start=\"519\" data-end=\"532\">Dahil:<\/strong><\/h3>\n<p data-start=\"534\" data-end=\"638\"><span style=\"color: #00ff00;\"><strong>\u2713<\/strong> <\/span>Otel transferi<br data-start=\"556\" data-end=\"559\" \/><span style=\"color: #00ff00;\"><strong>\u2713<\/strong> <\/span>Konforlu otob\u00fcs<br data-start=\"584\" data-end=\"587\" \/><span style=\"color: #00ff00;\"><strong>\u2713<\/strong> <\/span>Sigorta<br data-start=\"598\" data-end=\"601\" \/><span style=\"color: #00ff00;\"><strong>\u2713<\/strong> <\/span>Rehber: Rus\u00e7a, \u0130ngilizce<br data-start=\"627\" data-end=\"630\" \/><span style=\"color: #00ff00;\"><strong>\u2713<\/strong> <\/span>\u00d6\u011fle Yeme\u011fi<\/p>\n<h3 data-start=\"640\" data-end=\"660\"><strong data-start=\"644\" data-end=\"660\">Dahil de\u011fil:<\/strong><\/h3>\n<p data-start=\"662\" data-end=\"709\"><span style=\"color: #ff0000;\"><strong>\u2717<\/strong> <\/span>Ki\u015fisel harcamalar<br data-start=\"678\" data-end=\"681\" \/><span style=\"color: #ff0000;\"><strong>\u2717<\/strong> <\/span>Foto\u011fraf ve video<br data-start=\"695\" data-end=\"698\" \/><span style=\"color: #ff0000;\"><strong>\u2717<\/strong> <\/span>\u0130\u00e7ecekler<\/p>\n<h3 data-start=\"711\" data-end=\"743\"><strong data-start=\"715\" data-end=\"743\">\ud83c\udf1f Turun \u00f6ne \u00e7\u0131kan \u00f6zellikleri<\/strong><\/h3>\n<p data-start=\"745\" data-end=\"1053\">\ud83d\udd39 Profesyonel e\u011fitmenler e\u015fli\u011finde iki kontroll\u00fc dal\u0131\u015f<br data-start=\"811\" data-end=\"814\" \/>\ud83d\udd39 Akvaryum Koyu (5 m) ve Kiri\u015f Koyu (10-15 m)<br data-start=\"861\" data-end=\"864\" \/>\ud83d\udd39 Kristal berrakl\u0131\u011f\u0131ndaki sularda y\u00fczme ve \u015fnorkelle y\u00fczme<br data-start=\"912\" data-end=\"915\" \/>\ud83d\udd39 Gemide taze \u00f6\u011fle yeme\u011fi<br data-start=\"938\" data-end=\"941\" \/>\ud83d\udd39 Yeni ba\u015flayanlar i\u00e7in uygundur - y\u00fczme becerisi gerekmez<br data-start=\"996\" data-end=\"999\" \/>\ud83d\udd39 Canl\u0131 deniz ya\u015fam\u0131 ve g\u00fczel k\u0131y\u0131 manzaralar\u0131<\/p>\n<h3 data-start=\"1055\" data-end=\"1081\"><strong data-start=\"1059\" data-end=\"1081\">\ud83d\udcd6 Tam a\u00e7\u0131klama<\/strong><\/h3>\n<div data-start=\"1083\" data-end=\"1279\">G\u00fcn\u00fcn\u00fcz Kemer'deki veya kom\u015fu b\u00f6lgelerdeki otelinizden marinaya transfer ile ba\u015flayacakt\u0131r. Tekneye bindikten sonra, e\u011fitmenler size g\u00fcvenlik ve ekipman kullan\u0131m\u0131 hakk\u0131nda ayr\u0131nt\u0131l\u0131 bir brifing verecektir.<\/div>\n<div data-start=\"1281\" data-end=\"1469\">\u0130lk dal\u0131\u015f Akvaryum Koyu'nda yakla\u015f\u0131k 5 metre derinlikte ger\u00e7ekle\u015fecek ve 20-25 dakika s\u00fcrecektir. Daha sonra y\u00fczme, \u015fnorkelle y\u00fczme ve g\u00fcvertede dinlenmek i\u00e7in serbest zaman. Daha sonra gemide \u00f6\u011fle yeme\u011fi yiyeceksiniz.<\/div>\n<div data-start=\"1471\" data-end=\"1695\">\u0130kinci dal\u0131\u015f Kiri\u015f Koyu'nda 10-15 metre derinlikte deneyimli e\u011fitmenlerin g\u00f6zetiminde ger\u00e7ekle\u015fecektir. Bu gezi, dal\u0131\u015f\u0131 hi\u00e7 denememi\u015f olanlar i\u00e7in bile idealdir - her \u015fey ekibin tam g\u00f6zetimi alt\u0131nda ger\u00e7ekle\u015fir.<\/div>\n<div data-start=\"1697\" data-end=\"1800\">\u0130kinci dal\u0131\u015ftan sonra tekne marinaya geri d\u00f6ner ve buradan otelinize bir transfer organize edilir.<\/div>\n<h3 data-start=\"1802\" data-end=\"1828\"><strong data-start=\"1806\" data-end=\"1828\">\ud83d\uddfa\ufe0f Tur Program\u0131<\/strong><\/h3>\n<p data-start=\"1830\" data-end=\"2100\">\ud83d\udd39 Otel transferi (Kemer ve \u00e7evresi)<br data-start=\"1872\" data-end=\"1875\" \/>\ud83d\udd39 Marinaya var\u0131\u015f ve tekneye bini\u015f<br data-start=\"1914\" data-end=\"1917\" \/>\ud83d\udd39 G\u00fcvenlik brifingi<br data-start=\"1946\" data-end=\"1949\" \/>\ud83d\udd39 \u0130lk dal\u0131\u015f - Akvaryum Koyu<br data-start=\"1986\" data-end=\"1989\" \/>\ud83d\udd39 Y\u00fczme, dinlenme, \u00f6\u011fle yeme\u011fi<br data-start=\"2013\" data-end=\"2016\" \/>\ud83d\udd39 \u0130kinci dal\u0131\u015f - Kiri\u015f Koyu<br data-start=\"2050\" data-end=\"2053\" \/>\ud83d\udd39 Marinaya d\u00f6n\u00fc\u015f<br data-start=\"2076\" data-end=\"2079\" \/>\ud83d\udd39 Otele transfer<\/p>\n<h3 data-start=\"2102\" data-end=\"2132\"><strong data-start=\"2106\" data-end=\"2132\">\u2139\ufe0f Faydal\u0131 bilgiler<\/strong><\/h3>\n<p data-start=\"2134\" data-end=\"2420\">\ud83d\udd39 Tur s\u00fcresi: 7-8 saat<br data-start=\"2170\" data-end=\"2173\" \/>\ud83d\udd39 T\u00fcm ekipmanlar moderndir ve d\u00fczenli olarak bak\u0131mlar\u0131 yap\u0131lmaktad\u0131r<br data-start=\"2230\" data-end=\"2233\" \/>\ud83d\udd39 Yeni ba\u015flayanlar i\u00e7in uygundur, y\u00fczme becerisi gerekli de\u011fildir<br data-start=\"2289\" data-end=\"2292\" \/>\ud83d\udd39 Ayr\u0131 bir koltu\u011fu olmayan 5 ya\u015f\u0131ndan k\u00fc\u00e7\u00fck \u00e7ocuklar bir yeti\u015fkinin kuca\u011f\u0131nda oturur<br data-start=\"2358\" data-end=\"2361\" \/>\ud83d\udd39 G\u00fcvenlik gereklilikleri nedeniyle su alt\u0131ndaki kameralar yasakt\u0131r<\/p>\n<h3 data-start=\"2422\" data-end=\"2450\"><strong data-start=\"2426\" data-end=\"2450\">\ud83c\udf92 Yan\u0131n\u0131za ne almal\u0131s\u0131n\u0131z<\/strong><\/h3>\n<p data-start=\"2452\" data-end=\"2557\">\ud83d\udd39 Mayo ve havlu.<br data-start=\"2476\" data-end=\"2479\" \/>\ud83d\udd39 G\u00fcne\u015f g\u00f6zl\u00fc\u011f\u00fc ve krem<br data-start=\"2508\" data-end=\"2511\" \/>\ud83d\udd39 \u0130\u00e7ecekler veya ki\u015fisel harcamalar i\u00e7in nakit<\/p>\n<h3 data-start=\"2559\" data-end=\"2585\"><strong data-start=\"2563\" data-end=\"2585\">\ud83d\udeab \u015eunlar i\u00e7in uygun de\u011fildir<\/strong><\/h3>\n<p data-start=\"2587\" data-end=\"2640\">\ud83d\udd39 Y\u00fcksek tansiyonu olan ki\u015filer<br data-start=\"2615\" data-end=\"2618\" \/>\ud83d\udd39 Hamile kad\u0131nlar<\/p>\n<h3 data-start=\"2642\" data-end=\"2672\"><strong data-start=\"2646\" data-end=\"2672\">\ud83d\udcb8 Fiyat ve rezervasyon<\/strong><\/h3>\n<p data-start=\"2674\" data-end=\"2814\"><strong>\ud83d\udd39 \u015eimdi rezervasyon yap\u0131n - tur g\u00fcn\u00fc \u00f6deme yap\u0131n<\/strong><br data-start=\"2720\" data-end=\"2723\" \/>\ud83d\udd39 WhatsApp, Telegram, Viber \u00fczerinden bize ula\u015f\u0131n veya a\u015fa\u011f\u0131daki sipari\u015f formunu doldurun. \ud83d\udc47\ud83c\udffc<\/p>","protected":false},"excerpt":{"rendered":"<p>Kemer'de Dal\u0131\u015f: Akvaryum ve Kiri\u015f koylar\u0131nda 2 dal\u0131\u015f, \u015fnorkelle y\u00fczme, lezzetli \u00f6\u011fle yeme\u011fi, otelden transfer. Yeni ba\u015flayanlar ve profesyoneller i\u00e7in! Sualt\u0131 d\u00fcnyas\u0131 sizi bekliyor!<\/p>","protected":false},"featured_media":12653,"comment_status":"open","ping_status":"closed","template":"","meta":[],"product_brand":[],"product_cat":[122],"product_tag":[105],"class_list":{"0":"post-12961","1":"product","2":"type-product","3":"status-publish","4":"has-post-thumbnail","6":"tour_phys-ekskursii-v-kemer","7":"product_cat-ekskursii-v-kemer","8":"product_tag-kemer","9":"pa_destination-ekskursii-v-kemer","11":"first","12":"instock","13":"sale","14":"featured","15":"shipping-taxable","16":"purchasable","17":"product-type-tour_phys"},"aioseo_notices":[],"_links":{"self":[{"href":"https:\/\/mirekskursii.com\/tr\/wp-json\/wp\/v2\/product\/12961","targetHints":{"allow":["GET"]}}],"collection":[{"href":"https:\/\/mirekskursii.com\/tr\/wp-json\/wp\/v2\/product"}],"about":[{"href":"https:\/\/mirekskursii.com\/tr\/wp-json\/wp\/v2\/types\/product"}],"replies":[{"embeddable":true,"href":"https:\/\/mirekskursii.com\/tr\/wp-json\/wp\/v2\/comments?post=12961"}],"wp:featuredmedia":[{"embeddable":true,"href":"https:\/\/mirekskursii.com\/tr\/wp-json\/wp\/v2\/media\/12653"}],"wp:attachment":[{"href":"https:\/\/mirekskursii.com\/tr\/wp-json\/wp\/v2\/media?parent=12961"}],"wp:term":[{"taxonomy":"product_brand","embeddable":true,"href":"https:\/\/mirekskursii.com\/tr\/wp-json\/wp\/v2\/product_brand?post=12961"},{"taxonomy":"product_cat","embeddable":true,"href":"https:\/\/mirekskursii.com\/tr\/wp-json\/wp\/v2\/product_cat?post=12961"},{"taxonomy":"product_tag","embeddable":true,"href":"https:\/\/mirekskursii.com\/tr\/wp-json\/wp\/v2\/product_tag?post=12961"}],"curies":[{"name":"wp","href":"https:\/\/api.w.org\/{rel}","templated":true}]}}