{"id":12957,"date":"2025-05-11T13:35:48","date_gmt":"2025-05-11T10:35:48","guid":{"rendered":"https:\/\/mirekskursii.com\/?post_type=product&#038;p=12957"},"modified":"2026-04-15T16:59:55","modified_gmt":"2026-04-15T13:59:55","slug":"antalya-sehir-turu-kemer","status":"publish","type":"product","link":"https:\/\/mirekskursii.com\/ekskursii\/antalya-staryy-gorod-vodopady-iz-kemer\/","title":{"rendered":"Kemer'den Antalya \u015eehir Turu \u2013 Kalei\u00e7i ve \u015eelaleler"},"content":{"rendered":"<h3 data-start=\"500\" data-end=\"513\">\ud83c\udfdb\ufe0f \u0130nceleme<\/h3>\n<p data-start=\"514\" data-end=\"743\">Kemer'den ve Beldibi, G\u00f6yn\u00fck, Kiri\u015f, \u00c7amyuva ve Tekirova il\u00e7elerinden Antalya'n\u0131n yo\u011fun bir gezi turuna \u00e7\u0131k\u0131n. Eski \u015eehir, D\u00fcden \u015eelaleleri ve tekne turu sizi bekliyor - \u00f6nemli noktalar\u0131 bir g\u00fcnde g\u00f6rmek i\u00e7in m\u00fckemmel bir tur.<\/p>\n<h3 data-start=\"722\" data-end=\"735\">Dahil:<\/h3>\n<p data-start=\"736\" data-end=\"947\"><span style=\"color: #00ff00;\"><strong>\u2713<\/strong> <\/span>Otel transferi<br data-start=\"758\" data-end=\"761\" \/><span style=\"color: #00ff00;\"><strong>\u2713<\/strong> <\/span>D\u00fcden \u015eelaleleri'ne giri\u015f biletleri<br data-start=\"795\" data-end=\"798\" \/><span style=\"color: #00ff00;\"><strong>\u2713<\/strong> <\/span>Konforlu otob\u00fcs<br data-start=\"823\" data-end=\"826\" \/><span style=\"color: #00ff00;\"><strong>\u2713<\/strong> <\/span>Rehber: Rus\u00e7a, \u0130ngilizce<br data-start=\"852\" data-end=\"855\" \/><span style=\"color: #00ff00;\"><strong>\u2713<\/strong> <\/span>Yerel bir restoranda \u00f6\u011fle yeme\u011fi<br data-start=\"881\" data-end=\"884\" \/><span style=\"color: #00ff00;\"><strong>\u2713<\/strong> <\/span>Tam sigorta<br data-start=\"902\" data-end=\"905\" \/><span style=\"color: #00ff00;\"><strong>\u2713<\/strong> <\/span>Tekne gezisi (se\u00e7enek se\u00e7ilirse)<\/p>\n<h3 data-start=\"949\" data-end=\"965\">Dahil de\u011fil:<\/h3>\n<p data-start=\"966\" data-end=\"1010\"><span style=\"color: #ff0000;\"><strong>\u2717<\/strong> <\/span>\u0130\u00e7ecekler<br data-start=\"975\" data-end=\"978\" \/><span style=\"color: #ff0000;\"><strong>\u2717<\/strong> <\/span>Ki\u015fisel harcamalar (foto\u011fraf, video)<\/p>\n<h3 data-start=\"819\" data-end=\"847\">\ud83c\udf1f Turun \u00f6ne \u00e7\u0131kan \u00f6zellikleri<\/h3>\n<p data-start=\"848\" data-end=\"1171\">\ud83d\udd39 40 metre y\u00fckseklikten denize d\u00fc\u015fen A\u015fa\u011f\u0131 D\u00fcden \u015eelalesi<br data-start=\"907\" data-end=\"910\" \/>\ud83d\udd39 Kalei\u00e7i Eski Kent \u00c7evresinde Y\u00fcr\u00fcy\u00fc\u015f: Hadrian Kap\u0131s\u0131, Yivli Minare, Saat Kulesi<br data-start=\"993\" data-end=\"996\" \/>\ud83d\udd39 Eski limandan deniz botu gezisi<br data-start=\"1041\" data-end=\"1044\" \/>\ud83d\udd39 Haut-Duden'in ye\u015fil ve serin atmosferi<br data-start=\"1093\" data-end=\"1096\" \/>\ud83d\udd39 Bir restoranda T\u00fcrk \u00f6\u011fle yeme\u011fi<br data-start=\"1124\" data-end=\"1127\" \/>\ud83d\udd39 G\u00fcm\u00fc\u015f e\u015fya at\u00f6lyesi ziyareti<\/p>\n<h3 data-start=\"1173\" data-end=\"1195\">\ud83d\udcd6 Tam a\u00e7\u0131klama<\/h3>\n<div data-start=\"1196\" data-end=\"1380\">G\u00fcn\u00fcn\u00fcz Kemer b\u00f6lgesindeki otelinizden transfer ile ba\u015flayacakt\u0131r. Turun ilk b\u00f6l\u00fcm\u00fc tarihi Kalei\u00e7i b\u00f6lgesinde bir y\u00fcr\u00fcy\u00fc\u015ft\u00fcr: antik kap\u0131lar, eski sokaklar, camiler ve d\u00fckkanlar.<\/div>\n<div data-start=\"1382\" data-end=\"1520\">Daha sonra Antalya sahili boyunca bir tekne turuna \u00e7\u0131kacaks\u0131n\u0131z (se\u00e7enek se\u00e7ilirse). Y\u00fcr\u00fcy\u00fc\u015ften sonra yerel bir restoranda \u00f6\u011fle yeme\u011fi yiyeceksiniz.<\/div>\n<div data-start=\"1522\" data-end=\"1714\">Turun ikinci b\u00f6l\u00fcm\u00fcnde D\u00fcden'in iki \u00fcnl\u00fc \u015felalesini ziyaret edeceksiniz. A\u015fa\u011f\u0131 \u015felale denize d\u00fc\u015fen suyun \u00e7arp\u0131c\u0131 bir g\u00f6r\u00fcnt\u00fcs\u00fcn\u00fc sunarken, Yukar\u0131 \u015felale ye\u015fil bir park\u0131n ortas\u0131nda yer almaktad\u0131r - foto\u011fraflar i\u00e7in ideal bir yer.<\/div>\n<div data-start=\"1716\" data-end=\"1823\">Bir m\u00fccevher at\u00f6lyesinde mola vererek bitirdikten sonra sizi Kemer'deki otelinize geri g\u00f6t\u00fcrecek bir transfer.<\/div>\n<h3 data-start=\"1825\" data-end=\"1847\">\ud83d\uddfa\ufe0f Tur Program\u0131<\/h3>\n<p data-start=\"1848\" data-end=\"2116\">\ud83d\udd39 Kemer'deki otelden transfer<br data-start=\"1877\" data-end=\"1880\" \/>\ud83d\udd39 Kalei\u00e7i Eski Kent \u00c7evresinde Y\u00fcr\u00fcy\u00fc\u015f<br data-start=\"1917\" data-end=\"1920\" \/>\ud83d\udd39 Deniz tekne turu (1 saat)<br data-start=\"1956\" data-end=\"1959\" \/>\ud83d\udd39 Bir restoranda \u00f6\u011fle yeme\u011fi<br data-start=\"1978\" data-end=\"1981\" \/>\ud83d\udd39 A\u015fa\u011f\u0131 D\u00fcden \u015eelalesi Ziyareti<br data-start=\"2016\" data-end=\"2019\" \/>\ud83d\udd39 Yukar\u0131 D\u00fcden \u015eelalesi Ziyareti<br data-start=\"2055\" data-end=\"2058\" \/>\ud83d\udd39 M\u00fccevher at\u00f6lyesinde check-in<br data-start=\"2089\" data-end=\"2092\" \/>\ud83d\udd39 Otele d\u00f6n\u00fc\u015f<\/p>\n<h3 data-start=\"2118\" data-end=\"2144\">\u2139\ufe0f Faydal\u0131 bilgiler<\/h3>\n<p data-start=\"2145\" data-end=\"2379\">\ud83d\udd39 Tekne turu hava ko\u015fullar\u0131na ba\u011fl\u0131d\u0131r<br data-start=\"2193\" data-end=\"2196\" \/>\ud83d\udd39 Turun kalitesini art\u0131rmak i\u00e7in g\u00fczergah de\u011fi\u015febilir<br data-start=\"2254\" data-end=\"2257\" \/>\ud83d\udd39 Banyo yapmak tura dahil de\u011fildir<br data-start=\"2283\" data-end=\"2286\" \/>\ud83d\udd39 05 ya\u015f alt\u0131 \u00e7ocuklar \u00fccretsiz, ayr\u0131 bir koltuk olmadan (dilerseniz \u00f6nceden koltuk ekleyebilirsiniz)<\/p>\n<h3 data-start=\"2381\" data-end=\"2405\">\ud83c\udf92 Yan\u0131n\u0131za ne almal\u0131s\u0131n\u0131z<\/h3>\n<p data-start=\"2406\" data-end=\"2554\">\ud83d\udd39 Rahat y\u00fcr\u00fcy\u00fc\u015f ayakkab\u0131lar\u0131<br data-start=\"2433\" data-end=\"2436\" \/>\ud83d\udd39 G\u00fcne\u015f g\u00f6zl\u00fc\u011f\u00fc ve krem<br data-start=\"2465\" data-end=\"2468\" \/>\ud83d\udd39 Ba\u015fl\u0131k<br data-start=\"2484\" data-end=\"2487\" \/>\ud83d\udd39 Kamera veya ak\u0131ll\u0131 telefon<br data-start=\"2514\" data-end=\"2517\" \/>\ud83d\udd39 \u0130\u00e7ecekler ve harcamalar i\u00e7in nakit<\/p>\n<h3 data-start=\"2556\" data-end=\"2578\">\ud83d\udeab \u015eunlar i\u00e7in uygun de\u011fildir<\/h3>\n<p data-start=\"2579\" data-end=\"2662\">\ud83d\udd39 Tekerlekli sandalyedeki insanlar<br data-start=\"2610\" data-end=\"2613\" \/>\ud83d\udd39 Hareket kabiliyeti k\u0131s\u0131tl\u0131 gezginler<\/p>\n<h3 data-start=\"2664\" data-end=\"2690\">\ud83d\udcb8 Fiyat ve rezervasyon<\/h3>\n<p data-start=\"2691\" data-end=\"2829\"><strong>\ud83d\udd39 \u015eimdi rezervasyon yap\u0131n - tur g\u00fcn\u00fc \u00f6deme yap\u0131n<\/strong><br data-start=\"2737\" data-end=\"2740\" \/>\ud83d\udd39 WhatsApp, Telegram, Viber \u00fczerinden bize ula\u015f\u0131n veya a\u015fa\u011f\u0131daki sipari\u015f formunu doldurun. \ud83d\udc47\ud83c\udffc<\/p>","protected":false},"excerpt":{"rendered":"<p>Kemer'den Antalya'ya gezi: Kalei\u00e7i Eski Kenti, tekne turu, D\u00fcden \u015eelaleleri. \u00d6\u011fle yeme\u011fi, transfer ve rehberlik dahildir.<\/p>","protected":false},"featured_media":15163,"comment_status":"open","ping_status":"closed","template":"","meta":[],"product_brand":[],"product_cat":[122],"product_tag":[105],"class_list":{"0":"post-12957","1":"product","2":"type-product","3":"status-publish","4":"has-post-thumbnail","6":"tour_phys-ekskursii-v-kemer","7":"product_cat-ekskursii-v-kemer","8":"product_tag-kemer","9":"pa_destination-ekskursii-v-kemer","11":"first","12":"instock","13":"sale","14":"featured","15":"shipping-taxable","16":"purchasable","17":"product-type-tour_phys"},"aioseo_notices":[],"_links":{"self":[{"href":"https:\/\/mirekskursii.com\/tr\/wp-json\/wp\/v2\/product\/12957","targetHints":{"allow":["GET"]}}],"collection":[{"href":"https:\/\/mirekskursii.com\/tr\/wp-json\/wp\/v2\/product"}],"about":[{"href":"https:\/\/mirekskursii.com\/tr\/wp-json\/wp\/v2\/types\/product"}],"replies":[{"embeddable":true,"href":"https:\/\/mirekskursii.com\/tr\/wp-json\/wp\/v2\/comments?post=12957"}],"wp:featuredmedia":[{"embeddable":true,"href":"https:\/\/mirekskursii.com\/tr\/wp-json\/wp\/v2\/media\/15163"}],"wp:attachment":[{"href":"https:\/\/mirekskursii.com\/tr\/wp-json\/wp\/v2\/media?parent=12957"}],"wp:term":[{"taxonomy":"product_brand","embeddable":true,"href":"https:\/\/mirekskursii.com\/tr\/wp-json\/wp\/v2\/product_brand?post=12957"},{"taxonomy":"product_cat","embeddable":true,"href":"https:\/\/mirekskursii.com\/tr\/wp-json\/wp\/v2\/product_cat?post=12957"},{"taxonomy":"product_tag","embeddable":true,"href":"https:\/\/mirekskursii.com\/tr\/wp-json\/wp\/v2\/product_tag?post=12957"}],"curies":[{"name":"wp","href":"https:\/\/api.w.org\/{rel}","templated":true}]}}