{"id":12956,"date":"2025-05-11T13:16:06","date_gmt":"2025-05-11T10:16:06","guid":{"rendered":"https:\/\/mirekskursii.com\/?post_type=product&#038;p=12956"},"modified":"2026-01-18T17:18:21","modified_gmt":"2026-01-18T14:18:21","slug":"demre-myra-kekova-turu-kemer","status":"publish","type":"product","link":"https:\/\/mirekskursii.com\/ekskursii\/demre-mira-kekova-iz-kemer\/","title":{"rendered":"Demre Myra Kekova Turu Kemer \u00c7\u0131k\u0131\u015fl\u0131 \u2013 Noel Baba Kilisesi\u00a0"},"content":{"rendered":"<h3 data-start=\"301\" data-end=\"314\">\ud83c\udfdb\ufe0f \u0130nceleme<\/h3>\n<p data-start=\"315\" data-end=\"625\">Kemer'den ve Beldibi, G\u00f6yneyuk, Kiri\u015f, \u00c7amyuva ve Tekirova il\u00e7elerinden antik Likya'da b\u00fcy\u00fcleyici bir yolculu\u011fa \u00e7\u0131k\u0131n. Myra kaya mezarlar\u0131, Demra'daki Aziz Nikolaos Kilisesi ve bat\u0131k \u015fehir Kekova'n\u0131n \u00fczerinde \u015feffaf tabanl\u0131 bir yatla gezinti sizi bekliyor. Tarih, do\u011fa ve aile tatili sevenler i\u00e7in ideal.<\/p>\n<h3 data-start=\"627\" data-end=\"640\">Dahil:<\/h3>\n<p data-start=\"641\" data-end=\"818\"><span style=\"color: #00ff00;\"><strong>\u2713<\/strong> <\/span>Otel transferi<br data-start=\"663\" data-end=\"666\" \/><span style=\"color: #00ff00;\"><strong>\u2713<\/strong> <\/span>Konforlu otob\u00fcs<br data-start=\"691\" data-end=\"694\" \/><span style=\"color: #00ff00;\"><strong>\u2713<\/strong> <\/span>\u015eeffaf tabanl\u0131 bir yatta gezi<br data-start=\"731\" data-end=\"734\" \/><span style=\"color: #00ff00;\"><strong>\u2713<\/strong> <\/span>Mira'ya giri\u015f biletleri<br data-start=\"757\" data-end=\"760\" \/><span style=\"color: #00ff00;\"><strong>\u2713<\/strong> <\/span>Rehber: Rus\u00e7a, \u0130ngilizce<br data-start=\"786\" data-end=\"789\" \/><span style=\"color: #00ff00;\"><strong>\u2713<\/strong> <\/span>Tam sigorta<br data-start=\"807\" data-end=\"810\" \/><span style=\"color: #00ff00;\"><strong>\u2713<\/strong> <\/span>\u00d6\u011fle Yeme\u011fi<\/p>\n<h3 data-start=\"820\" data-end=\"836\">Dahil de\u011fil:<\/h3>\n<p data-start=\"837\" data-end=\"928\"><span style=\"color: #ff0000;\"><strong>\u2717<\/strong> <\/span>Aziz Nikolaos Kilisesi'ne giri\u015f bileti<br data-start=\"878\" data-end=\"881\" \/><span style=\"color: #ff0000;\"><strong>\u2717<\/strong> <\/span>Ki\u015fisel harcamalar<br data-start=\"897\" data-end=\"900\" \/><span style=\"color: #ff0000;\"><strong>\u2717<\/strong> <\/span>Foto\u011fraf ve video<br data-start=\"914\" data-end=\"917\" \/><span style=\"color: #ff0000;\"><strong>\u2717<\/strong> <\/span>\u0130\u00e7ecekler<\/p>\n<h3 data-start=\"930\" data-end=\"958\">\ud83c\udf1f Turun \u00f6ne \u00e7\u0131kan \u00f6zellikleri<\/h3>\n<p data-start=\"959\" data-end=\"1329\">\ud83d\udd39 Bat\u0131k \u015fehir Kekova'n\u0131n \u00fczerinde \u015feffaf tabanl\u0131 bir yatta yolculuk<br data-start=\"1023\" data-end=\"1026\" \/>\ud83d\udd39 Myra'da kaya mezarlar\u0131 ve Roma tiyatrosu ziyareti<br data-start=\"1080\" data-end=\"1083\" \/>\ud83d\udd39 St Nicholas Kilisesi - Noel Baba efsanesiyle ili\u015fkilendirilen bir yer<br data-start=\"1154\" data-end=\"1157\" \/>\ud83d\udd39 Akdeniz'in turkuaz sular\u0131nda y\u00fczmek<br data-start=\"1203\" data-end=\"1206\" \/>\ud83d\udd39 Simena Kalesi'nin manzaras\u0131<br data-start=\"1232\" data-end=\"1235\" \/>\ud83d\udd39 Pitoresk Kekova K\u00f6rfezi'nde 2,5 saatlik seyir<br data-start=\"1282\" data-end=\"1285\" \/>\ud83d\udd39 Kemer'in t\u00fcm mahallelerinden rahat transfer<\/p>\n<h3 data-start=\"1331\" data-end=\"1353\">\ud83d\udcd6 Tam a\u00e7\u0131klama<\/h3>\n<div data-start=\"1354\" data-end=\"1571\">G\u00fcn\u00fcn\u00fcz Kemer, Beldibi, G\u00f6yneuk, Kiri\u015f, \u00c7amyuva veya Tekirova'dan transfer ile ba\u015flar. \u0130lk durak, g\u00f6rkemli Likya kaya mezarlar\u0131n\u0131 ve iyi korunmu\u015f bir Roma tiyatrosunu g\u00f6rece\u011finiz antik Mira'd\u0131r.<\/div>\n<div data-start=\"1573\" data-end=\"1766\">Daha sonra Noel Baba'n\u0131n prototipi olan Aziz Nikolaos'un hikayesiyle ili\u015fkili \u00fcnl\u00fc bir hac yeri olan Demre'deki Aziz Nikolaos Kilisesi'ni ziyaret edeceksiniz. Ard\u0131ndan yerel spesiyalitelerden olu\u015fan lezzetli bir \u00f6\u011fle yeme\u011finin tad\u0131n\u0131 \u00e7\u0131karacaks\u0131n\u0131z.<\/div>\n<div data-start=\"1768\" data-end=\"2045\">\u00d6\u011fle yeme\u011finden sonra grup \u00c7aya\u011fz\u0131 liman\u0131na ge\u00e7ecek ve burada \u015feffaf tabanl\u0131 bir yata bineceksiniz. 2,5 saatlik seyir s\u0131ras\u0131nda bir depremle y\u0131k\u0131lan bat\u0131k \u015fehir Kekova'n\u0131n sualt\u0131 kal\u0131nt\u0131lar\u0131n\u0131 g\u00f6recek, Simena kalesinin yan\u0131ndan ge\u00e7ecek ve kristal berrakl\u0131\u011f\u0131ndaki sularda y\u00fczeceksiniz.<\/div>\n<div data-start=\"2047\" data-end=\"2087\">Ak\u015fam otelinize geri transfer.<\/div>\n<h3 data-start=\"2089\" data-end=\"2111\">\ud83d\uddfa\ufe0f Tur Program\u0131<\/h3>\n<p data-start=\"2112\" data-end=\"2433\">\ud83d\udd39 Kemer'den Transfer<br data-start=\"2176\" data-end=\"2179\" \/>\ud83d\udd39 Mira ziyareti - kaya mezarlar\u0131 ve Roma tiyatrosu<br data-start=\"2232\" data-end=\"2235\" \/>\ud83d\udd39 St Nicholas Kilisesi Gezisi<br data-start=\"2273\" data-end=\"2276\" \/>\ud83d\udd39 \u00d6\u011fle Yeme\u011fi<br data-start=\"2283\" data-end=\"2286\" \/>\ud83d\udd39 \u015eeffaf tabanl\u0131 bir yatta yolculuk<br data-start=\"2320\" data-end=\"2323\" \/>\ud83d\udd39 Bat\u0131k \u015fehir Kekova'da bir tur<br data-start=\"2358\" data-end=\"2361\" \/>\ud83d\udd39 Denizde y\u0131kanmak<br data-start=\"2378\" data-end=\"2381\" \/>\ud83d\udd39 Chayagza liman\u0131na d\u00f6n\u00fc\u015f<br data-start=\"2409\" data-end=\"2412\" \/>\ud83d\udd39 Otele transfer<\/p>\n<h3 data-start=\"2435\" data-end=\"2461\">\u2139\ufe0f Faydal\u0131 bilgiler<\/h3>\n<p data-start=\"2462\" data-end=\"2676\">\ud83d\udd39 Tur s\u00fcresi: 10-12 saat<br data-start=\"2500\" data-end=\"2503\" \/>\ud83d\udd39 Program hava durumuna ba\u011fl\u0131 olarak de\u011fi\u015febilir<br data-start=\"2554\" data-end=\"2557\" \/>\ud83d\udd39 Orta d\u00fczeyde fiziksel aktivite<br data-start=\"2591\" data-end=\"2594\" \/>\ud83d\udd39 04 ya\u015f\u0131na kadar \u00e7ocuklar \u00fccretsiz, ayr\u0131 bir koltuk olmadan (\u00f6nceden rezervasyon yap\u0131labilir)<\/p>\n<h3 data-start=\"2678\" data-end=\"2702\">\ud83c\udf92 Yan\u0131n\u0131za ne almal\u0131s\u0131n\u0131z<\/h3>\n<p data-start=\"2703\" data-end=\"2856\">\ud83d\udd39 Rahat ayakkab\u0131lar<br data-start=\"2719\" data-end=\"2722\" \/>\ud83d\udd39 G\u00fcne\u015f g\u00f6zl\u00fc\u011f\u00fc ve krem<br data-start=\"2751\" data-end=\"2754\" \/>\ud83d\udd39 Mayo ve havlu.<br data-start=\"2778\" data-end=\"2781\" \/>\ud83d\udd39 Ki\u015fisel harcamalar i\u00e7in nakit<br data-start=\"2812\" data-end=\"2815\" \/>\ud83d\udd39 Su ge\u00e7irmez bir kamera veya telefon<\/p>\n<h3 data-start=\"2858\" data-end=\"2880\">\ud83d\udeab \u015eunlar i\u00e7in uygun de\u011fildir<\/h3>\n<p data-start=\"2881\" data-end=\"2968\">\ud83d\udd39 Hareket kabiliyeti k\u0131s\u0131tl\u0131 ki\u015filer<br data-start=\"2917\" data-end=\"2920\" \/>\ud83d\udd39 Ciddi hastal\u0131\u011f\u0131 olan gezginler<\/p>\n<h3 data-start=\"2970\" data-end=\"2996\">\ud83d\udcb8 Fiyat ve rezervasyon<\/h3>\n<p data-start=\"2997\" data-end=\"3135\"><strong>\ud83d\udd39 \u015eimdi rezervasyon yap\u0131n - tur g\u00fcn\u00fc \u00f6deme yap\u0131n<\/strong><br data-start=\"3043\" data-end=\"3046\" \/>\ud83d\udd39 WhatsApp, Telegram, Viber \u00fczerinden bize ula\u015f\u0131n veya a\u015fa\u011f\u0131daki sipari\u015f formunu doldurun. \ud83d\udc47\ud83c\udffc<\/p>","protected":false},"excerpt":{"rendered":"<p>Kemer'den Demre-Mira-Kekova gezisi, bat\u0131k \u015fehir \u00fczerinde yat, Mira mezarlar\u0131, Aziz Nikolaos Kilisesi, y\u00fczme ve \u00f6\u011fle yeme\u011fi. Transfer ve rehberlik dahil!<\/p>","protected":false},"featured_media":12563,"comment_status":"open","ping_status":"closed","template":"","meta":[],"product_brand":[],"product_cat":[122],"product_tag":[105],"class_list":{"0":"post-12956","1":"product","2":"type-product","3":"status-publish","4":"has-post-thumbnail","6":"tour_phys-ekskursii-v-kemer","7":"product_cat-ekskursii-v-kemer","8":"product_tag-kemer","9":"pa_destination-ekskursii-v-kemer","11":"first","12":"instock","13":"sale","14":"shipping-taxable","15":"purchasable","16":"product-type-tour_phys"},"aioseo_notices":[],"_links":{"self":[{"href":"https:\/\/mirekskursii.com\/tr\/wp-json\/wp\/v2\/product\/12956","targetHints":{"allow":["GET"]}}],"collection":[{"href":"https:\/\/mirekskursii.com\/tr\/wp-json\/wp\/v2\/product"}],"about":[{"href":"https:\/\/mirekskursii.com\/tr\/wp-json\/wp\/v2\/types\/product"}],"replies":[{"embeddable":true,"href":"https:\/\/mirekskursii.com\/tr\/wp-json\/wp\/v2\/comments?post=12956"}],"wp:featuredmedia":[{"embeddable":true,"href":"https:\/\/mirekskursii.com\/tr\/wp-json\/wp\/v2\/media\/12563"}],"wp:attachment":[{"href":"https:\/\/mirekskursii.com\/tr\/wp-json\/wp\/v2\/media?parent=12956"}],"wp:term":[{"taxonomy":"product_brand","embeddable":true,"href":"https:\/\/mirekskursii.com\/tr\/wp-json\/wp\/v2\/product_brand?post=12956"},{"taxonomy":"product_cat","embeddable":true,"href":"https:\/\/mirekskursii.com\/tr\/wp-json\/wp\/v2\/product_cat?post=12956"},{"taxonomy":"product_tag","embeddable":true,"href":"https:\/\/mirekskursii.com\/tr\/wp-json\/wp\/v2\/product_tag?post=12956"}],"curies":[{"name":"wp","href":"https:\/\/api.w.org\/{rel}","templated":true}]}}