{"id":12952,"date":"2025-05-11T12:43:01","date_gmt":"2025-05-11T09:43:01","guid":{"rendered":"https:\/\/mirekskursii.com\/?post_type=product&#038;p=12952"},"modified":"2026-04-03T12:32:10","modified_gmt":"2026-04-03T09:32:10","slug":"kapadokya-2-gunluk-tur-kemer","status":"publish","type":"product","link":"https:\/\/mirekskursii.com\/ekskursii\/kappadokiya-2-dnya-iz-kemer\/","title":{"rendered":"Kapadokya 2 G\u00fcnl\u00fck Tur Kemer \u00c7\u0131k\u0131\u015fl\u0131 \u2013 S\u0131cak Hava Balonu"},"content":{"rendered":"<h3 data-start=\"427\" data-end=\"441\">\ud83c\udf04 \u0130nceleme<\/h3>\n<p data-start=\"442\" data-end=\"699\">Kemer ve Beldibi, G\u00f6yn\u00fck, Kemer, Kiri\u015f, \u00c7amyuva ve Tekirova il\u00e7elerinden Kapadokya'ya 2 g\u00fcnl\u00fck bir geziye \u00e7\u0131k\u0131n. Muhte\u015fem bacalar, yeralt\u0131 \u015fehirleri, ma\u011fara kiliseleri ve e\u015fsiz manzaralar sizi bekliyor - do\u011fa, tarih ve k\u00fclt\u00fcr\u00fcn m\u00fckemmel kar\u0131\u015f\u0131m\u0131.<\/p>\n<h3 data-start=\"151\" data-end=\"378\"><strong data-start=\"151\" data-end=\"164\">Dahil:<\/strong><\/h3>\n<p data-start=\"151\" data-end=\"378\"><span style=\"color: #00ff00;\"><strong>\u2713<\/strong> <\/span>Otelden\/otele transfer<br data-start=\"188\" data-end=\"191\" \/><span style=\"color: #00ff00;\"><strong>\u2713<\/strong> <\/span>Konaklama 1 gece (standart)<br data-start=\"221\" data-end=\"224\" \/><span style=\"color: #00ff00;\"><strong>\u2713<\/strong> <\/span>\u0130lk gece ak\u015fam yeme\u011fi<br data-start=\"245\" data-end=\"248\" \/><span style=\"color: #00ff00;\"><strong>\u2713<\/strong> <\/span>Kahvalt\u0131 (2. g\u00fcn, otelde)<br data-start=\"277\" data-end=\"280\" \/><span style=\"color: #00ff00;\"><strong>\u2713<\/strong> <\/span>Programa g\u00f6re giri\u015f biletleri<br data-start=\"309\" data-end=\"312\" \/><span style=\"color: #00ff00;\"><strong>\u2713<\/strong> <\/span>Profesyonel rehber<br data-start=\"334\" data-end=\"337\" \/><span style=\"color: #00ff00;\"><strong>\u2713<\/strong> <\/span>Sigorta<br data-start=\"348\" data-end=\"351\" \/><span style=\"color: #00ff00;\"><strong>\u2713<\/strong> <\/span>Klimal\u0131 otob\u00fcs<\/p>\n<h3 data-start=\"380\" data-end=\"601\"><strong data-start=\"380\" data-end=\"396\">Dahil de\u011fil:<\/strong><\/h3>\n<p data-start=\"380\" data-end=\"601\"><span style=\"color: #ff0000;\"><strong>\u2717<\/strong> <\/span>Yemeklerle birlikte i\u00e7ecekler<br data-start=\"421\" data-end=\"424\" \/><span style=\"color: #ff0000;\"><strong>\u2717<\/strong> <\/span>Tek ki\u015filik oda ilavesi<br data-start=\"454\" data-end=\"457\" \/><span style=\"color: #ff0000;\"><strong>\u2717<\/strong> <\/span>Her iki g\u00fcnde de \u00f6\u011fle yeme\u011fi<br data-start=\"474\" data-end=\"477\" \/><span style=\"color: #ff0000;\"><strong>\u2717<\/strong> <\/span><strong>Ek Se\u00e7enekler:<\/strong><br data-start=\"500\" data-end=\"503\" \/><strong>\u2022<\/strong> T\u00fcrk Gecesi - 35 $<br data-start=\"524\" data-end=\"527\" \/><strong>\u2022<\/strong> Panoramik tur - otob\u00fcs ile - 35 $<br data-start=\"563\" data-end=\"566\" \/><strong>\u2022<\/strong> Panoramik tur - jeep ile - 55 $<\/p>\n<h3 data-start=\"1181\" data-end=\"1211\">\ud83c\udff0 Turun \u00f6nemli noktalar\u0131<\/h3>\n<p data-start=\"1212\" data-end=\"1571\">\ud83d\udd39 A\u015fk Vadisi ve muhte\u015fem bacalar\u0131<br data-start=\"1251\" data-end=\"1254\" \/>\ud83d\udd39 Yeralt\u0131 \u015eehri - antik mimarinin e\u015fsiz bir an\u0131t\u0131<br data-start=\"1314\" data-end=\"1317\" \/>\ud83d\udd39 Mantar \u015feklindeki kayalar\u0131 ile Pa\u015faba\u011f Vadisi<br data-start=\"1357\" data-end=\"1360\" \/>\ud83d\udd39 Panoramik manzaral\u0131 U\u00e7hisar Kalesi<br data-start=\"1395\" data-end=\"1398\" \/>\ud83d\udd39 Zelwe A\u00e7\u0131k Hava M\u00fczesi<br data-start=\"1432\" data-end=\"1435\" \/>\ud83d\udd39 Al\u0131\u015f\u0131lmad\u0131k \u015fekillerdeki ta\u015flar\u0131yla Devrent Vadisi<br data-start=\"1477\" data-end=\"1480\" \/>\ud83d\udd39 Avanos'ta \u00e7\u00f6mlek\u00e7ilik g\u00f6sterisi<br data-start=\"1527\" data-end=\"1530\" \/>\ud83d\udd39 S\u0131cak hava balonuyla u\u00e7ma imkan\u0131<\/p>\n<h3 data-start=\"1573\" data-end=\"1597\">\ud83d\udcd6 Tam a\u00e7\u0131klama<\/h3>\n<div data-start=\"1598\" data-end=\"1731\">Yolculu\u011funuz Kemer ve \u00e7evresinde ba\u015flayacak ve buradan d\u00fcnyan\u0131n en e\u015fsiz b\u00f6lgelerinden biri olan Kapadokya'ya seyahat edeceksiniz.<\/div>\n<div data-start=\"1733\" data-end=\"2086\">\u0130lk g\u00fcn yeralt\u0131 \u015fehrini ziyaret edecek, ard\u0131ndan U\u00e7hisar'da \u00f6\u011fle yeme\u011fi i\u00e7in mola verecek ve inan\u0131lmaz manzaray\u0131 g\u00f6rmek i\u00e7in kaleye t\u0131rmanacaks\u0131n\u0131z. Ard\u0131ndan G\u00f6reme, Pa\u015faba\u011f ve Devrent vadilerinde bir y\u00fcr\u00fcy\u00fc\u015f\u00fcn yan\u0131 s\u0131ra Avanos'a bir ziyaret ve bir \u00e7\u00f6mlek g\u00f6sterisi. Ak\u015fam otelinize giri\u015f, ak\u015fam yeme\u011fi ve serbest zaman (iste\u011fe ba\u011fl\u0131 T\u00fcrk Gecesi).<\/div>\n<div data-start=\"2088\" data-end=\"2257\">\u0130kinci g\u00fcn kahvalt\u0131dan sonra ma\u011fara kiliselerinin, A\u015fk Vadisi'nin, kervansaray\u0131n ve hal\u0131 dokuma merkezinin tad\u0131n\u0131 \u00e7\u0131karacaks\u0131n\u0131z. Konya'da \u00f6\u011fle yeme\u011finden sonra Kemer'e d\u00f6n\u00fc\u015f yolculu\u011fu yapacaks\u0131n\u0131z.<\/div>\n<h3 data-start=\"2259\" data-end=\"2283\">\ud83d\uddfa\ufe0f Tur Program\u0131<\/h3>\n<p data-start=\"2285\" data-end=\"2571\"><strong data-start=\"2285\" data-end=\"2295\">1. G\u00fcn<\/strong><br data-start=\"2295\" data-end=\"2298\" \/>\ud83d\udd39 Kemer'den Transfer<br data-start=\"2370\" data-end=\"2373\" \/>\ud83d\udd39 Kahvalt\u0131 dura\u011f\u0131<br data-start=\"2396\" data-end=\"2399\" \/>\ud83d\udd39 Yeralt\u0131 \u015fehrine bir ziyaret<br data-start=\"2429\" data-end=\"2432\" \/>\ud83d\udd39 U\u00e7hisar'da \u00d6\u011fle Yeme\u011fi<br data-start=\"2450\" data-end=\"2453\" \/>\ud83d\udd39 U\u00e7hisar Kalesi ve G\u00f6reme Vadisi<br data-start=\"2485\" data-end=\"2488\" \/>\ud83d\udd39 Pa\u015faba\u011f Vadisi ve K\u0131z\u0131l\u0131rmak Nehri<br data-start=\"2523\" data-end=\"2526\" \/>\ud83d\udd39 Otele giri\u015f, ak\u015fam yeme\u011fi, serbest zaman<\/p>\n<p data-start=\"2573\" data-end=\"2733\"><strong data-start=\"2573\" data-end=\"2583\">2. G\u00fcn<\/strong><br data-start=\"2583\" data-end=\"2586\" \/>\ud83d\udd39 Otelde kahvalt\u0131<br data-start=\"2604\" data-end=\"2607\" \/>\ud83d\udd39 Ma\u011fara Kiliseleri ve A\u015fk Vadisi<br data-start=\"2640\" data-end=\"2643\" \/>\ud83d\udd39 Hal\u0131 dokuma merkezi ve kervansaray<br data-start=\"2682\" data-end=\"2685\" \/>\ud83d\udd39 Konya'da \u00d6\u011fle Yeme\u011fi<br data-start=\"2700\" data-end=\"2703\" \/>\ud83d\udd39 Kemer'e d\u00f6n\u00fc\u015f transferi<\/p>\n<h3 data-start=\"2735\" data-end=\"2763\">\u2139\ufe0f Faydal\u0131 bilgiler<\/h3>\n<p data-start=\"2764\" data-end=\"3042\">\ud83d\udd39 Tur s\u00fcresi: ~2 g\u00fcn<br data-start=\"2792\" data-end=\"2795\" \/>\ud83d\udd39 Balon yolculu\u011fu - iste\u011fe ba\u011fl\u0131, hava durumuna ba\u011fl\u0131<br data-start=\"2854\" data-end=\"2857\" \/>\ud83d\udd39 Standart konaklama, ek \u00fccret kar\u015f\u0131l\u0131\u011f\u0131nda tek ki\u015filik oda<br data-start=\"2914\" data-end=\"2917\" \/>\ud83d\udd39 Orta d\u00fczeyde fiziksel aktivite (y\u00fcr\u00fcy\u00fc\u015f)<br data-start=\"2962\" data-end=\"2965\" \/>\ud83d\udd39 M\u00fczelere h\u0131zl\u0131 giri\u015f<br data-start=\"2988\" data-end=\"2991\" \/>\ud83d\udd39 04 ya\u015f\u0131na kadar olan \u00e7ocuklar \u00fccretsiz, ayr\u0131 bir yer olmadan<\/p>\n<h3 data-start=\"3044\" data-end=\"3070\">\ud83c\udf92 Yan\u0131n\u0131za ne almal\u0131s\u0131n\u0131z<\/h3>\n<p data-start=\"3071\" data-end=\"3214\">\ud83d\udd39 Pasaport veya Kimlik<br data-start=\"3088\" data-end=\"3091\" \/>\ud83d\udd39 Rahat ayakkab\u0131lar<br data-start=\"3107\" data-end=\"3110\" \/>\ud83d\udd39 Hafif giysiler, g\u00f6zl\u00fck, \u015fapka<br data-start=\"3139\" data-end=\"3142\" \/>\ud83d\udd39 Ak\u015fam i\u00e7in bir ceket.<br data-start=\"3160\" data-end=\"3163\" \/>\ud83d\udd39 Kamera veya ak\u0131ll\u0131 telefon<br data-start=\"3185\" data-end=\"3188\" \/>\ud83d\udd39 Harcamalar i\u00e7in nakit<\/p>\n<h3 data-start=\"3216\" data-end=\"3240\">\ud83d\udeab \u015eunlar i\u00e7in uygun de\u011fildir<\/h3>\n<p data-start=\"3241\" data-end=\"3300\">\ud83d\udd39 Hareket kabiliyeti k\u0131s\u0131tl\u0131 ki\u015filer<br data-start=\"3277\" data-end=\"3280\" \/>\ud83d\udd39 K\u00fc\u00e7\u00fck \u00e7ocuklar<\/p>\n<h3 data-start=\"3302\" data-end=\"3330\">\ud83d\udcb8 Fiyat ve rezervasyon<\/h3>\n<p data-start=\"3331\" data-end=\"3471\"><strong>\ud83d\udd39 \u015eimdi rezervasyon yap\u0131n - tur g\u00fcn\u00fc \u00f6deme yap\u0131n<\/strong><br data-start=\"3377\" data-end=\"3380\" \/>\ud83d\udd39 WhatsApp, Telegram, Viber \u00fczerinden bize ula\u015f\u0131n veya a\u015fa\u011f\u0131daki sipari\u015f formunu doldurun. \ud83d\udc47\ud83c\udffc<\/p>","protected":false},"excerpt":{"rendered":"<p>Kemer'den Kapadokya turu: yeralt\u0131 \u015fehri, vadiler, U\u00e7hisar, \u00e7\u00f6mlek at\u00f6lyeleri ve panoramalar. Kapadokya'n\u0131n en iyi 2 g\u00fcnl\u00fck turu!<\/p>","protected":false},"featured_media":12798,"comment_status":"open","ping_status":"closed","template":"","meta":[],"product_brand":[],"product_cat":[122],"product_tag":[105],"class_list":{"0":"post-12952","1":"product","2":"type-product","3":"status-publish","4":"has-post-thumbnail","6":"tour_phys-ekskursii-v-kemer","7":"product_cat-ekskursii-v-kemer","8":"product_tag-kemer","9":"pa_destination-ekskursii-v-kemer","11":"first","12":"instock","13":"sale","14":"shipping-taxable","15":"purchasable","16":"product-type-tour_phys"},"aioseo_notices":[],"_links":{"self":[{"href":"https:\/\/mirekskursii.com\/tr\/wp-json\/wp\/v2\/product\/12952","targetHints":{"allow":["GET"]}}],"collection":[{"href":"https:\/\/mirekskursii.com\/tr\/wp-json\/wp\/v2\/product"}],"about":[{"href":"https:\/\/mirekskursii.com\/tr\/wp-json\/wp\/v2\/types\/product"}],"replies":[{"embeddable":true,"href":"https:\/\/mirekskursii.com\/tr\/wp-json\/wp\/v2\/comments?post=12952"}],"wp:featuredmedia":[{"embeddable":true,"href":"https:\/\/mirekskursii.com\/tr\/wp-json\/wp\/v2\/media\/12798"}],"wp:attachment":[{"href":"https:\/\/mirekskursii.com\/tr\/wp-json\/wp\/v2\/media?parent=12952"}],"wp:term":[{"taxonomy":"product_brand","embeddable":true,"href":"https:\/\/mirekskursii.com\/tr\/wp-json\/wp\/v2\/product_brand?post=12952"},{"taxonomy":"product_cat","embeddable":true,"href":"https:\/\/mirekskursii.com\/tr\/wp-json\/wp\/v2\/product_cat?post=12952"},{"taxonomy":"product_tag","embeddable":true,"href":"https:\/\/mirekskursii.com\/tr\/wp-json\/wp\/v2\/product_tag?post=12952"}],"curies":[{"name":"wp","href":"https:\/\/api.w.org\/{rel}","templated":true}]}}