{"id":12951,"date":"2025-05-11T12:31:10","date_gmt":"2025-05-11T09:31:10","guid":{"rendered":"https:\/\/mirekskursii.com\/?post_type=product&#038;p=12951"},"modified":"2025-12-12T10:45:36","modified_gmt":"2025-12-12T07:45:36","slug":"istanbul-turu-kemer","status":"publish","type":"product","link":"https:\/\/mirekskursii.com\/ekskursii\/stambul-samolet-iz-kemer\/","title":{"rendered":"Kemer'den \u0130stanbul Turu \u2013 U\u00e7akla G\u00fcn\u00fcbirlik Gezi"},"content":{"rendered":"<h3 data-start=\"175\" data-end=\"187\">\ud83d\udd4c \u0130nceleme<\/h3>\n<p data-start=\"189\" data-end=\"438\">Kemer'den ve Beldibi, G\u00f6yneyuk, Kiri\u015f, \u00c7amyuva ve Tekirova il\u00e7elerinden g\u00fcn\u00fcbirlik bir turla \u0130stanbul'un ihti\u015fam\u0131n\u0131 ke\u015ffedin. Antalya'dan bir u\u00e7u\u015fun, efsanevi Aya Sofya ve Topkap\u0131'n\u0131n, Bo\u011faz boyunca bir y\u00fcr\u00fcy\u00fc\u015f\u00fcn ve profesyonel bir rehberle yo\u011fun bir program\u0131n tad\u0131n\u0131 \u00e7\u0131kar\u0131n.<\/p>\n<h3 data-start=\"440\" data-end=\"453\">Dahil:<\/h3>\n<p data-start=\"455\" data-end=\"692\"><span style=\"color: #00ff00;\"><strong>\u2713<\/strong> <\/span>Otel transferi<br data-start=\"477\" data-end=\"480\" \/><span style=\"color: #00ff00;\"><strong>\u2713<\/strong> <\/span>U\u00e7ak bileti (Antalya - \u0130stanbul - Antalya)<br data-start=\"521\" data-end=\"524\" \/><span style=\"color: #00ff00;\"><strong>\u2713<\/strong> <\/span>Konforlu otob\u00fcs<br data-start=\"549\" data-end=\"552\" \/><span style=\"color: #00ff00;\"><strong>\u2713<\/strong> <\/span>Tam sigorta<br data-start=\"570\" data-end=\"573\" \/><span style=\"color: #00ff00;\"><strong>\u2713<\/strong> <\/span>Rehber: Rus\u00e7a, \u0130ngilizce<br data-start=\"599\" data-end=\"602\" \/><span style=\"color: #00ff00;\"><strong>\u2713<\/strong> <\/span>\u0130lgi \u00e7ekici yerlere giri\u015f \u00fccretleri<br data-start=\"642\" data-end=\"645\" \/><span style=\"color: #00ff00;\"><strong>\u2713<\/strong> <\/span>\u00d6\u011fle ve ak\u015fam yeme\u011fi<br data-start=\"658\" data-end=\"661\" \/><span style=\"color: #00ff00;\"><strong>\u2713<\/strong> <\/span>\u0130stanbul Bo\u011faz\u0131'nda tekne turu<\/p>\n<h3 data-start=\"694\" data-end=\"710\">Dahil de\u011fil:<\/h3>\n<p data-start=\"712\" data-end=\"773\"><span style=\"color: #ff0000;\"><strong>\u2717<\/strong> <\/span>Ki\u015fisel harcamalar<br data-start=\"728\" data-end=\"731\" \/><span style=\"color: #ff0000;\"><strong>\u2717<\/strong> <\/span>Foto\u011fraf ve video (iste\u011fe ba\u011fl\u0131)<br data-start=\"759\" data-end=\"762\" \/><span style=\"color: #ff0000;\"><strong>\u2717<\/strong> <\/span>\u0130\u00e7ecekler<\/p>\n<h3 data-start=\"775\" data-end=\"803\">\u2708\ufe0f Turda \u00d6ne \u00c7\u0131kanlar<\/h3>\n<p data-start=\"805\" data-end=\"1029\">\ud83d\udd39 Aya Sofya, Sultanahmet Camii ve Hipodrom<br data-start=\"844\" data-end=\"847\" \/>\ud83d\udd39 G\u00f6rkemli Topkap\u0131 Saray\u0131<br data-start=\"879\" data-end=\"882\" \/>\ud83d\udd39 \u0130stanbul Bo\u011faz\u0131'nda tekne turu<br data-start=\"912\" data-end=\"915\" \/>\ud83d\udd39 M\u0131s\u0131r ve Kapal\u0131 \u00c7ar\u015f\u0131lar<br data-start=\"943\" data-end=\"946\" \/>\ud83d\udd39 Kumkap\u0131'n\u0131n \u00fcnl\u00fc mahallesinde ak\u015fam yeme\u011fi<br data-start=\"981\" data-end=\"984\" \/>\ud83d\udd39 Ayn\u0131 g\u00fcn i\u00e7inde uygun gidi\u015f-d\u00f6n\u00fc\u015f u\u00e7u\u015fu<\/p>\n<h3 data-start=\"1031\" data-end=\"1053\">\ud83d\udcd6 Tam a\u00e7\u0131klama<\/h3>\n<div data-start=\"1055\" data-end=\"1286\">Yo\u011fun g\u00fcn\u00fcn\u00fcz Kemer ve \u00e7evresinden Antalya Havaliman\u0131'na erken transfer ile ba\u015flayacak. \u0130stanbul'da tarihi yar\u0131maday\u0131 gezeceksiniz: Aya Sofya'y\u0131, Sultanahmet Camii'ni ve antik Hipodrom Meydan\u0131'n\u0131 g\u00f6receksiniz.<\/div>\n<div data-start=\"1288\" data-end=\"1582\">\u00d6\u011fle yeme\u011finden sonra l\u00fcks Topkap\u0131 Saray\u0131'n\u0131n keyfini \u00e7\u0131karacak ve renkli M\u0131s\u0131r \u00c7ar\u015f\u0131s\u0131'nda gezinti yapacaks\u0131n\u0131z. Ard\u0131ndan Avrupa ve Asya'n\u0131n e\u015fsiz manzaralar\u0131 e\u015fli\u011finde Bo\u011faz'da unutulmaz bir tekne turu. G\u00fcn, atmosferik Kumkap\u0131 mahallesinde ak\u015fam yeme\u011fi ile sona erecek, ard\u0131ndan Antalya'ya d\u00f6n\u00fc\u015f u\u00e7u\u015fu ve otelinize transfer.<\/div>\n<h3 data-start=\"1584\" data-end=\"1606\">\ud83d\uddfa\ufe0f Tur Program\u0131<\/h3>\n<p data-start=\"1608\" data-end=\"1956\">\ud83d\udd39 Kemer'den Transfer<br data-start=\"1673\" data-end=\"1676\" \/>\ud83d\udd39 Antalya havaliman\u0131na transfer<br data-start=\"1705\" data-end=\"1708\" \/>\ud83d\udd39 \u0130stanbul'a u\u00e7u\u015f (~1 saat)<br data-start=\"1737\" data-end=\"1740\" \/>\ud83d\udd39 Aya Sofya ve Sultanahmet Camii Turu<br data-start=\"1782\" data-end=\"1785\" \/>\ud83d\udd39 Hipodrom Meydan\u0131<br data-start=\"1804\" data-end=\"1807\" \/>\ud83d\udd39 \u00d6\u011fle Yeme\u011fi<br data-start=\"1814\" data-end=\"1817\" \/>\ud83d\udd39 Topkap\u0131 Saray\u0131<br data-start=\"1834\" data-end=\"1837\" \/>\ud83d\udd39 M\u0131s\u0131r \u00c7ar\u015f\u0131s\u0131<br data-start=\"1856\" data-end=\"1859\" \/>\ud83d\udd39 \u0130stanbul Bo\u011faz\u0131'nda tekne turu<br data-start=\"1889\" data-end=\"1892\" \/>\ud83d\udd39 Kumkap\u0131'da ak\u015fam yeme\u011fi<br data-start=\"1909\" data-end=\"1912\" \/>\ud83d\udd39 Antalya'ya U\u00e7u\u015f<br data-start=\"1932\" data-end=\"1935\" \/>\ud83d\udd39 Otele transfer<\/p>\n<h3 data-start=\"1958\" data-end=\"1984\">\u2139\ufe0f Faydal\u0131 bilgiler<\/h3>\n<p data-start=\"1986\" data-end=\"2219\">\ud83d\udd39 Tur s\u00fcresi ~14-16 saat<br data-start=\"2019\" data-end=\"2022\" \/>\ud83d\udd39 Orta d\u00fczeyde fiziksel aktivite<br data-start=\"2056\" data-end=\"2059\" \/>\ud83d\udd39 Trafik veya hava durumu nedeniyle de\u011fi\u015fiklik g\u00f6sterebilir<br data-start=\"2105\" data-end=\"2108\" \/>\ud83d\udd39 U\u00e7u\u015f yakla\u015f\u0131k 1 saat s\u00fcrer<br data-start=\"2140\" data-end=\"2143\" \/>\ud83d\udd39 Rahat ayakkab\u0131lar giyin<\/p>\n<h3 data-start=\"2221\" data-end=\"2245\">\ud83c\udf92 Yan\u0131n\u0131za ne almal\u0131s\u0131n\u0131z<\/h3>\n<p data-start=\"2247\" data-end=\"2364\">\ud83d\udd39 Pasaport<br data-start=\"2257\" data-end=\"2260\" \/>\ud83d\udd39 Rahat ayakkab\u0131lar<br data-start=\"2276\" data-end=\"2279\" \/>\ud83d\udd39 \u015eapkalar ve g\u00fcne\u015f g\u00f6zl\u00fckleri<br data-start=\"2317\" data-end=\"2320\" \/>\ud83d\udd39 Ki\u015fisel harcamalar i\u00e7in para<br data-start=\"2347\" data-end=\"2350\" \/>\ud83d\udd39 G\u00fc\u00e7 Bankas\u0131<\/p>\n<h3 data-start=\"2366\" data-end=\"2388\">\ud83d\udeab \u015eunlar i\u00e7in uygun de\u011fildir<\/h3>\n<p data-start=\"2390\" data-end=\"2519\">\ud83d\udd39 Ciddi hareketlilik sorunlar\u0131 olan ki\u015filer<br data-start=\"2434\" data-end=\"2437\" \/>\ud83d\udd39 3 ya\u015f\u0131ndan k\u00fc\u00e7\u00fck \u00e7ocuklar<br data-start=\"2458\" data-end=\"2461\" \/>\ud83d\udd39 Uzun gezilere tahamm\u00fcl edemeyen gezginler<\/p>\n<h3 data-start=\"2521\" data-end=\"2547\">\ud83d\udcb8 Fiyat ve rezervasyon<\/h3>\n<p data-start=\"2549\" data-end=\"2687\"><strong>\ud83d\udd39 \u015eimdi rezervasyon yap\u0131n - tur g\u00fcn\u00fc \u00f6deme yap\u0131n<\/strong><br data-start=\"2595\" data-end=\"2598\" \/>\ud83d\udd39 WhatsApp, Telegram, Viber \u00fczerinden bize ula\u015f\u0131n veya a\u015fa\u011f\u0131daki sipari\u015f formunu doldurun. \ud83d\udc47\ud83c\udffc<\/p>","protected":false},"excerpt":{"rendered":"<p data-start=\"2732\" data-end=\"2878\">Kemer'den \u0130stanbul'a tur: Aya Sofya, Topkap\u0131, Bo\u011faz y\u00fcr\u00fcy\u00fc\u015f\u00fc, u\u00e7u\u015f ve Rus\u00e7a konu\u015fan rehber. Kemer'den \u0130stanbul'a en iyi bir g\u00fcnl\u00fck tur!<\/p>","protected":false},"featured_media":12902,"comment_status":"open","ping_status":"closed","template":"","meta":[],"product_brand":[],"product_cat":[122],"product_tag":[105],"class_list":{"0":"post-12951","1":"product","2":"type-product","3":"status-publish","4":"has-post-thumbnail","6":"tour_phys-ekskursii-v-kemer","7":"product_cat-ekskursii-v-kemer","8":"product_tag-kemer","9":"pa_destination-ekskursii-v-kemer","11":"first","12":"instock","13":"sale","14":"shipping-taxable","15":"purchasable","16":"product-type-tour_phys"},"aioseo_notices":[],"_links":{"self":[{"href":"https:\/\/mirekskursii.com\/tr\/wp-json\/wp\/v2\/product\/12951","targetHints":{"allow":["GET"]}}],"collection":[{"href":"https:\/\/mirekskursii.com\/tr\/wp-json\/wp\/v2\/product"}],"about":[{"href":"https:\/\/mirekskursii.com\/tr\/wp-json\/wp\/v2\/types\/product"}],"replies":[{"embeddable":true,"href":"https:\/\/mirekskursii.com\/tr\/wp-json\/wp\/v2\/comments?post=12951"}],"wp:featuredmedia":[{"embeddable":true,"href":"https:\/\/mirekskursii.com\/tr\/wp-json\/wp\/v2\/media\/12902"}],"wp:attachment":[{"href":"https:\/\/mirekskursii.com\/tr\/wp-json\/wp\/v2\/media?parent=12951"}],"wp:term":[{"taxonomy":"product_brand","embeddable":true,"href":"https:\/\/mirekskursii.com\/tr\/wp-json\/wp\/v2\/product_brand?post=12951"},{"taxonomy":"product_cat","embeddable":true,"href":"https:\/\/mirekskursii.com\/tr\/wp-json\/wp\/v2\/product_cat?post=12951"},{"taxonomy":"product_tag","embeddable":true,"href":"https:\/\/mirekskursii.com\/tr\/wp-json\/wp\/v2\/product_tag?post=12951"}],"curies":[{"name":"wp","href":"https:\/\/api.w.org\/{rel}","templated":true}]}}