{"id":12948,"date":"2025-05-11T11:50:59","date_gmt":"2025-05-11T08:50:59","guid":{"rendered":"https:\/\/mirekskursii.com\/?post_type=product&#038;p=12948"},"modified":"2025-12-12T10:46:06","modified_gmt":"2025-12-12T07:46:06","slug":"jeep-safari-turu-kemer","status":"publish","type":"product","link":"https:\/\/mirekskursii.com\/ekskursii\/dzhip-safari-v-kemer\/","title":{"rendered":"Kemer Jeep Safari Turu \u2013 Da\u011f ve Do\u011fa Maceras\u0131"},"content":{"rendered":"<h3 data-start=\"271\" data-end=\"283\">\ud83d\ude99 \u0130nceleme<\/h3>\n<p data-start=\"285\" data-end=\"553\">Kemer ve Beldibi, G\u00f6yneyuk, Kiri\u015f, \u00c7amyuva ve Tekirova il\u00e7elerinden Toros Da\u011flar\u0131 boyunca heyecan verici bir jeep yolculu\u011funa \u00e7\u0131k\u0131n. Pitoresk manzara, geleneksel k\u00f6y, da\u011f nehri ve do\u011fa ile \u00e7evrili \u00f6\u011fle yeme\u011fi sizi bekliyor - a\u00e7\u0131k hava etkinlikleri ve aileler i\u00e7in m\u00fckemmel bir tur!<\/p>\n<h3 data-start=\"555\" data-end=\"568\">Dahil:<\/h3>\n<p data-start=\"570\" data-end=\"699\"><span style=\"color: #00ff00;\"><strong>\u2713<\/strong> <\/span>Otel transferi<br data-start=\"592\" data-end=\"595\" \/><span style=\"color: #00ff00;\"><strong>\u2713<\/strong> <\/span>Profesyonel rehber<br data-start=\"617\" data-end=\"620\" \/><span style=\"color: #00ff00;\"><strong>\u2713<\/strong> <\/span>Jeep 4\u00d74 gezisi<br data-start=\"643\" data-end=\"646\" \/><span style=\"color: #00ff00;\"><strong>\u2713<\/strong> <\/span>Tam sigorta<br data-start=\"664\" data-end=\"667\" \/><span style=\"color: #00ff00;\"><strong>\u2713<\/strong> <\/span>\u00d6\u011fle yeme\u011fi (bal\u0131k veya kebap + salata)<\/p>\n<h3 data-start=\"701\" data-end=\"717\">Dahil de\u011fil:<\/h3>\n<p data-start=\"719\" data-end=\"791\"><span style=\"color: #ff0000;\"><strong>\u2717<\/strong> <\/span>\u0130\u00e7ecekler<br data-start=\"728\" data-end=\"731\" \/><span style=\"color: #ff0000;\"><strong>\u2717<\/strong> <\/span>Ki\u015fisel harcamalar<br data-start=\"747\" data-end=\"750\" \/><span style=\"color: #ff0000;\"><strong>\u2717<\/strong> <\/span>Foto\u011fraf ve video<br data-start=\"764\" data-end=\"767\" \/><span style=\"color: #ff0000;\"><strong>\u2717<\/strong> <\/span>Ma\u011faraya giri\u015f bileti<\/p>\n<h3 data-start=\"793\" data-end=\"821\">\ud83c\udf1f Turun \u00f6ne \u00e7\u0131kan \u00f6zellikleri<\/h3>\n<p data-start=\"823\" data-end=\"1110\">\ud83d\udd39 Heyecan verici bir off-road jeep yolculu\u011fu.<br data-start=\"871\" data-end=\"874\" \/>\ud83d\udd39 Toros Da\u011flar\u0131'n\u0131n muhte\u015fem manzaras\u0131<br data-start=\"906\" data-end=\"909\" \/>\ud83d\udd39 Bir T\u00fcrk k\u00f6y\u00fc ve cami ziyareti<br data-start=\"947\" data-end=\"950\" \/>\ud83d\udd39 Serin bir da\u011f nehrinde y\u0131kanmak<br data-start=\"985\" data-end=\"988\" \/>\ud83d\udd39 Rustik bir restoranda lezzetli bir \u00f6\u011fle yeme\u011fi<br data-start=\"1027\" data-end=\"1030\" \/>\ud83d\udd39 Kesme Bo\u011faz\u0131'nda foto\u011fraf molas\u0131 ve 2000 y\u0131ll\u0131k bir \u00e7\u0131nar a\u011fac\u0131.<br data-start=\"1079\" data-end=\"1082\" \/>\ud83d\udd39 \u0130ste\u011fe ba\u011fl\u0131 su sava\u015f\u0131<\/p>\n<h3 data-start=\"1112\" data-end=\"1134\">\ud83d\udcd6 Tam a\u00e7\u0131klama<\/h3>\n<p data-start=\"1136\" data-end=\"1311\">Yolculu\u011funuz Kemer ve yak\u0131n b\u00f6lgelerden transfer ile ba\u015flayacakt\u0131r. G\u00fc\u00e7l\u00fc 4\u00d74 ciplerle Toros Da\u011flar\u0131'na seyahat edecek, temiz havan\u0131n ve g\u00fczel manzaralar\u0131n tad\u0131n\u0131 \u00e7\u0131karacaks\u0131n\u0131z.<\/p>\n<p data-start=\"1313\" data-end=\"1537\">\u0130lk durak, bir camiyi ziyaret edebilece\u011finiz ve yerel k\u00fclt\u00fcr hakk\u0131nda bilgi edinebilece\u011finiz geleneksel bir T\u00fcrk k\u00f6y\u00fcd\u00fcr. Rota, Kesme Bo\u011faz\u0131, eski bir \u00e7\u0131nar a\u011fac\u0131 ve bir Bizans ma\u011faras\u0131ndaki foto\u011fraf duraklar\u0131 da dahil olmak \u00fczere yol d\u0131\u015f\u0131 devam ediyor.<\/p>\n<p data-start=\"1539\" data-end=\"1765\">K\u00f6y restoran\u0131nda \u00f6\u011fle yeme\u011fi yiyeceksiniz: bal\u0131k veya tavuk kebab\u0131 se\u00e7ene\u011fi ile bal\u0131k veya tavuk kebab\u0131. Ard\u0131ndan serin da\u011f nehrinde y\u00fczeceksiniz. D\u00f6n\u00fc\u015f yolunda e\u011flenceli bir su sava\u015f\u0131 var (iste\u011fe ba\u011fl\u0131). Yo\u011fun bir g\u00fcn\u00fcn ard\u0131ndan otelinize d\u00f6neceksiniz.<\/p>\n<h3 data-start=\"1767\" data-end=\"1789\">\ud83d\uddfa\ufe0f Tur Program\u0131<\/h3>\n<p data-start=\"1791\" data-end=\"2114\">\ud83d\udd39 Kemer'den Transfer: Beldibi, G\u00f6yn\u00fck, Kiri\u015f, \u00c7amyuva, Tekirova<br data-start=\"1856\" data-end=\"1859\" \/>\ud83d\udd39 Kesme Bo\u011faz\u0131'nda fotostop<br data-start=\"1885\" data-end=\"1888\" \/>\ud83d\udd39 2.000 y\u0131ll\u0131k bir \u00e7\u0131nar a\u011fac\u0131na ziyaret<br data-start=\"1921\" data-end=\"1924\" \/>\ud83d\udd39 Bizans ma\u011faras\u0131nda mola verin<br data-start=\"1958\" data-end=\"1961\" \/>\ud83d\udd39 1500 m y\u00fckseklikte panoramik nokta<br data-start=\"1997\" data-end=\"2000\" \/>\ud83d\udd39 Rustik bir restoranda \u00f6\u011fle yeme\u011fi<br data-start=\"2031\" data-end=\"2034\" \/>\ud83d\udd39 Bir da\u011f nehrinde y\u0131kanmak<br data-start=\"2058\" data-end=\"2061\" \/>\ud83d\udd39 \u0130ste\u011fe ba\u011fl\u0131 su sava\u015f\u0131<br data-start=\"2089\" data-end=\"2092\" \/>\ud83d\udd39 Otele d\u00f6n\u00fc\u015f<\/p>\n<h3 data-start=\"2116\" data-end=\"2142\">\u2139\ufe0f Faydal\u0131 bilgiler<\/h3>\n<p data-start=\"2144\" data-end=\"2283\">\ud83d\udd39 S\u00fcre: ~5-6 saat<br data-start=\"2176\" data-end=\"2179\" \/>\ud83d\udd39 Hava ko\u015fullar\u0131 nedeniyle rota de\u011fi\u015febilir<br data-start=\"2217\" data-end=\"2220\" \/>\ud83d\udd39 Orta d\u00fczeyde fiziksel aktivite (binicilik, y\u00fcr\u00fcy\u00fc\u015f, y\u00fczme)<\/p>\n<h3 data-start=\"2285\" data-end=\"2309\">\ud83c\udf92 Yan\u0131n\u0131za ne almal\u0131s\u0131n\u0131z<\/h3>\n<p data-start=\"2311\" data-end=\"2447\">\ud83d\udd39 G\u00fcne\u015f G\u00f6zl\u00fc\u011f\u00fc<br data-start=\"2333\" data-end=\"2336\" \/>\ud83d\udd39 Mayo ve havlu.<br data-start=\"2360\" data-end=\"2363\" \/>\ud83d\udd39 G\u00fcne\u015f Kremi<br data-start=\"2385\" data-end=\"2388\" \/>\ud83d\udd39 Rahat k\u0131yafetler ve ayakkab\u0131lar<br data-start=\"2413\" data-end=\"2416\" \/>\ud83d\udd39 Ki\u015fisel harcamalar i\u00e7in nakit<\/p>\n<h3 data-start=\"2449\" data-end=\"2471\">\ud83d\udeab \u015eunlar i\u00e7in uygun de\u011fildir<\/h3>\n<p data-start=\"2473\" data-end=\"2574\">\ud83d\udd39 Y\u00fcksek tansiyonu olan ki\u015filer<br data-start=\"2501\" data-end=\"2504\" \/>\ud83d\udd39 Hamile kad\u0131nlar<br data-start=\"2524\" data-end=\"2527\" \/>\ud83d\udd39 Hareket kabiliyeti k\u0131s\u0131tl\u0131 gezginler<\/p>\n<h3 data-start=\"2576\" data-end=\"2602\">\ud83d\udcb8 Fiyat ve rezervasyon<\/h3>\n<p data-start=\"2604\" data-end=\"2742\"><strong>\ud83d\udd39 \u015eimdi rezervasyon yap\u0131n - tur g\u00fcn\u00fc \u00f6deme yap\u0131n<\/strong><br data-start=\"2650\" data-end=\"2653\" \/>\ud83d\udd39 WhatsApp, Telegram, Viber \u00fczerinden bize ula\u015f\u0131n veya a\u015fa\u011f\u0131daki sipari\u015f formunu doldurun. \ud83d\udc47\ud83c\udffc<\/p>","protected":false},"excerpt":{"rendered":"<p>Kemer'de Jeep safari: Toros Da\u011flar\u0131'nda macera, k\u00f6y, Kesme Bo\u011faz\u0131, nehirde y\u00fczme, \u00f6\u011fle yeme\u011fi, transfer, rehber. Aktif tatiller ve aileler i\u00e7in!<\/p>","protected":false},"featured_media":12717,"comment_status":"open","ping_status":"closed","template":"","meta":[],"product_brand":[],"product_cat":[122],"product_tag":[105],"class_list":{"0":"post-12948","1":"product","2":"type-product","3":"status-publish","4":"has-post-thumbnail","6":"tour_phys-ekskursii-v-kemer","7":"product_cat-ekskursii-v-kemer","8":"product_tag-kemer","9":"pa_destination-ekskursii-v-kemer","11":"first","12":"instock","13":"sale","14":"shipping-taxable","15":"purchasable","16":"product-type-tour_phys"},"aioseo_notices":[],"_links":{"self":[{"href":"https:\/\/mirekskursii.com\/tr\/wp-json\/wp\/v2\/product\/12948","targetHints":{"allow":["GET"]}}],"collection":[{"href":"https:\/\/mirekskursii.com\/tr\/wp-json\/wp\/v2\/product"}],"about":[{"href":"https:\/\/mirekskursii.com\/tr\/wp-json\/wp\/v2\/types\/product"}],"replies":[{"embeddable":true,"href":"https:\/\/mirekskursii.com\/tr\/wp-json\/wp\/v2\/comments?post=12948"}],"wp:featuredmedia":[{"embeddable":true,"href":"https:\/\/mirekskursii.com\/tr\/wp-json\/wp\/v2\/media\/12717"}],"wp:attachment":[{"href":"https:\/\/mirekskursii.com\/tr\/wp-json\/wp\/v2\/media?parent=12948"}],"wp:term":[{"taxonomy":"product_brand","embeddable":true,"href":"https:\/\/mirekskursii.com\/tr\/wp-json\/wp\/v2\/product_brand?post=12948"},{"taxonomy":"product_cat","embeddable":true,"href":"https:\/\/mirekskursii.com\/tr\/wp-json\/wp\/v2\/product_cat?post=12948"},{"taxonomy":"product_tag","embeddable":true,"href":"https:\/\/mirekskursii.com\/tr\/wp-json\/wp\/v2\/product_tag?post=12948"}],"curies":[{"name":"wp","href":"https:\/\/api.w.org\/{rel}","templated":true}]}}