{"id":12947,"date":"2025-05-11T11:43:49","date_gmt":"2025-05-11T08:43:49","guid":{"rendered":"https:\/\/mirekskursii.com\/?post_type=product&#038;p=12947"},"modified":"2026-04-02T23:00:23","modified_gmt":"2026-04-02T20:00:23","slug":"yanartas-olympos-kemer","status":"publish","type":"product","link":"https:\/\/mirekskursii.com\/ekskursii\/ogni-himera-olimpos-dzhip-iz-kemer\/","title":{"rendered":"Kemer'den Yanarta\u015f &amp; Olympos Gece Jeep Safari Turu"},"content":{"rendered":"<h3 data-start=\"351\" data-end=\"362\">\u2b50 \u0130nceleme<\/h3>\n<p data-start=\"364\" data-end=\"625\">Kemer ve Beldibi, G\u00f6y\u00fck, Kiri\u015f, \u00c7amyuva ve Tekirova il\u00e7elerinden gece jeep safarisi Olympos ve Yanarta\u015f'a \u00e7\u0131k\u0131n. G\u00fcn bat\u0131m\u0131ndan sonra Yanarta\u015f'\u0131n sonsuz \u0131\u015f\u0131klar\u0131n\u0131n, Olimpos plaj\u0131nda y\u00fczmenin ve Ulup\u0131nar'da nehir kenar\u0131nda ak\u015fam yeme\u011finin tad\u0131n\u0131 \u00e7\u0131karacaks\u0131n\u0131z - \u00e7iftler, aileler ve do\u011fa severler i\u00e7in m\u00fckemmel bir ak\u015fam.<\/p>\n<h3 data-start=\"627\" data-end=\"640\">Dahil:<\/h3>\n<p data-start=\"642\" data-end=\"758\"><span style=\"color: #00ff00;\"><strong>\u2713<\/strong> <\/span>Otel transferi<br data-start=\"664\" data-end=\"667\" \/><span style=\"color: #00ff00;\"><strong>\u2713<\/strong> <\/span>Chimera giri\u015f \u00fccreti<br data-start=\"692\" data-end=\"695\" \/><span style=\"color: #00ff00;\"><strong>\u2713<\/strong> <\/span>Profesyonel s\u00fcr\u00fcc\u00fc ve rehber<br data-start=\"728\" data-end=\"731\" \/><span style=\"color: #00ff00;\"><strong>\u2713<\/strong> <\/span>Tam sigorta<br data-start=\"749\" data-end=\"752\" \/><span style=\"color: #00ff00;\"><strong>\u2713<\/strong> <\/span>Ak\u015fam Yeme\u011fi<\/p>\n<h3 data-start=\"760\" data-end=\"776\">Dahil de\u011fil:<\/h3>\n<p data-start=\"778\" data-end=\"835\"><span style=\"color: #ff0000;\"><strong>\u2717<\/strong> <\/span>Ki\u015fisel harcamalar<br data-start=\"794\" data-end=\"797\" \/><span style=\"color: #ff0000;\"><strong>\u2717<\/strong> <\/span>Olympos'a giri\u015f bileti<br data-start=\"823\" data-end=\"826\" \/><span style=\"color: #ff0000;\"><strong>\u2717<\/strong> <\/span>\u0130\u00e7ecekler<\/p>\n<h3 data-start=\"837\" data-end=\"865\">\ud83c\udf1f Turun \u00f6ne \u00e7\u0131kan \u00f6zellikleri<\/h3>\n<p data-start=\"867\" data-end=\"1091\">\ud83d\udd39 Alacakaranl\u0131ktan Sonra Yanarta\u015f'\u0131n Sonsuz I\u015f\u0131klar\u0131<br data-start=\"901\" data-end=\"904\" \/>\ud83d\udd39 Olympos sahilinde denize girmek<br data-start=\"931\" data-end=\"934\" \/>\ud83d\udd39 Kuzdere ve Tekirova k\u00f6ylerinde jeep gezisi<br data-start=\"987\" data-end=\"990\" \/>\ud83d\udd39 Ulup\u0131nar'da nehir kenar\u0131nda ak\u015fam yeme\u011fi<br data-start=\"1016\" data-end=\"1019\" \/>\ud83d\udd39 Range Rover'\u0131n 10 ki\u015filik konforlu SUV'lar\u0131.<br data-start=\"1061\" data-end=\"1064\" \/>\ud83d\udd39 Ak\u015famlar\u0131 atmosferik manzaralar<\/p>\n<h3 data-start=\"1093\" data-end=\"1115\">\ud83d\udcd6 Tam a\u00e7\u0131klama<\/h3>\n<div data-start=\"1117\" data-end=\"1296\">Ak\u015fam\u0131n\u0131z Kemer ve kom\u015fu b\u00f6lgelerden transfer ile ba\u015flayacak. Y\u00fcksek g\u00fc\u00e7l\u00fc ciplerle Kuzdere ve Tekirova k\u00f6ylerinden ge\u00e7erek y\u00fczebilece\u011finiz ve dinlenebilece\u011finiz Olimpos Plaj\u0131'na gideceksiniz.<\/div>\n<div data-start=\"1298\" data-end=\"1455\">Daha sonra yakla\u015f\u0131k 30 dakikal\u0131k bir y\u00fcr\u00fcy\u00fc\u015f rotas\u0131 olan Chimera'ya t\u0131rmanacaks\u0131n\u0131z. Zirvede, kayalar\u0131n \u00fczerinde binlerce y\u0131ld\u0131r yanmakta olan \u00fcnl\u00fc \u00abebedi \u0131\u015f\u0131klar\u0131\u00bb g\u00f6receksiniz.<\/div>\n<div data-start=\"1457\" data-end=\"1601\">Ak\u015fam, Ulup\u0131nar'da nehir kenar\u0131nda rahat bir restoranda ak\u015fam yeme\u011fi ile sona erecek - salata ile taze bal\u0131k veya tavuk. Ak\u015fam yeme\u011finden sonra otele d\u00f6n\u00fc\u015f yolculu\u011funuz olacak.<\/div>\n<h3 data-start=\"1603\" data-end=\"1625\">\ud83d\uddfa\ufe0f Tur Program\u0131<\/h3>\n<p data-start=\"1627\" data-end=\"1876\">\ud83d\udd39 Kemer'den Transfer<br data-start=\"1692\" data-end=\"1695\" \/>\ud83d\udd39 K\u0131rsal kesimde bir cip gezintisi<br data-start=\"1729\" data-end=\"1732\" \/>\ud83d\udd39 Olympos sahilinde denize girmek<br data-start=\"1759\" data-end=\"1762\" \/>\ud83d\udd39 Chimera I\u015f\u0131klar\u0131na T\u0131rman\u0131\u015f (30 dakika)<br data-start=\"1797\" data-end=\"1800\" \/>\ud83d\udd39 Ebedi alevler aras\u0131nda bir tur<br data-start=\"1822\" data-end=\"1825\" \/>\ud83d\udd39 Ulup\u0131nar'da nehir kenar\u0131nda ak\u015fam yeme\u011fi<br data-start=\"1851\" data-end=\"1854\" \/>\ud83d\udd39 Otele d\u00f6n\u00fc\u015f<\/p>\n<h3 data-start=\"1878\" data-end=\"1904\">\u2139\ufe0f Faydal\u0131 bilgiler<\/h3>\n<p data-start=\"1906\" data-end=\"2113\">\ud83d\udd39 Tur s\u00fcresi: ~7 saat (16:00-23:00)<br data-start=\"1950\" data-end=\"1953\" \/>\ud83d\udd39 Orta d\u00fczeyde aktivite (tepe t\u0131rman\u0131\u015f\u0131 ve y\u00fcr\u00fcy\u00fc\u015f)<br data-start=\"2003\" data-end=\"2006\" \/>\ud83d\udd39 Temel fiziksel uygunlu\u011fa sahip misafirler i\u00e7in uygundur<br data-start=\"2061\" data-end=\"2064\" \/>\ud83d\udd39 Jeepler profesyonel s\u00fcr\u00fcc\u00fcler taraf\u0131ndan s\u00fcr\u00fcl\u00fcr<\/p>\n<h3 data-start=\"2115\" data-end=\"2139\">\ud83c\udf92 Yan\u0131n\u0131za ne almal\u0131s\u0131n\u0131z<\/h3>\n<p data-start=\"2141\" data-end=\"2220\">\ud83d\udd39 Rahat kald\u0131rma ayakkab\u0131lar\u0131<br data-start=\"2169\" data-end=\"2172\" \/>\ud83d\udd39 Mayo ve havlu.<br data-start=\"2196\" data-end=\"2199\" \/>\ud83d\udd39 Su ve ki\u015fisel e\u015fyalar<\/p>\n<h3 data-start=\"2222\" data-end=\"2244\">\ud83d\udeab \u015eunlar i\u00e7in uygun de\u011fildir<\/h3>\n<p data-start=\"2246\" data-end=\"2329\">\ud83d\udd39 Hareket kabiliyeti k\u0131s\u0131tl\u0131 ki\u015filer<br data-start=\"2282\" data-end=\"2285\" \/>\ud83d\udd39 4 ya\u015f\u0131ndan k\u00fc\u00e7\u00fck \u00e7ocuklar<br data-start=\"2306\" data-end=\"2309\" \/>\ud83d\udd39 Hamile kad\u0131nlar<\/p>\n<h3 data-start=\"2331\" data-end=\"2357\">\ud83d\udcb8 Fiyat ve rezervasyon<\/h3>\n<p data-start=\"2359\" data-end=\"2497\"><strong>\ud83d\udd39 \u015eimdi rezervasyon yap\u0131n - tur g\u00fcn\u00fc \u00f6deme yap\u0131n<\/strong><br data-start=\"2405\" data-end=\"2408\" \/>\ud83d\udd39 WhatsApp, Telegram, Viber \u00fczerinden bize ula\u015f\u0131n veya a\u015fa\u011f\u0131daki sipari\u015f formunu doldurun. \ud83d\udc47\ud83c\udffc<\/p>","protected":false},"excerpt":{"rendered":"<p>Kemer'den Yanarta\u015f \u0131\u015f\u0131klar\u0131na gece jeep safarisi, Olympos plaj\u0131 ve nehir kenar\u0131nda ak\u015fam yeme\u011fi. Transfer, rehberlik, sigorta ve Yanarta\u015f giri\u015fi dahil! World of Excursions'dan!<\/p>","protected":false},"featured_media":12731,"comment_status":"open","ping_status":"closed","template":"","meta":[],"product_brand":[],"product_cat":[122],"product_tag":[105],"class_list":{"0":"post-12947","1":"product","2":"type-product","3":"status-publish","4":"has-post-thumbnail","6":"tour_phys-ekskursii-v-kemer","7":"product_cat-ekskursii-v-kemer","8":"product_tag-kemer","9":"pa_destination-ekskursii-v-kemer","11":"first","12":"instock","13":"sale","14":"shipping-taxable","15":"purchasable","16":"product-type-tour_phys"},"aioseo_notices":[],"_links":{"self":[{"href":"https:\/\/mirekskursii.com\/tr\/wp-json\/wp\/v2\/product\/12947","targetHints":{"allow":["GET"]}}],"collection":[{"href":"https:\/\/mirekskursii.com\/tr\/wp-json\/wp\/v2\/product"}],"about":[{"href":"https:\/\/mirekskursii.com\/tr\/wp-json\/wp\/v2\/types\/product"}],"replies":[{"embeddable":true,"href":"https:\/\/mirekskursii.com\/tr\/wp-json\/wp\/v2\/comments?post=12947"}],"wp:featuredmedia":[{"embeddable":true,"href":"https:\/\/mirekskursii.com\/tr\/wp-json\/wp\/v2\/media\/12731"}],"wp:attachment":[{"href":"https:\/\/mirekskursii.com\/tr\/wp-json\/wp\/v2\/media?parent=12947"}],"wp:term":[{"taxonomy":"product_brand","embeddable":true,"href":"https:\/\/mirekskursii.com\/tr\/wp-json\/wp\/v2\/product_brand?post=12947"},{"taxonomy":"product_cat","embeddable":true,"href":"https:\/\/mirekskursii.com\/tr\/wp-json\/wp\/v2\/product_cat?post=12947"},{"taxonomy":"product_tag","embeddable":true,"href":"https:\/\/mirekskursii.com\/tr\/wp-json\/wp\/v2\/product_tag?post=12947"}],"curies":[{"name":"wp","href":"https:\/\/api.w.org\/{rel}","templated":true}]}}