{"id":12946,"date":"2025-05-11T11:35:10","date_gmt":"2025-05-11T08:35:10","guid":{"rendered":"https:\/\/mirekskursii.com\/?post_type=product&#038;p=12946"},"modified":"2026-02-13T10:54:00","modified_gmt":"2026-02-13T07:54:00","slug":"quad-safari-turu-kemer","status":"publish","type":"product","link":"https:\/\/mirekskursii.com\/ekskursii\/kvad-safari-v-kemer\/","title":{"rendered":"Kemer Quad Safari Turu \u2013 E\u011flenceli Off-Road Do\u011fa Maceras\u0131"},"content":{"rendered":"<h3 data-start=\"292\" data-end=\"303\">\u2b50 \u0130nceleme<\/h3>\n<p data-start=\"305\" data-end=\"617\">Kemer ve Beldibi, G\u00f6yneyuk, Kiri\u015f, \u00c7amyuva ve Tekirova il\u00e7elerinden Toros Da\u011flar\u0131 boyunca heyecan verici bir ATV maceras\u0131na \u00e7\u0131k\u0131n! Orman patikalar\u0131 ve kayal\u0131k yollardan ge\u00e7in, panoramik manzaralar\u0131n tad\u0131n\u0131 \u00e7\u0131kar\u0131n ve bir kanyonda kendinizi yenileyin. Bu tur adrenalin tutkunlar\u0131 i\u00e7in idealdir - deneyim gerekmez.<\/p>\n<h3 data-start=\"619\" data-end=\"632\">Dahil:<\/h3>\n<p data-start=\"634\" data-end=\"724\"><span style=\"color: #00ff00;\"><strong>\u2713<\/strong> <\/span>Otel transferi<br data-start=\"656\" data-end=\"659\" \/><span style=\"color: #00ff00;\"><strong>\u2713<\/strong> <\/span>Profesyonel rehber<br data-start=\"681\" data-end=\"684\" \/><span style=\"color: #00ff00;\"><strong>\u2713<\/strong> <\/span>Sigorta<br data-start=\"695\" data-end=\"698\" \/><span style=\"color: #00ff00;\"><strong>\u2713<\/strong> <\/span>Ekipman (kask, vb.)<\/p>\n<h3 data-start=\"726\" data-end=\"742\">Dahil de\u011fil:<\/h3>\n<p data-start=\"744\" data-end=\"777\"><span style=\"color: #ff0000;\"><strong>\u2717<\/strong> <\/span>Ki\u015fisel harcamalar<br data-start=\"760\" data-end=\"763\" \/><span style=\"color: #ff0000;\"><strong>\u2717<\/strong> <\/span>Foto\u011fraf ve video<\/p>\n<h3 data-start=\"779\" data-end=\"807\">\ud83c\udf1f Turun \u00f6ne \u00e7\u0131kan \u00f6zellikleri<\/h3>\n<p data-start=\"809\" data-end=\"1016\">\ud83d\udd39 Atv motorlar\u0131nda adrenalin patlamas\u0131<br data-start=\"847\" data-end=\"850\" \/>\ud83d\udd39 Orman patikalar\u0131 ve ta\u015fl\u0131 yollar<br data-start=\"885\" data-end=\"888\" \/>\ud83d\udd39 Panoramik manzaralar ve fotostop<br data-start=\"917\" data-end=\"920\" \/>\ud83d\udd39 Kanyonda serinletici bir y\u00fczme<br data-start=\"951\" data-end=\"954\" \/>\ud83d\udd39 Yeni ba\u015flayanlar i\u00e7in uygun<br data-start=\"978\" data-end=\"981\" \/>\ud83d\udd39 Toros Da\u011flar\u0131'n\u0131n \u00e7arp\u0131c\u0131 manzaralar\u0131<\/p>\n<h3 data-start=\"1018\" data-end=\"1040\">\ud83d\udcd6 Tam a\u00e7\u0131klama<\/h3>\n<div data-start=\"1042\" data-end=\"1367\">Turunuz Kemer ve \u00e7evresinden transfer ile ba\u015flayacakt\u0131r. \u00dcsse vard\u0131\u011f\u0131n\u0131zda, e\u011fitmenler size ayr\u0131nt\u0131l\u0131 bir g\u00fcvenlik brifingi ve k\u0131sa bir test s\u00fcr\u00fc\u015f\u00fc verecektir. Ard\u0131ndan ger\u00e7ek macera ba\u015fl\u0131yor: rota, d\u00f6rtl\u00fc bisikletlerin g\u00fcc\u00fcn\u00fc ve adrenalin y\u00fck\u00fcn\u00fc hissedece\u011finiz orman patikalar\u0131ndan ve kayal\u0131k yollardan ge\u00e7iyor.<\/div>\n<div data-start=\"1369\" data-end=\"1646\">Yol boyunca, foto\u011fraflar i\u00e7in bir g\u00f6r\u00fcnt\u00fcleme platformunda durulur. Rota daha sonra biraz daha zorlu hale geliyor ve bu da geziyi daha da ilgin\u00e7 hale getiriyor. Turun son k\u0131sm\u0131, geziden sonra kendinizi yenileyebilece\u011finiz kanyonda y\u00fczmektir. Rotay\u0131 tamamlad\u0131ktan sonra otelinize geri g\u00f6t\u00fcr\u00fcleceksiniz.<\/div>\n<h3 data-start=\"1648\" data-end=\"1670\">\ud83d\uddfa\ufe0f Tur Program\u0131<\/h3>\n<p data-start=\"1672\" data-end=\"1958\">\ud83d\udd39 Kemer'den Transfer<br data-start=\"1737\" data-end=\"1740\" \/>\ud83d\udd39 D\u00f6rt tekerlekli bisiklet \u00fcss\u00fcne var\u0131\u015f<br data-start=\"1772\" data-end=\"1775\" \/>\ud83d\udd39 Talimat ve test s\u00fcr\u00fc\u015f\u00fc<br data-start=\"1801\" data-end=\"1804\" \/>\ud83d\udd39 Orman patikalar\u0131nda ve kayal\u0131k yollarda s\u00fcr\u00fc\u015f<br data-start=\"1850\" data-end=\"1853\" \/>\ud83d\udd39 Panoramik bir noktada fotostop<br data-start=\"1884\" data-end=\"1887\" \/>\ud83d\udd39 Rotan\u0131n devam\u0131<br data-start=\"1910\" data-end=\"1913\" \/>\ud83d\udd39 Kanyonda banyo yapmak<br data-start=\"1933\" data-end=\"1936\" \/>\ud83d\udd39 Otele d\u00f6n\u00fc\u015f<\/p>\n<h3 data-start=\"1960\" data-end=\"1986\">\u2139\ufe0f Faydal\u0131 bilgiler<\/h3>\n<p data-start=\"1988\" data-end=\"2371\">\ud83d\udd39 Tur s\u00fcresi: 3 saat<br data-start=\"2018\" data-end=\"2021\" \/>\ud83d\udd39 Ehliyete gerek yok<br data-start=\"2055\" data-end=\"2058\" \/>\ud83d\udd39 Asgari s\u00fcr\u00fcc\u00fc ya\u015f\u0131 - 17 ya\u015f<br data-start=\"2098\" data-end=\"2101\" \/>\ud83d\udd39 Ekipman temin edilir<br data-start=\"2130\" data-end=\"2133\" \/>\ud83d\udd39 Orta veya y\u00fcksek fiziksel aktivite<\/p>\n<h3 data-start=\"2373\" data-end=\"2397\">\ud83c\udf92 Yan\u0131n\u0131za ne almal\u0131s\u0131n\u0131z<\/h3>\n<p data-start=\"2399\" data-end=\"2510\">\ud83d\udd39 Rahat k\u0131yafetler ve ayakkab\u0131lar<br data-start=\"2424\" data-end=\"2427\" \/>\ud83d\udd39 Mayo ve havlu.<br data-start=\"2451\" data-end=\"2454\" \/>\ud83d\udd39 G\u00fcne\u015f Kremi<br data-start=\"2476\" data-end=\"2479\" \/>\ud83d\udd39 Ki\u015fisel harcamalar i\u00e7in nakit<\/p>\n<h3 data-start=\"2512\" data-end=\"2534\">\ud83d\udeab \u015eunlar i\u00e7in uygun de\u011fildir<\/h3>\n<p data-start=\"2536\" data-end=\"2595\">\ud83d\udd39 Hamile kad\u0131nlar<br data-start=\"2556\" data-end=\"2559\" \/>\ud83d\udd39 Hareket kabiliyeti k\u0131s\u0131tl\u0131 ki\u015filer<\/p>\n<h3 data-start=\"2597\" data-end=\"2623\">\ud83d\udcb8 Fiyat ve rezervasyon<\/h3>\n<p data-start=\"2625\" data-end=\"2763\"><strong>\ud83d\udd39 \u015eimdi rezervasyon yap\u0131n - tur g\u00fcn\u00fc \u00f6deme yap\u0131n<\/strong><br data-start=\"2671\" data-end=\"2674\" \/>\ud83d\udd39 WhatsApp, Telegram, Viber \u00fczerinden bize ula\u015f\u0131n veya a\u015fa\u011f\u0131daki sipari\u015f formunu doldurun. \ud83d\udc47\ud83c\udffc<\/p>","protected":false},"excerpt":{"rendered":"<p>Kemer'de Atv Safari: da\u011flarda s\u00fcr\u00fc\u015f, Gainyuk Kanyonu, nehirde y\u00fczme. Transfer, brifing, sigorta dahil! Ginza Travel'dan geziler d\u00fcnyas\u0131<\/p>","protected":false},"featured_media":12701,"comment_status":"open","ping_status":"closed","template":"","meta":[],"product_brand":[],"product_cat":[122],"product_tag":[105],"class_list":{"0":"post-12946","1":"product","2":"type-product","3":"status-publish","4":"has-post-thumbnail","6":"tour_phys-ekskursii-v-kemer","7":"product_cat-ekskursii-v-kemer","8":"product_tag-kemer","9":"pa_destination-ekskursii-v-kemer","11":"first","12":"instock","13":"sale","14":"shipping-taxable","15":"purchasable","16":"product-type-tour_phys"},"aioseo_notices":[],"_links":{"self":[{"href":"https:\/\/mirekskursii.com\/tr\/wp-json\/wp\/v2\/product\/12946","targetHints":{"allow":["GET"]}}],"collection":[{"href":"https:\/\/mirekskursii.com\/tr\/wp-json\/wp\/v2\/product"}],"about":[{"href":"https:\/\/mirekskursii.com\/tr\/wp-json\/wp\/v2\/types\/product"}],"replies":[{"embeddable":true,"href":"https:\/\/mirekskursii.com\/tr\/wp-json\/wp\/v2\/comments?post=12946"}],"wp:featuredmedia":[{"embeddable":true,"href":"https:\/\/mirekskursii.com\/tr\/wp-json\/wp\/v2\/media\/12701"}],"wp:attachment":[{"href":"https:\/\/mirekskursii.com\/tr\/wp-json\/wp\/v2\/media?parent=12946"}],"wp:term":[{"taxonomy":"product_brand","embeddable":true,"href":"https:\/\/mirekskursii.com\/tr\/wp-json\/wp\/v2\/product_brand?post=12946"},{"taxonomy":"product_cat","embeddable":true,"href":"https:\/\/mirekskursii.com\/tr\/wp-json\/wp\/v2\/product_cat?post=12946"},{"taxonomy":"product_tag","embeddable":true,"href":"https:\/\/mirekskursii.com\/tr\/wp-json\/wp\/v2\/product_tag?post=12946"}],"curies":[{"name":"wp","href":"https:\/\/api.w.org\/{rel}","templated":true}]}}