{"id":12945,"date":"2025-05-11T11:00:46","date_gmt":"2025-05-11T08:00:46","guid":{"rendered":"https:\/\/mirekskursii.com\/?post_type=product&#038;p=12945"},"modified":"2025-12-23T22:55:44","modified_gmt":"2025-12-23T19:55:44","slug":"kemer-turk-hamami","status":"publish","type":"product","link":"https:\/\/mirekskursii.com\/ekskursii\/hamam-v-kemer\/","title":{"rendered":"Kemer T\u00fcrk Hamam\u0131 \u2013 Geleneksel Spa Keyfi"},"content":{"rendered":"<h3 data-start=\"312\" data-end=\"323\">\u2b50 \u0130nceleme<\/h3>\n<p data-start=\"325\" data-end=\"530\">Beldibi, G\u00f6yneyuk, Kiri\u015f, \u00c7amyuva ve Tekirova il\u00e7elerinden transferlerle Kemer'de geleneksel bir T\u00fcrk hamam\u0131nda rahatlay\u0131n. Sauna, buhar odas\u0131, kese, k\u00f6p\u00fck ve aroma masaj\u0131 size tam bir rahatlama ve yenilenme sa\u011flayacakt\u0131r.<\/p>\n<h3 data-start=\"532\" data-end=\"545\">Dahil:<\/h3>\n<p data-start=\"547\" data-end=\"725\"><span style=\"color: #00ff00;\"><strong>\u2713<\/strong> <\/span>Otel transferi<br data-start=\"569\" data-end=\"572\" \/><span style=\"color: #00ff00;\"><strong>\u2713<\/strong> <\/span>Konforlu otob\u00fcs<br data-start=\"597\" data-end=\"600\" \/><span style=\"color: #00ff00;\"><strong>\u2713<\/strong> <\/span>Sauna ve buhar odas\u0131<br data-start=\"616\" data-end=\"619\" \/><span style=\"color: #00ff00;\"><strong>\u2713<\/strong> <\/span>Ovma (15 dakika)<br data-start=\"635\" data-end=\"638\" \/><span style=\"color: #00ff00;\"><strong>\u2713<\/strong> <\/span>K\u00f6p\u00fck masaj\u0131 (15 dk)<br data-start=\"662\" data-end=\"665\" \/><span style=\"color: #00ff00;\"><strong>\u2713<\/strong> <\/span>Kil maskesi<br data-start=\"681\" data-end=\"684\" \/><span style=\"color: #00ff00;\"><strong>\u2713<\/strong> <\/span>Aroma masaj\u0131 (20 dakika)<br data-start=\"706\" data-end=\"709\" \/><span style=\"color: #00ff00;\"><strong>\u2713<\/strong> <\/span>T\u00fcrk \u00e7ay\u0131<\/p>\n<h3 data-start=\"727\" data-end=\"743\">Dahil de\u011fil:<\/h3>\n<p data-start=\"745\" data-end=\"780\"><span style=\"color: #ff0000;\"><strong>\u2717<\/strong> <\/span>Hamamda ek hizmetler<\/p>\n<h3 data-start=\"782\" data-end=\"810\">\ud83c\udf1f Turun \u00f6ne \u00e7\u0131kan \u00f6zellikleri<\/h3>\n<p data-start=\"812\" data-end=\"1072\">\ud83d\udd39 Kemer'de otantik T\u00fcrk hamam\u0131<br data-start=\"851\" data-end=\"854\" \/>\ud83d\udd39 Tam rahatlama: kese, k\u00f6p\u00fck ve aroma masaj\u0131<br data-start=\"903\" data-end=\"906\" \/>\ud83d\udd39 Sauna, buhar odas\u0131 ve y\u00fczme havuzuna eri\u015fim<br data-start=\"942\" data-end=\"945\" \/>\ud83d\udd39 Kan dola\u015f\u0131m\u0131n\u0131 iyile\u015ftirir ve cildi ar\u0131nd\u0131r\u0131r<br data-start=\"988\" data-end=\"991\" \/>\ud83d\udd39 Erkekler ve kad\u0131nlar i\u00e7in uygundur<br data-start=\"1022\" data-end=\"1025\" \/>\ud83d\udd39 Rahat bir atmosfer ve geleneksel T\u00fcrk \u00e7ay\u0131<\/p>\n<h3 data-start=\"1074\" data-end=\"1096\">\ud83d\udcd6 Tam a\u00e7\u0131klama<\/h3>\n<div data-start=\"1098\" data-end=\"1376\">Tatiliniz Kemer ve yak\u0131n b\u00f6lgelerdeki otelinizden konforlu bir transferle ba\u015flayacakt\u0131r. Var\u0131\u015fta sauna ve buhar odas\u0131nda rahatlayabilir, v\u00fccudunuzu di\u011fer bak\u0131mlar i\u00e7in haz\u0131rlayabilirsiniz. Ard\u0131ndan cildinizi tazelemek ve yorgunlu\u011funuzu gidermek i\u00e7in temizleyici bir kese ve geleneksel k\u00f6p\u00fck masaj\u0131n\u0131n keyfini \u00e7\u0131karacaks\u0131n\u0131z.<\/div>\n<div data-start=\"1378\" data-end=\"1584\">Kil maskesi y\u00fcz\u00fcn\u00fcz\u00fc tazeleyecek ve 20 dakikal\u0131k aromatik masaj size derin bir rahatlama sa\u011flayacakt\u0131r. Tedaviden sonra bir fincan T\u00fcrk \u00e7ay\u0131 ile rahatlayabilirsiniz. Otele geri transfer ile bitirin.<\/div>\n<h3 data-start=\"1586\" data-end=\"1608\">\ud83d\uddfa\ufe0f Tur Program\u0131<\/h3>\n<p data-start=\"1610\" data-end=\"1828\">\ud83d\udd39 Kemer'den Transfer<br data-start=\"1675\" data-end=\"1678\" \/>\ud83d\udd39 Sauna ve buhar odas\u0131<br data-start=\"1695\" data-end=\"1698\" \/>\ud83d\udd39 Kese ve k\u00f6p\u00fck masaj\u0131<br data-start=\"1722\" data-end=\"1725\" \/>\ud83d\udd39 Kil maskesi.<br data-start=\"1742\" data-end=\"1745\" \/>\ud83d\udd39 Y\u00fczme havuzunu ziyaret etmek<br data-start=\"1766\" data-end=\"1769\" \/>\ud83d\udd39 Aroma masaj\u0131<br data-start=\"1783\" data-end=\"1786\" \/>\ud83d\udd39 T\u00fcrk \u00e7ay\u0131<br data-start=\"1801\" data-end=\"1804\" \/>\ud83d\udd39 Otele d\u00f6n\u00fc\u015f<\/p>\n<h3 data-start=\"1830\" data-end=\"1856\">\u2139\ufe0f Faydal\u0131 bilgiler<\/h3>\n<p data-start=\"1858\" data-end=\"2219\">\ud83d\udd39 Tur s\u00fcresi: 2,5-3 saat<br data-start=\"1890\" data-end=\"1893\" \/>\ud83d\udd39 Erkekler ve kad\u0131nlar i\u00e7in uygundur<br data-start=\"1924\" data-end=\"1927\" \/>\ud83d\udd39 12 ya\u015f\u0131ndan k\u00fc\u00e7\u00fck \u00e7ocuklar - sadece ebeveynleri ile<br data-start=\"1966\" data-end=\"1969\" \/>\ud83d\udd39 Tedaviler ba\u011f\u0131\u015f\u0131kl\u0131k sistemini g\u00fc\u00e7lendirir ve cilt durumunu iyile\u015ftirir<\/p>\n<h3 data-start=\"2221\" data-end=\"2245\">\ud83c\udf92 Yan\u0131n\u0131za ne almal\u0131s\u0131n\u0131z<\/h3>\n<p data-start=\"2247\" data-end=\"2300\">\ud83d\udd39 Mayo<br data-start=\"2259\" data-end=\"2262\" \/>\ud83d\udd39 Terlik<br data-start=\"2272\" data-end=\"2275\" \/>\ud83d\udd39 Havlu (iste\u011fe ba\u011fl\u0131)<\/p>\n<h3 data-start=\"2302\" data-end=\"2324\">\ud83d\udeab \u015eunlar i\u00e7in uygun de\u011fildir<\/h3>\n<p data-start=\"2326\" data-end=\"2431\">\ud83d\udd39 Cilt veya kalp hastal\u0131\u011f\u0131 olan ki\u015filer<br data-start=\"2373\" data-end=\"2376\" \/>\ud83d\udd39 Hamile kad\u0131nlar (t\u0131bbi tavsiye \u00f6nerilir)<\/p>\n<h3 data-start=\"2433\" data-end=\"2459\">\ud83d\udcb8 Fiyat ve rezervasyon<\/h3>\n<p data-start=\"2461\" data-end=\"2599\">\ud83d\udd39 \u015eimdi rezervasyon yap\u0131n - tur g\u00fcn\u00fc \u00f6deme yap\u0131n<br data-start=\"2507\" data-end=\"2510\" \/>\ud83d\udd39 WhatsApp, Telegram, Viber \u00fczerinden bize ula\u015f\u0131n veya a\u015fa\u011f\u0131daki sipari\u015f formunu doldurun. \ud83d\udc47\ud83c\udffc<\/p>","protected":false},"excerpt":{"rendered":"<p>Kemer'de T\u00fcrk hamam\u0131: sauna, k\u00f6p\u00fck masaj\u0131, aroma masaj\u0131 ve Beldibi, G\u00f6yneuk, Kirish, \u00c7amyuva, Tekirova'dan transferler. Tam bir rahatlama ve canlanma!<\/p>","protected":false},"featured_media":12688,"comment_status":"open","ping_status":"closed","template":"","meta":[],"product_brand":[],"product_cat":[122],"product_tag":[105],"class_list":{"0":"post-12945","1":"product","2":"type-product","3":"status-publish","4":"has-post-thumbnail","6":"tour_phys-ekskursii-v-kemer","7":"product_cat-ekskursii-v-kemer","8":"product_tag-kemer","9":"pa_destination-ekskursii-v-kemer","11":"first","12":"instock","13":"sale","14":"shipping-taxable","15":"purchasable","16":"product-type-tour_phys"},"aioseo_notices":[],"_links":{"self":[{"href":"https:\/\/mirekskursii.com\/tr\/wp-json\/wp\/v2\/product\/12945","targetHints":{"allow":["GET"]}}],"collection":[{"href":"https:\/\/mirekskursii.com\/tr\/wp-json\/wp\/v2\/product"}],"about":[{"href":"https:\/\/mirekskursii.com\/tr\/wp-json\/wp\/v2\/types\/product"}],"replies":[{"embeddable":true,"href":"https:\/\/mirekskursii.com\/tr\/wp-json\/wp\/v2\/comments?post=12945"}],"wp:featuredmedia":[{"embeddable":true,"href":"https:\/\/mirekskursii.com\/tr\/wp-json\/wp\/v2\/media\/12688"}],"wp:attachment":[{"href":"https:\/\/mirekskursii.com\/tr\/wp-json\/wp\/v2\/media?parent=12945"}],"wp:term":[{"taxonomy":"product_brand","embeddable":true,"href":"https:\/\/mirekskursii.com\/tr\/wp-json\/wp\/v2\/product_brand?post=12945"},{"taxonomy":"product_cat","embeddable":true,"href":"https:\/\/mirekskursii.com\/tr\/wp-json\/wp\/v2\/product_cat?post=12945"},{"taxonomy":"product_tag","embeddable":true,"href":"https:\/\/mirekskursii.com\/tr\/wp-json\/wp\/v2\/product_tag?post=12945"}],"curies":[{"name":"wp","href":"https:\/\/api.w.org\/{rel}","templated":true}]}}