{"id":12943,"date":"2025-05-11T10:48:19","date_gmt":"2025-05-11T07:48:19","guid":{"rendered":"https:\/\/mirekskursii.com\/?post_type=product&#038;p=12943"},"modified":"2025-12-12T10:48:50","modified_gmt":"2025-12-12T07:48:50","slug":"the-land-of-legends-aquapark-kemer","status":"publish","type":"product","link":"https:\/\/mirekskursii.com\/ekskursii\/land-of-legends-akvapark-iz-kemer\/","title":{"rendered":"The Land of Legends Aquapark Kemer \u00c7\u0131k\u0131\u015fl\u0131 \u2013 Transfer &amp; Bilet Dahil"},"content":{"rendered":"<h3 data-start=\"789\" data-end=\"803\">\ud83c\udfa2 \u0130nceleme<\/h3>\n<p data-start=\"804\" data-end=\"1028\">Beldibi, G\u00f6yin\u00fck, Kemer, Kiri\u015f, \u00c7amova ve Tekirova'dan transferlerle The Land of Legends'\u0131n b\u00fcy\u00fcl\u00fc d\u00fcnyas\u0131n\u0131 deneyimleyin! Aileler ve adrenalin tutkunlar\u0131 i\u00e7in m\u00fckemmel olan e\u011flence gezileri, su park\u0131 ve Nickelodeon Land sizi bekliyor.<\/p>\n<h3 data-start=\"1030\" data-end=\"1044\">Dahil:<\/h3>\n<p data-start=\"1045\" data-end=\"1165\"><span style=\"color: #00ff00;\"><strong>\u2713<\/strong> <\/span>Otel transferi<br data-start=\"1067\" data-end=\"1070\" \/><span style=\"color: #00ff00;\"><strong>\u2713<\/strong> <\/span>Konforlu otob\u00fcs<br data-start=\"1095\" data-end=\"1098\" \/><span style=\"color: #00ff00;\"><strong>\u2713<\/strong> <\/span>Giri\u015f bileti<br data-start=\"1113\" data-end=\"1116\" \/><span style=\"color: #00ff00;\"><strong>\u2713<\/strong> <\/span>Tam sigorta<br data-start=\"1134\" data-end=\"1137\" \/><span style=\"color: #00ff00;\"><strong>\u2713<\/strong> <\/span>Rehber: Rus\u00e7a, \u0130ngilizce<\/p>\n<h3 data-start=\"1167\" data-end=\"1184\">Dahil de\u011fil:<\/h3>\n<p data-start=\"1185\" data-end=\"1238\"><span style=\"color: #ff0000;\"><strong>\u2717<\/strong> <\/span>Yiyecek ve i\u00e7ecek<br data-start=\"1200\" data-end=\"1203\" \/><span style=\"color: #ff0000;\"><strong>\u2717<\/strong> <\/span>Foto\u011fraf ve video<br data-start=\"1217\" data-end=\"1220\" \/><span style=\"color: #ff0000;\"><strong>\u2717<\/strong> <\/span>Ki\u015fisel harcamalar<\/p>\n<h3 data-start=\"1240\" data-end=\"1270\">\ud83c\udf0a Turun \u00f6nemli noktalar\u0131<\/h3>\n<p data-start=\"1271\" data-end=\"1465\">\ud83d\udd39 Hyper Coaster - 62 metre y\u00fcksekli\u011finde<br data-start=\"1301\" data-end=\"1304\" \/>\ud83d\udd39 40+ su kayd\u0131ra\u011f\u0131 ve dev bir su park\u0131<br data-start=\"1345\" data-end=\"1348\" \/>\ud83d\udd39 Nickelodeon Land - \u00e7izgi film karakterleri<br data-start=\"1388\" data-end=\"1391\" \/>\ud83d\udd39 Her ya\u015f i\u00e7in su atraksiyon alanlar\u0131<br data-start=\"1437\" data-end=\"1440\" \/>\ud83d\udd39 Canl\u0131 \u015fovlar ve animasyonlar<\/p>\n<h3 data-start=\"1467\" data-end=\"1491\">\ud83d\udcd6 Tam a\u00e7\u0131klama<\/h3>\n<p data-start=\"1492\" data-end=\"1946\">G\u00fcn\u00fcn\u00fcz Beldibi, G\u00f6yin\u00fck, Kemer, Kiri\u015f, \u00c7amova veya Tekirova b\u00f6lgelerindeki otellerinizden uygun bir transferle ba\u015flayacakt\u0131r. The Land of Legends'a vard\u0131ktan sonra, tema park\u0131nda bir g\u00fcn\u00fcn tad\u0131n\u0131 \u00e7\u0131karabilirsiniz: a\u015f\u0131r\u0131 h\u0131z trenleri, d\u00fczinelerce su gezintisi, b\u00fcy\u00fck bir su park\u0131 ve Nickelodeon Land aile alan\u0131.<br data-start=\"1804\" data-end=\"1807\" \/>Park, gen\u00e7 misafirlerden ekstrem spor merakl\u0131lar\u0131na kadar her ya\u015f i\u00e7in e\u011flence sunmaktad\u0131r. G\u00fcn\u00fcn sonunda otelinize geri transfer edileceksiniz.<\/p>\n<h3 data-start=\"1948\" data-end=\"1972\">\ud83d\uddfa\ufe0f Tur Program\u0131<\/h3>\n<p data-start=\"1973\" data-end=\"2116\">\ud83d\udd39 Misafirlerin otelden al\u0131nmas\u0131<br data-start=\"1987\" data-end=\"1990\" \/>\ud83d\udd39 Efsaneler \u00dclkesine Ta\u015f\u0131nmak<br data-start=\"2022\" data-end=\"2025\" \/>\ud83d\udd39 Parkta serbest zaman (~5-6 saat)<br data-start=\"2064\" data-end=\"2067\" \/>\ud83d\udd39 S\u00fcr\u00fcc\u00fc ile tan\u0131\u015f\u0131n<br data-start=\"2089\" data-end=\"2092\" \/>\ud83d\udd39 Otele d\u00f6n\u00fc\u015f<\/p>\n<h3 data-start=\"2118\" data-end=\"2146\">\u2139\ufe0f Faydal\u0131 bilgiler<\/h3>\n<p data-start=\"2147\" data-end=\"2254\">\ud83d\udd39 S\u00fcre: ~7-8 saat<br data-start=\"2179\" data-end=\"2182\" \/>\ud83d\udd39 Kupon kasada de\u011fi\u015ftirilmelidir<br data-start=\"2219\" data-end=\"2222\" \/>\ud83d\udd39 Her ya\u015f i\u00e7in uygundur<\/p>\n<h3 data-start=\"2256\" data-end=\"2282\">\ud83c\udf92 Yan\u0131n\u0131za ne almal\u0131s\u0131n\u0131z<\/h3>\n<p data-start=\"2283\" data-end=\"2377\">\ud83d\udd39 Mayo ve havlu.<br data-start=\"2307\" data-end=\"2310\" \/>\ud83d\udd39 Su ayakkab\u0131s\u0131<br data-start=\"2325\" data-end=\"2328\" \/>\ud83d\udd39 G\u00fcne\u015f Kremi<br data-start=\"2350\" data-end=\"2353\" \/>\ud83d\udd39 Harcamalar i\u00e7in para<\/p>\n<h3 data-start=\"2379\" data-end=\"2403\">\ud83d\udeab \u015eunlar i\u00e7in uygun de\u011fildir<\/h3>\n<p data-start=\"2404\" data-end=\"2426\">\ud83d\udd39 Hamile kad\u0131nlar<\/p>\n<h3 data-start=\"2428\" data-end=\"2456\">\ud83d\udcb8 Fiyat ve rezervasyon<\/h3>\n<p data-start=\"2457\" data-end=\"2785\"><strong>\ud83d\udd39 \u015eimdi rezervasyon yap\u0131n - tur g\u00fcn\u00fc \u00f6deme yap\u0131n<\/strong><br data-start=\"2693\" data-end=\"2696\" \/>\ud83d\udd39 WhatsApp, Telegram, Viber \u00fczerinden bize ula\u015f\u0131n veya a\u015fa\u011f\u0131daki sipari\u015f formunu doldurun. \ud83d\udc47\ud83c\udffc<\/p>","protected":false},"excerpt":{"rendered":"<p>Kemer'den The Land of Legends'\u0131 ziyaret edin! Muhte\u015fem kayd\u0131raklar, su park\u0131, g\u00f6steriler ve Nickelodeon Land. Transferler dahil - aileler ve \u00e7ocuklar i\u00e7in ideal bir g\u00fcn.<\/p>","protected":false},"featured_media":12791,"comment_status":"open","ping_status":"closed","template":"","meta":[],"product_brand":[],"product_cat":[122],"product_tag":[105],"class_list":{"0":"post-12943","1":"product","2":"type-product","3":"status-publish","4":"has-post-thumbnail","6":"tour_phys-ekskursii-v-kemer","7":"product_cat-ekskursii-v-kemer","8":"product_tag-kemer","9":"pa_destination-ekskursii-v-kemer","11":"first","12":"instock","13":"sale","14":"shipping-taxable","15":"purchasable","16":"product-type-tour_phys"},"aioseo_notices":[],"_links":{"self":[{"href":"https:\/\/mirekskursii.com\/tr\/wp-json\/wp\/v2\/product\/12943","targetHints":{"allow":["GET"]}}],"collection":[{"href":"https:\/\/mirekskursii.com\/tr\/wp-json\/wp\/v2\/product"}],"about":[{"href":"https:\/\/mirekskursii.com\/tr\/wp-json\/wp\/v2\/types\/product"}],"replies":[{"embeddable":true,"href":"https:\/\/mirekskursii.com\/tr\/wp-json\/wp\/v2\/comments?post=12943"}],"wp:featuredmedia":[{"embeddable":true,"href":"https:\/\/mirekskursii.com\/tr\/wp-json\/wp\/v2\/media\/12791"}],"wp:attachment":[{"href":"https:\/\/mirekskursii.com\/tr\/wp-json\/wp\/v2\/media?parent=12943"}],"wp:term":[{"taxonomy":"product_brand","embeddable":true,"href":"https:\/\/mirekskursii.com\/tr\/wp-json\/wp\/v2\/product_brand?post=12943"},{"taxonomy":"product_cat","embeddable":true,"href":"https:\/\/mirekskursii.com\/tr\/wp-json\/wp\/v2\/product_cat?post=12943"},{"taxonomy":"product_tag","embeddable":true,"href":"https:\/\/mirekskursii.com\/tr\/wp-json\/wp\/v2\/product_tag?post=12943"}],"curies":[{"name":"wp","href":"https:\/\/api.w.org\/{rel}","templated":true}]}}