{"id":12942,"date":"2025-05-11T10:41:13","date_gmt":"2025-05-11T07:41:13","guid":{"rendered":"https:\/\/mirekskursii.com\/?post_type=product&#038;p=12942"},"modified":"2025-12-28T22:32:43","modified_gmt":"2025-12-28T19:32:43","slug":"land-of-legends-gece-sovu-kemer","status":"publish","type":"product","link":"https:\/\/mirekskursii.com\/ekskursii\/land-of-legends-vechernee-shou-iz-kemer\/","title":{"rendered":"Land of Legends Muhte\u015fem Gece \u015eovu Kemer \u00c7\u0131k\u0131\u015fl\u0131"},"content":{"rendered":"<h3 data-start=\"979\" data-end=\"990\">\u2728 \u0130nceleme<\/h3>\n<p data-start=\"991\" data-end=\"1260\">Beldibi, G\u00f6yn\u00fck, Kemer, Kiri\u015f, \u00c7amyuva ve Tekirova il\u00e7elerinden transferlerle The Land of Legends'ta b\u00fcy\u00fcl\u00fc bir ak\u015fam ge\u00e7irin. Lazer ve f\u0131skiye g\u00f6sterisi, tekne ge\u00e7idi ve renkli al\u0131\u015fveri\u015f bulvar\u0131 boyunca bir gezinti sizi bekliyor. Her ya\u015f i\u00e7in idealdir, s\u00fcresi ~3-4 saattir.<\/p>\n<h3 data-start=\"1262\" data-end=\"1274\">Dahil:<\/h3>\n<p data-start=\"1275\" data-end=\"1450\"><span style=\"color: #00ff00;\"><strong>\u2713<\/strong> <\/span>Otel transferi<br data-start=\"1297\" data-end=\"1300\" \/><span style=\"color: #00ff00;\"><strong>\u2713<\/strong> <\/span>Konforlu otob\u00fcs<br data-start=\"1325\" data-end=\"1328\" \/><span style=\"color: #00ff00;\"><strong>\u2713<\/strong> <\/span>Ak\u015fam g\u00f6sterilerine ve tekne ge\u00e7it t\u00f6renine eri\u015fim<br data-start=\"1366\" data-end=\"1369\" \/><span style=\"color: #00ff00;\"><strong>\u2713<\/strong> <\/span>Al\u0131\u015fveri\u015f bulvar\u0131nda serbest zaman<br data-start=\"1407\" data-end=\"1410\" \/><span style=\"color: #00ff00;\"><strong>\u2713<\/strong> <\/span>Sigorta<br data-start=\"1421\" data-end=\"1424\" \/><span style=\"color: #00ff00;\"><strong>\u2713<\/strong> <\/span>K\u0131lavuz<\/p>\n<h3 data-start=\"1452\" data-end=\"1467\">Dahil de\u011fil:<\/h3>\n<p data-start=\"1468\" data-end=\"1559\"><span style=\"color: #ff0000;\"><strong>\u2717<\/strong> <\/span>Yiyecek ve i\u00e7ecek<br data-start=\"1483\" data-end=\"1486\" \/><span style=\"color: #ff0000;\"><strong>\u2717<\/strong> <\/span>Ki\u015fisel harcamalar<br data-start=\"1502\" data-end=\"1505\" \/><span style=\"color: #ff0000;\"><strong>\u2717<\/strong> <\/span>Foto\u011fraf ve video<br data-start=\"1519\" data-end=\"1522\" \/><span style=\"color: #ff0000;\"><strong>\u2717<\/strong> <\/span>G\u00fcnd\u00fcz atraksiyonlar\u0131<\/p>\n<h3 data-start=\"1561\" data-end=\"1589\">\ud83c\udfad Turun \u00f6ne \u00e7\u0131kan \u00f6zellikleri<\/h3>\n<p data-start=\"1590\" data-end=\"1751\">\ud83d\udd39 Lazer ve f\u0131skiye g\u00f6sterisi<br data-start=\"1617\" data-end=\"1620\" \/>\ud83d\udd39 Renkli bir tekne ge\u00e7idi<br data-start=\"1640\" data-end=\"1643\" \/>\ud83d\udd39 Bulvar \u00fczerinde 180'den fazla ma\u011faza ve kafe<br data-start=\"1679\" data-end=\"1682\" \/>\ud83d\udd39 Muhte\u015fem bir ak\u015fam atmosferi.<br data-start=\"1715\" data-end=\"1718\" \/>\ud83d\udd39 Acelesi olmayan birinci s\u0131n\u0131f bir ak\u015fam.<\/p>\n<h3 data-start=\"1753\" data-end=\"1775\">\ud83d\udcd6 Tam a\u00e7\u0131klama<\/h3>\n<p data-start=\"1776\" data-end=\"2208\">Ak\u015fam\u0131n\u0131z Efsaneler Diyar\u0131'na uygun bir transferle ba\u015flayacakt\u0131r. Var\u0131\u015fta, kendinizi f\u0131skiyeler, lazerler ve muhte\u015fem koreografinin bir kombinasyonu olan ana g\u00f6sterinin ba\u015flad\u0131\u011f\u0131 parlak \u0131\u015f\u0131klar ve m\u00fczik atmosferinde bulacaks\u0131n\u0131z.<br data-start=\"1979\" data-end=\"1982\" \/>Ard\u0131ndan kost\u00fcml\u00fc karakterler ve b\u00fcy\u00fcl\u00fc \u0131\u015f\u0131kland\u0131rmalarla \u00fcnl\u00fc tekne ge\u00e7it t\u00f6reni sizi bekliyor.<br data-start=\"2070\" data-end=\"2073\" \/>G\u00f6steriden sonra al\u0131\u015fveri\u015f bulvar\u0131 boyunca gezebilir, ma\u011fazalar\u0131 ziyaret edebilir veya foto\u011fraf \u00e7ekebilirsiniz. Otelinize konforlu bir transfer ile bitirin.<\/p>\n<h3 data-start=\"2210\" data-end=\"2232\">\ud83d\uddfa\ufe0f Tur Program\u0131<\/h3>\n<p data-start=\"2233\" data-end=\"2487\">\ud83d\udd39 Kemer il\u00e7elerinde misafirlerin otelde toplanmas\u0131<br data-start=\"2315\" data-end=\"2318\" \/>\ud83d\udd39 Efsaneler \u00dclkesine Var\u0131\u015f<br data-start=\"2351\" data-end=\"2354\" \/>\ud83d\udd39 Lazer ve f\u0131skiye g\u00f6sterisine kat\u0131l\u0131n<br data-start=\"2393\" data-end=\"2396\" \/>\ud83d\udd39 Tekne ge\u00e7it t\u00f6renini izlemek<br data-start=\"2420\" data-end=\"2423\" \/>\ud83d\udd39 Al\u0131\u015fveri\u015f bulvar\u0131nda serbest zaman<br data-start=\"2462\" data-end=\"2465\" \/>\ud83d\udd39 Otele d\u00f6n\u00fc\u015f<\/p>\n<h3 data-start=\"2489\" data-end=\"2515\">\u2139\ufe0f Faydal\u0131 bilgiler<\/h3>\n<p data-start=\"2516\" data-end=\"2694\">\ud83d\udd39 S\u00fcre: ~3-4 saat<br data-start=\"2542\" data-end=\"2545\" \/>\ud83d\udd39 Her ya\u015f i\u00e7in uygundur<br data-start=\"2575\" data-end=\"2578\" \/>\ud83d\udd39 D\u00fc\u015f\u00fck fiziksel aktivite<br data-start=\"2607\" data-end=\"2610\" \/>\ud83d\udd39 S\u00fcr\u00fcc\u00fc en fazla 5 dakika bekler<br data-start=\"2643\" data-end=\"2646\" \/>\ud83d\udd39 5 ya\u015f alt\u0131 \u00e7ocuklar \u00fccretsiz, ayr\u0131 bir koltuk olmadan<\/p>\n<h3 data-start=\"2696\" data-end=\"2720\">\ud83c\udf92 Yan\u0131n\u0131za ne almal\u0131s\u0131n\u0131z<\/h3>\n<p data-start=\"2721\" data-end=\"2815\">\ud83d\udd39 Rahat ayakkab\u0131lar<br data-start=\"2737\" data-end=\"2740\" \/>\ud83d\udd39 Hava durumuna uygun giyinin<br data-start=\"2759\" data-end=\"2762\" \/>\ud83d\udd39 Ki\u015fisel harcamalar i\u00e7in para<br data-start=\"2789\" data-end=\"2792\" \/>\ud83d\udd39 Telefon veya kamera<\/p>\n<h3 data-start=\"2817\" data-end=\"2839\">\ud83d\udeab \u015eunlar i\u00e7in uygun de\u011fildir<\/h3>\n<p data-start=\"2840\" data-end=\"2904\">\ud83d\udd39 Hareket kabiliyeti k\u0131s\u0131tl\u0131 ki\u015filer<br data-start=\"2876\" data-end=\"2879\" \/>\ud83d\udd39 95 ya\u015f \u00fcst\u00fc misafirler<\/p>\n<h3 data-start=\"2906\" data-end=\"2932\">\ud83d\udcb8 Fiyat ve rezervasyon<\/h3>\n<p data-start=\"2933\" data-end=\"3071\"><strong>\ud83d\udd39 \u015eimdi rezervasyon yap\u0131n - tur g\u00fcn\u00fc \u00f6deme yap\u0131n<\/strong><br data-start=\"2979\" data-end=\"2982\" \/>\ud83d\udd39 WhatsApp, Telegram, Viber \u00fczerinden bize ula\u015f\u0131n veya a\u015fa\u011f\u0131daki sipari\u015f formunu doldurun. \ud83d\udc47\ud83c\udffc<\/p>","protected":false},"excerpt":{"rendered":"<p>Kemer'den Efsaneler Diyar\u0131'na ak\u015fam turu: lazer ve f\u0131skiye g\u00f6sterisi, tekne ge\u00e7idi ve al\u0131\u015fveri\u015f bulvar\u0131 boyunca y\u00fcr\u00fcy\u00fc\u015f. Transfer dahildir. Aileler ve \u00e7iftler i\u00e7in idealdir.<\/p>","protected":false},"featured_media":12777,"comment_status":"open","ping_status":"closed","template":"","meta":[],"product_brand":[],"product_cat":[122],"product_tag":[105],"class_list":{"0":"post-12942","1":"product","2":"type-product","3":"status-publish","4":"has-post-thumbnail","6":"tour_phys-ekskursii-v-kemer","7":"product_cat-ekskursii-v-kemer","8":"product_tag-kemer","9":"pa_destination-ekskursii-v-kemer","11":"first","12":"instock","13":"sale","14":"shipping-taxable","15":"purchasable","16":"product-type-tour_phys"},"aioseo_notices":[],"_links":{"self":[{"href":"https:\/\/mirekskursii.com\/tr\/wp-json\/wp\/v2\/product\/12942","targetHints":{"allow":["GET"]}}],"collection":[{"href":"https:\/\/mirekskursii.com\/tr\/wp-json\/wp\/v2\/product"}],"about":[{"href":"https:\/\/mirekskursii.com\/tr\/wp-json\/wp\/v2\/types\/product"}],"replies":[{"embeddable":true,"href":"https:\/\/mirekskursii.com\/tr\/wp-json\/wp\/v2\/comments?post=12942"}],"wp:featuredmedia":[{"embeddable":true,"href":"https:\/\/mirekskursii.com\/tr\/wp-json\/wp\/v2\/media\/12777"}],"wp:attachment":[{"href":"https:\/\/mirekskursii.com\/tr\/wp-json\/wp\/v2\/media?parent=12942"}],"wp:term":[{"taxonomy":"product_brand","embeddable":true,"href":"https:\/\/mirekskursii.com\/tr\/wp-json\/wp\/v2\/product_brand?post=12942"},{"taxonomy":"product_cat","embeddable":true,"href":"https:\/\/mirekskursii.com\/tr\/wp-json\/wp\/v2\/product_cat?post=12942"},{"taxonomy":"product_tag","embeddable":true,"href":"https:\/\/mirekskursii.com\/tr\/wp-json\/wp\/v2\/product_tag?post=12942"}],"curies":[{"name":"wp","href":"https:\/\/api.w.org\/{rel}","templated":true}]}}