{"id":12941,"date":"2025-05-11T10:20:26","date_gmt":"2025-05-11T07:20:26","guid":{"rendered":"https:\/\/mirekskursii.com\/?post_type=product&#038;p=12941"},"modified":"2025-12-12T10:50:22","modified_gmt":"2025-12-12T07:50:22","slug":"waterhill-aquapark-kemer","status":"publish","type":"product","link":"https:\/\/mirekskursii.com\/ekskursii\/waterhill-akvapark-iz-kemer\/","title":{"rendered":"Waterhill Aquapark Kemer \u00c7\u0131k\u0131\u015fl\u0131 \u2013 \u00c7\u0131lg\u0131n Kayd\u0131raklar"},"content":{"rendered":"<h3 data-start=\"251\" data-end=\"265\">\ud83c\udf0a \u0130nceleme<\/h3>\n<p data-start=\"266\" data-end=\"571\">Beldibi, G\u00f6yen\u00fck, Kemer, Kiri\u015f, \u00c7amyuva ve Tekirova'dan uygun transferlerle Waterhill Water Park'ta e\u011flence dolu bir g\u00fcne ba\u015flay\u0131n! H\u0131zl\u0131 kayd\u0131raklar, dalga havuzu, \u00e7ocuk alanlar\u0131, animasyon ve lezzetli bir \u00f6\u011fle yeme\u011fi sizi bekliyor. Tur, aileler ve aktif tatil severler i\u00e7in idealdir. S\u00fcre ~8 saattir.<\/p>\n<h3 data-start=\"573\" data-end=\"587\">Dahil:<\/h3>\n<p data-start=\"588\" data-end=\"752\"><span style=\"color: #00ff00;\"><strong>\u2713<\/strong> <\/span>Otel transferi<br data-start=\"610\" data-end=\"613\" \/><span style=\"color: #00ff00;\"><strong>\u2713<\/strong> <\/span>Waterhill Aquapark'a giri\u015f \u00fccreti<br data-start=\"649\" data-end=\"652\" \/><span style=\"color: #00ff00;\"><strong>\u2713<\/strong> <\/span>\u00d6\u011fle yeme\u011fi (fiks men\u00fc)<br data-start=\"679\" data-end=\"682\" \/><span style=\"color: #00ff00;\"><strong>\u2713<\/strong> <\/span>Sigorta<br data-start=\"693\" data-end=\"696\" \/><span style=\"color: #00ff00;\"><strong>\u2713<\/strong> <\/span>Konforlu otob\u00fcs<br data-start=\"721\" data-end=\"724\" \/><span style=\"color: #00ff00;\"><strong>\u2713<\/strong> <\/span>K\u0131lavuz<\/p>\n<h3 data-start=\"754\" data-end=\"771\">Dahil de\u011fil:<\/h3>\n<p data-start=\"772\" data-end=\"819\"><span style=\"color: #ff0000;\"><strong>\u2717<\/strong> <\/span>\u0130\u00e7ecekler<br data-start=\"781\" data-end=\"784\" \/><span style=\"color: #ff0000;\"><strong>\u2717<\/strong> <\/span>Ki\u015fisel harcamalar<br data-start=\"800\" data-end=\"803\" \/><span style=\"color: #ff0000;\"><strong>\u2717<\/strong> <\/span>Foto\u011fraf ve video<\/p>\n<h3 data-start=\"821\" data-end=\"851\">\ud83c\udfa2 Turun \u00f6nemli noktalar\u0131<\/h3>\n<p data-start=\"852\" data-end=\"1120\">\ud83d\udd39 H\u0131zl\u0131 kayd\u0131raklar: Kamikaze, Bumerang, Tropikal Kule<br data-start=\"911\" data-end=\"914\" \/>\ud83d\udd39 Deniz dalgas\u0131 efektli b\u00fcy\u00fck dalga havuzu<br data-start=\"965\" data-end=\"968\" \/>\ud83d\udd39 G\u00fcvenli \u00e7ocuk havuzlar\u0131 ve su oyun alanlar\u0131<br data-start=\"1016\" data-end=\"1019\" \/>\ud83d\udd39 Animasyon, havuz ba\u015f\u0131 oyunlar\u0131 ve m\u00fczik<br data-start=\"1056\" data-end=\"1059\" \/>\ud83d\udd39 Geni\u015f g\u00fcne\u015flenme alanlar\u0131<br data-start=\"1088\" data-end=\"1091\" \/>\ud83d\udd39 Dondurma e\u015fli\u011finde lezzetli bir \u00f6\u011fle yeme\u011fi<\/p>\n<h3 data-start=\"1122\" data-end=\"1146\">\ud83d\udcd6 Tam a\u00e7\u0131klama<\/h3>\n<p data-start=\"1147\" data-end=\"1561\">G\u00fcn\u00fcn\u00fcz Kemer ve \u00e7evresinden b\u00f6lgenin en \u00fcnl\u00fc su parklar\u0131ndan biri olan Waterhill Aquapark'a konforlu bir transferle ba\u015flayacakt\u0131r.<br data-start=\"1287\" data-end=\"1290\" \/>Ekstrem Kamikaze ve Boomerang kayd\u0131raklar\u0131ndan sakin havuzlara ve \u00e7ocuk oyun alanlar\u0131na kadar onlarca su aktivitesi burada sizi bekliyor.<br data-start=\"1419\" data-end=\"1422\" \/>B\u00fcy\u00fck dalga havuzu ger\u00e7ek deniz atmosferi yarat\u0131rken, animasyon ekibi yeti\u015fkinler ve \u00e7ocuklar i\u00e7in e\u011flenceli oyunlar ve yar\u0131\u015fmalar d\u00fczenlemektedir.<\/p>\n<p data-start=\"1563\" data-end=\"1808\">\u00d6\u011fle yeme\u011finde i\u00e7ecek ve dondurma ile birlikte sabit bir men\u00fc servis edilecektir. Sonras\u0131nda kayd\u0131raklar, y\u00fczme, \u015fezlonglarda dinlenmek veya foto\u011fraf \u00e7ekimleri i\u00e7in yeterli zaman\u0131n\u0131z olacakt\u0131r.<br data-start=\"1736\" data-end=\"1739\" \/>Yo\u011fun bir g\u00fcn\u00fcn ard\u0131ndan renkli duygularla dolu olarak otelinize d\u00f6neceksiniz.<\/p>\n<h3 data-start=\"1810\" data-end=\"1834\">\ud83d\uddfa\ufe0f Tur Program\u0131<\/h3>\n<p data-start=\"1835\" data-end=\"2123\">\ud83d\udd39 Misafirlerin otelden al\u0131nmas\u0131\u00a0<br data-start=\"1923\" data-end=\"1926\" \/>\ud83d\udd39 Waterhill Aquapark'a var\u0131\u015f<br data-start=\"1958\" data-end=\"1961\" \/>\ud83d\udd39 Kayd\u0131raklar, havuzlar ve dinlenmek i\u00e7in serbest zaman<br data-start=\"2009\" data-end=\"2012\" \/>\ud83d\udd39 \u00d6\u011fle yeme\u011fi (fiks men\u00fc, i\u00e7ecek, dondurma)<br data-start=\"2060\" data-end=\"2063\" \/>\ud83d\udd39 Devam eden su aktiviteleri<br data-start=\"2096\" data-end=\"2099\" \/>\ud83d\udd39 Otele d\u00f6n\u00fc\u015f<\/p>\n<h3 data-start=\"2125\" data-end=\"2153\">\u2139\ufe0f Faydal\u0131 bilgiler<\/h3>\n<p data-start=\"2154\" data-end=\"2384\">\ud83d\udd39 Tur s\u00fcresi ~8 saat<br data-start=\"2183\" data-end=\"2186\" \/>\ud83d\udd39 \u00c7ocuklar ve yeti\u015fkinler i\u00e7in uygundur<br data-start=\"2218\" data-end=\"2221\" \/>\ud83d\udd39 \u00dccretsiz kilitli dolaplar ve soyunma odalar\u0131<br data-start=\"2256\" data-end=\"2259\" \/>\ud83d\udd39 Orta d\u00fczeyde fiziksel aktivite<br data-start=\"2293\" data-end=\"2296\" \/>\ud83d\udd39 S\u00fcr\u00fcc\u00fc en fazla 5 dakika bekler<br data-start=\"2329\" data-end=\"2332\" \/>\ud83d\udd39 03 ya\u015f\u0131ndan k\u00fc\u00e7\u00fck \u00e7ocuklar \u00fccretsiz ve ayr\u0131 bir koltuk olmadan<\/p>\n<h3 data-start=\"2386\" data-end=\"2412\">\ud83c\udf92 Yan\u0131n\u0131za ne almal\u0131s\u0131n\u0131z<\/h3>\n<p data-start=\"2413\" data-end=\"2556\">\ud83d\udd39 Mayo ve havlu.<br data-start=\"2437\" data-end=\"2440\" \/>\ud83d\udd39 G\u00fcne\u015f kremi ve g\u00fcne\u015f g\u00f6zl\u00fc\u011f\u00fc<br data-start=\"2469\" data-end=\"2472\" \/>\ud83d\udd39 \u0130\u00e7ecekler ve ki\u015fisel harcamalar i\u00e7in para<br data-start=\"2512\" data-end=\"2515\" \/>\ud83d\udd39 Su Ge\u00e7irmez Telefon K\u0131l\u0131f\u0131<\/p>\n<h3 data-start=\"2558\" data-end=\"2582\">\ud83d\udeab \u015eunlar i\u00e7in uygun de\u011fildir<\/h3>\n<p data-start=\"2583\" data-end=\"2660\">\ud83d\udd39 Ciddi hastal\u0131klar\u0131 olan ki\u015filer<br data-start=\"2618\" data-end=\"2621\" \/>\ud83d\udd39 Hareket kabiliyeti k\u0131s\u0131tl\u0131 misafirler<\/p>\n<h3 data-start=\"2662\" data-end=\"2690\">\ud83d\udcb8 Fiyat ve rezervasyon<\/h3>\n<p data-start=\"2691\" data-end=\"2831\"><strong>\ud83d\udd39 \u015eimdi rezervasyon yap\u0131n - tur g\u00fcn\u00fc \u00f6deme yap\u0131n<\/strong><br data-start=\"2737\" data-end=\"2740\" \/>\ud83d\udd39 WhatsApp, Telegram, Viber \u00fczerinden bize ula\u015f\u0131n veya a\u015fa\u011f\u0131daki sipari\u015f formunu doldurun. \ud83d\udc47\ud83c\udffc<\/p>","protected":false},"excerpt":{"rendered":"<p data-start=\"2882\" data-end=\"3037\">Kemer'den Waterhill Aquapark'ta e\u011flence dolu bir g\u00fcn! H\u0131zl\u0131 kayd\u0131raklar, dalga havuzu, \u00e7ocuk alanlar\u0131, \u00f6\u011fle yeme\u011fi ve transferler. Aileler ve e\u011flence severler i\u00e7in m\u00fckemmel.<\/p>","protected":false},"featured_media":12762,"comment_status":"open","ping_status":"closed","template":"","meta":[],"product_brand":[],"product_cat":[122],"product_tag":[105],"class_list":{"0":"post-12941","1":"product","2":"type-product","3":"status-publish","4":"has-post-thumbnail","6":"tour_phys-ekskursii-v-kemer","7":"product_cat-ekskursii-v-kemer","8":"product_tag-kemer","9":"pa_destination-ekskursii-v-kemer","11":"first","12":"instock","13":"sale","14":"shipping-taxable","15":"purchasable","16":"product-type-tour_phys"},"aioseo_notices":[],"_links":{"self":[{"href":"https:\/\/mirekskursii.com\/tr\/wp-json\/wp\/v2\/product\/12941","targetHints":{"allow":["GET"]}}],"collection":[{"href":"https:\/\/mirekskursii.com\/tr\/wp-json\/wp\/v2\/product"}],"about":[{"href":"https:\/\/mirekskursii.com\/tr\/wp-json\/wp\/v2\/types\/product"}],"replies":[{"embeddable":true,"href":"https:\/\/mirekskursii.com\/tr\/wp-json\/wp\/v2\/comments?post=12941"}],"wp:featuredmedia":[{"embeddable":true,"href":"https:\/\/mirekskursii.com\/tr\/wp-json\/wp\/v2\/media\/12762"}],"wp:attachment":[{"href":"https:\/\/mirekskursii.com\/tr\/wp-json\/wp\/v2\/media?parent=12941"}],"wp:term":[{"taxonomy":"product_brand","embeddable":true,"href":"https:\/\/mirekskursii.com\/tr\/wp-json\/wp\/v2\/product_brand?post=12941"},{"taxonomy":"product_cat","embeddable":true,"href":"https:\/\/mirekskursii.com\/tr\/wp-json\/wp\/v2\/product_cat?post=12941"},{"taxonomy":"product_tag","embeddable":true,"href":"https:\/\/mirekskursii.com\/tr\/wp-json\/wp\/v2\/product_tag?post=12941"}],"curies":[{"name":"wp","href":"https:\/\/api.w.org\/{rel}","templated":true}]}}