{"id":12920,"date":"2025-05-10T18:27:29","date_gmt":"2025-05-10T15:27:29","guid":{"rendered":"https:\/\/mirekskursii.com\/?post_type=product&#038;p=12920"},"modified":"2025-12-12T10:51:10","modified_gmt":"2025-12-12T07:51:10","slug":"dolusu-aquapark-kemer","status":"publish","type":"product","link":"https:\/\/mirekskursii.com\/ekskursii\/dolusu-akvapark-v-kemer\/","title":{"rendered":"Dolusu Aquapark Turu Kemer \u2013 \u00c7\u0131lg\u0131n Kayd\u0131raklar"},"content":{"rendered":"<h3 dir=\"ltr\" data-pm-slice=\"1 1 []\">\ud83c\udf0a \u0130nceleme<\/h3>\n<p dir=\"ltr\">Kemer ve \u00e7evresindeki b\u00f6lgelerden Dolusa Su Park\u0131'na tam g\u00fcnl\u00fck bir turla kendinizi e\u011flenceli bir d\u00fcnyaya b\u0131rak\u0131n! Kayd\u0131raklara binin, deniz k\u0131z\u0131 g\u00f6sterisini izleyin ve sahilde dinlenin. Aileler ve macerac\u0131 gezginler i\u00e7in m\u00fckemmel olan tur ~ 8 saat s\u00fcrer. 1000'den fazla memnun misafir!<\/p>\n<h3><strong>Dahil:<\/strong><\/h3>\n<div><span style=\"color: #00ff00;\"><strong>\u2713<\/strong><\/span> Otel transferi<\/div>\n<div><span style=\"color: #00ff00;\"><strong>\u2713<\/strong><\/span> Dolusa Su Park\u0131'na giri\u015f bileti<\/div>\n<div><span style=\"color: #00ff00;\"><strong>\u2713 <\/strong><\/span>Akvaryumda denizk\u0131z\u0131 g\u00f6sterisi<\/div>\n<div><span style=\"color: #00ff00;\"><strong>\u2713<\/strong> <\/span>T\u00fcm kayd\u0131raklara ve gezintilere eri\u015fim<\/div>\n<div><span style=\"color: #00ff00;\"><strong>\u2713<\/strong> <\/span>G\u00f6steriler, DJ'ler ve k\u00f6p\u00fck partisi<\/div>\n<div><span style=\"color: #00ff00;\"><strong>\u2713<\/strong> <\/span>Plajda \u015fezlonglar ve kilitli dolaplar<\/div>\n<div><span style=\"color: #00ff00;\"><strong>\u2713<\/strong> <\/span>\u00d6\u011fle yeme\u011fi ve 1 i\u00e7ecek<\/div>\n<h3 dir=\"ltr\">Dahil de\u011fil:<\/h3>\n<p dir=\"ltr\"><span style=\"color: #ff0000;\"><strong>\u2717<\/strong> <\/span>Ki\u015fisel harcamalar<br \/>\n<span style=\"color: #ff0000;\"><strong>\u2717<\/strong> <\/span>Foto\u011fraf ve video<\/p>\n<h3 dir=\"ltr\">\ud83c\udfa2 \u00d6nemli Noktalar<\/h3>\n<p dir=\"ltr\">\ud83d\udd39 H\u0131z Kayd\u0131raklar\u0131: Dev Huni.<br \/>\n\ud83d\udd39 T\u00fcrkiye'nin ilk denizk\u0131z\u0131 g\u00f6sterisi<br \/>\n\ud83d\udd39 Dalga havuzu ve \u00e7ocuk alanlar\u0131<br \/>\n\ud83d\udd39 DJ, k\u00f6p\u00fck partileri ve plaj<br \/>\n\ud83d\udd39 \u015eezlonglu \u00f6zel plaj<br \/>\n\ud83d\udd39 Folklor karakterleri ile bir masal soka\u011f\u0131<\/p>\n<h3 dir=\"ltr\">\ud83d\udcd6 Tam a\u00e7\u0131klama<\/h3>\n<p dir=\"ltr\">Kemer'den konforlu bir transferle Dolusa Su Park\u0131'nda heyecan verici bir g\u00fcne ba\u015flay\u0131n. 17 h\u0131zl\u0131 kayd\u0131raktan a\u015fa\u011f\u0131ya do\u011fru yar\u0131\u015f\u0131n, dalga havuzunda rahatlay\u0131n veya deniz k\u0131zlar\u0131yla bile y\u00fczebilece\u011finiz deniz k\u0131z\u0131 g\u00f6sterisine kat\u0131l\u0131n. \u00c7ocuklar T\u00fcrk efsanelerinden karakterlerin yer ald\u0131\u011f\u0131 Masal Soka\u011f\u0131'na bay\u0131lacak. DJ setleriyle dans edin, k\u00f6p\u00fck partisinde e\u011flenin veya \u00f6zel bir plajda dinlenin. Macera dolu bir g\u00fcn\u00fcn ard\u0131ndan canl\u0131 an\u0131larla otele d\u00f6n\u00fcn.<\/p>\n<h3 dir=\"ltr\">\ud83d\uddfa\ufe0f Tur Program\u0131<\/h3>\n<p dir=\"ltr\">\ud83d\udd39 Kemer ve \u00e7evresinden transfer<br \/>\n\ud83d\udd39 Dolusa Su Park\u0131'na var\u0131\u015f<br \/>\n\ud83d\udd39 K\u0131sa tan\u0131t\u0131m ve bilgilendirme<br \/>\n\ud83d\udd39 Gezilecek yerler ve plaj i\u00e7in serbest zaman (~6-7 saat)<br \/>\n\ud83d\udd39 Otele d\u00f6n\u00fc\u015f<\/p>\n<h3 dir=\"ltr\">\u2139\ufe0f Faydal\u0131 bilgiler<\/h3>\n<div dir=\"ltr\">\ud83d\udd39 S\u00fcre: ~8 saat (tam g\u00fcnl\u00fck tur)<br \/>\n\ud83d\udd39 Temel hareket kabiliyetine sahip herkes i\u00e7in uygundur<br \/>\n\ud83d\udd39 Orta d\u00fczeyde fiziksel aktivite<\/div>\n<h3 dir=\"ltr\">\ud83c\udf92 Yan\u0131n\u0131za ne almal\u0131s\u0131n\u0131z<\/h3>\n<p dir=\"ltr\">\ud83d\udd39 Pasaport veya Kimlik<br \/>\n\ud83d\udd39 Mayo ve havlu.<br \/>\n\ud83d\udd39 Rahat \u015fortlar.<br \/>\n\ud83d\udd39 G\u00fcne\u015f Kremi<\/p>\n<h3 dir=\"ltr\">\ud83d\udeab \u015eunlar i\u00e7in uygun de\u011fildir<\/h3>\n<p dir=\"ltr\">\ud83d\udd39 Hamile kad\u0131nlar<br \/>\n\ud83d\udd39 120 kg'dan a\u011f\u0131r ki\u015filer<\/p>\n<h3 dir=\"ltr\">\ud83d\udcb8 Fiyat ve rezervasyon<\/h3>\n<div class=\"elementor-element elementor-element-884d539 e-con-full e-flex e-con e-child\" data-id=\"884d539\" data-element_type=\"container\">\n<div id=\"description\" class=\"elementor-element elementor-element-337037cc elementor-widget elementor-widget-thim-ekits-tours-content\" data-id=\"337037cc\" data-element_type=\"widget\" data-widget_type=\"thim-ekits-tours-content.default\">\n<div class=\"elementor-widget-container\">\n<div class=\"thim-ekit-single-tour__content\">\n<p class=\"\" data-start=\"2662\" data-end=\"2894\"><strong>\ud83d\udd39 \u015eimdi rezervasyon yap\u0131n - tur g\u00fcn\u00fc \u00f6deme yap\u0131n<\/strong><\/p>\n<p class=\"\" data-start=\"2662\" data-end=\"2894\">\ud83d\udd39 WhatsApp, Telegram, Viber arac\u0131l\u0131\u011f\u0131yla bize ula\u015f\u0131n veya a\u015fa\u011f\u0131daki sipari\u015f formunu doldurun.^ \ud83d\udc47\ud83c\udffd<\/p>\n<\/div>\n<\/div>\n<\/div>\n<\/div>\n<div class=\"elementor-element elementor-element-57a2f74 elementor-widget-divider--view-line elementor-widget elementor-widget-divider\" data-id=\"57a2f74\" data-element_type=\"widget\" data-widget_type=\"divider.default\">\n<div class=\"elementor-widget-container\"><\/div>\n<\/div>","protected":false},"excerpt":{"rendered":"<p>Kemer'den Dolusa Su Park\u0131'na tur: kayd\u0131raklar, deniz k\u0131z\u0131 g\u00f6sterisi, plaj, \u00f6\u011fle yeme\u011fi. Transfer, giri\u015f, \u015fezlonglar dahil, aileler i\u00e7in ideal! Ginza Travel'dan Geziler D\u00fcnyas\u0131<\/p>","protected":false},"featured_media":12751,"comment_status":"open","ping_status":"closed","template":"","meta":[],"product_brand":[],"product_cat":[122],"product_tag":[105],"class_list":{"0":"post-12920","1":"product","2":"type-product","3":"status-publish","4":"has-post-thumbnail","6":"tour_phys-ekskursii-v-kemer","7":"product_cat-ekskursii-v-kemer","8":"product_tag-kemer","9":"pa_destination-ekskursii-v-kemer","11":"first","12":"instock","13":"sale","14":"shipping-taxable","15":"purchasable","16":"product-type-tour_phys"},"aioseo_notices":[],"_links":{"self":[{"href":"https:\/\/mirekskursii.com\/tr\/wp-json\/wp\/v2\/product\/12920","targetHints":{"allow":["GET"]}}],"collection":[{"href":"https:\/\/mirekskursii.com\/tr\/wp-json\/wp\/v2\/product"}],"about":[{"href":"https:\/\/mirekskursii.com\/tr\/wp-json\/wp\/v2\/types\/product"}],"replies":[{"embeddable":true,"href":"https:\/\/mirekskursii.com\/tr\/wp-json\/wp\/v2\/comments?post=12920"}],"wp:featuredmedia":[{"embeddable":true,"href":"https:\/\/mirekskursii.com\/tr\/wp-json\/wp\/v2\/media\/12751"}],"wp:attachment":[{"href":"https:\/\/mirekskursii.com\/tr\/wp-json\/wp\/v2\/media?parent=12920"}],"wp:term":[{"taxonomy":"product_brand","embeddable":true,"href":"https:\/\/mirekskursii.com\/tr\/wp-json\/wp\/v2\/product_brand?post=12920"},{"taxonomy":"product_cat","embeddable":true,"href":"https:\/\/mirekskursii.com\/tr\/wp-json\/wp\/v2\/product_cat?post=12920"},{"taxonomy":"product_tag","embeddable":true,"href":"https:\/\/mirekskursii.com\/tr\/wp-json\/wp\/v2\/product_tag?post=12920"}],"curies":[{"name":"wp","href":"https:\/\/api.w.org\/{rel}","templated":true}]}}