{"id":12919,"date":"2025-05-10T18:07:20","date_gmt":"2025-05-10T15:07:20","guid":{"rendered":"https:\/\/mirekskursii.com\/?post_type=product&#038;p=12919"},"modified":"2026-04-15T16:58:39","modified_gmt":"2026-04-15T13:58:39","slug":"olympos-teleferik-tahtali-dagi-kemer","status":"publish","type":"product","link":"https:\/\/mirekskursii.com\/ekskursii\/kanatnaya-doroga-tahtaly-iz-kemer\/","title":{"rendered":"Kemer'den Olympos Teleferik  Turu\u2013 Tahtal\u0131 Da\u011f\u0131 (2365 m.)"},"content":{"rendered":"<h3 data-start=\"259\" data-end=\"272\">\ud83c\udfd4\ufe0f \u0130nceleme<\/h3>\n<p data-start=\"274\" data-end=\"635\">Heyecan verici bir teleferik yolculu\u011funa \u00e7\u0131k\u0131n <strong data-start=\"334\" data-end=\"355\">Olympos Teleferik<\/strong> Kemer'den ve Beldibi, G\u00f6yneyuk, Kiri\u015f, \u00c7amyuva ve Tekirova il\u00e7elerinden. Tahtal\u0131 Da\u011f\u0131'n\u0131n (2365m) zirvesine t\u0131rman\u0131n ve Akdeniz ile Beyda\u011flar\u0131 Milli Park\u0131'n\u0131n muhte\u015fem manzaras\u0131n\u0131n keyfini \u00e7\u0131kar\u0131n. Bu tur do\u011fa severler, panoramik foto\u011fraflar ve dinlendirici tatiller i\u00e7in idealdir!<\/p>\n<h3 data-start=\"637\" data-end=\"649\">Dahil:<\/h3>\n<p data-start=\"651\" data-end=\"753\"><span style=\"color: #00ff00;\"><strong>\u2713<\/strong> <\/span>Otel transferi<br data-start=\"673\" data-end=\"676\" \/><span style=\"color: #00ff00;\"><strong>\u2713<\/strong> <\/span>Konforlu otob\u00fcs<br data-start=\"701\" data-end=\"704\" \/><span style=\"color: #00ff00;\"><strong>\u2713<\/strong> <\/span>Teleferik bileti<br data-start=\"730\" data-end=\"733\" \/><span style=\"color: #00ff00;\"><strong>\u2713<\/strong> <\/span>Tam sigorta<\/p>\n<h3 data-start=\"755\" data-end=\"770\">Dahil de\u011fil:<\/h3>\n<p data-start=\"772\" data-end=\"802\"><span style=\"color: #ff0000;\"><strong>\u2717<\/strong> <\/span>Ki\u015fisel harcamalar<br data-start=\"788\" data-end=\"791\" \/><span style=\"color: #ff0000;\"><strong>\u2717<\/strong> <\/span>\u0130\u00e7ecekler<\/p>\n<h3 data-start=\"804\" data-end=\"832\">\ud83c\udf1f Turun \u00f6ne \u00e7\u0131kan \u00f6zellikleri<\/h3>\n<p data-start=\"834\" data-end=\"1060\">\ud83d\udd39 Tahtal\u0131 zirvesine t\u0131rman\u0131\u015f (10-12 dakika)<br data-start=\"876\" data-end=\"879\" \/>\ud83d\udd39 Denizin, da\u011flar\u0131n ve bulutlar\u0131n panoramik manzaras\u0131<br data-start=\"920\" data-end=\"923\" \/>\ud83d\udd39 2365 m y\u00fckseklikteki g\u00f6zlem teraslar\u0131nda y\u00fcr\u00fcy\u00fc\u015f<br data-start=\"972\" data-end=\"975\" \/>\ud83d\udd39 Kafeleri ve hediyelik e\u015fya d\u00fckkanlar\u0131n\u0131 ziyaret etmek<br data-start=\"1015\" data-end=\"1018\" \/>\ud83d\udd39 Etkileyici foto\u011fraflar \u00e7ekme f\u0131rsat\u0131<\/p>\n<h3 data-start=\"1062\" data-end=\"1084\">\ud83d\udcd6 Tam a\u00e7\u0131klama<\/h3>\n<div data-start=\"1086\" data-end=\"1290\">Tur, Kemer ve \u00e7evresindeki b\u00f6lgelerdeki otelinizden konforlu bir transfer ile ba\u015flar. Bunu Beyda\u011flar\u0131 Milli Park\u0131'ndan Olympos teleferi\u011finin alt istasyonuna do\u011fal bir yolculuk izler.<\/div>\n<div data-start=\"1292\" data-end=\"1469\">Geni\u015f, modern bir kabine binecek ve sadece 10-12 dakika i\u00e7inde Tahtal\u0131 Da\u011f\u0131'n\u0131n zirvesine (2365 metre) t\u0131rmanacaks\u0131n\u0131z. Yol boyunca \u00e7am ormanlar\u0131n\u0131n, denizin ve kayal\u0131klar\u0131n muhte\u015fem manzaras\u0131n\u0131n keyfini \u00e7\u0131karacaks\u0131n\u0131z.<\/div>\n<div data-start=\"1471\" data-end=\"1718\">Zirvede yakla\u015f\u0131k bir saat serbest zaman\u0131n\u0131z olacak: manzara noktalar\u0131nda dola\u015f\u0131n, bulutlara kar\u015f\u0131 foto\u011fraf \u00e7ekin, hediyelik e\u015fya sat\u0131n al\u0131n veya bir kafede dinlenin. Gezinizin ard\u0131ndan teleferikle otele geri d\u00f6neceksiniz.<\/div>\n<h3 data-start=\"1720\" data-end=\"1742\">\ud83d\uddfa\ufe0f Tur Program\u0131<\/h3>\n<p data-start=\"1744\" data-end=\"1972\">\ud83d\udd39 Misafirlerin otelden al\u0131nmas\u0131<br data-start=\"1767\" data-end=\"1770\" \/>\ud83d\udd39 Olympos teleferik istasyonuna var\u0131\u015f<br data-start=\"1815\" data-end=\"1818\" \/>\ud83d\udd39 Tahtal\u0131 zirvesine t\u0131rman\u0131\u015f (10-12 dakika)<br data-start=\"1860\" data-end=\"1863\" \/>\ud83d\udd39 Zirvede serbest zaman (foto\u011fraf, kafe, hediyelik e\u015fya)<br data-start=\"1915\" data-end=\"1918\" \/>\ud83d\udd39 Teleferik ile ini\u015f<br data-start=\"1945\" data-end=\"1948\" \/>\ud83d\udd39 Otele d\u00f6n\u00fc\u015f<\/p>\n<h3 data-start=\"1974\" data-end=\"2000\">\u2139\ufe0f Faydal\u0131 bilgiler<\/h3>\n<p data-start=\"2002\" data-end=\"2263\">\ud83d\udd39 Tur s\u00fcresi ~4-5 saat<br data-start=\"2038\" data-end=\"2041\" \/>\ud83d\udd39 S\u0131cakl\u0131klar tepede daha d\u00fc\u015f\u00fckt\u00fcr - kal\u0131n giysiler al\u0131n<br data-start=\"2096\" data-end=\"2099\" \/>\ud83d\udd39 Her ya\u015f i\u00e7in uygundur<br data-start=\"2129\" data-end=\"2132\" \/>\ud83d\udd39 Orta d\u00fczeyde fiziksel aktivite (y\u00fcr\u00fcy\u00fc\u015f)<br data-start=\"2177\" data-end=\"2180\" \/>\ud83d\udd39 \u00dccretsiz seyahat eden 05 ya\u015f\u0131ndan k\u00fc\u00e7\u00fck \u00e7ocuklar\u0131n seyahat otob\u00fcs\u00fcnde ayr\u0131 bir koltu\u011fu yoktur<\/p>\n<h3 data-start=\"2265\" data-end=\"2289\">\ud83c\udf92 Yan\u0131n\u0131za ne almal\u0131s\u0131n\u0131z<\/h3>\n<p data-start=\"2291\" data-end=\"2382\">\ud83d\udd39 Ceket veya kazak.<br data-start=\"2311\" data-end=\"2314\" \/>\ud83d\udd39 Rahat ayakkab\u0131lar<br data-start=\"2330\" data-end=\"2333\" \/>\ud83d\udd39 G\u00fcne\u015f G\u00f6zl\u00fc\u011f\u00fc<br data-start=\"2355\" data-end=\"2358\" \/>\ud83d\udd39 Kamera veya ak\u0131ll\u0131 telefon<\/p>\n<h3 data-start=\"2384\" data-end=\"2406\">\ud83d\udeab \u015eunlar i\u00e7in uygun de\u011fildir<\/h3>\n<p data-start=\"2408\" data-end=\"2485\">\ud83d\udd39 Belirgin bir y\u00fckseklik korkusu olan ki\u015filer<br data-start=\"2444\" data-end=\"2447\" \/>\ud83d\udd39 Hareket kabiliyeti k\u0131s\u0131tl\u0131 ki\u015filer<\/p>\n<h3 data-start=\"2487\" data-end=\"2513\">\ud83d\udcb8 Fiyat ve rezervasyon<\/h3>\n<p data-start=\"2515\" data-end=\"2653\"><strong>\ud83d\udd39 \u015eimdi rezervasyon yap\u0131n - tur g\u00fcn\u00fc \u00f6deme yap\u0131n<\/strong><br data-start=\"2561\" data-end=\"2564\" \/>\ud83d\udd39 WhatsApp, Telegram, Viber \u00fczerinden bize ula\u015f\u0131n veya a\u015fa\u011f\u0131daki sipari\u015f formunu doldurun. \ud83d\udc47\ud83c\udffc<\/p>","protected":false},"excerpt":{"rendered":"<p data-start=\"2691\" data-end=\"2827\">Kemer'den Olympos Teleferik: 2365m t\u0131rman\u0131\u015f, panoramik manzaralar, transferler ve biletler dahil. Foto\u011fraf ve do\u011fa i\u00e7in ideal.<\/p>","protected":false},"featured_media":12835,"comment_status":"open","ping_status":"closed","template":"","meta":[],"product_brand":[],"product_cat":[122],"product_tag":[105],"class_list":{"0":"post-12919","1":"product","2":"type-product","3":"status-publish","4":"has-post-thumbnail","6":"tour_phys-ekskursii-v-kemer","7":"product_cat-ekskursii-v-kemer","8":"product_tag-kemer","9":"pa_destination-ekskursii-v-kemer","11":"first","12":"instock","13":"sale","14":"featured","15":"shipping-taxable","16":"purchasable","17":"product-type-tour_phys"},"aioseo_notices":[],"_links":{"self":[{"href":"https:\/\/mirekskursii.com\/tr\/wp-json\/wp\/v2\/product\/12919","targetHints":{"allow":["GET"]}}],"collection":[{"href":"https:\/\/mirekskursii.com\/tr\/wp-json\/wp\/v2\/product"}],"about":[{"href":"https:\/\/mirekskursii.com\/tr\/wp-json\/wp\/v2\/types\/product"}],"replies":[{"embeddable":true,"href":"https:\/\/mirekskursii.com\/tr\/wp-json\/wp\/v2\/comments?post=12919"}],"wp:featuredmedia":[{"embeddable":true,"href":"https:\/\/mirekskursii.com\/tr\/wp-json\/wp\/v2\/media\/12835"}],"wp:attachment":[{"href":"https:\/\/mirekskursii.com\/tr\/wp-json\/wp\/v2\/media?parent=12919"}],"wp:term":[{"taxonomy":"product_brand","embeddable":true,"href":"https:\/\/mirekskursii.com\/tr\/wp-json\/wp\/v2\/product_brand?post=12919"},{"taxonomy":"product_cat","embeddable":true,"href":"https:\/\/mirekskursii.com\/tr\/wp-json\/wp\/v2\/product_cat?post=12919"},{"taxonomy":"product_tag","embeddable":true,"href":"https:\/\/mirekskursii.com\/tr\/wp-json\/wp\/v2\/product_tag?post=12919"}],"curies":[{"name":"wp","href":"https:\/\/api.w.org\/{rel}","templated":true}]}}