{"id":12918,"date":"2025-05-10T17:50:54","date_gmt":"2025-05-10T14:50:54","guid":{"rendered":"https:\/\/mirekskursii.com\/?post_type=product&#038;p=12918"},"modified":"2025-12-12T11:03:56","modified_gmt":"2025-12-12T08:03:56","slug":"tahtali-dagi-gunbatimi-teleferik-turu-kemer","status":"publish","type":"product","link":"https:\/\/mirekskursii.com\/ekskursii\/kanatnaya-doroga-tahtaly-zakat-iz-kemer\/","title":{"rendered":"Kemer'de  G\u00fcnbat\u0131m\u0131 Teleferik Turu \u2014 Tahtal\u0131 Da\u011f\u0131 (2365 m.)"},"content":{"rendered":"<h3 data-start=\"225\" data-end=\"240\">\ud83c\udfd4\ufe0f \u0130nceleme<\/h3>\n<p data-start=\"241\" data-end=\"586\">Kemer ve Beldibi, G\u00f6yneyuk, Kiri\u015f, \u00c7amyuva ve Tekirova il\u00e7elerinden uygun bir transferle Tahtal\u0131 Da\u011f\u0131'n\u0131n zirvesinde (2365 metre) b\u00fcy\u00fcl\u00fc bir g\u00fcn bat\u0131m\u0131 ya\u015fay\u0131n. D\u00fcnyan\u0131n en uzun teleferiklerinden birine binin ve Akdeniz ile Toros Da\u011flar\u0131'n\u0131n panoramas\u0131n\u0131n keyfini \u00e7\u0131kar\u0131n. Romantik bir ak\u015fam ve bulutlar\u0131n \u00fczerinde dinlendirici bir tatil i\u00e7in m\u00fckemmel!<\/p>\n<h3 data-start=\"588\" data-end=\"602\">Dahil:<\/h3>\n<p data-start=\"603\" data-end=\"695\"><span style=\"color: #00ff00;\"><strong>\u2713<\/strong> <\/span>Otel transferi<br data-start=\"625\" data-end=\"628\" \/><span style=\"color: #00ff00;\"><strong>\u2713<\/strong> <\/span>Sigorta<br data-start=\"639\" data-end=\"642\" \/><span style=\"color: #00ff00;\"><strong>\u2713<\/strong> <\/span>Teleferik bileti<br data-start=\"668\" data-end=\"671\" \/><span style=\"color: #00ff00;\"><strong>\u2713<\/strong> <\/span>Canl\u0131 m\u00fczik e\u015fli\u011finde ak\u015fam yeme\u011fi<\/p>\n<h3 data-start=\"697\" data-end=\"714\">Dahil de\u011fil:<\/h3>\n<p data-start=\"715\" data-end=\"762\"><span style=\"color: #ff0000;\"><strong>\u2717<\/strong> <\/span>\u0130\u00e7ecekler<br data-start=\"724\" data-end=\"727\" \/><span style=\"color: #ff0000;\"><strong>\u2717<\/strong> <\/span>Ki\u015fisel harcamalar<br data-start=\"743\" data-end=\"746\" \/><span style=\"color: #ff0000;\"><strong>\u2717<\/strong> <\/span>Foto\u011fraf ve video<\/p>\n<h3 data-start=\"764\" data-end=\"794\">\ud83c\udf1f Turun \u00f6ne \u00e7\u0131kan \u00f6zellikleri<\/h3>\n<p data-start=\"795\" data-end=\"1079\">\ud83d\udd39 Olimpik Teleferik teleferi\u011fi ile t\u0131rman\u0131\u015f (\u224812 dakika)<br data-start=\"853\" data-end=\"856\" \/>\ud83d\udd39 2365 metre y\u00fckseklikte inan\u0131lmaz g\u00fcn bat\u0131m\u0131<br data-start=\"898\" data-end=\"901\" \/>\ud83d\udd39 Zirve Kafe'de canl\u0131 m\u00fczik e\u015fli\u011finde ak\u015fam yeme\u011fi<br data-start=\"942\" data-end=\"945\" \/>\ud83d\udd39 \u00c7arp\u0131c\u0131 panoramik deniz ve da\u011f manzaras\u0131<br data-start=\"990\" data-end=\"993\" \/>\ud83d\udd39 Bulutlar\u0131n \u00fczerinde sakin ve romantik bir atmosfer<br data-start=\"1042\" data-end=\"1045\" \/>\ud83d\udd39 Kemer'den konforlu transfer<\/p>\n<h3 data-start=\"1081\" data-end=\"1105\">\ud83d\udcd6 Tam a\u00e7\u0131klama<\/h3>\n<div data-start=\"1106\" data-end=\"1397\">Ak\u015fam\u0131n\u0131z Kemer ve Beldibi, G\u00f6yin\u00fck, Kiri\u015f, \u00c7amyuva veya Tekirova il\u00e7elerinden 726 metre y\u00fckseklikteki teleferik alt istasyonuna konforlu bir transferle ba\u015flayacak. Ard\u0131ndan b\u00f6lgenin en etkileyici manzara noktalar\u0131ndan biri olan Tahtal\u0131 Da\u011f\u0131'n\u0131n (2365 metre) zirvesine 12 dakikal\u0131k bir t\u0131rman\u0131\u015f ger\u00e7ekle\u015ftireceksiniz.<\/div>\n<div data-start=\"1399\" data-end=\"1621\">Zirvede sizi unutulmaz bir panorama kar\u015f\u0131layacak: Akdeniz, Toros Da\u011flar\u0131 ve g\u00f6ky\u00fcz\u00fcn\u00fc parlak g\u00fcn bat\u0131m\u0131 renklerine boyayan g\u00fcne\u015f. \u0130nan\u0131lmaz foto\u011fraflar \u00e7ekin, temiz havan\u0131n ve da\u011f\u0131n zirvesindeki huzurun tad\u0131n\u0131 \u00e7\u0131kar\u0131n.<\/div>\n<div data-start=\"1623\" data-end=\"1788\">G\u00fcn bat\u0131m\u0131ndan sonra 2365 metre y\u00fckseklikteki rahat bir kafede canl\u0131 m\u00fczik e\u015fli\u011finde bir ak\u015fam yeme\u011fi yiyeceksiniz. Ak\u015fam teleferikle yumu\u015fak bir ini\u015f ve otelinize geri transfer ile sona erecek.<\/div>\n<h3 data-start=\"1790\" data-end=\"1814\">\ud83d\uddfa\ufe0f Tur Program\u0131<\/h3>\n<p data-start=\"1815\" data-end=\"2061\">\ud83d\udd39 Misafirlerin otelden al\u0131nmas\u0131<br data-start=\"1838\" data-end=\"1841\" \/>\ud83d\udd39 Teleferik alt istasyonuna var\u0131\u015f<br data-start=\"1886\" data-end=\"1889\" \/>\ud83d\udd39 Tahtal\u0131 zirvesine t\u0131rman\u0131\u015f (\u224812 dakika)<br data-start=\"1929\" data-end=\"1932\" \/>\ud83d\udd39 Zirvede serbest zaman ve g\u00fcn bat\u0131m\u0131 bulu\u015fmas\u0131<br data-start=\"1978\" data-end=\"1981\" \/>\ud83d\udd39 Canl\u0131 m\u00fczik e\u015fli\u011finde ak\u015fam yeme\u011fi<br data-start=\"2004\" data-end=\"2007\" \/>\ud83d\udd39 Teleferik ile ini\u015f<br data-start=\"2034\" data-end=\"2037\" \/>\ud83d\udd39 Otele d\u00f6n\u00fc\u015f<\/p>\n<h3 data-start=\"2063\" data-end=\"2091\">\u2139\ufe0f Faydal\u0131 bilgiler<\/h3>\n<p data-start=\"2092\" data-end=\"2299\">\ud83d\udd39 Tur s\u00fcresi: ~4-5 saat<br data-start=\"2124\" data-end=\"2127\" \/>\ud83d\udd39 Zirvede s\u0131cakl\u0131k Kemer'dekinden daha d\u00fc\u015f\u00fckt\u00fcr<br data-start=\"2171\" data-end=\"2174\" \/>\ud83d\udd39 G\u00fcn bat\u0131m\u0131n\u0131n zaman\u0131 mevsimler boyunca de\u011fi\u015fir<br data-start=\"2209\" data-end=\"2212\" \/>\ud83d\udd39 Orta d\u00fczeyde fiziksel aktivite<br data-start=\"2246\" data-end=\"2249\" \/>\ud83d\udd39 Seyahat otob\u00fcs\u00fcnde ayr\u0131 bir koltu\u011fu olmayan 5 ya\u015f\u0131ndan k\u00fc\u00e7\u00fck \u00e7ocuklar<\/p>\n<h3 data-start=\"2301\" data-end=\"2327\">\ud83c\udf92 Yan\u0131n\u0131za ne almal\u0131s\u0131n\u0131z<\/h3>\n<p data-start=\"2328\" data-end=\"2432\">\ud83d\udd39 Hafif ceket (ak\u015famlar\u0131 daha serin)<br data-start=\"2364\" data-end=\"2367\" \/>\ud83d\udd39 Rahat ayakkab\u0131lar<br data-start=\"2383\" data-end=\"2386\" \/>\ud83d\udd39 Kamera veya ak\u0131ll\u0131 telefon<br data-start=\"2408\" data-end=\"2411\" \/>\ud83d\udd39 Biraz nakit<\/p>\n<h3 data-start=\"2434\" data-end=\"2458\">\ud83d\udeab \u015eunlar i\u00e7in uygun de\u011fildir<\/h3>\n<p data-start=\"2459\" data-end=\"2536\">\ud83d\udd39 Y\u00fckseklik korkusu olan ki\u015filer<br data-start=\"2484\" data-end=\"2487\" \/>\ud83d\udd39 Hareket kabiliyeti k\u0131s\u0131tl\u0131 gezginler<\/p>\n<h3 data-start=\"2538\" data-end=\"2566\">\ud83d\udcb8 Fiyat ve rezervasyon<\/h3>\n<p data-start=\"2567\" data-end=\"2705\"><strong>\ud83d\udd39 \u015eimdi rezervasyon yap\u0131n - tur g\u00fcn\u00fc \u00f6deme yap\u0131n<\/strong><br data-start=\"2613\" data-end=\"2616\" \/>\ud83d\udd39 WhatsApp, Telegram, Viber \u00fczerinden bize ula\u015f\u0131n veya a\u015fa\u011f\u0131daki sipari\u015f formunu doldurun. \ud83d\udc47\ud83c\udffc<\/p>","protected":false},"excerpt":{"rendered":"<p data-start=\"2753\" data-end=\"2885\">Kemer'den Olympos Teleferik'te g\u00fcn bat\u0131m\u0131: 2365 m'ye t\u0131rman\u0131\u015f, romantik atmosfer, m\u00fczik e\u015fli\u011finde ak\u015fam yeme\u011fi ve panoramik manzaralar. Transfer dahildir.<\/p>","protected":false},"featured_media":12625,"comment_status":"open","ping_status":"closed","template":"","meta":[],"product_brand":[],"product_cat":[122],"product_tag":[105],"class_list":{"0":"post-12918","1":"product","2":"type-product","3":"status-publish","4":"has-post-thumbnail","6":"tour_phys-ekskursii-v-kemer","7":"product_cat-ekskursii-v-kemer","8":"product_tag-kemer","9":"pa_destination-ekskursii-v-kemer","11":"first","12":"instock","13":"sale","14":"shipping-taxable","15":"purchasable","16":"product-type-tour_phys"},"aioseo_notices":[],"_links":{"self":[{"href":"https:\/\/mirekskursii.com\/tr\/wp-json\/wp\/v2\/product\/12918","targetHints":{"allow":["GET"]}}],"collection":[{"href":"https:\/\/mirekskursii.com\/tr\/wp-json\/wp\/v2\/product"}],"about":[{"href":"https:\/\/mirekskursii.com\/tr\/wp-json\/wp\/v2\/types\/product"}],"replies":[{"embeddable":true,"href":"https:\/\/mirekskursii.com\/tr\/wp-json\/wp\/v2\/comments?post=12918"}],"wp:featuredmedia":[{"embeddable":true,"href":"https:\/\/mirekskursii.com\/tr\/wp-json\/wp\/v2\/media\/12625"}],"wp:attachment":[{"href":"https:\/\/mirekskursii.com\/tr\/wp-json\/wp\/v2\/media?parent=12918"}],"wp:term":[{"taxonomy":"product_brand","embeddable":true,"href":"https:\/\/mirekskursii.com\/tr\/wp-json\/wp\/v2\/product_brand?post=12918"},{"taxonomy":"product_cat","embeddable":true,"href":"https:\/\/mirekskursii.com\/tr\/wp-json\/wp\/v2\/product_cat?post=12918"},{"taxonomy":"product_tag","embeddable":true,"href":"https:\/\/mirekskursii.com\/tr\/wp-json\/wp\/v2\/product_tag?post=12918"}],"curies":[{"name":"wp","href":"https:\/\/api.w.org\/{rel}","templated":true}]}}