{"id":12916,"date":"2025-05-10T17:30:23","date_gmt":"2025-05-10T14:30:23","guid":{"rendered":"https:\/\/mirekskursii.com\/?post_type=product&#038;p=12916"},"modified":"2026-04-15T16:58:35","modified_gmt":"2026-04-15T13:58:35","slug":"yamac-parasutu-tahtali-kemer","status":"publish","type":"product","link":"https:\/\/mirekskursii.com\/ekskursii\/paraplan-tahtaly-iz-kemer\/","title":{"rendered":"Kemer'de Yama\u00e7 Para\u015f\u00fct\u00fc \u2013 Tahtal\u0131 Da\u011f\u0131 2365 m"},"content":{"rendered":"<h3 data-start=\"227\" data-end=\"241\">\ud83e\ude82 \u0130nceleme<\/h3>\n<p data-start=\"242\" data-end=\"568\">Kemer ve Beldibi, G\u00f6yneyuk, Kiri\u015f, \u00c7amyuva ve Tekirova il\u00e7elerinden uygun transferlerle Tahtal\u0131 Da\u011f\u0131'n\u0131n (2365m) tepesinden unutulmaz bir yama\u00e7 para\u015f\u00fct\u00fc u\u00e7u\u015fu yap\u0131n. Akdeniz, \u00e7am ormanlar\u0131 ve Toros Da\u011flar\u0131'n\u0131n panoramas\u0131n\u0131n tad\u0131n\u0131 \u00e7\u0131kar\u0131rken Tekirova plaj\u0131na ini\u015f bu yar\u0131m g\u00fcnl\u00fck maceran\u0131n m\u00fckemmel sonu olacakt\u0131r.<\/p>\n<h3 data-start=\"570\" data-end=\"584\">Dahil:<\/h3>\n<p data-start=\"585\" data-end=\"812\"><span style=\"color: #00ff00;\"><strong>\u2713<\/strong> <\/span>Otel transferi<br data-start=\"607\" data-end=\"610\" \/><span style=\"color: #00ff00;\"><strong>\u2713<\/strong> <\/span>Profesyonel pilotlar ve sertifikal\u0131 ekipman<br data-start=\"666\" data-end=\"669\" \/><span style=\"color: #00ff00;\"><strong>\u2713<\/strong> <\/span>G\u00fcvenlik brifingi<br data-start=\"705\" data-end=\"708\" \/><span style=\"color: #00ff00;\"><strong>\u2713<\/strong> <\/span>Olympos Teleferik teleferi\u011fi i\u00e7in bilet<br data-start=\"752\" data-end=\"755\" \/><span style=\"color: #00ff00;\"><strong>\u2713<\/strong> <\/span>Sigorta<br data-start=\"766\" data-end=\"769\" \/><span style=\"color: #00ff00;\"><strong>\u2713<\/strong> <\/span>Tekirova plaj\u0131nda y\u00fczme molas\u0131<\/p>\n<h3 data-start=\"814\" data-end=\"831\">Dahil de\u011fil:<\/h3>\n<p data-start=\"832\" data-end=\"893\"><span style=\"color: #ff0000;\"><strong>\u2717<\/strong> <\/span>Ki\u015fisel harcamalar<br data-start=\"848\" data-end=\"851\" \/><span style=\"color: #ff0000;\"><strong>\u2717<\/strong> <\/span>Foto\u011fraf ve video (iste\u011fe ba\u011fl\u0131)<br data-start=\"879\" data-end=\"882\" \/><span style=\"color: #ff0000;\"><strong>\u2717<\/strong> <\/span>\u0130\u00e7ecekler<\/p>\n<h3 data-start=\"895\" data-end=\"926\">\ud83c\udfd4\ufe0f Turda \u00d6ne \u00c7\u0131kanlar<\/h3>\n<p data-start=\"927\" data-end=\"1244\">\ud83d\udd39 Akdeniz'deki en y\u00fcksek yama\u00e7 para\u015f\u00fct\u00fc noktas\u0131 olan 2365 metre y\u00fckseklikten u\u00e7mak.<br data-start=\"1011\" data-end=\"1014\" \/>\ud83d\udd39 Sahil, Toros Da\u011flar\u0131 ve Olimpos Milli Park\u0131'n\u0131n panoramik manzaras\u0131<br data-start=\"1085\" data-end=\"1088\" \/>\ud83d\udd39 G\u00fcvenilirlik ve emniyet: deneyimli pilotlarla u\u00e7mak<br data-start=\"1143\" data-end=\"1146\" \/>\ud83d\udd39 Tekirova sahiline ini\u015f ve y\u00fczme<br data-start=\"1188\" data-end=\"1191\" \/>\ud83d\udd39 Profesyonel foto\u011fraf ve video \u00e7ekimi imkan\u0131<\/p>\n<h3 data-start=\"1246\" data-end=\"1270\">\ud83d\udcd6 Tam a\u00e7\u0131klama<\/h3>\n<div data-start=\"1271\" data-end=\"1548\">Maceran\u0131z Kemer il\u00e7elerinden Beldibi, G\u00f6yn\u00fck, Kiri\u015f, \u00c7amyuva veya Tekirova'dan konforlu bir transferle ba\u015flar. Ard\u0131ndan, Olympos Teleferik teleferi\u011fi ile Toros Da\u011flar\u0131 ve Akdeniz'in b\u00fcy\u00fcleyici manzaras\u0131n\u0131n keyfini \u00e7\u0131karabilece\u011finiz Tahtal\u0131 Da\u011f\u0131'n\u0131n (2365 m) zirvesine \u00e7\u0131k\u0131n.<\/div>\n<div data-start=\"1550\" data-end=\"1852\">Brifingin ard\u0131ndan profesyonel pilotlar sizi u\u00e7u\u015funuza haz\u0131rlar. Yama\u00e7tan yumu\u015fak bir \u015fekilde havalan\u0131n ve ormanlar\u0131n, denizin ve kayal\u0131k zirvelerin \u00fczerinde 35-45 dakikal\u0131k inan\u0131lmaz s\u00fcz\u00fclmenin tad\u0131n\u0131 \u00e7\u0131kar\u0131n. U\u00e7u\u015f, d\u00f6n\u00fc\u015f transferinizden \u00f6nce y\u00fczebilece\u011finiz ve dinlenebilece\u011finiz Tekirova plaj\u0131na yumu\u015fak bir ini\u015fle sona erecek.<\/div>\n<h3 data-start=\"1854\" data-end=\"1878\">\ud83d\uddfa\ufe0f Tur Program\u0131<\/h3>\n<p data-start=\"1879\" data-end=\"2142\">\ud83d\udd39 Misafirlerin otelden al\u0131nmas\u0131<br data-start=\"1902\" data-end=\"1905\" \/>\ud83d\udd39 Olympos Teleferik \u00fcss\u00fcne var\u0131\u015f<br data-start=\"1941\" data-end=\"1944\" \/>\ud83d\udd39 Zirveye teleferik yolculu\u011fu (2365 m)<br data-start=\"1991\" data-end=\"1994\" \/>\ud83d\udd39 U\u00e7u\u015f i\u00e7in talimat ve haz\u0131rl\u0131k<br data-start=\"2029\" data-end=\"2032\" \/>\ud83d\udd39 Yama\u00e7 para\u015f\u00fct\u00fc u\u00e7u\u015fu (35-45 dakika)<br data-start=\"2070\" data-end=\"2073\" \/>\ud83d\udd39 Tekirova sahiline ini\u015f ve y\u00fczme<br data-start=\"2115\" data-end=\"2118\" \/>\ud83d\udd39 Otele d\u00f6n\u00fc\u015f<\/p>\n<h3 data-start=\"2144\" data-end=\"2172\">\u2139\ufe0f Faydal\u0131 bilgiler<\/h3>\n<p data-start=\"2173\" data-end=\"2440\">\ud83d\udd39 Tur s\u00fcresi: ~4-5 saat<br data-start=\"2205\" data-end=\"2208\" \/>\ud83d\udd39 U\u00e7u\u015f hava ko\u015fullar\u0131na ba\u011fl\u0131d\u0131r<br data-start=\"2244\" data-end=\"2247\" \/>\ud83d\udd39 Minimum ya\u015f: 5 ya\u015f<br data-start=\"2276\" data-end=\"2279\" \/>\ud83d\udd39 Erkekler: maks. a\u011f\u0131rl\u0131k 110kg; Kad\u0131nlar: maks. a\u011f\u0131rl\u0131k 90kg<br data-start=\"2333\" data-end=\"2336\" \/>\ud83d\udd39 Rezervasyon s\u0131ras\u0131nda belirtilmesi gerekenler: otel ad\u0131, a\u011f\u0131rl\u0131k ve boy<br data-start=\"2401\" data-end=\"2404\" \/>\ud83d\udd39 Orta d\u00fczeyde fiziksel aktivite<\/p>\n<h3 data-start=\"2442\" data-end=\"2468\">\ud83c\udf92 Yan\u0131n\u0131za ne almal\u0131s\u0131n\u0131z<\/h3>\n<p data-start=\"2469\" data-end=\"2621\">\ud83d\udd39 Rahat spor ayakkab\u0131lar<br data-start=\"2496\" data-end=\"2499\" \/>\ud83d\udd39 G\u00fcne\u015f g\u00f6zl\u00fc\u011f\u00fc ve krem<br data-start=\"2528\" data-end=\"2531\" \/>\ud83d\udd39 Mayo ve havlu.<br data-start=\"2555\" data-end=\"2558\" \/>\ud83d\udd39 Su ve hafif at\u0131\u015ft\u0131rmal\u0131klar<br data-start=\"2582\" data-end=\"2585\" \/>\ud83d\udd39 Ek hizmetler i\u00e7in para<\/p>\n<h3 data-start=\"2623\" data-end=\"2647\">\ud83d\udeab \u015eunlar i\u00e7in uygun de\u011fildir<\/h3>\n<p data-start=\"2648\" data-end=\"2818\">\ud83d\udd39 Hamile kad\u0131nlar<br data-start=\"2668\" data-end=\"2671\" \/>\ud83d\udd39 Epilepsisi olan ki\u015filer<br data-start=\"2692\" data-end=\"2695\" \/>\ud83d\udd39 Kalp veya solunum rahats\u0131zl\u0131\u011f\u0131 olan ki\u015filer<br data-start=\"2738\" data-end=\"2741\" \/>\ud83d\udd39 \u015eiddetli ba\u015f d\u00f6nmesi olan turistler<br data-start=\"2778\" data-end=\"2781\" \/>\ud83d\udd39 A\u011f\u0131rl\u0131k s\u0131n\u0131r\u0131n\u0131 a\u015fan ki\u015filer<\/p>\n<h3 data-start=\"2820\" data-end=\"2848\">\ud83d\udcb8 Fiyat ve rezervasyon<\/h3>\n<div data-start=\"2849\" data-end=\"2989\"><strong>\ud83d\udd39 \u015eimdi rezervasyon yap\u0131n - tur g\u00fcn\u00fc \u00f6deme yap\u0131n<\/strong><\/div>\n<div data-start=\"2849\" data-end=\"2989\">\ud83d\udd39 WhatsApp, Telegram, Viber \u00fczerinden bize ula\u015f\u0131n veya a\u015fa\u011f\u0131daki sipari\u015f formunu doldurun. \ud83d\udc47\ud83c\udffc<\/div>","protected":false},"excerpt":{"rendered":"<p data-start=\"3037\" data-end=\"3180\">Kemer'den Tahtal\u0131 Da\u011f\u0131'ndan yama\u00e7 para\u015f\u00fct\u00fc: 2365 metreden u\u00e7u\u015f, Tekirova plaj\u0131na ini\u015f, transferler, pilotlar, panoramik manzaralar. Tam bir macera!<\/p>","protected":false},"featured_media":12830,"comment_status":"open","ping_status":"closed","template":"","meta":[],"product_brand":[],"product_cat":[122],"product_tag":[105],"class_list":{"0":"post-12916","1":"product","2":"type-product","3":"status-publish","4":"has-post-thumbnail","6":"tour_phys-ekskursii-v-kemer","7":"product_cat-ekskursii-v-kemer","8":"product_tag-kemer","9":"pa_destination-ekskursii-v-kemer","11":"first","12":"instock","13":"sale","14":"shipping-taxable","15":"purchasable","16":"product-type-tour_phys"},"aioseo_notices":[],"_links":{"self":[{"href":"https:\/\/mirekskursii.com\/tr\/wp-json\/wp\/v2\/product\/12916","targetHints":{"allow":["GET"]}}],"collection":[{"href":"https:\/\/mirekskursii.com\/tr\/wp-json\/wp\/v2\/product"}],"about":[{"href":"https:\/\/mirekskursii.com\/tr\/wp-json\/wp\/v2\/types\/product"}],"replies":[{"embeddable":true,"href":"https:\/\/mirekskursii.com\/tr\/wp-json\/wp\/v2\/comments?post=12916"}],"wp:featuredmedia":[{"embeddable":true,"href":"https:\/\/mirekskursii.com\/tr\/wp-json\/wp\/v2\/media\/12830"}],"wp:attachment":[{"href":"https:\/\/mirekskursii.com\/tr\/wp-json\/wp\/v2\/media?parent=12916"}],"wp:term":[{"taxonomy":"product_brand","embeddable":true,"href":"https:\/\/mirekskursii.com\/tr\/wp-json\/wp\/v2\/product_brand?post=12916"},{"taxonomy":"product_cat","embeddable":true,"href":"https:\/\/mirekskursii.com\/tr\/wp-json\/wp\/v2\/product_cat?post=12916"},{"taxonomy":"product_tag","embeddable":true,"href":"https:\/\/mirekskursii.com\/tr\/wp-json\/wp\/v2\/product_tag?post=12916"}],"curies":[{"name":"wp","href":"https:\/\/api.w.org\/{rel}","templated":true}]}}