{"id":12915,"date":"2025-05-10T15:55:17","date_gmt":"2025-05-10T12:55:17","guid":{"rendered":"https:\/\/mirekskursii.com\/?post_type=product&#038;p=12915"},"modified":"2026-04-15T16:58:30","modified_gmt":"2026-04-15T13:58:30","slug":"adrasan-yamac-parasutu-kemer","status":"publish","type":"product","link":"https:\/\/mirekskursii.com\/ekskursii\/paraplan-adrasan-iz-kemer\/","title":{"rendered":"Adrasan Yama\u00e7 Para\u015f\u00fct\u00fc Kemer \u00c7\u0131k\u0131\u015fl\u0131 \u2013 Deniz Manzaras\u0131"},"content":{"rendered":"<h3 data-start=\"276\" data-end=\"290\">\ud83e\ude82 \u0130nceleme<\/h3>\n<p data-start=\"291\" data-end=\"618\">Beldibi, G\u00f6yn\u00fck, Kemer, Kiri\u015f, \u00c7amyuva ve Tekirova il\u00e7elerinden uygun transferlerle pitoresk Adrasan sahil \u015feridi \u00fczerinde heyecan verici bir yama\u00e7 para\u015f\u00fct\u00fc u\u00e7u\u015funa \u00e7\u0131k\u0131n. Adrasan'\u0131n turkuaz koyunun manzaras\u0131n\u0131n tad\u0131n\u0131 \u00e7\u0131kar\u0131n ve 1200 metre y\u00fckseklikten havalan\u0131n ve kumlu plaj\u0131na yumu\u015fak bir ini\u015f yap\u0131n. Ekstrem ve do\u011fa severler i\u00e7in m\u00fckemmel!<\/p>\n<h3 data-start=\"620\" data-end=\"634\">Dahil:<\/h3>\n<p data-start=\"635\" data-end=\"858\"><span style=\"color: #00ff00;\"><strong>\u2713<\/strong> <\/span>Otel transferi<br data-start=\"657\" data-end=\"660\" \/><span style=\"color: #00ff00;\"><strong>\u2713<\/strong> <\/span>Profesyonel pilotlar ve sertifikal\u0131 ekipman<br data-start=\"718\" data-end=\"721\" \/><span style=\"color: #00ff00;\"><strong>\u2713<\/strong> <\/span>G\u00fcvenlik brifingi<br data-start=\"757\" data-end=\"760\" \/><span style=\"color: #00ff00;\"><strong>\u2713<\/strong> <\/span>Yama\u00e7 para\u015f\u00fct\u00fc u\u00e7u\u015fu (25-35 dakika)<br data-start=\"794\" data-end=\"797\" \/><span style=\"color: #00ff00;\"><strong>\u2713<\/strong> <\/span>Tam sigorta<br data-start=\"815\" data-end=\"818\" \/><span style=\"color: #00ff00;\"><strong>\u2713<\/strong> <\/span>Adrasana plaj\u0131nda y\u00fczme molas\u0131<\/p>\n<h3 data-start=\"860\" data-end=\"877\">Dahil de\u011fil:<\/h3>\n<p data-start=\"878\" data-end=\"939\"><span style=\"color: #ff0000;\"><strong>\u2717<\/strong> <\/span>Ki\u015fisel harcamalar<br data-start=\"894\" data-end=\"897\" \/><span style=\"color: #ff0000;\"><strong>\u2717<\/strong> <\/span>Foto\u011fraf ve video (iste\u011fe ba\u011fl\u0131)<br data-start=\"925\" data-end=\"928\" \/><span style=\"color: #ff0000;\"><strong>\u2717<\/strong> <\/span>\u0130\u00e7ecekler<\/p>\n<h3 data-start=\"941\" data-end=\"971\">\ud83c\udf0a Turun \u00f6nemli noktalar\u0131<\/h3>\n<p data-start=\"972\" data-end=\"1222\">\ud83d\udd39 Adrasana K\u00f6rfezi \u00fczerinde 1200 metre y\u00fckseklikten u\u00e7u\u015f<br data-start=\"1016\" data-end=\"1019\" \/>\ud83d\udd39 Denizin, da\u011flar\u0131n ve \u00e7am vadilerinin muhte\u015fem manzaras\u0131<br data-start=\"1070\" data-end=\"1073\" \/>\ud83d\udd39 Adrasana'n\u0131n kumsal\u0131na yumu\u015fak bir ini\u015f<br data-start=\"1121\" data-end=\"1124\" \/>\ud83d\udd39 Deneyimli pilotlar sayesinde g\u00fcvenlik ve konfor<br data-start=\"1175\" data-end=\"1178\" \/>\ud83d\udd39 U\u00e7u\u015ftan sonra y\u0131kanmak ve rahatlamak i\u00e7in zaman<\/p>\n<h3 data-start=\"1224\" data-end=\"1248\">\ud83d\udcd6 Tam a\u00e7\u0131klama<\/h3>\n<div data-start=\"1249\" data-end=\"1516\">Maceran\u0131z Kemer il\u00e7elerinden Beldibi, G\u00f6yn\u00fck, Kiri\u015f, \u00c7amyuva ve Tekirova'dan konforlu bir transferle ba\u015flar. Ba\u015flang\u0131\u00e7 noktas\u0131na 1200 metre y\u00fckseklikte vard\u0131\u011f\u0131n\u0131zda, profesyonel pilotlar taraf\u0131ndan kar\u015f\u0131lanacak, bilgilendirilecek ve gerekli t\u00fcm ekipmanlarla haz\u0131rlanacaks\u0131n\u0131z.<\/div>\n<div data-start=\"1518\" data-end=\"1838\">Kalk\u0131\u015ftan sonra Adrasan'\u0131n vadileri, \u00e7am ormanlar\u0131 ve turkuaz sular\u0131 \u00fczerinde yumu\u015fak bir \u015fekilde s\u00fcz\u00fcl\u00fcrs\u00fcn\u00fcz. U\u00e7u\u015f 25-35 dakika s\u00fcrer ve s\u0131rada\u011flar\u0131n ve Akdeniz'in e\u015fsiz manzaralar\u0131n\u0131 sunar. \u0130ni\u015f, y\u00fczmek ve gen\u00e7le\u015fmek i\u00e7in zaman\u0131n\u0131z olaca\u011f\u0131 Adrasan sahilinde ger\u00e7ekle\u015fir. Daha sonra otelinize geri transfer edileceksiniz.<\/div>\n<h3 data-start=\"1840\" data-end=\"1864\">\ud83d\uddfa\ufe0f Tur Program\u0131<\/h3>\n<p data-start=\"1865\" data-end=\"2092\">\ud83d\udd39 Misafirlerin otelden al\u0131nmas\u0131<br data-start=\"1888\" data-end=\"1891\" \/>\ud83d\udd39 Adrasan'daki kalk\u0131\u015f noktas\u0131na var\u0131\u015f (1200 m)<br data-start=\"1937\" data-end=\"1940\" \/>\ud83d\udd39 Talimat ve ekipman\u0131n haz\u0131rlanmas\u0131<br data-start=\"1979\" data-end=\"1982\" \/>\ud83d\udd39 Yama\u00e7 para\u015f\u00fct\u00fc u\u00e7u\u015fu (25-35 dakika)<br data-start=\"2020\" data-end=\"2023\" \/>\ud83d\udd39 Adrasana plaj\u0131na ini\u015f ve y\u00fczme<br data-start=\"2065\" data-end=\"2068\" \/>\ud83d\udd39 Otele d\u00f6n\u00fc\u015f<\/p>\n<h3 data-start=\"2094\" data-end=\"2122\">\u2139\ufe0f Faydal\u0131 bilgiler<\/h3>\n<p data-start=\"2123\" data-end=\"2340\">\ud83d\udd39 Tur s\u00fcresi: ~4-5 saat<br data-start=\"2155\" data-end=\"2158\" \/>\ud83d\udd39 U\u00e7u\u015f hava ko\u015fullar\u0131na ba\u011fl\u0131d\u0131r<br data-start=\"2194\" data-end=\"2197\" \/>\ud83d\udd39 Minimum ya\u015f: 5 ya\u015f<br data-start=\"2226\" data-end=\"2229\" \/>\ud83d\udd39 Maksimum a\u011f\u0131rl\u0131k: 110 kg<br data-start=\"2256\" data-end=\"2259\" \/>\ud83d\udd39 Orta d\u00fczeyde fiziksel aktivite<br data-start=\"2293\" data-end=\"2296\" \/>\ud83d\udd39 U\u00e7u\u015f sonras\u0131 foto\u011fraf ve video sat\u0131n al\u0131n\u0131r<\/p>\n<h3 data-start=\"2342\" data-end=\"2368\">\ud83c\udf92 Yan\u0131n\u0131za ne almal\u0131s\u0131n\u0131z<\/h3>\n<p data-start=\"2369\" data-end=\"2506\">\ud83d\udd39 Spor kapal\u0131 ayakkab\u0131lar<br data-start=\"2397\" data-end=\"2400\" \/>\ud83d\udd39 G\u00fcne\u015f G\u00f6zl\u00fc\u011f\u00fc<br data-start=\"2422\" data-end=\"2425\" \/>\ud83d\udd39 Mayo ve havlu.<br data-start=\"2449\" data-end=\"2452\" \/>\ud83d\udd39 Biraz su<br data-start=\"2467\" data-end=\"2470\" \/>\ud83d\udd39 Ek hizmetler i\u00e7in para<\/p>\n<h3 data-start=\"2508\" data-end=\"2532\">\ud83d\udeab \u015eunlar i\u00e7in uygun de\u011fildir<\/h3>\n<p data-start=\"2533\" data-end=\"2658\">\ud83d\udd39 Hamile kad\u0131nlar<br data-start=\"2553\" data-end=\"2556\" \/>\ud83d\udd39 Kalp hastal\u0131\u011f\u0131 veya epilepsisi olan ki\u015filer<br data-start=\"2606\" data-end=\"2609\" \/>\ud83d\udd39 5 ya\u015f\u0131ndan k\u00fc\u00e7\u00fck \u00e7ocuklar<br data-start=\"2630\" data-end=\"2633\" \/>\ud83d\udd39 110 kg'dan a\u011f\u0131r ki\u015filer<\/p>\n<h3 data-start=\"2660\" data-end=\"2688\">\ud83d\udcb8 Fiyat ve rezervasyon<\/h3>\n<p data-start=\"2689\" data-end=\"2829\"><strong>\ud83d\udd39 \u015eimdi rezervasyon yap\u0131n - tur g\u00fcn\u00fc \u00f6deme yap\u0131n<\/strong><br data-start=\"2735\" data-end=\"2738\" \/>\ud83d\udd39 WhatsApp, Telegram, Viber \u00fczerinden bize ula\u015f\u0131n veya a\u015fa\u011f\u0131daki sipari\u015f formunu doldurun. \ud83d\udc47\ud83c\udffc<\/p>","protected":false},"excerpt":{"rendered":"<p>Kemer'den Adrasan'da yama\u00e7 para\u015f\u00fct\u00fc: 1200 metreden u\u00e7u\u015f, sahile ini\u015f, transferler, pilotlar, muhte\u015fem manzaralar. Deniz kenar\u0131nda en iyi ekstrem tur!<\/p>","protected":false},"featured_media":12841,"comment_status":"open","ping_status":"closed","template":"","meta":[],"product_brand":[],"product_cat":[122],"product_tag":[105],"class_list":{"0":"post-12915","1":"product","2":"type-product","3":"status-publish","4":"has-post-thumbnail","6":"tour_phys-ekskursii-v-kemer","7":"product_cat-ekskursii-v-kemer","8":"product_tag-kemer","9":"pa_destination-ekskursii-v-kemer","11":"first","12":"instock","13":"sale","14":"shipping-taxable","15":"purchasable","16":"product-type-tour_phys"},"aioseo_notices":[],"_links":{"self":[{"href":"https:\/\/mirekskursii.com\/tr\/wp-json\/wp\/v2\/product\/12915","targetHints":{"allow":["GET"]}}],"collection":[{"href":"https:\/\/mirekskursii.com\/tr\/wp-json\/wp\/v2\/product"}],"about":[{"href":"https:\/\/mirekskursii.com\/tr\/wp-json\/wp\/v2\/types\/product"}],"replies":[{"embeddable":true,"href":"https:\/\/mirekskursii.com\/tr\/wp-json\/wp\/v2\/comments?post=12915"}],"wp:featuredmedia":[{"embeddable":true,"href":"https:\/\/mirekskursii.com\/tr\/wp-json\/wp\/v2\/media\/12841"}],"wp:attachment":[{"href":"https:\/\/mirekskursii.com\/tr\/wp-json\/wp\/v2\/media?parent=12915"}],"wp:term":[{"taxonomy":"product_brand","embeddable":true,"href":"https:\/\/mirekskursii.com\/tr\/wp-json\/wp\/v2\/product_brand?post=12915"},{"taxonomy":"product_cat","embeddable":true,"href":"https:\/\/mirekskursii.com\/tr\/wp-json\/wp\/v2\/product_cat?post=12915"},{"taxonomy":"product_tag","embeddable":true,"href":"https:\/\/mirekskursii.com\/tr\/wp-json\/wp\/v2\/product_tag?post=12915"}],"curies":[{"name":"wp","href":"https:\/\/api.w.org\/{rel}","templated":true}]}}