{"id":12893,"date":"2025-05-10T13:52:10","date_gmt":"2025-05-10T10:52:10","guid":{"rendered":"https:\/\/mirekskursii.com\/?post_type=product&#038;p=12893"},"modified":"2026-04-15T16:58:22","modified_gmt":"2026-04-15T13:58:22","slug":"ulupinar-piknik-balik-turu-kemer","status":"publish","type":"product","link":"https:\/\/mirekskursii.com\/ekskursii\/ulupynar-piknik-rybalka-iz-kemer\/","title":{"rendered":"Ulup\u0131nar Piknik ve Bal\u0131k Turu Kemer \u00c7\u0131k\u0131\u015fl\u0131 \u2013 Her \u015eey Dahil"},"content":{"rendered":"<h3 data-start=\"284\" data-end=\"298\">\ud83c\udfa3 \u0130nceleme<\/h3>\n<p data-start=\"299\" data-end=\"594\">Kemer, Beldibi, G\u00f6y\u00fck, Kiri\u015f, \u00c7amyuva ve Tekirova'dan yar\u0131m g\u00fcnl\u00fck rahatlat\u0131c\u0131 bir \u00abUlup\u0131nar'da Bal\u0131k Tutma ve Piknik\u00bb turuna \u00e7\u0131k\u0131n. Serin bir da\u011f nehri kenar\u0131nda vakit ge\u00e7irin, bal\u0131k tutmay\u0131 deneyin ve do\u011fa ile \u00e7evrili lezzetli bir \u00f6\u011fle yeme\u011finin tad\u0131n\u0131 \u00e7\u0131kar\u0131n. Tur ~4-5 saat s\u00fcrmektedir ve her ya\u015f i\u00e7in uygundur.<\/p>\n<h3 data-start=\"596\" data-end=\"610\">Dahil:<\/h3>\n<p data-start=\"611\" data-end=\"752\"><strong><span style=\"color: #00ff00;\">\u2713<\/span> <\/strong>Otel transferi<br data-start=\"633\" data-end=\"636\" \/><strong><span style=\"color: #00ff00;\">\u2713<\/span> <\/strong>Profesyonel rehber<br data-start=\"658\" data-end=\"661\" \/><strong><span style=\"color: #00ff00;\">\u2713<\/span> <\/strong>Tam sigorta<br data-start=\"679\" data-end=\"682\" \/><strong><span style=\"color: #00ff00;\">\u2713<\/span> <\/strong>Konforlu otob\u00fcs<br data-start=\"707\" data-end=\"710\" \/><strong><span style=\"color: #00ff00;\">\u2713<\/span> <\/strong>Nehir kenar\u0131nda \u00f6\u011fle yeme\u011fi<br data-start=\"723\" data-end=\"726\" \/><strong><span style=\"color: #00ff00;\">\u2713<\/span> <\/strong>Bal\u0131k\u00e7\u0131l\u0131k ekipmanlar\u0131<\/p>\n<h3 data-start=\"754\" data-end=\"771\">Dahil de\u011fil:<\/h3>\n<p data-start=\"772\" data-end=\"843\"><span style=\"color: #ff0000;\"><strong>\u2717<\/strong> <\/span>Ki\u015fisel harcamalar<br data-start=\"788\" data-end=\"791\" \/><span style=\"color: #ff0000;\"><strong>\u2717<\/strong> <\/span>Foto\u011fraf ve video<br data-start=\"805\" data-end=\"808\" \/><span style=\"color: #ff0000;\"><strong>\u2717<\/strong> <\/span>\u0130\u00e7ecekler (men\u00fcye dahil olanlar d\u0131\u015f\u0131nda)<\/p>\n<h3 data-start=\"845\" data-end=\"875\">\ud83c\udf33 Turun \u00f6nemli noktalar\u0131<\/h3>\n<p data-start=\"876\" data-end=\"1088\">\ud83d\udd39 Ulup\u0131nar'\u0131n serin sular\u0131nda huzurlu bir tatil<br data-start=\"921\" data-end=\"924\" \/>\ud83d\udd39 Yakalad\u0131\u011f\u0131n\u0131z bal\u0131klar\u0131 pi\u015firme f\u0131rsat\u0131 ile 1,5 saat bal\u0131k tutma<br data-start=\"975\" data-end=\"978\" \/>\ud83d\udd39 G\u00f6lgeli piknik alanlar\u0131<br data-start=\"1006\" data-end=\"1009\" \/>\ud83d\udd39 Pitoresk da\u011f manzaralar\u0131<br data-start=\"1037\" data-end=\"1040\" \/>\ud83d\udd39 Aileler, \u00e7iftler ve do\u011fa severler i\u00e7in ideal<\/p>\n<h3 data-start=\"1090\" data-end=\"1114\">\ud83d\udcd6 Tam a\u00e7\u0131klama<\/h3>\n<p data-start=\"1115\" data-end=\"1365\">Kemer, Beldibi, G\u00f6yneuk, Kiri\u015f, \u00c7amyuva veya Tekirova'dan b\u00f6lgenin en ferahlat\u0131c\u0131 do\u011fal noktalar\u0131ndan biri olan Ulup\u0131nar'a konforlu bir transferle g\u00fcne ba\u015flay\u0131n. Burada da\u011f suyu, \u00e7am ormanlar\u0131 ve serin g\u00f6lgeler dinlendirici bir tatil i\u00e7in m\u00fckemmel ko\u015fullar\u0131 yarat\u0131yor.<\/p>\n<p data-start=\"1367\" data-end=\"1592\">Var\u0131\u015fta nehir kenar\u0131nda konaklayacak ve \u00f6zel havuzlarda bal\u0131k tutmak veya sadece g\u00f6lgede dinlenerek do\u011fan\u0131n tad\u0131n\u0131 \u00e7\u0131karmak aras\u0131nda se\u00e7im yapabilirsiniz. Bal\u0131k av\u0131 yakla\u015f\u0131k 1,5 saat s\u00fcrer ve yakalanan bal\u0131klar tesiste pi\u015firilebilir.<\/p>\n<p data-start=\"1594\" data-end=\"1756\">Bal\u0131k tuttuktan sonra nehir kenar\u0131nda lezzetli bir \u00f6\u011fle yeme\u011fi yiyeceksiniz. Suyun sesi, ye\u015fil manzaralar ve temiz hava tam bir rahatlama atmosferi yarat\u0131r. Sonunda - otele d\u00f6n\u00fc\u015f transferi.<\/p>\n<h3 data-start=\"1758\" data-end=\"1782\">\ud83d\uddfa\ufe0f Tur Program\u0131<\/h3>\n<p data-start=\"1783\" data-end=\"1935\">\ud83d\udd39 Misafirlerin otelden al\u0131nmas\u0131<br data-start=\"1806\" data-end=\"1809\" \/>\ud83d\udd39 Ulup\u0131nar'a var\u0131\u015f<br data-start=\"1831\" data-end=\"1834\" \/>\ud83d\udd39 Talimat<br data-start=\"1847\" data-end=\"1850\" \/>\ud83d\udd39 Bal\u0131k tutma veya serbest zaman (1,5 saat)<br data-start=\"1891\" data-end=\"1894\" \/>\ud83d\udd39 Nehir kenar\u0131nda \u00f6\u011fle yeme\u011fi<br data-start=\"1908\" data-end=\"1911\" \/>\ud83d\udd39 Otele d\u00f6n\u00fc\u015f<\/p>\n<h3 data-start=\"1937\" data-end=\"1965\">\u2139\ufe0f Faydal\u0131 bilgiler<\/h3>\n<p data-start=\"1966\" data-end=\"2151\">\ud83d\udd39 S\u00fcre: ~4-5 saat<br data-start=\"1993\" data-end=\"1996\" \/>\ud83d\udd39 D\u00fc\u015f\u00fck fiziksel aktivite<br data-start=\"2027\" data-end=\"2030\" \/>\ud83d\udd39 Bal\u0131k tutmak iste\u011fe ba\u011fl\u0131d\u0131r - sadece rahatlayabilirsiniz<br data-start=\"2078\" data-end=\"2081\" \/>\ud83d\udd39 Yakalanan bal\u0131klar pi\u015firilebilir<br data-start=\"2116\" data-end=\"2119\" \/>\ud83d\udd39 Her ya\u015f i\u00e7in uygundur<\/p>\n<h3 data-start=\"2153\" data-end=\"2179\">\ud83c\udf92 Yan\u0131n\u0131za ne almal\u0131s\u0131n\u0131z<\/h3>\n<p data-start=\"2180\" data-end=\"2293\">\ud83d\udd39 G\u00fcne\u015f g\u00f6zl\u00fc\u011f\u00fc ve krem<br data-start=\"2209\" data-end=\"2212\" \/>\ud83d\udd39 Rahat ayakkab\u0131lar<br data-start=\"2228\" data-end=\"2231\" \/>\ud83d\udd39 Kamera (iste\u011fe ba\u011fl\u0131)<br data-start=\"2254\" data-end=\"2257\" \/>\ud83d\udd39 Ek hizmetler i\u00e7in para<\/p>\n<h3 data-start=\"2295\" data-end=\"2319\">\ud83d\udeab \u015eunlar i\u00e7in uygun de\u011fildir<\/h3>\n<p data-start=\"2320\" data-end=\"2418\">\ud83d\udd39 A\u011f\u0131r hareket engelli misafirler<br data-start=\"2366\" data-end=\"2369\" \/>\ud83d\udd39 Do\u011fay\u0131 veya a\u00e7\u0131k hava etkinliklerini sevmeyen ki\u015filer<\/p>\n<h3 data-start=\"114\" data-end=\"142\">\ud83d\udcb8 Fiyat ve rezervasyon<\/h3>\n<p data-start=\"143\" data-end=\"290\"><strong>\ud83d\udd39 \u015eimdi rezervasyon yap\u0131n, tur g\u00fcn\u00fc \u00f6deyin<\/strong><br data-start=\"192\" data-end=\"195\" \/>\ud83d\udd39 WhatsApp, Telegram, Viber \u00fczerinden bize ula\u015f\u0131n veya a\u015fa\u011f\u0131daki rezervasyon formunu doldurun. \ud83d\udc47\ud83c\udffd<\/p>","protected":false},"excerpt":{"rendered":"<p>Kemer'den Ulup\u0131nar'da bal\u0131k tutma ve piknik! Transfer, nehir kenar\u0131nda \u00f6\u011fle yeme\u011fi, 1,5 saat bal\u0131k tutma ve do\u011fada rahatlama. Aileler ve her ya\u015f i\u00e7in ideal.<\/p>","protected":false},"featured_media":12894,"comment_status":"open","ping_status":"closed","template":"","meta":[],"product_brand":[],"product_cat":[122],"product_tag":[105],"class_list":{"0":"post-12893","1":"product","2":"type-product","3":"status-publish","4":"has-post-thumbnail","6":"tour_phys-ekskursii-v-kemer","7":"product_cat-ekskursii-v-kemer","8":"product_tag-kemer","9":"pa_destination-ekskursii-v-kemer","11":"first","12":"instock","13":"sale","14":"shipping-taxable","15":"purchasable","16":"product-type-tour_phys"},"aioseo_notices":[],"_links":{"self":[{"href":"https:\/\/mirekskursii.com\/tr\/wp-json\/wp\/v2\/product\/12893","targetHints":{"allow":["GET"]}}],"collection":[{"href":"https:\/\/mirekskursii.com\/tr\/wp-json\/wp\/v2\/product"}],"about":[{"href":"https:\/\/mirekskursii.com\/tr\/wp-json\/wp\/v2\/types\/product"}],"replies":[{"embeddable":true,"href":"https:\/\/mirekskursii.com\/tr\/wp-json\/wp\/v2\/comments?post=12893"}],"wp:featuredmedia":[{"embeddable":true,"href":"https:\/\/mirekskursii.com\/tr\/wp-json\/wp\/v2\/media\/12894"}],"wp:attachment":[{"href":"https:\/\/mirekskursii.com\/tr\/wp-json\/wp\/v2\/media?parent=12893"}],"wp:term":[{"taxonomy":"product_brand","embeddable":true,"href":"https:\/\/mirekskursii.com\/tr\/wp-json\/wp\/v2\/product_brand?post=12893"},{"taxonomy":"product_cat","embeddable":true,"href":"https:\/\/mirekskursii.com\/tr\/wp-json\/wp\/v2\/product_cat?post=12893"},{"taxonomy":"product_tag","embeddable":true,"href":"https:\/\/mirekskursii.com\/tr\/wp-json\/wp\/v2\/product_tag?post=12893"}],"curies":[{"name":"wp","href":"https:\/\/api.w.org\/{rel}","templated":true}]}}