{"id":12885,"date":"2025-05-10T13:28:00","date_gmt":"2025-05-10T10:28:00","guid":{"rendered":"https:\/\/mirekskursii.com\/?post_type=product&#038;p=12885"},"modified":"2026-04-15T16:58:18","modified_gmt":"2026-04-15T13:58:18","slug":"yunus-gosterisi-kemer","status":"publish","type":"product","link":"https:\/\/mirekskursii.com\/ekskursii\/shou-delfinov-v-kemer\/","title":{"rendered":"Kemer'de Yunus G\u00f6sterisi \u2013 Yunuslarla Y\u00fczme"},"content":{"rendered":"<h3 data-start=\"433\" data-end=\"443\">\ud83d\udc2c \u0130nceleme<\/h3>\n<p data-start=\"444\" data-end=\"713\">Kemer ve \u00e7evresindeki yunus g\u00f6sterisinde kendinizi denizin duygu dolu d\u00fcnyas\u0131na b\u0131rak\u0131n! Akrobatik yunuslarla 50 dakikal\u0131k bir performans ve onlarla y\u00fczmeyi se\u00e7me se\u00e7ene\u011fi (iste\u011fe ba\u011fl\u0131) sizi bekliyor. Tur aileler i\u00e7in idealdir, uygun transfer ile ~3-4 saat s\u00fcrer.<\/p>\n<h3 data-start=\"715\" data-end=\"728\">Dahil:<\/h3>\n<p data-start=\"729\" data-end=\"845\"><span style=\"color: #00ff00;\"><strong>\u2713<\/strong> <\/span>Otel transferi<br data-start=\"751\" data-end=\"754\" \/><span style=\"color: #00ff00;\"><strong>\u2713<\/strong> <\/span>Yunus g\u00f6sterisine giri\u015f bileti<br data-start=\"786\" data-end=\"789\" \/><span style=\"color: #00ff00;\"><strong>\u2713<\/strong> <\/span>Konforlu otob\u00fcs<br data-start=\"814\" data-end=\"817\" \/><span style=\"color: #00ff00;\"><strong>\u2713<\/strong> <\/span>Tam sigorta<br data-start=\"835\" data-end=\"838\" \/><span style=\"color: #00ff00;\"><strong>\u2713<\/strong> <\/span>K\u0131lavuz<\/p>\n<h3 data-start=\"847\" data-end=\"863\">Dahil de\u011fil:<\/h3>\n<p data-start=\"864\" data-end=\"947\"><span style=\"color: #ff0000;\"><strong>\u2717<\/strong> <\/span>Ki\u015fisel harcamalar, foto\u011fraflar ve videolar<br data-start=\"894\" data-end=\"897\" \/><span style=\"color: #ff0000;\"><strong>\u2717<\/strong> <\/span>\u0130\u00e7ecekler<br data-start=\"906\" data-end=\"909\" \/><span style=\"color: #ff0000;\"><strong>\u2717<\/strong> <\/span>Yunuslarla y\u00fczme (ekstra \u00fccret)<\/p>\n<h3 data-start=\"949\" data-end=\"977\">\ud83c\udfad Turun \u00f6ne \u00e7\u0131kan \u00f6zellikleri<\/h3>\n<p data-start=\"978\" data-end=\"1196\">\ud83d\udd39 Atlay\u0131\u015flar, danslar ve g\u00f6sterilerle dolu 50 dakikal\u0131k muhte\u015fem bir g\u00f6steri<br data-start=\"1040\" data-end=\"1043\" \/>\ud83d\udd39 Oyuncu yunuslar ve profesyonel e\u011fitmenler<br data-start=\"1089\" data-end=\"1092\" \/>\ud83d\udd39 \u0130ste\u011fe ba\u011fl\u0131 yunuslarla y\u00fczme<br data-start=\"1129\" data-end=\"1132\" \/>\ud83d\udd39 \u00c7ocuklu aileler i\u00e7in ideal<br data-start=\"1162\" data-end=\"1165\" \/>\ud83d\udd39 Kemer'den uygun transfer<\/p>\n<h3 data-start=\"1198\" data-end=\"1228\">\ud83d\udcdd Detayl\u0131 tur a\u00e7\u0131klamas\u0131<\/h3>\n<div data-start=\"1229\" data-end=\"1495\">Maceran\u0131z Kemer ve \u00e7evresinden Antalya'n\u0131n en iyi yunus akvaryumlar\u0131ndan birine transferle ba\u015fl\u0131yor. Amfitiyatroda yerinizi al\u0131n ve ak\u0131ll\u0131 yunuslar\u0131n e\u011fitmenleriyle birlikte atlay\u0131\u015flar, d\u00f6n\u00fc\u015fler, danslar ve komik numaralar yapt\u0131\u011f\u0131 50 dakikal\u0131k bir performans\u0131n tad\u0131n\u0131 \u00e7\u0131kar\u0131n.<\/div>\n<div data-start=\"1497\" data-end=\"1630\">G\u00f6steri s\u0131ras\u0131nda deniz hayvanlar\u0131 hakk\u0131nda ilgin\u00e7 ger\u00e7ekler duyacaks\u0131n\u0131z ve \u00e7ocuklar komik sahnelerden ve yunuslar\u0131n sanat\u0131ndan \u00e7ok memnun kalacaklar.<\/div>\n<div data-start=\"1632\" data-end=\"1778\">G\u00f6steriden sonra yunuslarla y\u00fczmek m\u00fcmk\u00fcnd\u00fcr (istek \u00fczerine ve ek \u00fccret kar\u015f\u0131l\u0131\u011f\u0131nda). Turun sonunda konforlu bir \u015fekilde otele geri transfer edileceksiniz.<\/div>\n<h3 data-start=\"1780\" data-end=\"1799\">\ud83d\udccd Tur g\u00fczergah\u0131<\/h3>\n<p data-start=\"1800\" data-end=\"1953\">\ud83d\udd39 Misafirlerin otelden al\u0131nmas\u0131<br data-start=\"1823\" data-end=\"1826\" \/>\ud83d\udd39 Dolphinarium'a var\u0131\u015f<br data-start=\"1851\" data-end=\"1854\" \/>\ud83d\udd39 Yunus G\u00f6sterisi (50 dakika)<br data-start=\"1881\" data-end=\"1884\" \/>\ud83d\udd39 Serbest zaman ve iste\u011fe ba\u011fl\u0131 y\u00fczme<br data-start=\"1926\" data-end=\"1929\" \/>\ud83d\udd39 Otele d\u00f6n\u00fc\u015f<\/p>\n<h3 data-start=\"1955\" data-end=\"1981\">\u2139\ufe0f Faydal\u0131 bilgiler<\/h3>\n<p data-start=\"1982\" data-end=\"2396\">\ud83d\udd39 S\u00fcre: ~3-4 saat<br data-start=\"2008\" data-end=\"2011\" \/>\ud83d\udd39 D\u00fc\u015f\u00fck fiziksel aktivite<br data-start=\"2042\" data-end=\"2045\" \/>\ud83d\udd39 Yunuslarla y\u00fczmek i\u00e7in \u00f6nceden rezervasyon gerekir<br data-start=\"2099\" data-end=\"2102\" \/>\ud83d\udd39 G\u00f6steri s\u0131ras\u0131nda fla\u015fl\u0131 foto\u011fraf \u00e7ekimine izin verilmez<br data-start=\"2139\" data-end=\"2142\" \/>\ud83d\udd39 Dolphinarium'da bir kafeterya ve hediyelik e\u015fyalar var<br data-start=\"2184\" data-end=\"2187\" \/>\ud83d\udd39 3 ya\u015f alt\u0131 \u00e7ocuklar \u00fccretsiz (ayr\u0131 bir yer olmadan)<br data-start=\"2236\" data-end=\"2239\" \/>\ud83d\udd39 \u00dccretsiz seyahat eden \u00e7ocuklar\u0131n otob\u00fcste ayr\u0131 bir koltu\u011fu yoktur. Tamamen dolu olduklar\u0131nda bir yeti\u015fkinin kuca\u011f\u0131na otururlar veya bir koltuk rezerve edilebilir<\/p>\n<h3 data-start=\"2398\" data-end=\"2422\">\ud83c\udf92 Yan\u0131n\u0131za ne almal\u0131s\u0131n\u0131z<\/h3>\n<p data-start=\"2423\" data-end=\"2542\">\ud83d\udd39 Rahat k\u0131yafetler<br data-start=\"2440\" data-end=\"2443\" \/>\ud83d\udd39 G\u00fcne\u015f G\u00f6zl\u00fc\u011f\u00fc<br data-start=\"2465\" data-end=\"2468\" \/>\ud83d\udd39 Kamera veya ak\u0131ll\u0131 telefon<br data-start=\"2490\" data-end=\"2493\" \/>\ud83d\udd39 \u0130\u00e7ecekler veya ekstralar i\u00e7in para<\/p>\n<h3>\ud83d\udeab \u015eunlar i\u00e7in uygun de\u011fildir<\/h3>\n<p data-start=\"2567\" data-end=\"2657\">\ud83d\udd39 Ciddi hayvan alerjisi olan ki\u015filer<br data-start=\"2607\" data-end=\"2610\" \/>\ud83d\udd39 Ciddi hareketlilik sorunlar\u0131 olan konuklar<\/p>\n<h3 data-start=\"2659\" data-end=\"2685\">\ud83d\udcb8 Fiyat ve rezervasyon<\/h3>\n<p data-start=\"2686\" data-end=\"2833\"><strong>\ud83d\udd39 \u015eimdi rezervasyon yap\u0131n, tur g\u00fcn\u00fc \u00f6deyin<\/strong><br data-start=\"2735\" data-end=\"2738\" \/>\ud83d\udd39 WhatsApp, Telegram, Viber \u00fczerinden bize ula\u015f\u0131n veya a\u015fa\u011f\u0131daki rezervasyon formunu doldurun. \ud83d\udc47\ud83c\udffd<\/p>","protected":false},"excerpt":{"rendered":"<p>Kemer'de Yunus G\u00f6sterisi - 50 dakikal\u0131k renkli g\u00f6steriler, e\u011flenceli bir atmosfer ve uygun otel transferi. \u00c7ocuklu aileler i\u00e7in harika bir se\u00e7im!<\/p>","protected":false},"featured_media":12886,"comment_status":"open","ping_status":"closed","template":"","meta":[],"product_brand":[],"product_cat":[122],"product_tag":[105],"class_list":{"0":"post-12885","1":"product","2":"type-product","3":"status-publish","4":"has-post-thumbnail","6":"tour_phys-ekskursii-v-kemer","7":"product_cat-ekskursii-v-kemer","8":"product_tag-kemer","9":"pa_destination-ekskursii-v-kemer","11":"first","12":"instock","13":"sale","14":"shipping-taxable","15":"purchasable","16":"product-type-tour_phys"},"aioseo_notices":[],"_links":{"self":[{"href":"https:\/\/mirekskursii.com\/tr\/wp-json\/wp\/v2\/product\/12885","targetHints":{"allow":["GET"]}}],"collection":[{"href":"https:\/\/mirekskursii.com\/tr\/wp-json\/wp\/v2\/product"}],"about":[{"href":"https:\/\/mirekskursii.com\/tr\/wp-json\/wp\/v2\/types\/product"}],"replies":[{"embeddable":true,"href":"https:\/\/mirekskursii.com\/tr\/wp-json\/wp\/v2\/comments?post=12885"}],"wp:featuredmedia":[{"embeddable":true,"href":"https:\/\/mirekskursii.com\/tr\/wp-json\/wp\/v2\/media\/12886"}],"wp:attachment":[{"href":"https:\/\/mirekskursii.com\/tr\/wp-json\/wp\/v2\/media?parent=12885"}],"wp:term":[{"taxonomy":"product_brand","embeddable":true,"href":"https:\/\/mirekskursii.com\/tr\/wp-json\/wp\/v2\/product_brand?post=12885"},{"taxonomy":"product_cat","embeddable":true,"href":"https:\/\/mirekskursii.com\/tr\/wp-json\/wp\/v2\/product_cat?post=12885"},{"taxonomy":"product_tag","embeddable":true,"href":"https:\/\/mirekskursii.com\/tr\/wp-json\/wp\/v2\/product_tag?post=12885"}],"curies":[{"name":"wp","href":"https:\/\/api.w.org\/{rel}","templated":true}]}}