{"id":12875,"date":"2025-05-10T12:22:23","date_gmt":"2025-05-10T09:22:23","guid":{"rendered":"https:\/\/mirekskursii.com\/?post_type=product&#038;p=12875"},"modified":"2026-04-15T16:58:13","modified_gmt":"2026-04-15T13:58:13","slug":"dinopark-turu-kemer","status":"publish","type":"product","link":"https:\/\/mirekskursii.com\/ekskursii\/dinopark-iz-kemer\/","title":{"rendered":"Kemer'den DinoPark turu - Yar\u0131m G\u00fcn Aile E\u011flencesi"},"content":{"rendered":"<h3 dir=\"ltr\" style=\"text-align: left;\" data-pm-slice=\"1 1 []\">\ud83e\udd96 \u0130nceleme<\/h3>\n<p dir=\"ltr\">Kemer ve \u00e7evresinden Dinopark'a heyecan verici bir maceraya at\u0131l\u0131n! Hareketli dinozorlar\u0131, kaz\u0131 alanlar\u0131n\u0131 ve oyun alanlar\u0131n\u0131 ke\u015ffedin. Aileler i\u00e7in ideal olan bu yar\u0131m g\u00fcnl\u00fck tur ~4-5 saat s\u00fcrmektedir.<\/p>\n<h3 dir=\"ltr\">Dahil:<\/h3>\n<p dir=\"ltr\"><span style=\"color: #00ff00;\"><strong>\u2713<\/strong><\/span> Otel transferi<br \/>\n<span style=\"color: #00ff00;\"><strong>\u2713<\/strong> <\/span>Konforlu otob\u00fcs<br \/>\n<span style=\"color: #00ff00;\"><strong>\u2713<\/strong> <\/span>rehber<br \/>\n<span style=\"color: #00ff00;\"><strong>\u2713<\/strong> <\/span>Dinopark'a giri\u015f bileti<br \/>\n<span style=\"color: #00ff00;\"><strong>\u2713<\/strong> <\/span>Tam sigorta<\/p>\n<h3 dir=\"ltr\">Dahil de\u011fil:<\/h3>\n<p dir=\"ltr\"><span style=\"color: #ff0000;\"><strong>\u2717<\/strong><\/span> \u0130\u00e7ecekler<br \/>\n<span style=\"color: #ff0000;\"><strong>\u2717<\/strong><\/span> Ki\u015fisel harcamalar, foto\u011fraflar ve videolar<\/p>\n<h3 dir=\"ltr\">\ud83c\udf34 \u00d6nemli Noktalar<\/h3>\n<p dir=\"ltr\">\ud83d\udd39 Canl\u0131 hareketli ve k\u00fckreyen dinozor fig\u00fcrleri<br \/>\n\ud83d\udd39 \u00c7ocuklar i\u00e7in g\u00fcvenli oyun alanlar\u0131<br \/>\n\ud83d\udd39 Gen\u00e7 arkeologlar i\u00e7in kaz\u0131 alanlar\u0131<br \/>\n\ud83d\udd39 Do\u011fal ortamda macera parkurlar\u0131<br \/>\n\ud83d\udd39 Her ya\u015f i\u00e7in e\u011flence ve \u00f6\u011frenme<\/p>\n<h3 dir=\"ltr\">\ud83d\udcd6 Tam a\u00e7\u0131klama<\/h3>\n<p dir=\"ltr\">Kemer veya \u00e7evresinden T\u00fcrkiye'nin en b\u00fcy\u00fck a\u00e7\u0131k hava dinozor parklar\u0131ndan biri olan Dinopark'a konforlu bir transferle yolculu\u011funuza ba\u015flay\u0131n. K\u00fckreyen ve Jura d\u00f6nemine hayat veren hareketli dinozor modelleri aras\u0131nda dola\u015f\u0131n. \u00c7ocuklar kendilerini arkeolog gibi hissederek kaz\u0131 alanlar\u0131nda kaz\u0131 yapabilirken, macera parkurlar\u0131 ye\u015fil bir orman ortam\u0131nda duygular\u0131 harekete ge\u00e7irecek. Profesyonel bir rehber e\u015fli\u011finde interaktif sergileri ve her ya\u015f i\u00e7in g\u00fcvenli oyun alanlar\u0131n\u0131 ke\u015ffedin. Yo\u011fun bir ziyaretin ard\u0131ndan, tarih \u00f6ncesi yolculu\u011funuzun canl\u0131 an\u0131lar\u0131yla otele d\u00f6n\u00fcn.<\/p>\n<h3 dir=\"ltr\">\ud83d\uddfa\ufe0f Tur Program\u0131<\/h3>\n<p dir=\"ltr\">\ud83d\udd39 Kemer ve \u00e7evresinden transfer<br \/>\n\ud83d\udd39 Dinopark'a var\u0131\u015f<br \/>\n\ud83d\udd39 Ke\u015fif ve turistik yerler i\u00e7in serbest zaman<br \/>\n\ud83d\udd39 Otele d\u00f6n\u00fc\u015f<\/p>\n<h3 dir=\"ltr\">\u2139\ufe0f Faydal\u0131 bilgiler<\/h3>\n<p dir=\"ltr\">\ud83d\udd39 S\u00fcre: ~4-5 saat (yar\u0131m g\u00fcnl\u00fck tur)<br \/>\n\ud83d\udd39 D\u00fc\u015f\u00fck fiziksel aktivite (y\u00fcr\u00fcme ve ke\u015ffetme)<br \/>\n\ud83d\udd39 \u00c7ocuklar i\u00e7in uygundur, yeti\u015fkin refakati zorunludur<br \/>\n\ud83d\udd39 Parkta tuvaletler ve g\u00f6lgelik alanlar bulunmaktad\u0131r<\/p>\n<h3 dir=\"ltr\">\ud83c\udf92 Yan\u0131n\u0131za ne almal\u0131s\u0131n\u0131z<\/h3>\n<p dir=\"ltr\">\ud83d\udd39 G\u00fcne\u015f g\u00f6zl\u00fc\u011f\u00fc, \u015fapka ve krem<br \/>\n\ud83d\udd39 Rahat ayakkab\u0131lar<br \/>\n\ud83d\udd39 \u0130\u00e7ecekler, hediyelik e\u015fyalar veya ekstralar i\u00e7in para<\/p>\n<h3 dir=\"ltr\">\ud83d\udeab \u015eunlar i\u00e7in uygun de\u011fildir<\/h3>\n<p dir=\"ltr\">\ud83d\udd39 Puset i\u00e7indeki bebekler (engebeli arazi)<br \/>\n\ud83d\udd39 Ciddi hareketlilik sorunlar\u0131 olan konuklar<\/p>\n<h3>\ud83d\udcb8\u00a0<strong>Fiyat ve rezervasyon<\/strong><\/h3>\n<div class=\"elementor-element elementor-element-884d539 e-con-full e-flex e-con e-child\" data-id=\"884d539\" data-element_type=\"container\">\n<div id=\"description\" class=\"elementor-element elementor-element-337037cc elementor-widget elementor-widget-thim-ekits-tours-content\" data-id=\"337037cc\" data-element_type=\"widget\" data-widget_type=\"thim-ekits-tours-content.default\">\n<div class=\"elementor-widget-container\">\n<div class=\"thim-ekit-single-tour__content\">\n<p dir=\"ltr\"><strong>\ud83d\udd39 \u015eimdi rezervasyon yap\u0131n, tur g\u00fcn\u00fc \u00f6deyin<\/strong><br \/>\n\ud83d\udd39 WhatsApp, Telegram, Viber \u00fczerinden bize ula\u015f\u0131n veya a\u015fa\u011f\u0131daki rezervasyon formunu doldurun. \ud83d\udc47\ud83c\udffd<\/p>\n<\/div>\n<\/div>\n<\/div>\n<\/div>\n<div class=\"elementor-element elementor-element-57a2f74 elementor-widget-divider--view-line elementor-widget elementor-widget-divider\" data-id=\"57a2f74\" data-element_type=\"widget\" data-widget_type=\"divider.default\">\n<div class=\"elementor-widget-container\"><\/div>\n<\/div>","protected":false},"excerpt":{"rendered":"<p>Kemer'den Dinopark'a tur: dinozorlar, kaz\u0131lar, do\u011fa. Transfer, bilet, sigorta dahil, aileler i\u00e7in ideal, 4-5 saat!<\/p>","protected":false},"featured_media":12876,"comment_status":"open","ping_status":"closed","template":"","meta":[],"product_brand":[],"product_cat":[122],"product_tag":[105],"class_list":{"0":"post-12875","1":"product","2":"type-product","3":"status-publish","4":"has-post-thumbnail","6":"tour_phys-ekskursii-v-kemer","7":"product_cat-ekskursii-v-kemer","8":"product_tag-kemer","9":"pa_destination-ekskursii-v-kemer","11":"first","12":"instock","13":"sale","14":"shipping-taxable","15":"purchasable","16":"product-type-tour_phys"},"aioseo_notices":[],"_links":{"self":[{"href":"https:\/\/mirekskursii.com\/tr\/wp-json\/wp\/v2\/product\/12875","targetHints":{"allow":["GET"]}}],"collection":[{"href":"https:\/\/mirekskursii.com\/tr\/wp-json\/wp\/v2\/product"}],"about":[{"href":"https:\/\/mirekskursii.com\/tr\/wp-json\/wp\/v2\/types\/product"}],"replies":[{"embeddable":true,"href":"https:\/\/mirekskursii.com\/tr\/wp-json\/wp\/v2\/comments?post=12875"}],"wp:featuredmedia":[{"embeddable":true,"href":"https:\/\/mirekskursii.com\/tr\/wp-json\/wp\/v2\/media\/12876"}],"wp:attachment":[{"href":"https:\/\/mirekskursii.com\/tr\/wp-json\/wp\/v2\/media?parent=12875"}],"wp:term":[{"taxonomy":"product_brand","embeddable":true,"href":"https:\/\/mirekskursii.com\/tr\/wp-json\/wp\/v2\/product_brand?post=12875"},{"taxonomy":"product_cat","embeddable":true,"href":"https:\/\/mirekskursii.com\/tr\/wp-json\/wp\/v2\/product_cat?post=12875"},{"taxonomy":"product_tag","embeddable":true,"href":"https:\/\/mirekskursii.com\/tr\/wp-json\/wp\/v2\/product_tag?post=12875"}],"curies":[{"name":"wp","href":"https:\/\/api.w.org\/{rel}","templated":true}]}}