{"id":12867,"date":"2025-05-10T11:36:33","date_gmt":"2025-05-10T08:36:33","guid":{"rendered":"https:\/\/mirekskursii.com\/?post_type=product&#038;p=12867"},"modified":"2026-04-15T16:58:07","modified_gmt":"2026-04-15T13:58:07","slug":"kemer-at-turu","status":"publish","type":"product","link":"https:\/\/mirekskursii.com\/ekskursii\/progulka-na-loshadyah-v-kemer\/","title":{"rendered":"Kemer At Turu \u2013 Do\u011fa ve Orman Keyfi"},"content":{"rendered":"<h3 dir=\"ltr\" data-pm-slice=\"1 1 []\">\ud83d\udc0e \u0130nceleme<\/h3>\n<p dir=\"ltr\">Kemer ve \u00e7evresinden rahatlat\u0131c\u0131 bir at binme turuna \u00e7\u0131k\u0131n! 2 veya 3 saate kadar uzatma se\u00e7ene\u011fi ile orman yollar\u0131nda 1 saatlik bir yolculu\u011fun tad\u0131n\u0131 \u00e7\u0131kar\u0131n. Yeni ba\u015flayanlar ve do\u011fa severler i\u00e7in ideal olan tur, transferle birlikte ~ 2-3 saat s\u00fcrer.<\/p>\n<h3 dir=\"ltr\">Dahil:<\/h3>\n<p dir=\"ltr\"><span style=\"color: #00ff00;\"><strong>\u2713<\/strong><\/span> Otel transferi<br \/>\n<span style=\"color: #00ff00;\"><strong>\u2713<\/strong><\/span> 1 saatlik at gezintisi<br \/>\n<span style=\"color: #00ff00;\"><strong>\u2713<\/strong><\/span> Profesyonel rehber, e\u011fitimli atlar ve ko\u00e7luk<br \/>\n<span style=\"color: #00ff00;\"><strong>\u2713<\/strong><\/span> Tam sigorta<br \/>\n<span style=\"color: #00ff00;\"><strong>\u2713<\/strong> <\/span>Konforlu ta\u015f\u0131ma<br \/>\n<span style=\"color: #00ff00;\"><strong>\u2713<\/strong><\/span> \u00c7iftli\u011fin y\u00fczme havuzunda iste\u011fe ba\u011fl\u0131 y\u00fczme<\/p>\n<h3 dir=\"ltr\">Dahil de\u011fil:<\/h3>\n<p dir=\"ltr\"><span style=\"color: #ff0000;\"><strong>\u2717<\/strong><\/span> \u0130\u00e7ecekler<br \/>\n<span style=\"color: #ff0000;\"><strong>\u2717<\/strong> <\/span>Ki\u015fisel harcamalar, foto\u011fraflar ve videolar (iste\u011fe ba\u011fl\u0131)<\/p>\n<h3 dir=\"ltr\">\ud83c\udf33 \u00d6nemli Noktalar<\/h3>\n<p dir=\"ltr\">\ud83d\udd39 \u00c7am ormanlar\u0131 aras\u0131nda 1 saatlik y\u00fcr\u00fcy\u00fc\u015f<br \/>\n\ud83d\udd39 T\u00fcm fitness seviyeleri i\u00e7in uygundur<br \/>\n\ud83d\udd39 Dost canl\u0131s\u0131 atlar ve deneyimli rehberler<br \/>\n\ud83d\udd39 \u0130ste\u011fe ba\u011fl\u0131 2 veya 3 saatlik y\u00fcr\u00fcy\u00fc\u015fler<br \/>\n\ud83d\udd39 \u00c7iftlik havuzunda serinletici bir y\u00fczme<\/p>\n<h3 dir=\"ltr\">\ud83d\udcd6 Tam a\u00e7\u0131klama<\/h3>\n<p dir=\"ltr\">G\u00fcne Kemer veya \u00e7evresinden yerel bir \u00e7iftli\u011fe transfer ile ba\u015flay\u0131n. K\u0131sa bir brifingin ard\u0131ndan at\u0131n\u0131z\u0131 eyerleyin ve \u00e7am a\u011fa\u00e7lar\u0131 ve do\u011fan\u0131n sesleriyle \u00e7evrili do\u011fal da\u011f patikalar\u0131nda 1 saatlik bir yolculu\u011fa \u00e7\u0131k\u0131n. Acemi veya deneyimli biniciler, e\u011fitimli atlar ve profesyonel rehberler g\u00fcvenli\u011fi ve keyfi sa\u011flayacakt\u0131r. Daha fazla macera i\u00e7in ek bir \u00fccret kar\u015f\u0131l\u0131\u011f\u0131nda gezintiyi 2 veya 3 saate uzat\u0131n. \u00c7iftli\u011fe d\u00f6nd\u00fc\u011f\u00fcn\u00fczde, do\u011fa deneyimleriyle dolu otele d\u00f6nmeden \u00f6nce havuzda (iste\u011fe ba\u011fl\u0131) yenilenin.<\/p>\n<h3 dir=\"ltr\">\ud83d\uddfa\ufe0f Tur Program\u0131<\/h3>\n<p dir=\"ltr\">\ud83d\udd39 Kemer ve \u00e7evresinden transfer<br \/>\n\ud83d\udd39 \u00c7iftli\u011fe var\u0131\u015f.<br \/>\n\ud83d\udd39 Binicilik e\u011fitimi ve \u00f6\u011fretimi<br \/>\n\ud83d\udd39 Patikalar boyunca 1 saatlik y\u00fcr\u00fcy\u00fc\u015f<br \/>\n\ud83d\udd39 \u00c7iftlikte iste\u011fe ba\u011fl\u0131 banyo<br \/>\n\ud83d\udd39 Otele d\u00f6n\u00fc\u015f<\/p>\n<h3 dir=\"ltr\">\u2139\ufe0f Faydal\u0131 bilgiler<\/h3>\n<p dir=\"ltr\">\ud83d\udd39 S\u00fcre: ~2-3 saat (transfer dahil k\u0131sa tur)<br \/>\n\ud83d\udd39 D\u00fc\u015f\u00fck fiziksel aktivite (araba kullanma ve iste\u011fe ba\u011fl\u0131 banyo yapma)<br \/>\n\ud83d\udd39 S\u00fcr\u00fc\u015f deneyimi gerekmez; e\u011fitim sa\u011flan\u0131r<br \/>\n\ud83d\udd39 Ek \u00fccret kar\u015f\u0131l\u0131\u011f\u0131nda iste\u011fe ba\u011fl\u0131 2 veya 3 saatlik y\u00fcr\u00fcy\u00fc\u015fler<br \/>\n\ud83d\udd39 Kasklar g\u00fcvenlik amac\u0131yla sa\u011flan\u0131r<br \/>\n\ud83d\udd39 6 ya\u015f\u0131ndan k\u00fc\u00e7\u00fck \u00e7ocuklar kabul edilmemektedir<\/p>\n<h3 dir=\"ltr\">\ud83c\udf92 Yan\u0131n\u0131za ne almal\u0131s\u0131n\u0131z<\/h3>\n<p dir=\"ltr\">\ud83d\udd39 G\u00fcne\u015f g\u00f6zl\u00fc\u011f\u00fc ve krem<br \/>\n\ud83d\udd39 Mayo ve havlu (banyo i\u00e7in)<br \/>\n\ud83d\udd39 \u0130\u00e7ecekler veya ekstralar i\u00e7in para<\/p>\n<h3 dir=\"ltr\">\ud83d\udeab \u015eunlar i\u00e7in uygun de\u011fildir<\/h3>\n<p dir=\"ltr\">\ud83d\udd39 6 ya\u015f\u0131ndan k\u00fc\u00e7\u00fck \u00e7ocuklar<br \/>\n\ud83d\udd39 Ciddi s\u0131rt veya boyun sorunlar\u0131 olan ki\u015filer<br \/>\n\ud83d\udd39 Hamile kad\u0131nlar<\/p>\n<h3 data-start=\"2638\" data-end=\"2660\">\ud83d\udcb8 Fiyat ve rezervasyon<\/h3>\n<p class=\"\" data-start=\"2662\" data-end=\"2894\"><strong>\ud83d\udd39 \u015eimdi rezervasyon yap\u0131n - tur g\u00fcn\u00fc \u00f6deme yap\u0131n<\/strong><br data-start=\"2835\" data-end=\"2838\" \/>\ud83d\udd39 WhatsApp, Telegram, Viber \u00fczerinden bize ula\u015f\u0131n veya a\u015fa\u011f\u0131daki sipari\u015f formunu doldurun. \ud83d\udc47\ud83c\udffd<\/p>","protected":false},"excerpt":{"rendered":"<p>Kemer'de pitoresk parkurlar boyunca at binme. Yeni ba\u015flayanlar ve deneyimli biniciler i\u00e7in uygundur. Otelden transfer, g\u00fcvenlik ve unutulmaz bir deneyim.<\/p>","protected":false},"featured_media":12868,"comment_status":"open","ping_status":"closed","template":"","meta":[],"product_brand":[],"product_cat":[122],"product_tag":[105],"class_list":{"0":"post-12867","1":"product","2":"type-product","3":"status-publish","4":"has-post-thumbnail","6":"tour_phys-ekskursii-v-kemer","7":"product_cat-ekskursii-v-kemer","8":"product_tag-kemer","9":"pa_destination-ekskursii-v-kemer","11":"first","12":"instock","13":"sale","14":"shipping-taxable","15":"purchasable","16":"product-type-tour_phys"},"aioseo_notices":[],"_links":{"self":[{"href":"https:\/\/mirekskursii.com\/tr\/wp-json\/wp\/v2\/product\/12867","targetHints":{"allow":["GET"]}}],"collection":[{"href":"https:\/\/mirekskursii.com\/tr\/wp-json\/wp\/v2\/product"}],"about":[{"href":"https:\/\/mirekskursii.com\/tr\/wp-json\/wp\/v2\/types\/product"}],"replies":[{"embeddable":true,"href":"https:\/\/mirekskursii.com\/tr\/wp-json\/wp\/v2\/comments?post=12867"}],"wp:featuredmedia":[{"embeddable":true,"href":"https:\/\/mirekskursii.com\/tr\/wp-json\/wp\/v2\/media\/12868"}],"wp:attachment":[{"href":"https:\/\/mirekskursii.com\/tr\/wp-json\/wp\/v2\/media?parent=12867"}],"wp:term":[{"taxonomy":"product_brand","embeddable":true,"href":"https:\/\/mirekskursii.com\/tr\/wp-json\/wp\/v2\/product_brand?post=12867"},{"taxonomy":"product_cat","embeddable":true,"href":"https:\/\/mirekskursii.com\/tr\/wp-json\/wp\/v2\/product_cat?post=12867"},{"taxonomy":"product_tag","embeddable":true,"href":"https:\/\/mirekskursii.com\/tr\/wp-json\/wp\/v2\/product_tag?post=12867"}],"curies":[{"name":"wp","href":"https:\/\/api.w.org\/{rel}","templated":true}]}}