{"id":12742,"date":"2025-05-08T16:15:35","date_gmt":"2025-05-08T13:15:35","guid":{"rendered":"https:\/\/mirekskursii.com\/?post_type=product&#038;p=12742"},"modified":"2025-12-12T11:09:25","modified_gmt":"2025-12-12T08:09:25","slug":"antalya-akvaryumu-turu-kemer","status":"publish","type":"product","link":"https:\/\/mirekskursii.com\/ekskursii\/antalya-tunnel-akvarium-iz-kemer\/","title":{"rendered":"Antalya Akvaryumu Turu Kemer \u00c7\u0131k\u0131\u015fl\u0131 \u2013 Denizalt\u0131 D\u00fcnyas\u0131"},"content":{"rendered":"<h3 data-start=\"233\" data-end=\"247\">\ud83d\udc20 \u0130nceleme<\/h3>\n<p data-start=\"248\" data-end=\"575\">Beldibi, G\u00f6yen\u00fck, Kemer, Kiri\u015f, \u00c7amyuva ve Tekirova il\u00e7elerinden konforlu transferlerle Antalya Akvaryum'a yar\u0131m g\u00fcnl\u00fck heyecan verici bir geziye \u00e7\u0131k\u0131n. 131 metrelik t\u00fcnel akvaryumda gezinin, egzotik deniz canl\u0131lar\u0131yla tan\u0131\u015f\u0131n ve Kar D\u00fcnyas\u0131'nda bir k\u0131\u015f masal\u0131 ya\u015fay\u0131n. \u00c7ocuklu aileler i\u00e7in ideal!<\/p>\n<h3 data-start=\"577\" data-end=\"591\">Dahil:<\/h3>\n<p data-start=\"592\" data-end=\"695\"><span style=\"color: #00ff00;\"><strong>\u2713<\/strong> <\/span>Otel transferi<br data-start=\"614\" data-end=\"617\" \/><span style=\"color: #00ff00;\"><strong>\u2713<\/strong> <\/span>Sigorta<br data-start=\"628\" data-end=\"631\" \/><span style=\"color: #00ff00;\"><strong>\u2713<\/strong> <\/span>Konforlu otob\u00fcs<br data-start=\"656\" data-end=\"659\" \/><span style=\"color: #00ff00;\"><strong>\u2713<\/strong> <\/span>Antalya Akvaryum'a giri\u015f bileti<\/p>\n<h3 data-start=\"697\" data-end=\"714\">Dahil de\u011fil:<\/h3>\n<p data-start=\"715\" data-end=\"762\"><span style=\"color: #ff0000;\"><strong>\u2717<\/strong> <\/span>\u0130\u00e7ecekler<br data-start=\"724\" data-end=\"727\" \/><span style=\"color: #ff0000;\"><strong>\u2717<\/strong> <\/span>Ki\u015fisel harcamalar<br data-start=\"743\" data-end=\"746\" \/><span style=\"color: #ff0000;\"><strong>\u2717<\/strong> <\/span>Foto\u011fraf ve video<\/p>\n<h3 data-start=\"764\" data-end=\"794\">\ud83c\udf0a Turun \u00f6nemli noktalar\u0131<\/h3>\n<p data-start=\"795\" data-end=\"1047\">\ud83d\udd39 K\u00f6pekbal\u0131klar\u0131 ve deniz y\u0131rt\u0131c\u0131lar\u0131n\u0131n bulundu\u011fu 131 metrelik t\u00fcnel akvaryum<br data-start=\"854\" data-end=\"857\" \/>\ud83d\udd39 Egzotik bal\u0131klar ve temal\u0131 alanlar<br data-start=\"897\" data-end=\"900\" \/>\ud83d\udd39 Kar D\u00fcnyas\u0131 - kar ve k\u0131\u015f e\u011flencesi d\u00fcnyas\u0131<br data-start=\"946\" data-end=\"949\" \/>\ud83d\udd39 K\u0131sa ve yo\u011fun bir tur - aileler i\u00e7in ideal<br data-start=\"998\" data-end=\"1001\" \/>\ud83d\udd39 Kemer ve \u00e7evresinden uygun transfer<\/p>\n<h3 data-start=\"1049\" data-end=\"1073\">\ud83d\udcd6 Tam a\u00e7\u0131klama<\/h3>\n<div data-start=\"1074\" data-end=\"1301\">Turunuz Kemer il\u00e7elerinden Beldibi, G\u00f6yn\u00fck, Kiri\u015f, \u00c7amyuva ve Tekirova'dan konforlu bir transfer ile ba\u015flar. Antalya Akvaryum'a vard\u0131\u011f\u0131n\u0131zda, Avrupa'n\u0131n en b\u00fcy\u00fck akvaryumlar\u0131ndan birinde b\u00fcy\u00fcleyici bir yolculu\u011fa \u00e7\u0131kacaks\u0131n\u0131z.<\/div>\n<div data-start=\"1303\" data-end=\"1501\">Ana b\u00f6l\u00fcm, k\u00f6pekbal\u0131klar\u0131, vatozlar ve y\u00fczlerce renkli bal\u0131\u011f\u0131n \u00fczerinizde y\u00fczd\u00fc\u011f\u00fc 131 metre uzunlu\u011funda bir t\u00fcnel akvaryumdur. Daha sonra temal\u0131 alanlar, interaktif sergiler ve sualt\u0131 d\u00fcnyas\u0131n\u0131n atmosferi var.<\/div>\n<div data-start=\"1503\" data-end=\"1651\">Kar D\u00fcnyas\u0131 size k\u0131\u015f\u0131n b\u00fcy\u00fcs\u00fcn\u00fc ya\u015fatacak: s\u0131cak yaz\u0131n ortas\u0131nda kar, kayd\u0131raklar ve hafif so\u011fuk. 1,5-2 saatlik serbest zaman\u0131n ard\u0131ndan otele geri d\u00f6neceksiniz.<\/div>\n<h3 data-start=\"1653\" data-end=\"1677\">\ud83d\uddfa\ufe0f Tur Program\u0131<\/h3>\n<p data-start=\"1678\" data-end=\"1812\">\ud83d\udd39 Misafirlerin otelden al\u0131nmas\u0131<br data-start=\"1701\" data-end=\"1704\" \/>\ud83d\udd39 Antalya Akvaryum'a var\u0131\u015f<br data-start=\"1734\" data-end=\"1737\" \/>\ud83d\udd39 Akvaryum ve Kar D\u00fcnyas\u0131 Ziyareti (1,5-2 saat)<br data-start=\"1785\" data-end=\"1788\" \/>\ud83d\udd39 Otele d\u00f6n\u00fc\u015f<\/p>\n<h3 data-start=\"1814\" data-end=\"1842\">\u2139\ufe0f Faydal\u0131 bilgiler<\/h3>\n<p data-start=\"1843\" data-end=\"2023\">\ud83d\udd39 Tur s\u00fcresi: ~4 saat<br data-start=\"1877\" data-end=\"1880\" \/>\ud83d\udd39 \u00c7ocuklu aileler i\u00e7in uygundur<br data-start=\"1910\" data-end=\"1913\" \/>\ud83d\udd39 D\u00fc\u015f\u00fck fiziksel aktivite<br data-start=\"1944\" data-end=\"1947\" \/>\ud83d\udd39 Kamera fla\u015f\u0131 yasakt\u0131r<br data-start=\"1980\" data-end=\"1983\" \/>\ud83d\udd39 2 ya\u015f\u0131ndan k\u00fc\u00e7\u00fck \u00e7ocuklar \u00e7abuk yorulabilir<\/p>\n<h3 data-start=\"2025\" data-end=\"2051\">\ud83c\udf92 Yan\u0131n\u0131za ne almal\u0131s\u0131n\u0131z<\/h3>\n<p data-start=\"2052\" data-end=\"2140\">\ud83d\udd39 Rahat ayakkab\u0131lar<br data-start=\"2068\" data-end=\"2071\" \/>\ud83d\udd39 Ki\u015fisel harcamalar i\u00e7in para<br data-start=\"2100\" data-end=\"2103\" \/>\ud83d\udd39 Kamera veya telefon (fla\u015fs\u0131z)<\/p>\n<h3 data-start=\"2142\" data-end=\"2166\">\ud83d\udeab \u015eunlar i\u00e7in uygun de\u011fildir<\/h3>\n<p data-start=\"2167\" data-end=\"2236\">\ud83d\udd39 Hareket kabiliyeti ciddi derecede k\u0131s\u0131tl\u0131 olan ki\u015filer<br data-start=\"2210\" data-end=\"2213\" \/>\ud83d\udd39 2 ya\u015f\u0131ndan k\u00fc\u00e7\u00fck bebekler<\/p>\n<h3 data-start=\"2238\" data-end=\"2266\">\ud83d\udcb8 Fiyat ve rezervasyon<\/h3>\n<p data-start=\"2267\" data-end=\"2407\"><strong>\ud83d\udd39 \u015eimdi rezervasyon yap\u0131n - tur g\u00fcn\u00fc \u00f6deme yap\u0131n<\/strong><br data-start=\"2313\" data-end=\"2316\" \/>\ud83d\udd39 WhatsApp, Telegram, Viber \u00fczerinden bize ula\u015f\u0131n veya a\u015fa\u011f\u0131daki sipari\u015f formunu doldurun. \ud83d\udc47\ud83c\udffc<\/p>","protected":false},"excerpt":{"rendered":"<p data-start=\"2449\" data-end=\"2592\">Kemer'den Antalya Akvaryum: 131m t\u00fcnel, Kar D\u00fcnyas\u0131, deniz y\u0131rt\u0131c\u0131lar\u0131, transferli aile turu. \u00c7ocuklar ve yeti\u015fkinler i\u00e7in en iyi yar\u0131m g\u00fcnl\u00fck tur!<\/p>","protected":false},"featured_media":12743,"comment_status":"open","ping_status":"closed","template":"","meta":[],"product_brand":[],"product_cat":[122],"product_tag":[105],"class_list":{"0":"post-12742","1":"product","2":"type-product","3":"status-publish","4":"has-post-thumbnail","6":"tour_phys-ekskursii-v-kemer","7":"product_cat-ekskursii-v-kemer","8":"product_tag-kemer","9":"pa_destination-ekskursii-v-kemer","11":"first","12":"instock","13":"sale","14":"shipping-taxable","15":"purchasable","16":"product-type-tour_phys"},"aioseo_notices":[],"_links":{"self":[{"href":"https:\/\/mirekskursii.com\/tr\/wp-json\/wp\/v2\/product\/12742","targetHints":{"allow":["GET"]}}],"collection":[{"href":"https:\/\/mirekskursii.com\/tr\/wp-json\/wp\/v2\/product"}],"about":[{"href":"https:\/\/mirekskursii.com\/tr\/wp-json\/wp\/v2\/types\/product"}],"replies":[{"embeddable":true,"href":"https:\/\/mirekskursii.com\/tr\/wp-json\/wp\/v2\/comments?post=12742"}],"wp:featuredmedia":[{"embeddable":true,"href":"https:\/\/mirekskursii.com\/tr\/wp-json\/wp\/v2\/media\/12743"}],"wp:attachment":[{"href":"https:\/\/mirekskursii.com\/tr\/wp-json\/wp\/v2\/media?parent=12742"}],"wp:term":[{"taxonomy":"product_brand","embeddable":true,"href":"https:\/\/mirekskursii.com\/tr\/wp-json\/wp\/v2\/product_brand?post=12742"},{"taxonomy":"product_cat","embeddable":true,"href":"https:\/\/mirekskursii.com\/tr\/wp-json\/wp\/v2\/product_cat?post=12742"},{"taxonomy":"product_tag","embeddable":true,"href":"https:\/\/mirekskursii.com\/tr\/wp-json\/wp\/v2\/product_tag?post=12742"}],"curies":[{"name":"wp","href":"https:\/\/api.w.org\/{rel}","templated":true}]}}