{"id":16144,"date":"2026-02-28T19:22:01","date_gmt":"2026-02-28T16:22:01","guid":{"rendered":"https:\/\/mirekskursii.com\/?page_id=16144"},"modified":"2026-02-28T19:30:43","modified_gmt":"2026-02-28T16:30:43","slug":"hakkimizda","status":"publish","type":"page","link":"https:\/\/mirekskursii.com\/tr\/o-nas\/","title":{"rendered":"Hakk\u0131m\u0131zda"},"content":{"rendered":"<div data-elementor-type=\"wp-page\" data-elementor-id=\"16144\" class=\"elementor elementor-16144\">\n\t\t\t\t<div class=\"elementor-element elementor-element-f176cbe e-flex e-con-boxed e-con e-parent\" data-id=\"f176cbe\" data-element_type=\"container\" data-e-type=\"container\">\n\t\t\t\t\t<div class=\"e-con-inner\">\n\t\t\t\t<div class=\"elementor-element elementor-element-700f9cc elementor-widget elementor-widget-text-editor\" data-id=\"700f9cc\" data-element_type=\"widget\" data-e-type=\"widget\" data-widget_type=\"text-editor.default\">\n\t\t\t\t<div class=\"elementor-widget-container\">\n\t\t\t\t\t\t\t\t\t<style>\n    \/* Ana kapsay\u0131c\u0131 ve d\u0131\u015f bo\u015fluk s\u0131f\u0131rlama *\/\n    .about-main-wrapper {\n        font-family: 'Segoe UI', Roboto, sans-serif;\n        color: #333;\n        line-height: 1.6;\n        width: 100%;\n        margin-top: -45px !important; \n        padding: 0;\n    }\n\n    .container-inner {\n        width: 100%;\n        max-width: 1200px;\n        margin: 0 auto;\n        padding: 0;\n    }\n\n    \/* Giri\u015f Metni - Tam Geni\u015flik *\/\n    .intro-block {\n        padding: 0 10px;\n        text-align: center;\n        margin-bottom: 25px;\n    }\n\n    .intro-block h2 {\n        color: #1f3c88;\n        font-size: 26px;\n        font-weight: 700;\n        margin-bottom: 10px;\n    }\n\n    \/* Mavi Kutular (Hafif a\u00e7\u0131k mavi tonu) *\/\n    .info-card {\n        background: #eef4f8; \n        padding: 25px 15px;\n        border-radius: 10px;\n        margin-bottom: 15px;\n        width: 100%;\n        box-sizing: border-box;\n        border: 1px solid #dce6ed;\n    }\n\n    \/* Ba\u015fl\u0131k i\u00e7i ikon stili *\/\n    .card-title {\n        color: #1f3c88;\n        font-size: 22px;\n        font-weight: 700;\n        margin-bottom: 12px;\n        display: flex;\n        align-items: center;\n        justify-content: center;\n        gap: 10px; \n    }\n\n    .title-icon {\n        font-size: 24px; \n        font-style: normal;\n    }\n\n    \/* B\u00fcy\u00fck \u0130konlar *\/\n    .card-icon-large {\n        font-size: 55px;\n        margin-bottom: 15px;\n        display: block;\n        text-align: center;\n    }\n\n    .card-text {\n        text-align: center;\n        font-size: 15px;\n        margin: 0;\n    }\n\n    \/* MOB\u0130L AYARLAR *\/\n    @media (max-width: 768px) {\n        .about-main-wrapper {\n            margin-top: -55px !important;\n        }\n        .intro-block {\n            padding: 0 5px;\n        }\n        .info-card {\n            padding: 20px 10px;\n        }\n        .card-title {\n            font-size: 20px;\n        }\n    }\n\n    .legal-footer-box {\n        text-align: center;\n        padding: 30px 10px;\n        margin-top: 20px;\n    }\n<\/style>\n\n<div class=\"about-main-wrapper\">\n    <div class=\"container-inner\">\n        \n        <div class=\"intro-block\">\n            <h2>Ge\u00e7mi\u015fimiz ve deneyimimiz<\/h2>\n            <p><strong>Mir Ekskursii<\/strong> - Akdeniz'in lider dijital portal\u0131d\u0131r ve onlarca y\u0131ll\u0131k derin turizm deneyimini modern misafir odakl\u0131 bir vizyonla birle\u015ftirmektedir. Antalya'n\u0131n kalbinde yer alan platformumuz, \u015firketin resmi online rezervasyon ve pazarlama kanal\u0131d\u0131r <strong>GINZA TRAVEL (T\u00dcRSAB Lisans No. 4179)<\/strong>.<\/p>\n            <p>Profesyonellerden olu\u015fan bir ekip <strong>Geziler D\u00fcnyas\u0131<\/strong> d\u00fcnyan\u0131n her yerinden kalite ve konfora \u00f6nem veren gezginler i\u00e7in en \u015feffaf, g\u00fcvenilir ve h\u0131zl\u0131 rezervasyon s\u00fcrecini sa\u011flamay\u0131 taahh\u00fct eder.<\/p>\n        <\/div>\n\n        <div class=\"info-card\">\n            <h3 class=\"card-title\"><i class=\"title-icon\">\ud83c\udfaf<\/i>Misyonumuz<\/h3>\n            <p class=\"card-text\">Akdeniz ve Ege b\u00f6lgelerinin rakipsiz g\u00fczelli\u011fini, zengin tarihini ve e\u015fsiz k\u00fclt\u00fcr\u00fcn\u00fc ortaya \u00e7\u0131karmak, misafirlerimize en konforlu, g\u00fcvenli ve unutulmaz seyahat anlar\u0131n\u0131 garanti etmek.<\/p>\n        <\/div>\n\n        <div class=\"info-card\">\n            <h3 class=\"card-title\"><i class=\"title-icon\">\ud83d\udc41\ufe0f<\/i>Vizyonumuz<\/h3>\n            <p class=\"card-text\">Modern teknolojiyi Ginza Travel'\u0131n geleneksel T\u00fcrk misafirperverli\u011fi ve profesyonelli\u011fi ile birle\u015ftirerek b\u00f6lgenin en g\u00fcvenilir dijital seyahat orta\u011f\u0131 olmak.<\/p>\n        <\/div>\n\n        <h2 style=\"color: #1f3c88; font-size: 26px; font-weight: 700; text-align: center; margin: 35px 0 20px 0;\">Neden Mir Ekskursii se\u00e7melisiniz?<\/h2>\n\n        <div class=\"info-card\">\n            <span class=\"card-icon-large\">\ud83d\udee1\ufe0f<\/span>\n            <h3 class=\"card-title\">Resmi Garanti<\/h3>\n            <p class=\"card-text\">arac\u0131l\u0131\u011f\u0131yla rezerve edilen her hizmet <strong>Geziler D\u00fcnyas\u0131<\/strong>, T\u00dcRSAB'\u0131n sertifikal\u0131 bir \u00fcyesi olan Ginza Travel'\u0131n tam yasal ve operasyonel korumas\u0131 alt\u0131ndad\u0131r.<\/p>\n        <\/div>\n\n        <div class=\"info-card\">\n            <span class=\"card-icon-large\">\ud83d\udcb3<\/span>\n            <h3 class=\"card-title\">Tur s\u0131ras\u0131nda \u00f6deme<\/h3>\n            <p class=\"card-text\">G\u00fcveniniz i\u00e7in te\u015fekk\u00fcr ederiz. \u00d6n \u00f6demesiz bir rezervasyon sistemi sunuyoruz - sadece \u00e7evrimi\u00e7i rezervasyon yap\u0131yor ve tur g\u00fcn\u00fcnde \u00f6deme yap\u0131yorsunuz.<\/p>\n        <\/div>\n\n        <div class=\"info-card\">\n            <span class=\"card-icon-large\">\ud83d\udccd<\/span>\n            <h3 class=\"card-title\">B\u00f6lge hakk\u0131nda uzman bilgisi<\/h3>\n            <p class=\"card-text\">Sadece Kemer, Antalya ve \u00e7evresinin her k\u00f6\u015fesini iyi bilen en iyi profesyonel rehberler ve yerel ekiplerle \u00e7al\u0131\u015f\u0131yoruz.<\/p>\n        <\/div>\n\n        <div class=\"info-card\">\n            <span class=\"card-icon-large\">\ud83c\udfa7<\/span>\n            <h3 class=\"card-title\">7\/24 destek<\/h3>\n            <p class=\"card-text\">Profesyonel destek ekibimiz, yolculu\u011funuzun her a\u015famas\u0131nda size yard\u0131mc\u0131 olmak i\u00e7in g\u00fcn\u00fcn her saati hizmetinizdedir.<\/p>\n        <\/div>\n\n        <div class=\"legal-footer-box\">\n            <h3 style=\"color:#1f3c88; font-weight:700;\">Operasyonel ortakl\u0131k<\/h3>\n            <p>T\u00fcm etkinlikler organize edilmekte, y\u00f6netilmekte ve tamamen sigortalanmaktad\u0131r:<\/p>\n            <p><strong>GINZA TRAVEL (Lisans No. 4179)<\/strong><br>\n            Adres: Merkez Mah. Atat\u00fcrk Cad. No:3 Kemer \/ Antalya, T\u00fcrkiye<\/p>\n        <\/div>\n\n    <\/div>\n<\/div>\t\t\t\t\t\t\t\t<\/div>\n\t\t\t\t<\/div>\n\t\t\t\t\t<\/div>\n\t\t\t\t<\/div>\n\t\t\t\t<\/div>","protected":false},"excerpt":{"rendered":"<p>\n    \/* Ana kapsay\u0131c\u0131 ve d\u0131\u015f bo\u015fluk s\u0131f\u0131rlama *\/<br \/>\n    .about-main-wrapper {<br \/>\n        font-family: &#8216;Segoe UI&#8217;, <\/p>","protected":false},"author":2,"featured_media":0,"parent":0,"menu_order":0,"comment_status":"closed","ping_status":"closed","template":"","meta":{"footnotes":""},"class_list":["post-16144","page","type-page","status-publish","hentry"],"aioseo_notices":[],"_links":{"self":[{"href":"https:\/\/mirekskursii.com\/tr\/wp-json\/wp\/v2\/pages\/16144","targetHints":{"allow":["GET"]}}],"collection":[{"href":"https:\/\/mirekskursii.com\/tr\/wp-json\/wp\/v2\/pages"}],"about":[{"href":"https:\/\/mirekskursii.com\/tr\/wp-json\/wp\/v2\/types\/page"}],"author":[{"embeddable":true,"href":"https:\/\/mirekskursii.com\/tr\/wp-json\/wp\/v2\/users\/2"}],"replies":[{"embeddable":true,"href":"https:\/\/mirekskursii.com\/tr\/wp-json\/wp\/v2\/comments?post=16144"}],"version-history":[{"count":4,"href":"https:\/\/mirekskursii.com\/tr\/wp-json\/wp\/v2\/pages\/16144\/revisions"}],"predecessor-version":[{"id":16149,"href":"https:\/\/mirekskursii.com\/tr\/wp-json\/wp\/v2\/pages\/16144\/revisions\/16149"}],"wp:attachment":[{"href":"https:\/\/mirekskursii.com\/tr\/wp-json\/wp\/v2\/media?parent=16144"}],"curies":[{"name":"wp","href":"https:\/\/api.w.org\/{rel}","templated":true}]}}