{"id":16273,"date":"2026-04-23T14:39:00","date_gmt":"2026-04-23T11:39:00","guid":{"rendered":"https:\/\/mirekskursii.com\/?post_type=product&#038;p=16273\/"},"modified":"2026-04-23T14:54:05","modified_gmt":"2026-04-23T11:54:05","slug":"kas-kaputas-beach-antalya","status":"publish","type":"product","link":"https:\/\/mirekskursii.com\/ekskursii\/kash-kaputash-plyazh-iz-antalii\/","title":{"rendered":"Kas &amp; Kaputas Beach Tour from Antalya"},"content":{"rendered":"<p data-start=\"125\" data-end=\"482\">Have an unforgettable day exploring the most beautiful corners of Turkey's southern coast! Setting off from <span class=\"hover:entity-accent entity-underline inline cursor-pointer align-baseline\"><span class=\"whitespace-normal\">Antalya<\/span><\/span>, You will visit the charming town of Kas, stroll through the cozy streets of Kalkan, and swim in the crystal clear turquoise waters of the famous Kaputa\u015f beach. The tour is an ideal blend of nature, history, and relaxing seaside leisure.<\/p>\n<h3 dir=\"ltr\">Included<\/h3>\n<div dir=\"ltr\"><span style=\"color: #00ff00;\"><strong>\u2713<\/strong><\/span> Hotel transfer<br \/>\n<span style=\"color: #00ff00;\"><strong>\u2713 <\/strong><\/span>Russian-speaking guide<\/div>\n<div dir=\"ltr\"><span style=\"color: #00ff00;\"><strong>\u2713 <\/strong><\/span>Entrance ticket to Caputas beach<\/div>\n<div dir=\"ltr\"><span style=\"color: #00ff00;\"><strong>\u2713\u00a0<\/strong><\/span>Visit to the Royal Tomb<\/div>\n<div dir=\"ltr\"><span style=\"color: #00ff00;\"><strong>\u2713 <\/strong><\/span>Visit to the ancient theater<\/div>\n<div dir=\"ltr\"><span style=\"color: #00ff00;\"><strong>\u2713 <\/strong><\/span>Insurance<\/div>\n<div dir=\"ltr\"><span style=\"color: #00ff00;\"><strong>\u2713 <\/strong><\/span>Lunch<\/div>\n<h3 dir=\"ltr\">Not included<\/h3>\n<div dir=\"ltr\"><span style=\"color: #ff0000;\"><strong>\u2717<\/strong><\/span> Beverages<br \/>\n<span style=\"color: #ff0000;\"><strong>\u2717 <\/strong><\/span>Personal expenses<\/div>\n<h3 data-section-id=\"rs9q4m\" data-start=\"748\" data-end=\"780\"><span role=\"text\"><strong data-start=\"752\" data-end=\"780\">\ud83c\udf1f Tour highlights<\/strong><\/span><\/h3>\n<p data-start=\"782\" data-end=\"1049\">\ud83d\udd39 A scenic drive along the Mediterranean coastline<br data-start=\"837\" data-end=\"840\" \/>Panoramic viewpoint overlooking Mays Island<br data-start=\"886\" data-end=\"889\" \/>2-3 hours of free time in Kash<br data-start=\"926\" data-end=\"929\" \/>\ud83d\udd39 Swimming and relaxing at Kaputa\u015f Beach (2\u20132.5 hours)<br data-start=\"977\" data-end=\"980\" \/>\ud83d\udd39 A stroll through the cozy streets of Kalkan<br data-start=\"1017\" data-end=\"1020\" \/>\ud83d\udd39 Lunch at a local restaurant<\/p>\n<h3 data-section-id=\"jnlkbd\" data-start=\"1056\" data-end=\"1082\"><span role=\"text\"><strong data-start=\"1060\" data-end=\"1082\">\ud83d\udcd6 Full Description<\/strong><\/span><\/h3>\n<div data-start=\"1084\" data-end=\"1271\">Your day begins with a comfortable transfer from hotels in Antalya and a scenic drive along the Mediterranean coast. There will be a short stop along the way for rest and photos.<\/div>\n<div data-start=\"1273\" data-end=\"1539\">The first stop is a panoramic viewing point overlooking the Greek island of Meis, offering stunning views. Next, you'll head to Ka\u015f, an atmospheric coastal town known for its narrow streets, flowering balconies, ancient ruins, and tranquil atmosphere.<\/div>\n<div data-start=\"1541\" data-end=\"1688\">After a brief introduction to the city, you will have about 2-3 hours of free time for walking, taking photos, shopping, and lunch at a local restaurant.<\/div>\n<div data-start=\"1690\" data-end=\"1867\">Then you will go to one of the most beautiful beaches in Turkey - Kaputa\u015f Beach. Here, 2-2.5 hours of relaxation await you: swimming in clear water, sunbathing, and enjoying nature.<\/div>\n<div data-start=\"1869\" data-end=\"1924\">After a full day, you will head back to Antalya.<\/div>\n<h3 data-section-id=\"cbi7v1\" data-start=\"1931\" data-end=\"1957\"><span role=\"text\"><strong data-start=\"1935\" data-end=\"1957\">\ud83d\uddfa\ufe0f Tour Program<\/strong><\/span><\/h3>\n<p data-start=\"1959\" data-end=\"2318\">Departure from hotels in Antalya around 07:00 AM<br data-start=\"1999\" data-end=\"2002\" \/>\ud83d\udd39 A scenic drive with a tech stop<br data-start=\"2048\" data-end=\"2051\" \/>\ud83d\udd39 Panoramic stop at Mace Island<br data-start=\"2089\" data-end=\"2092\" \/>\ud83d\udd39 Arrival in Ka\u015f and sightseeing tour<br data-start=\"2129\" data-end=\"2132\" \/>\ud83d\udd39 2\u20133 hours of free time (lunch, walks)<br data-start=\"2179\" data-end=\"2182\" \/>\ud83d\udd39 Move to Kaputa\u015f Beach<br data-start=\"2208\" data-end=\"2211\" \/>\ud83d\udd39 Recreation and swimming (2\u20132.5 hours)<br data-start=\"2242\" data-end=\"2245\" \/>Departure around 4:00 PM<br data-start=\"2265\" data-end=\"2268\" \/>\ud83d\udd39 Return to Antalya hotels around 7:30 PM - 8:30 PM<\/p>\n<h3 data-section-id=\"p4lwpn\" data-start=\"2325\" data-end=\"2359\"><span role=\"text\"><strong data-start=\"2329\" data-end=\"2359\">\u2139\ufe0f Important to know before your tour<\/strong><\/span><\/h3>\n<p data-start=\"2361\" data-end=\"2589\">\ud83d\udd39 Tour duration: approximately 12\u201313 hours<br data-start=\"2405\" data-end=\"2408\" \/>\ud83d\udd39 The tour is conducted in small groups<br data-start=\"2445\" data-end=\"2448\" \/>\ud83d\udd39 Lunch included (drinks paid separately)<br data-start=\"2495\" data-end=\"2498\" \/>\ud83d\udd39 Kash has many cafes and restaurants<br data-start=\"2531\" data-end=\"2534\" \/>Children without a separate seat will be accommodated with their parents.<\/p>\n<h3 data-section-id=\"6zzbxb\" data-start=\"2596\" data-end=\"2624\"><span role=\"text\"><strong data-start=\"2600\" data-end=\"2624\">\ud83c\udf92 What to bring<\/strong><\/span><\/h3>\n<p data-start=\"2626\" data-end=\"2772\">\ud83d\udd39 Swimsuit and towel.<br data-start=\"2650\" data-end=\"2653\" \/>\ud83d\udd39 Comfortable clothes and shoes<br data-start=\"2678\" data-end=\"2681\" \/>\ud83d\udd39 Sunscreen, sunglasses and headgear<br data-start=\"2725\" data-end=\"2728\" \/>\ud83d\udd39 Cash for drinks and personal expenses<\/p>\n<h3 data-section-id=\"56qb8z\" data-start=\"2779\" data-end=\"2806\"><span role=\"text\"><strong data-start=\"2783\" data-end=\"2806\">\ud83d\udeab Not recommended<\/strong><\/span><\/h3>\n<p data-start=\"2808\" data-end=\"2900\">\ud83d\udd39 For guests with limited mobility<br data-start=\"2845\" data-end=\"2848\" \/>Baby and toddler travel<\/p>\n<h3 data-start=\"2638\" data-end=\"2660\">\ud83d\udcb8 Price and booking<\/h3>\n<div data-start=\"2662\" data-end=\"2894\"><strong>\ud83d\udd39 Book now - pay on the day of the tour<\/strong><\/div>\n<div data-start=\"2662\" data-end=\"2894\">\ud83d\udd39 Contact us via WhatsApp, Telegram, Viber or fill out the order form below. \ud83d\udc47\ud83c\udffc<\/div>","protected":false},"excerpt":{"rendered":"<p>Excursion to Ka\u015f and Kaputa\u015f Beach from Antalya: scenic views, free time in Ka\u015f, and relaxation on one of Turkey's most beautiful beaches.<\/p>","protected":false},"featured_media":13695,"comment_status":"open","ping_status":"closed","template":"","meta":[],"product_brand":[],"product_cat":[123],"product_tag":[107],"class_list":{"0":"post-16273","1":"product","2":"type-product","3":"status-publish","4":"has-post-thumbnail","6":"tour_phys-ekskursii-v-antalya","7":"product_cat-ekskursii-v-antalya","8":"product_tag-antalya","9":"pa_destination-ekskursii-v-antalya","11":"first","12":"instock","13":"sale","14":"shipping-taxable","15":"purchasable","16":"product-type-tour_phys"},"aioseo_notices":[],"_links":{"self":[{"href":"https:\/\/mirekskursii.com\/en\/wp-json\/wp\/v2\/product\/16273","targetHints":{"allow":["GET"]}}],"collection":[{"href":"https:\/\/mirekskursii.com\/en\/wp-json\/wp\/v2\/product"}],"about":[{"href":"https:\/\/mirekskursii.com\/en\/wp-json\/wp\/v2\/types\/product"}],"replies":[{"embeddable":true,"href":"https:\/\/mirekskursii.com\/en\/wp-json\/wp\/v2\/comments?post=16273"}],"wp:featuredmedia":[{"embeddable":true,"href":"https:\/\/mirekskursii.com\/en\/wp-json\/wp\/v2\/media\/13695"}],"wp:attachment":[{"href":"https:\/\/mirekskursii.com\/en\/wp-json\/wp\/v2\/media?parent=16273"}],"wp:term":[{"taxonomy":"product_brand","embeddable":true,"href":"https:\/\/mirekskursii.com\/en\/wp-json\/wp\/v2\/product_brand?post=16273"},{"taxonomy":"product_cat","embeddable":true,"href":"https:\/\/mirekskursii.com\/en\/wp-json\/wp\/v2\/product_cat?post=16273"},{"taxonomy":"product_tag","embeddable":true,"href":"https:\/\/mirekskursii.com\/en\/wp-json\/wp\/v2\/product_tag?post=16273"}],"curies":[{"name":"wp","href":"https:\/\/api.w.org\/{rel}","templated":true}]}}