{"id":12956,"date":"2025-05-11T13:16:06","date_gmt":"2025-05-11T10:16:06","guid":{"rendered":"https:\/\/mirekskursii.com\/?post_type=product&#038;p=12956"},"modified":"2026-01-18T17:18:21","modified_gmt":"2026-01-18T14:18:21","slug":"demre-myra-kekova-kemer","status":"publish","type":"product","link":"https:\/\/mirekskursii.com\/ekskursii\/demre-mira-kekova-iz-kemer\/","title":{"rendered":"Demre Myra Kekova Tour from Kemer \u2013 St. Nicholas Church\u00a0"},"content":{"rendered":"<h3 data-start=\"301\" data-end=\"314\">\ud83c\udfdb\ufe0f Review<\/h3>\n<p data-start=\"315\" data-end=\"625\">Depart from Kemer and the districts of Beldibi, G\u00f6yneyuk, Kiri\u015f, \u00c7am\u00fcva and Tekirova on a fascinating journey through ancient Lycia. The rock tombs of Myra, the Church of St. Nicholas in Demra and a cruise on a yacht with a transparent bottom over the sunken city of Kekova await you. Ideal for lovers of history, nature and family vacations.<\/p>\n<h3 data-start=\"627\" data-end=\"640\">Included:<\/h3>\n<p data-start=\"641\" data-end=\"818\"><span style=\"color: #00ff00;\"><strong>\u2713<\/strong> <\/span>Hotel transfer<br data-start=\"663\" data-end=\"666\" \/><span style=\"color: #00ff00;\"><strong>\u2713<\/strong> <\/span>Comfortable bus<br data-start=\"691\" data-end=\"694\" \/><span style=\"color: #00ff00;\"><strong>\u2713<\/strong> <\/span>Excursion on a yacht with a transparent bottom<br data-start=\"731\" data-end=\"734\" \/><span style=\"color: #00ff00;\"><strong>\u2713<\/strong> <\/span>Entrance tickets to Mira<br data-start=\"757\" data-end=\"760\" \/><span style=\"color: #00ff00;\"><strong>\u2713<\/strong> <\/span>Guide: Russian, English<br data-start=\"786\" data-end=\"789\" \/><span style=\"color: #00ff00;\"><strong>\u2713<\/strong> <\/span>Full coverage<br data-start=\"807\" data-end=\"810\" \/><span style=\"color: #00ff00;\"><strong>\u2713<\/strong> <\/span>Lunch<\/p>\n<h3 data-start=\"820\" data-end=\"836\">Not included:<\/h3>\n<p data-start=\"837\" data-end=\"928\"><span style=\"color: #ff0000;\"><strong>\u2717<\/strong> <\/span>Entrance ticket to the Church of St. Nicholas<br data-start=\"878\" data-end=\"881\" \/><span style=\"color: #ff0000;\"><strong>\u2717<\/strong> <\/span>Personal expenses<br data-start=\"897\" data-end=\"900\" \/><span style=\"color: #ff0000;\"><strong>\u2717<\/strong> <\/span>Photo and video<br data-start=\"914\" data-end=\"917\" \/><span style=\"color: #ff0000;\"><strong>\u2717<\/strong> <\/span>Beverages<\/p>\n<h3 data-start=\"930\" data-end=\"958\">\ud83c\udf1f Tour highlights<\/h3>\n<p data-start=\"959\" data-end=\"1329\">\ud83d\udd39 Cruise on a yacht with a transparent bottom over the sunken city of Kekova<br data-start=\"1023\" data-end=\"1026\" \/>\ud83d\udd39 Visit to the rock tombs and Roman theater in Myra<br data-start=\"1080\" data-end=\"1083\" \/>\ud83d\udd39 St. Nicholas Church - a place associated with the legend of Santa Claus<br data-start=\"1154\" data-end=\"1157\" \/>\ud83d\udd39 Swimming in the turquoise waters of the Mediterranean Sea<br data-start=\"1203\" data-end=\"1206\" \/>\ud83d\udd39 Views of Simena Fortress<br data-start=\"1232\" data-end=\"1235\" \/>\ud83d\udd39 2.5-hour cruise on the picturesque Kekova Bay<br data-start=\"1282\" data-end=\"1285\" \/>\ud83d\udd39 Convenient transfer from all districts of Kemer<\/p>\n<h3 data-start=\"1331\" data-end=\"1353\">\ud83d\udcd6 Full Description<\/h3>\n<div data-start=\"1354\" data-end=\"1571\">Your day starts with a transfer from Kemer, Beldibi, G\u00f6yneuk, Kiri\u015f, \u00c7amyuva or Tekirova. The first stop is ancient Mira, where you will see majestic Lycian rock tombs and a well-preserved Roman theater.<\/div>\n<div data-start=\"1573\" data-end=\"1766\">Next, you will visit St. Nicholas Church in Demre, a famous pilgrimage site associated with the history of St. Nicholas, the prototype of Santa Claus. Then you will enjoy a delicious lunch of local specialties.<\/div>\n<div data-start=\"1768\" data-end=\"2045\">After lunch, the group will proceed to the port of \u00c7ayagzi where you will board a transparent-bottomed yacht. During the 2.5-hour cruise, you will see the underwater ruins of the sunken city of Kekova, destroyed by an earthquake, sail past the Simena fortress and swim in the crystal clear waters.<\/div>\n<div data-start=\"2047\" data-end=\"2087\">In the evening, transfer back to your hotel.<\/div>\n<h3 data-start=\"2089\" data-end=\"2111\">\ud83d\uddfa\ufe0f Tour Program<\/h3>\n<p data-start=\"2112\" data-end=\"2433\">\ud83d\udd39 Transfer from Kemer<br data-start=\"2176\" data-end=\"2179\" \/>\ud83d\udd39 Visit to Mira - rock tombs and Roman theater<br data-start=\"2232\" data-end=\"2235\" \/>\ud83d\udd39 Excursion to the Church of St. Nicholas<br data-start=\"2273\" data-end=\"2276\" \/>\ud83d\udd39 Lunch<br data-start=\"2283\" data-end=\"2286\" \/>\ud83d\udd39 Cruise on a yacht with a transparent bottom<br data-start=\"2320\" data-end=\"2323\" \/>\ud83d\udd39 A tour of the sunken city of Kekova<br data-start=\"2358\" data-end=\"2361\" \/>\ud83d\udd39 Bathing in the sea<br data-start=\"2378\" data-end=\"2381\" \/>\ud83d\udd39 Return to Chayagza port<br data-start=\"2409\" data-end=\"2412\" \/>\ud83d\udd39 Transfer to the hotel<\/p>\n<h3 data-start=\"2435\" data-end=\"2461\">\u2139\ufe0f Useful information<\/h3>\n<p data-start=\"2462\" data-end=\"2676\">\ud83d\udd39 Tour duration: 10-12 hours<br data-start=\"2500\" data-end=\"2503\" \/>\ud83d\udd39 Program subject to change depending on the weather<br data-start=\"2554\" data-end=\"2557\" \/>\ud83d\udd39 Moderate physical activity<br data-start=\"2591\" data-end=\"2594\" \/>\ud83d\udd39 Children up to 04 years old free of charge, without a separate seat (can be booked in advance)<\/p>\n<h3 data-start=\"2678\" data-end=\"2702\">\ud83c\udf92 What to bring<\/h3>\n<p data-start=\"2703\" data-end=\"2856\">\ud83d\udd39 Comfortable shoes<br data-start=\"2719\" data-end=\"2722\" \/>\ud83d\udd39 Sunglasses and cream.<br data-start=\"2751\" data-end=\"2754\" \/>\ud83d\udd39 Swimsuit and towel.<br data-start=\"2778\" data-end=\"2781\" \/>\ud83d\udd39 Cash for personal expenses<br data-start=\"2812\" data-end=\"2815\" \/>\ud83d\udd39 A waterproof camera or phone<\/p>\n<h3 data-start=\"2858\" data-end=\"2880\">\ud83d\udeab Not suitable for<\/h3>\n<p data-start=\"2881\" data-end=\"2968\">\ud83d\udd39 People with reduced mobility<br data-start=\"2917\" data-end=\"2920\" \/>\ud83d\udd39 Travelers with serious medical conditions<\/p>\n<h3 data-start=\"2970\" data-end=\"2996\">\ud83d\udcb8 Price and booking<\/h3>\n<p data-start=\"2997\" data-end=\"3135\"><strong>\ud83d\udd39 Book now - pay on the day of the tour<\/strong><br data-start=\"3043\" data-end=\"3046\" \/>\ud83d\udd39 Contact us via WhatsApp, Telegram, Viber or fill out the order form below. \ud83d\udc47\ud83c\udffc<\/p>","protected":false},"excerpt":{"rendered":"<p>Demre-Mira-Kekova excursion from Kemer with yacht over the sunken city, tombs of Mira, St. Nicholas Church, swimming and lunch. Transfer and guide included!<\/p>","protected":false},"featured_media":12563,"comment_status":"open","ping_status":"closed","template":"","meta":[],"product_brand":[],"product_cat":[122],"product_tag":[105],"class_list":{"0":"post-12956","1":"product","2":"type-product","3":"status-publish","4":"has-post-thumbnail","6":"tour_phys-ekskursii-v-kemer","7":"product_cat-ekskursii-v-kemer","8":"product_tag-kemer","9":"pa_destination-ekskursii-v-kemer","11":"first","12":"instock","13":"sale","14":"shipping-taxable","15":"purchasable","16":"product-type-tour_phys"},"aioseo_notices":[],"_links":{"self":[{"href":"https:\/\/mirekskursii.com\/en\/wp-json\/wp\/v2\/product\/12956","targetHints":{"allow":["GET"]}}],"collection":[{"href":"https:\/\/mirekskursii.com\/en\/wp-json\/wp\/v2\/product"}],"about":[{"href":"https:\/\/mirekskursii.com\/en\/wp-json\/wp\/v2\/types\/product"}],"replies":[{"embeddable":true,"href":"https:\/\/mirekskursii.com\/en\/wp-json\/wp\/v2\/comments?post=12956"}],"wp:featuredmedia":[{"embeddable":true,"href":"https:\/\/mirekskursii.com\/en\/wp-json\/wp\/v2\/media\/12563"}],"wp:attachment":[{"href":"https:\/\/mirekskursii.com\/en\/wp-json\/wp\/v2\/media?parent=12956"}],"wp:term":[{"taxonomy":"product_brand","embeddable":true,"href":"https:\/\/mirekskursii.com\/en\/wp-json\/wp\/v2\/product_brand?post=12956"},{"taxonomy":"product_cat","embeddable":true,"href":"https:\/\/mirekskursii.com\/en\/wp-json\/wp\/v2\/product_cat?post=12956"},{"taxonomy":"product_tag","embeddable":true,"href":"https:\/\/mirekskursii.com\/en\/wp-json\/wp\/v2\/product_tag?post=12956"}],"curies":[{"name":"wp","href":"https:\/\/api.w.org\/{rel}","templated":true}]}}