{"id":12943,"date":"2025-05-11T10:48:19","date_gmt":"2025-05-11T07:48:19","guid":{"rendered":"https:\/\/mirekskursii.com\/?post_type=product&#038;p=12943"},"modified":"2025-12-12T10:48:50","modified_gmt":"2025-12-12T07:48:50","slug":"the-land-of-legends-aquapark-kemer","status":"publish","type":"product","link":"https:\/\/mirekskursii.com\/ekskursii\/land-of-legends-akvapark-iz-kemer\/","title":{"rendered":"The Land of Legends Aquapark from Kemer \u2013 Transfer &amp; Ticket"},"content":{"rendered":"<h3 data-start=\"789\" data-end=\"803\">\ud83c\udfa2 Review<\/h3>\n<p data-start=\"804\" data-end=\"1028\">Experience the magical world of The Land of Legends with transfers from Beldibi, Goynuk, Kemer, Kirish, \u00c7amyuva and Tekirova! Attractions, water park and Nickelodeon Land await you - perfect for families and adrenaline junkies.<\/p>\n<h3 data-start=\"1030\" data-end=\"1044\">Included:<\/h3>\n<p data-start=\"1045\" data-end=\"1165\"><span style=\"color: #00ff00;\"><strong>\u2713<\/strong> <\/span>Hotel transfer<br data-start=\"1067\" data-end=\"1070\" \/><span style=\"color: #00ff00;\"><strong>\u2713<\/strong> <\/span>Comfortable bus<br data-start=\"1095\" data-end=\"1098\" \/><span style=\"color: #00ff00;\"><strong>\u2713<\/strong> <\/span>Admission ticket<br data-start=\"1113\" data-end=\"1116\" \/><span style=\"color: #00ff00;\"><strong>\u2713<\/strong> <\/span>Full coverage<br data-start=\"1134\" data-end=\"1137\" \/><span style=\"color: #00ff00;\"><strong>\u2713<\/strong> <\/span>Guide: Russian, English<\/p>\n<h3 data-start=\"1167\" data-end=\"1184\">Not included:<\/h3>\n<p data-start=\"1185\" data-end=\"1238\"><span style=\"color: #ff0000;\"><strong>\u2717<\/strong> <\/span>Food and drink<br data-start=\"1200\" data-end=\"1203\" \/><span style=\"color: #ff0000;\"><strong>\u2717<\/strong> <\/span>Photo and video<br data-start=\"1217\" data-end=\"1220\" \/><span style=\"color: #ff0000;\"><strong>\u2717<\/strong> <\/span>Personal expenses<\/p>\n<h3 data-start=\"1240\" data-end=\"1270\">\ud83c\udf0a Tour highlights<\/h3>\n<p data-start=\"1271\" data-end=\"1465\">\ud83d\udd39 Hyper Coaster - 62 meters high.<br data-start=\"1301\" data-end=\"1304\" \/>\ud83d\udd39 40+ water slides and a giant water park<br data-start=\"1345\" data-end=\"1348\" \/>\ud83d\udd39 Nickelodeon Land - cartoon characters<br data-start=\"1388\" data-end=\"1391\" \/>\ud83d\udd39 Water-attraction areas for all ages<br data-start=\"1437\" data-end=\"1440\" \/>\ud83d\udd39 Vivid shows and animations<\/p>\n<h3 data-start=\"1467\" data-end=\"1491\">\ud83d\udcd6 Full Description<\/h3>\n<p data-start=\"1492\" data-end=\"1946\">Your day will start with a convenient transfer from hotels in Beldibi, G\u00f6yin\u00fck, Kemer, Kiri\u015f, \u00c7am\u00fcva or Tekirova districts. After arriving at The Land of Legends, you can enjoy a day at the theme park: extreme roller coasters, dozens of water rides, a huge water park and the Nickelodeon Land family area.<br data-start=\"1804\" data-end=\"1807\" \/>The park offers entertainment for all ages, from young guests to extreme sports enthusiasts. At the end of the day you will be transferred back to your hotel.<\/p>\n<h3 data-start=\"1948\" data-end=\"1972\">\ud83d\uddfa\ufe0f Tour Program<\/h3>\n<p data-start=\"1973\" data-end=\"2116\">\ud83d\udd39 Collecting guests from the hotel<br data-start=\"1987\" data-end=\"1990\" \/>\ud83d\udd39 Moving to The Land of Legends<br data-start=\"2022\" data-end=\"2025\" \/>\ud83d\udd39 Free time in the park (~5-6 hours)<br data-start=\"2064\" data-end=\"2067\" \/>\ud83d\udd39 Meet the driver<br data-start=\"2089\" data-end=\"2092\" \/>\ud83d\udd39 Return to the hotel<\/p>\n<h3 data-start=\"2118\" data-end=\"2146\">\u2139\ufe0f Useful information<\/h3>\n<p data-start=\"2147\" data-end=\"2254\">\ud83d\udd39 Duration: ~7-8 hours<br data-start=\"2179\" data-end=\"2182\" \/>\ud83d\udd39 The voucher must be exchanged at the cash desk<br data-start=\"2219\" data-end=\"2222\" \/>\ud83d\udd39 Suitable for all ages<\/p>\n<h3 data-start=\"2256\" data-end=\"2282\">\ud83c\udf92 What to bring<\/h3>\n<p data-start=\"2283\" data-end=\"2377\">\ud83d\udd39 Swimsuit and towel.<br data-start=\"2307\" data-end=\"2310\" \/>\ud83d\udd39 Water shoes<br data-start=\"2325\" data-end=\"2328\" \/>\ud83d\udd39 Sunscreen<br data-start=\"2350\" data-end=\"2353\" \/>\ud83d\udd39 Money to spend<\/p>\n<h3 data-start=\"2379\" data-end=\"2403\">\ud83d\udeab Not suitable for<\/h3>\n<p data-start=\"2404\" data-end=\"2426\">\ud83d\udd39 Pregnant women<\/p>\n<h3 data-start=\"2428\" data-end=\"2456\">\ud83d\udcb8 Price and booking<\/h3>\n<p data-start=\"2457\" data-end=\"2785\"><strong>\ud83d\udd39 Book now - pay on the day of the tour<\/strong><br data-start=\"2693\" data-end=\"2696\" \/>\ud83d\udd39 Contact us via WhatsApp, Telegram, Viber or fill out the order form below. \ud83d\udc47\ud83c\udffc<\/p>","protected":false},"excerpt":{"rendered":"<p>Visit The Land of Legends from Kemer! Spectacular slides, water park, shows and Nickelodeon Land. Transfers included - a perfect day out for families and kids.<\/p>","protected":false},"featured_media":12791,"comment_status":"open","ping_status":"closed","template":"","meta":[],"product_brand":[],"product_cat":[122],"product_tag":[105],"class_list":{"0":"post-12943","1":"product","2":"type-product","3":"status-publish","4":"has-post-thumbnail","6":"tour_phys-ekskursii-v-kemer","7":"product_cat-ekskursii-v-kemer","8":"product_tag-kemer","9":"pa_destination-ekskursii-v-kemer","11":"first","12":"instock","13":"sale","14":"shipping-taxable","15":"purchasable","16":"product-type-tour_phys"},"aioseo_notices":[],"_links":{"self":[{"href":"https:\/\/mirekskursii.com\/en\/wp-json\/wp\/v2\/product\/12943","targetHints":{"allow":["GET"]}}],"collection":[{"href":"https:\/\/mirekskursii.com\/en\/wp-json\/wp\/v2\/product"}],"about":[{"href":"https:\/\/mirekskursii.com\/en\/wp-json\/wp\/v2\/types\/product"}],"replies":[{"embeddable":true,"href":"https:\/\/mirekskursii.com\/en\/wp-json\/wp\/v2\/comments?post=12943"}],"wp:featuredmedia":[{"embeddable":true,"href":"https:\/\/mirekskursii.com\/en\/wp-json\/wp\/v2\/media\/12791"}],"wp:attachment":[{"href":"https:\/\/mirekskursii.com\/en\/wp-json\/wp\/v2\/media?parent=12943"}],"wp:term":[{"taxonomy":"product_brand","embeddable":true,"href":"https:\/\/mirekskursii.com\/en\/wp-json\/wp\/v2\/product_brand?post=12943"},{"taxonomy":"product_cat","embeddable":true,"href":"https:\/\/mirekskursii.com\/en\/wp-json\/wp\/v2\/product_cat?post=12943"},{"taxonomy":"product_tag","embeddable":true,"href":"https:\/\/mirekskursii.com\/en\/wp-json\/wp\/v2\/product_tag?post=12943"}],"curies":[{"name":"wp","href":"https:\/\/api.w.org\/{rel}","templated":true}]}}